{"id":1205,"date":"2020-08-27T11:55:48","date_gmt":"2020-08-27T09:55:48","guid":{"rendered":"http:\/\/ws226.juntadeandalucia.es\/iadformaconti\/wordpress\/?page_id=1205"},"modified":"2020-09-22T16:37:38","modified_gmt":"2020-09-22T14:37:38","slug":"mantenimiento-de-cespedes-futbol-golf-padel-hockey","status":"publish","type":"page","link":"https:\/\/ws226.juntadeandalucia.es\/iadformaconti\/wordpress\/?page_id=1205","title":{"rendered":"Mantenimiento de c\u00e9spedes: f\u00fatbol, golf, p\u00e1del, hockey"},"content":{"rendered":"\n\t<section class=\"section\" id=\"section_686156750\">\n\t\t<div class=\"bg section-bg fill bg-fill  bg-loaded\" >\n\n\t\t\t\n\t\t\t\n\t\t\t\n\n\t\t<\/div><!-- .section-bg -->\n\n\t\t<div class=\"section-content relative\">\n\t\t\t\n\n<div class=\"row row-collapse row-full-width\"  id=\"row-1506867840\">\n\n<div class=\"col small-12 large-12\"  ><div class=\"col-inner\"  >\n\n\n  <div class=\"banner has-hover\" id=\"banner-112576132\">\n          <div class=\"banner-inner fill\">\n        <div class=\"banner-bg fill\" >\n            <div class=\"bg fill bg-fill \"><\/div>\n                                    \n                    <\/div><!-- bg-layers -->\n        <div class=\"banner-layers container\">\n            <div class=\"fill banner-link\"><\/div>            \n\n   <div id=\"text-box-997317173\" class=\"text-box banner-layer x50 md-x50 lg-x10 y5 md-y5 lg-y5 res-text\">\n                                <div class=\"text \">\n              \n              <div class=\"text-inner text-left\">\n                  \n\n<h1 style=\"color: #00a6e2; font-size: 45px;\"><strong>Mantenimiento de c\u00e9spedes: f\u00fatbol, golf, p\u00e1del, hockey<\/strong><\/h1>\n<h4 style=\"color: #00a6e2;\">28 de octubre, Sevilla<\/h4>\n\n              <\/div>\n           <\/div><!-- text-box-inner -->\n                            \n<style scope=\"scope\">\n\n#text-box-997317173 {\n  width: 91%;\n}\n#text-box-997317173 .text {\n  font-size: 100%;\n}\n\n\n@media (min-width:550px) {\n\n  #text-box-997317173 {\n    width: 77%;\n  }\n\n}\n\n\n@media (min-width:850px) {\n\n  #text-box-997317173 {\n    width: 49%;\n  }\n\n}\n<\/style>\n    <\/div><!-- text-box -->\n \n   <div id=\"text-box-668004828\" class=\"text-box banner-layer x50 md-x10 lg-x10 y80 md-y85 lg-y90 res-text\">\n                                <div class=\"text dark\">\n              \n              <div class=\"text-inner text-left\">\n                  \n\n<p class=\"p1\"><span class=\"s1\"><b>FECHA DE INSCRIPCI\u00d3N || <\/b>Hasta el 28 de septiembre, incluido <\/span><\/p>\n<p class=\"p1\"><span class=\"s1\"><b>N\u00ba PLAZAS || <\/b>50<\/span><\/p>\n<p class=\"p1\"><span class=\"s1\"><b>MODALIDAD || <\/b>Presencial | Gratuito<\/span><\/p>\n<p class=\"p1\"><span class=\"s1\"><b>N\u00ba HORAS || <\/b>15 horas<\/span><\/p>\n<p class=\"p1\"><span class=\"s1\"><b>DESTINATARIOS || <\/b>Organizadores y t\u00e9cnicos de eventos deportivos<\/span><\/p>\n<a rel=\"noopener noreferrer\" href=\"https:\/\/ws226.juntadeandalucia.es\/iadformtools\/modules\/form_builder\/published\/202022_mantenimiento_cespedes_futbol_golf_hockey_padel.php\" target=\"_blank\" class=\"button primary\"  >\n    <span>INSCRIPCIONES<\/span>\n  <\/a>\n\n\n\n              <\/div>\n           <\/div><!-- text-box-inner -->\n                            \n<style scope=\"scope\">\n\n#text-box-668004828 .text {\n  background-color: rgb(0, 166, 226);\n  font-size: 91%;\n}\n#text-box-668004828 .text-inner {\n  padding: 10px 25px 10px 25px;\n}\n#text-box-668004828 {\n  width: 100%;\n}\n\n\n@media (min-width:550px) {\n\n  #text-box-668004828 {\n    width: 68%;\n  }\n  #text-box-668004828 .text {\n    font-size: 100%;\n  }\n\n}\n\n\n@media (min-width:850px) {\n\n  #text-box-668004828 {\n    width: 49%;\n  }\n\n}\n<\/style>\n    <\/div><!-- text-box -->\n \n\n        <\/div><!-- .banner-layers -->\n      <\/div><!-- .banner-inner -->\n\n            \n<style scope=\"scope\">\n\n#banner-112576132 {\n  padding-top: 600px;\n  background-color: rgb(255, 255, 255);\n}\n#banner-112576132 .bg.bg-loaded {\n  background-image: url(https:\/\/ws226.juntadeandalucia.es\/iadformaconti\/wordpress\/wp-content\/uploads\/2020\/04\/Adaptaciones_Creatividades_Cursos_10-13_web-07.png);\n}\n#banner-112576132 .bg {\n  background-position: 50% 50%;\n}\n<\/style>\n  <\/div><!-- .banner -->\n\n\n\n<\/div><\/div>\n\n\n<style scope=\"scope\">\n\n<\/style>\n<\/div>\n\n\t\t<\/div><!-- .section-content -->\n\n\t\t\n<style scope=\"scope\">\n\n#section_686156750 {\n  padding-top: 0px;\n  padding-bottom: 0px;\n  margin-bottom: 0px;\n}\n\n\n@media (min-width:550px) {\n\n  #section_686156750 {\n    padding-top: 0px;\n    padding-bottom: 0px;\n  }\n\n}\n<\/style>\n\t<\/section>\n\t\n\t<section class=\"section\" id=\"section_720690057\">\n\t\t<div class=\"bg section-bg fill bg-fill  bg-loaded\" >\n\n\t\t\t\n\t\t\t\n\t\t\t\n\n\t\t<\/div><!-- .section-bg -->\n\n\t\t<div class=\"section-content relative\">\n\t\t\t\n\n\t<div id=\"gap-505376901\" class=\"gap-element clearfix\" style=\"display:block; height:auto;\">\n\t\t\n<style scope=\"scope\">\n\n#gap-505376901 {\n  padding-top: 30px;\n}\n<\/style>\n\t<\/div>\n\t\n\n<div class=\"row align-center\"  id=\"row-939612581\">\n\n<div class=\"col medium-4 small-12 large-4\"  ><div class=\"col-inner\"  >\n\n<h2 class=\"uppercase\"><span style=\"font-size: 150%; color:white\">Descripci\u00f3n del curso<\/span><\/h2>\n<div class=\"is-divider divider clearfix\" style=\"max-width:150px;background-color:rgb(255, 251, 251);\"><\/div><!-- .divider -->\n\n<a href=\"https:\/\/www.juntadeandalucia.es\/export\/drupaljda\/agenda\/20\/08\/iad_202022_triptico_mantenimiento_cespedes_web.pdf\" target=\"_self\" class=\"button white is-large\"  >\n    <span>descargar programa<\/span>\n  <\/a>\n\n\n\n<\/div><\/div>\n<div class=\"col medium-8 small-10 large-8\"  ><div class=\"col-inner text-center\"  >\n\n<p style=\"text-align: left;\"><span style=\"color: #ffffff;\">El deporte est\u00e1 inmerso en continuos cambios y transformaciones de diferente \u00edndole, como la aparici\u00f3n de nuevas modalidades deportivas o modernos sistemas de entrenamiento, as\u00ed como equipamientos y pavimentos donde se practica. Este curso de mantenimiento de c\u00e9spedes deportivos (naturales, artificiales y mixtos) pretende mostrar las claves necesarias para que el profesional pueda conocer los diferentes tipos de c\u00e9spedes existentes en el mercado, decidir cu\u00e1l se adapta a sus necesidades, as\u00ed como conocer las caracter\u00edsticas requeridas por los deportes que lo utilizan.<\/span><\/p>\n<p style=\"text-align: left;\"><span style=\"color: #ffffff;\">Adem\u00e1s, se plantear\u00e1n las operaciones de mantenimiento habituales y los problemas m\u00e1s frecuentes que existen en el mantenimiento de los diferentes tipos de c\u00e9sped. Tambi\u00e9n se revisar\u00e1n los \u00faltimos elementos de innovaci\u00f3n existentes en los sistemas de c\u00e9sped artificial, especialmente los ecocompatibles que reducen las labores de mantenimiento y cumplen con las m\u00e1ximas exigencias de las normas FIFA y UNE. Todo ello con el fin de proporcionar al profesional la informaci\u00f3n necesaria para que el mantenimiento de estos pavimentos no sea tan complejo.<\/span><\/p>\n\n<\/div><\/div>\n\n\n<style scope=\"scope\">\n\n<\/style>\n<\/div>\n\n\t\t<\/div><!-- .section-content -->\n\n\t\t\n<style scope=\"scope\">\n\n#section_720690057 {\n  padding-top: 30px;\n  padding-bottom: 30px;\n  background-color: rgb(0, 166, 226);\n}\n<\/style>\n\t<\/section>\n\t\n\t<section class=\"section\" id=\"section_109066047\">\n\t\t<div class=\"bg section-bg fill bg-fill  bg-loaded\" >\n\n\t\t\t\n\t\t\t\n\t\t\t\n\n\t\t<\/div><!-- .section-bg -->\n\n\t\t<div class=\"section-content relative\">\n\t\t\t\n\n<div class=\"row align-center\"  id=\"row-320929403\">\n\n<div class=\"col medium-11 small-10 large-11\"  ><div class=\"col-inner text-center\"  >\n\n\t<div id=\"gap-1689083736\" class=\"gap-element clearfix\" style=\"display:block; height:auto;\">\n\t\t\n<style scope=\"scope\">\n\n#gap-1689083736 {\n  padding-top: 40px;\n}\n<\/style>\n\t<\/div>\n\t\n\n<h2 class=\"uppercase\"><span style=\"font-size: 150%; color: #007d32;\"> programa<\/span><\/a><\/h2>\n<div class=\"is-divider divider clearfix\" style=\"max-width:100px;background-color:rgb(0, 125, 50);\"><\/div><!-- .divider -->\n\n<h4 style=\"text-align: center;\">28 de octubre<\/h4>\n<p style=\"text-align: left;\">\n<table id=\"tablepress-32\" class=\"tablepress tablepress-id-32\">\n<thead>\n<tr class=\"row-1 odd\">\n\t<th class=\"column-1\">HORARIO<\/th><th class=\"column-2\">CONTENIDOS<\/th><th class=\"column-3\">PROFESORADO<\/th>\n<\/tr>\n<\/thead>\n<tbody class=\"row-hover\">\n<tr class=\"row-2 even\">\n\t<td class=\"column-1\">10:00-10:30<\/td><td class=\"column-2\"><\/td><td class=\"column-3\"><\/td>\n<\/tr>\n<tr class=\"row-3 odd\">\n\t<td class=\"column-1\">10:30-11:30<\/td><td class=\"column-2\">Mantenimiento y gesti\u00f3n de c\u00e9sped en campos de golf y<br \/>\notras \u00e1reas deportivas<\/td><td class=\"column-3\">Francisco Javier<br \/>\nCornejo Lobato<\/td>\n<\/tr>\n<tr class=\"row-4 even\">\n\t<td class=\"column-1\">11:30-11:45<\/td><td class=\"column-2\">DESCANSO<\/td><td class=\"column-3\"><\/td>\n<\/tr>\n<tr class=\"row-5 odd\">\n\t<td class=\"column-1\">11:45-12:45<\/td><td class=\"column-2\">5 Generalidades sobre el mantenimiento de c\u00e9spedes<br \/>\nnaturales, artificiales e h\u00edbridos<\/td><td class=\"column-3\">Carlos Venegas<br \/>\nGamero<\/td>\n<\/tr>\n<tr class=\"row-6 even\">\n\t<td class=\"column-1\">12:45-13:45<\/td><td class=\"column-2\">MESA REDONDA 1. C\u00e9spedes naturales<\/td><td class=\"column-3\">Francisco Javier<br \/>\nCornejo Lobato<br \/>\nCarlos Venegas<br \/>\nGamero<\/td>\n<\/tr>\n<tr class=\"row-7 odd\">\n\t<td class=\"column-1\">13:45-15:30<\/td><td class=\"column-2\">DESCANSO<\/td><td class=\"column-3\">Visita a Ciudad<br \/>\nDeportiva del Sevilla<br \/>\ny al Real Club<br \/>\nPineda de Sevilla<\/td>\n<\/tr>\n<tr class=\"row-8 even\">\n\t<td class=\"column-1\">15:30-16:30<\/td><td class=\"column-2\">Mantenimiento de c\u00e9spedes en pistas de tenis y p\u00e1del<\/td><td class=\"column-3\">Juan Paguillo<br \/>\nBen\u00edtez<\/td>\n<\/tr>\n<tr class=\"row-9 odd\">\n\t<td class=\"column-1\">16:30-17:30<\/td><td class=\"column-2\">Innovaci\u00f3n y mantenimiento en sistemas deportivos de<br \/>\nc\u00e9sped artificial<\/td><td class=\"column-3\">Luis Herbella<br \/>\nCarballo<\/td>\n<\/tr>\n<tr class=\"row-10 even\">\n\t<td class=\"column-1\">17:30-17:45<\/td><td class=\"column-2\">DESCANSO<\/td><td class=\"column-3\"><\/td>\n<\/tr>\n<tr class=\"row-11 odd\">\n\t<td class=\"column-1\">17:45-18:45<\/td><td class=\"column-2\">MESA REDONDA 2. C\u00e9spedes artificiales<\/td><td class=\"column-3\">Juan Paguillo<br \/>\nBen\u00edtez<br \/>\nLuis Herbella<br \/>\nCarballo<\/td>\n<\/tr>\n<tr class=\"row-12 even\">\n\t<td class=\"column-1\">18:45-19:00<\/td><td class=\"column-2\">CLAUSURA<\/td><td class=\"column-3\"><\/td>\n<\/tr>\n<\/tbody>\n<\/table>\n<!-- #tablepress-32 from cache -->\n\n<\/div><\/div>\n\n\n<style scope=\"scope\">\n\n<\/style>\n<\/div>\n\n\t\t<\/div><!-- .section-content -->\n\n\t\t\n<style scope=\"scope\">\n\n#section_109066047 {\n  padding-top: 30px;\n  padding-bottom: 30px;\n}\n<\/style>\n\t<\/section>\n\t\n\n","protected":false},"excerpt":{"rendered":"","protected":false},"author":4,"featured_media":0,"parent":0,"menu_order":0,"comment_status":"closed","ping_status":"closed","template":"page-blank.php","meta":{"footnotes":""},"class_list":["post-1205","page","type-page","status-publish","hentry"],"_links":{"self":[{"href":"https:\/\/ws226.juntadeandalucia.es\/iadformaconti\/wordpress\/index.php?rest_route=\/wp\/v2\/pages\/1205","targetHints":{"allow":["GET"]}}],"collection":[{"href":"https:\/\/ws226.juntadeandalucia.es\/iadformaconti\/wordpress\/index.php?rest_route=\/wp\/v2\/pages"}],"about":[{"href":"https:\/\/ws226.juntadeandalucia.es\/iadformaconti\/wordpress\/index.php?rest_route=\/wp\/v2\/types\/page"}],"author":[{"embeddable":true,"href":"https:\/\/ws226.juntadeandalucia.es\/iadformaconti\/wordpress\/index.php?rest_route=\/wp\/v2\/users\/4"}],"replies":[{"embeddable":true,"href":"https:\/\/ws226.juntadeandalucia.es\/iadformaconti\/wordpress\/index.php?rest_route=%2Fwp%2Fv2%2Fcomments&post=1205"}],"version-history":[{"count":11,"href":"https:\/\/ws226.juntadeandalucia.es\/iadformaconti\/wordpress\/index.php?rest_route=\/wp\/v2\/pages\/1205\/revisions"}],"predecessor-version":[{"id":1295,"href":"https:\/\/ws226.juntadeandalucia.es\/iadformaconti\/wordpress\/index.php?rest_route=\/wp\/v2\/pages\/1205\/revisions\/1295"}],"wp:attachment":[{"href":"https:\/\/ws226.juntadeandalucia.es\/iadformaconti\/wordpress\/index.php?rest_route=%2Fwp%2Fv2%2Fmedia&parent=1205"}],"curies":[{"name":"wp","href":"https:\/\/api.w.org\/{rel}","templated":true}]}}