{"id":1427,"date":"2021-02-04T13:30:57","date_gmt":"2021-02-04T12:30:57","guid":{"rendered":"http:\/\/ws226.juntadeandalucia.es\/iadformaconti\/wordpress\/?page_id=1427"},"modified":"2021-02-04T13:53:22","modified_gmt":"2021-02-04T12:53:22","slug":"la-innovacion-tecnologica-en-el-deporte","status":"publish","type":"page","link":"https:\/\/ws226.juntadeandalucia.es\/iadformaconti\/wordpress\/?page_id=1427","title":{"rendered":"Formaci\u00f3n de t\u00e9cnicos en actividad f\u00edsica para personas mayores"},"content":{"rendered":"\n\t<section class=\"section\" id=\"section_1853220788\">\n\t\t<div class=\"bg section-bg fill bg-fill  bg-loaded\" >\n\n\t\t\t\n\t\t\t\n\t\t\t\n\n\t\t<\/div><!-- .section-bg -->\n\n\t\t<div class=\"section-content relative\">\n\t\t\t\n\n<div class=\"row row-collapse row-full-width\"  id=\"row-1428906612\">\n\n<div class=\"col small-12 large-12\"  ><div class=\"col-inner\"  >\n\n\n  <div class=\"banner has-hover\" id=\"banner-1664201022\">\n          <div class=\"banner-inner fill\">\n        <div class=\"banner-bg fill\" >\n            <div class=\"bg fill bg-fill \"><\/div>\n                                    \n                    <\/div><!-- bg-layers -->\n        <div class=\"banner-layers container\">\n            <div class=\"fill banner-link\"><\/div>            \n\n   <div id=\"text-box-2028696857\" class=\"text-box banner-layer x50 md-x50 lg-x10 y5 md-y5 lg-y0 res-text\">\n                                <div class=\"text \">\n              \n              <div class=\"text-inner text-left\">\n                  \n\n<h1 style=\"color: rgb(141 148 34); font-size: 45px;\"><strong>Formaci\u00f3n de t\u00e9cnicos en actividad f\u00edsica para personas mayores<\/strong><\/h1>\n<h4 style=\"color: rgb(141 148 34);\">Del 10 de marzo al 28 de abril, online<\/h4>\n\n              <\/div>\n           <\/div><!-- text-box-inner -->\n                            \n<style scope=\"scope\">\n\n#text-box-2028696857 {\n  width: 91%;\n}\n#text-box-2028696857 .text {\n  font-size: 100%;\n}\n\n\n@media (min-width:550px) {\n\n  #text-box-2028696857 {\n    width: 77%;\n  }\n\n}\n\n\n@media (min-width:850px) {\n\n  #text-box-2028696857 {\n    width: 49%;\n  }\n\n}\n<\/style>\n    <\/div><!-- text-box -->\n \n   <div id=\"text-box-132030093\" class=\"text-box banner-layer x50 md-x10 lg-x10 y90 md-y85 lg-y95 res-text\">\n                                <div class=\"text dark\">\n              \n              <div class=\"text-inner text-left\">\n                  \n\n<p class=\"p1\"><span class=\"s1\"><b>FECHA DE INSCRIPCI\u00d3N || <\/b>Hasta el 2 de marzo, inclusive<\/span><\/p>\n<p class=\"p1\"><span class=\"s1\"><b>N\u00ba PLAZAS || 1<\/b>00<\/span><\/p>\n<p class=\"p1\"><span class=\"s1\"><b>MODALIDAD || <\/b>Curso online | Gratuito <\/span><\/p>\n<p class=\"p1\"><span class=\"s1\"><b>N\u00ba HORAS || <\/b>50 horas<\/span><\/p>\n<p class=\"p1\"><span class=\"s1\"><b>DESTINATARIOS ||<\/b>Graduados o licenciados en Ciencias de la Actividad F\u00edsica y del Deporte. T\u00e9cnicos deportivos y t\u00e9cnicos contratados por ayuntamientos para programas de ejercicio f\u00edsico con personas mayores<\/span><\/p>\n<a rel=\"noopener noreferrer\" href=\"https:\/\/ws226.juntadeandalucia.es\/iadformtools\/modules\/form_builder\/published\/202107_formacion_tecnicos_act_fisica_personas_mayores.php\" target=\"_blank\" class=\"button white lowercase\"  >\n    <span>INSCRIPCIONES<\/span>\n  <\/a>\n\n\n\n              <\/div>\n           <\/div><!-- text-box-inner -->\n                            \n<style scope=\"scope\">\n\n#text-box-132030093 .text {\n  background-color: rgb(141, 148, 34);\n  font-size: 100%;\n}\n#text-box-132030093 .text-inner {\n  padding: 10px 25px 10px 25px;\n}\n#text-box-132030093 {\n  width: 100%;\n}\n\n\n@media (min-width:550px) {\n\n  #text-box-132030093 {\n    width: 68%;\n  }\n\n}\n\n\n@media (min-width:850px) {\n\n  #text-box-132030093 {\n    width: 48%;\n  }\n\n}\n<\/style>\n    <\/div><!-- text-box -->\n \n\n        <\/div><!-- .banner-layers -->\n      <\/div><!-- .banner-inner -->\n\n            \n<style scope=\"scope\">\n\n#banner-1664201022 {\n  padding-top: 499px;\n  background-color: rgb(255, 255, 255);\n}\n#banner-1664201022 .bg {\n  background-position: 50% 50%;\n}\n\n\n@media (min-width:550px) {\n\n  #banner-1664201022 {\n    padding-top: 600px;\n  }\n\n}\n<\/style>\n  <\/div><!-- .banner -->\n\n\n\n<\/div><\/div>\n\n\n<style scope=\"scope\">\n\n<\/style>\n<\/div>\n\n\t\t<\/div><!-- .section-content -->\n\n\t\t\n<style scope=\"scope\">\n\n#section_1853220788 {\n  padding-top: 0px;\n  padding-bottom: 0px;\n}\n<\/style>\n\t<\/section>\n\t\n\t<section class=\"section\" id=\"section_422752787\">\n\t\t<div class=\"bg section-bg fill bg-fill  bg-loaded\" >\n\n\t\t\t\n\t\t\t\n\t\t\t\n\n\t\t<\/div><!-- .section-bg -->\n\n\t\t<div class=\"section-content relative\">\n\t\t\t\n\n\t<div id=\"gap-1804528688\" class=\"gap-element clearfix\" style=\"display:block; height:auto;\">\n\t\t\n<style scope=\"scope\">\n\n#gap-1804528688 {\n  padding-top: 40px;\n}\n<\/style>\n\t<\/div>\n\t\n\n<div class=\"row align-center\"  id=\"row-339255617\">\n\n<div class=\"col medium-4 small-10 large-4\"  ><div class=\"col-inner\"  >\n\n<h2 class=\"uppercase\"><span style=\"font-size: 150%; color:white\">Descripci\u00f3n del curso<\/span><\/h2>\n<div class=\"is-divider divider clearfix\" style=\"max-width:150px;background-color:rgb(255, 255, 255);\"><\/div><!-- .divider -->\n\n<a rel=\"noopener noreferrer\" href=\"https:\/\/www.juntadeandalucia.es\/export\/drupaljda\/agenda\/21\/02\/202107_iad_triptico_formacion_tecnicos_act%20fis_mayores_web.pdf\" target=\"_blank\" class=\"button white is-large\"  >\n    <span>DESCARGAR PROGRAMA<\/span>\n  <i class=\"icon-angle-right\" ><\/i><\/a>\n\n\n\n<\/div><\/div>\n<div class=\"col medium-8 small-10 large-8\"  ><div class=\"col-inner\"  >\n\n<p style=\"color: white;\">El ejercicio f\u00edsico como parte de un estilo de vida activo es esencial para un envejecimiento saludable y una salud mental positiva. Adem\u00e1s, el ejercicio f\u00edsico y un estilo de vida activo enlentecen el proceso de declive y la p\u00e9rdida de reserva funcional de los diferentes sistemas del organismo. En este sentido, el ejercicio puede reducir el riesgo de aparici\u00f3n de limitaciones funcionales moderadas o graves asociadas al envejecimiento e incluso la muerte prematura, as\u00ed como ayudar a retrasar y prevenir la fragilidad funcional y muchas enfermedades cr\u00f3nicas que suponen un gran desaf\u00edo para las personas mayores y un alto coste para las instituciones p\u00fablicas y los propios hogares.<\/p>\n<p style=\"color: white;\">Por todo ello, el ejercicio f\u00edsico debe ser considerado como una de las principales herramientas para prevenir y afrontar de forma adecuada el proceso de envejecimiento haciendo de este un proceso activo y saludable que no solo a\u00f1ada a\u00f1os a la vida, sino que a\u00f1ada calidad de vida a los a\u00f1os ganados.<\/p>\n<p style=\"color: white;\">&nbsp;<\/p>\n<p>&nbsp;<\/p>\n\n<\/div><\/div>\n\n\n<style scope=\"scope\">\n\n<\/style>\n<\/div>\n\n\t\t<\/div><!-- .section-content -->\n\n\t\t\n<style scope=\"scope\">\n\n#section_422752787 {\n  padding-top: 30px;\n  padding-bottom: 30px;\n  background-color: rgb(141, 148, 34);\n}\n<\/style>\n\t<\/section>\n\t\n\t<section class=\"section\" id=\"section_2031910796\">\n\t\t<div class=\"bg section-bg fill bg-fill  bg-loaded\" >\n\n\t\t\t\n\t\t\t\n\t\t\t\n\n\t\t<\/div><!-- .section-bg -->\n\n\t\t<div class=\"section-content relative\">\n\t\t\t\n\n<div class=\"row\"  id=\"row-2136849271\">\n\n<div class=\"col small-12 large-12\"  ><div class=\"col-inner\"  >\n\n<h2 class=\"uppercase\"><span style=\"font-size: 150%; color:rgb(141 148 34)\">DIRECCI\u00d3N<\/span><\/h2>\n<div class=\"is-divider divider clearfix\" style=\"max-width:150px;background-color:rgb(141, 148, 34);\"><\/div><!-- .divider -->\n\n\n<\/div><\/div>\n\n<\/div>\n<div class=\"row row-large align-middle align-center\"  id=\"row-469645144\">\n\n<div class=\"col medium-5 small-12 large-4\"  ><div class=\"col-inner text-center\" style=\"margin:0px 0px 40px 0px;\" >\n\n<h2><span style=\"font-size: 150%; color: rgb(141 148 34);\"> Ana Carbonell Baeza<\/span><\/h2>\n<h3 style=\"margin-bottom: 0px;\">Profesora titular de la Universidad de C\u00e1diz. Grupo de investigaci\u00f3n MOVE-IT<\/h3>\n<p>&nbsp;<\/p>\n\t<div id=\"gap-1911469922\" class=\"gap-element clearfix\" style=\"display:block; height:auto;\">\n\t\t\n<style scope=\"scope\">\n\n#gap-1911469922 {\n  padding-top: 10px;\n}\n<\/style>\n\t<\/div>\n\t\n\n\n<\/div><\/div>\n<div class=\"col hide-for-medium medium-4 small-12 large-4\"  ><div class=\"col-inner\"  >\n\n\t<div id=\"gap-73295442\" class=\"gap-element clearfix\" style=\"display:block; height:auto;\">\n\t\t\n<style scope=\"scope\">\n\n#gap-73295442 {\n  padding-top: 30px;\n}\n<\/style>\n\t<\/div>\n\t\n\n\n<\/div><\/div>\n\n\n<style scope=\"scope\">\n\n<\/style>\n<\/div>\n\n\t\t<\/div><!-- .section-content -->\n\n\t\t\n<style scope=\"scope\">\n\n#section_2031910796 {\n  padding-top: 50px;\n  padding-bottom: 50px;\n}\n<\/style>\n\t<\/section>\n\t\n\t<section class=\"section\" id=\"section_1507860445\">\n\t\t<div class=\"bg section-bg fill bg-fill  bg-loaded\" >\n\n\t\t\t\n\t\t\t\n\t\t\t\n\n\t\t<\/div><!-- .section-bg -->\n\n\t\t<div class=\"section-content relative\">\n\t\t\t\n\n<div class=\"row\"  id=\"row-213444907\">\n\n<div class=\"col small-12 large-12\"  ><div class=\"col-inner\"  >\n\n<h2 class=\"uppercase\"><span style=\"font-size: 150%; color:rgb(141 148 34)\">OBJETIVOS<\/span><\/h2>\n<div class=\"is-divider divider clearfix\" style=\"max-width:150px;background-color:rgb(141, 148, 34);\"><\/div><!-- .divider -->\n\n\n<\/div><\/div>\n\n<\/div>\n<div class=\"row align-center\"  id=\"row-1436794012\">\n\n<div class=\"col small-12 large-12\"  ><div class=\"col-inner\"  >\n\n<div class=\"row align-center\"  id=\"row-798509709\">\n\n<div class=\"col medium-6 small-10 large-6\"  ><div class=\"col-inner\" style=\"margin:0px 0px 0px -10px;\" >\n\n<h3><span style=\"font-size: 115%;\">Conocer el estado psicol\u00f3gico<\/span><\/h3>\n<p>Conocer el estado biol\u00f3gico y psicol\u00f3gico de una persona mayor.<\/p>\n<h3>Dise\u00f1o de sesiones<\/h3>\n<p>Dise\u00f1ar sesiones adecuadas a grupos heterog\u00e9neos que no supongan un riesgo<br \/>para aquellos que tengan algunas de las patolog\u00edas m\u00e1s frecuentes.<\/p>\n<p>&nbsp;<\/p>\n\n<\/div><\/div>\n<div class=\"col medium-6 small-11 large-6\"  ><div class=\"col-inner\" style=\"margin:0px 0px 0px 10px;\" >\n\n<h3><span style=\"font-size: 115%;\">Sesiones de evaluaci\u00f3n<\/span><\/h3>\n<p>Realizar sesiones de evaluaci\u00f3n que aporten la informaci\u00f3n necesaria para desarrollar un programa de actividad f\u00edsica o deportiva adaptada a las caracter\u00edsticas de las personas que lo van a recibir.<\/p>\n<h3><span style=\"font-size: 115%;\">Programas de actividad f\u00edsica<\/span><\/h3>\n<p>Saber c\u00f3mo comenzar un programa de actividad f\u00edsica tanto con una persona como con un grupo.<\/p>\n<p>&nbsp;<\/p>\n\n<\/div><\/div>\n\n\n<style scope=\"scope\">\n\n<\/style>\n<\/div>\n\n<\/div><\/div>\n\n\n<style scope=\"scope\">\n\n<\/style>\n<\/div>\n\n\t\t<\/div><!-- .section-content -->\n\n\t\t\n<style scope=\"scope\">\n\n#section_1507860445 {\n  padding-top: 30px;\n  padding-bottom: 30px;\n}\n<\/style>\n\t<\/section>\n\t\n\n","protected":false},"excerpt":{"rendered":"","protected":false},"author":4,"featured_media":0,"parent":67,"menu_order":0,"comment_status":"closed","ping_status":"closed","template":"page-blank.php","meta":{"footnotes":""},"class_list":["post-1427","page","type-page","status-publish","hentry"],"_links":{"self":[{"href":"https:\/\/ws226.juntadeandalucia.es\/iadformaconti\/wordpress\/index.php?rest_route=\/wp\/v2\/pages\/1427","targetHints":{"allow":["GET"]}}],"collection":[{"href":"https:\/\/ws226.juntadeandalucia.es\/iadformaconti\/wordpress\/index.php?rest_route=\/wp\/v2\/pages"}],"about":[{"href":"https:\/\/ws226.juntadeandalucia.es\/iadformaconti\/wordpress\/index.php?rest_route=\/wp\/v2\/types\/page"}],"author":[{"embeddable":true,"href":"https:\/\/ws226.juntadeandalucia.es\/iadformaconti\/wordpress\/index.php?rest_route=\/wp\/v2\/users\/4"}],"replies":[{"embeddable":true,"href":"https:\/\/ws226.juntadeandalucia.es\/iadformaconti\/wordpress\/index.php?rest_route=%2Fwp%2Fv2%2Fcomments&post=1427"}],"version-history":[{"count":6,"href":"https:\/\/ws226.juntadeandalucia.es\/iadformaconti\/wordpress\/index.php?rest_route=\/wp\/v2\/pages\/1427\/revisions"}],"predecessor-version":[{"id":1436,"href":"https:\/\/ws226.juntadeandalucia.es\/iadformaconti\/wordpress\/index.php?rest_route=\/wp\/v2\/pages\/1427\/revisions\/1436"}],"up":[{"embeddable":true,"href":"https:\/\/ws226.juntadeandalucia.es\/iadformaconti\/wordpress\/index.php?rest_route=\/wp\/v2\/pages\/67"}],"wp:attachment":[{"href":"https:\/\/ws226.juntadeandalucia.es\/iadformaconti\/wordpress\/index.php?rest_route=%2Fwp%2Fv2%2Fmedia&parent=1427"}],"curies":[{"name":"wp","href":"https:\/\/api.w.org\/{rel}","templated":true}]}}