{"id":1457,"date":"2021-02-12T13:30:56","date_gmt":"2021-02-12T12:30:56","guid":{"rendered":"http:\/\/ws226.juntadeandalucia.es\/iadformaconti\/wordpress\/?page_id=1457"},"modified":"2021-02-12T13:37:46","modified_gmt":"2021-02-12T12:37:46","slug":"son-deportes-los-esports","status":"publish","type":"page","link":"https:\/\/ws226.juntadeandalucia.es\/iadformaconti\/wordpress\/?page_id=1457","title":{"rendered":"\u00bfSon deportes los eSports?"},"content":{"rendered":"\n\t<section class=\"section\" id=\"section_285459895\">\n\t\t<div class=\"bg section-bg fill bg-fill  bg-loaded\" >\n\n\t\t\t\n\t\t\t\n\t\t\t\n\n\t\t<\/div><!-- .section-bg -->\n\n\t\t<div class=\"section-content relative\">\n\t\t\t\n\n<div class=\"row row-collapse row-full-width\"  id=\"row-1861688723\">\n\n<div class=\"col small-12 large-12\"  ><div class=\"col-inner\"  >\n\n\n  <div class=\"banner has-hover\" id=\"banner-959577320\">\n          <div class=\"banner-inner fill\">\n        <div class=\"banner-bg fill\" >\n            <div class=\"bg fill bg-fill \"><\/div>\n                                    \n                    <\/div><!-- bg-layers -->\n        <div class=\"banner-layers container\">\n            <div class=\"fill banner-link\"><\/div>            \n\n   <div id=\"text-box-913439498\" class=\"text-box banner-layer x50 md-x50 lg-x10 y5 md-y5 lg-y5 res-text\">\n                                <div class=\"text \">\n              \n              <div class=\"text-inner text-left\">\n                  \n\n<h1 style=\"color: #e07c12; font-size: 45px;\"><strong>\u00bfSon deportes los eSports?<\/strong><\/h1>\n<h4 style=\"color: #e07c12;\">4 de marzo, online<\/h4>\n\n              <\/div>\n           <\/div><!-- text-box-inner -->\n                            \n<style scope=\"scope\">\n\n#text-box-913439498 {\n  width: 91%;\n}\n#text-box-913439498 .text {\n  font-size: 100%;\n}\n\n\n@media (min-width:550px) {\n\n  #text-box-913439498 {\n    width: 77%;\n  }\n\n}\n\n\n@media (min-width:850px) {\n\n  #text-box-913439498 {\n    width: 49%;\n  }\n\n}\n<\/style>\n    <\/div><!-- text-box -->\n \n   <div id=\"text-box-993628073\" class=\"text-box banner-layer x50 md-x10 lg-x10 y90 md-y85 lg-y90 res-text\">\n                                <div class=\"text dark\">\n              \n              <div class=\"text-inner text-left\">\n                  \n\n<p class=\"p1\"><span class=\"s1\"><b>FECHA DE INSCRIPCI\u00d3N || <\/b>Hasta el 24 de febrero, inclusive<\/span><\/p>\n<p class=\"p1\"><span class=\"s1\"><b>N\u00ba PLAZAS || <\/b>500<\/span><\/p>\n<p class=\"p1\"><span class=\"s1\"><b>MODALIDAD || <\/b>Foro online | Gratuito <\/span><\/p>\n<p class=\"p1\"><span class=\"s1\"><b>N\u00ba HORAS || <\/b>10 horas<\/span><\/p>\n<p class=\"p1\"><span class=\"s1\"><b>DESTINATARIOS || <\/b>Profesionales o estudiantes de diferentes \u00e1reas, particularmente los de actividad f\u00edsica y del deporte, psicolog\u00eda, derecho, econom\u00eda o gesti\u00f3n deportiva<\/span><\/p>\n<a rel=\"noopener noreferrer\" href=\"https:\/\/ws226.juntadeandalucia.es\/iadformtools\/modules\/form_builder\/published\/202105_son_deporte_eSports.php\" target=\"_blank\" class=\"button white lowercase\"  >\n    <span>INSCRIPCIONES<\/span>\n  <\/a>\n\n\n\n              <\/div>\n           <\/div><!-- text-box-inner -->\n                            \n<style scope=\"scope\">\n\n#text-box-993628073 .text {\n  background-color: rgb(224, 124, 18);\n  font-size: 100%;\n}\n#text-box-993628073 .text-inner {\n  padding: 10px 25px 10px 25px;\n}\n#text-box-993628073 {\n  width: 100%;\n}\n\n\n@media (min-width:550px) {\n\n  #text-box-993628073 {\n    width: 68%;\n  }\n\n}\n\n\n@media (min-width:850px) {\n\n  #text-box-993628073 {\n    width: 48%;\n  }\n\n}\n<\/style>\n    <\/div><!-- text-box -->\n \n\n        <\/div><!-- .banner-layers -->\n      <\/div><!-- .banner-inner -->\n\n            \n<style scope=\"scope\">\n\n#banner-959577320 {\n  padding-top: 499px;\n  background-color: rgb(255, 255, 255);\n}\n#banner-959577320 .bg.bg-loaded {\n  background-image: url(https:\/\/ws226.juntadeandalucia.es\/iadformaconti\/wordpress\/wp-content\/uploads\/2020\/02\/CREA_WEB.png);\n}\n#banner-959577320 .bg {\n  background-position: 50% 50%;\n}\n\n\n@media (min-width:550px) {\n\n  #banner-959577320 {\n    padding-top: 600px;\n  }\n\n}\n<\/style>\n  <\/div><!-- .banner -->\n\n\n\n<\/div><\/div>\n\n\n<style scope=\"scope\">\n\n<\/style>\n<\/div>\n\n\t\t<\/div><!-- .section-content -->\n\n\t\t\n<style scope=\"scope\">\n\n#section_285459895 {\n  padding-top: 0px;\n  padding-bottom: 0px;\n}\n<\/style>\n\t<\/section>\n\t\n\t<section class=\"section\" id=\"section_1964518260\">\n\t\t<div class=\"bg section-bg fill bg-fill  bg-loaded\" >\n\n\t\t\t\n\t\t\t\n\t\t\t\n\n\t\t<\/div><!-- .section-bg -->\n\n\t\t<div class=\"section-content relative\">\n\t\t\t\n\n\t<div id=\"gap-325038088\" class=\"gap-element clearfix\" style=\"display:block; height:auto;\">\n\t\t\n<style scope=\"scope\">\n\n#gap-325038088 {\n  padding-top: 40px;\n}\n<\/style>\n\t<\/div>\n\t\n\n<div class=\"row align-center\"  id=\"row-500218822\">\n\n<div class=\"col medium-4 small-10 large-4\"  ><div class=\"col-inner\"  >\n\n<h2 class=\"uppercase\"><span style=\"font-size: 150%; color:white\">Descripci\u00f3n del curso<\/span><\/h2>\n<div class=\"is-divider divider clearfix\" style=\"max-width:150px;background-color:rgb(255, 255, 255);\"><\/div><!-- .divider -->\n\n<a rel=\"noopener noreferrer\" href=\"https:\/\/www.juntadeandalucia.es\/export\/drupaljda\/agenda\/21\/02\/202105_iad_triptico_son_deportes_los_eSports_web.pdf\" target=\"_blank\" class=\"button white is-large\"  >\n    <span>DESCARGAR PROGRAMA<\/span>\n  <i class=\"icon-angle-right\" ><\/i><\/a>\n\n\n\n<\/div><\/div>\n<div class=\"col medium-8 small-10 large-8\"  ><div class=\"col-inner\"  >\n\n<p style=\"color: white;\"><span style=\"color: white;\">Formaci\u00f3n espec\u00edfica dedicada a tratar la diferencia entre los deportes y los eSports desde distintas dimensiones:<\/span><span style=\"color: #faf7f7;\"> psicofisiol\u00f3gica, legal y organizativa. <\/span><\/p>\n<p style=\"color: white;\"><span style=\"color: #faf7f7;\">Este curso representa una excelente oportunidad para aquellos profesionales o estudiantes de diferentes \u00e1reas, particularmente actividad f\u00edsica y del deporte, psicolog\u00eda, derecho, econom\u00eda o gesti\u00f3n deportiva, para profundizar en el mundo de los eSports, que ha tenido en los \u00faltimos a\u00f1os una expansi\u00f3n sin precedentes, especialmente entre el p\u00fablico m\u00e1s joven.<\/span><\/p>\n<p>&nbsp;<\/p>\n\n<\/div><\/div>\n\n\n<style scope=\"scope\">\n\n<\/style>\n<\/div>\n\n\t\t<\/div><!-- .section-content -->\n\n\t\t\n<style scope=\"scope\">\n\n#section_1964518260 {\n  padding-top: 30px;\n  padding-bottom: 30px;\n  background-color: rgb(224, 124, 18);\n}\n<\/style>\n\t<\/section>\n\t\n\t<section class=\"section\" id=\"section_1745915497\">\n\t\t<div class=\"bg section-bg fill bg-fill  bg-loaded\" >\n\n\t\t\t\n\t\t\t\n\t\t\t\n\n\t\t<\/div><!-- .section-bg -->\n\n\t\t<div class=\"section-content relative\">\n\t\t\t\n\n<div class=\"row\"  id=\"row-723390808\">\n\n<div class=\"col small-12 large-12\"  ><div class=\"col-inner\"  >\n\n<h2 class=\"uppercase\"><span style=\"font-size: 150%; color:rgb(224, 124, 18)\">DIRECCI\u00d3N<\/span><\/h2>\n<div class=\"is-divider divider clearfix\" style=\"max-width:150px;background-color:rgb(224, 124, 18);\"><\/div><!-- .divider -->\n\n\n<\/div><\/div>\n\n<\/div>\n<div class=\"row row-large align-middle align-center\"  id=\"row-1553960323\">\n\n<div class=\"col medium-5 small-12 large-4\"  ><div class=\"col-inner text-center\" style=\"margin:0px 0px 40px 0px;\" >\n\n<h2><span style=\"font-size: 150%; color: #e07c12;\"> Ana Yara Postigo Fuentes<\/span><\/h2>\n<h3 style=\"margin-bottom: 0px;\">Docente en la Universidad de M\u00e1laga e investigadora en la C\u00e1tedra estrat\u00e9gica de eSports.<\/h3>\n<p>&nbsp;<\/p>\n\t<div id=\"gap-94322121\" class=\"gap-element clearfix\" style=\"display:block; height:auto;\">\n\t\t\n<style scope=\"scope\">\n\n#gap-94322121 {\n  padding-top: 10px;\n}\n<\/style>\n\t<\/div>\n\t\n\n\n<\/div><\/div>\n<div class=\"col hide-for-medium medium-4 small-12 large-4\"  ><div class=\"col-inner\"  >\n\n\t<div id=\"gap-1492745251\" class=\"gap-element clearfix\" style=\"display:block; height:auto;\">\n\t\t\n<style scope=\"scope\">\n\n#gap-1492745251 {\n  padding-top: 30px;\n}\n<\/style>\n\t<\/div>\n\t\n\n\n<\/div><\/div>\n\n\n<style scope=\"scope\">\n\n<\/style>\n<\/div>\n\n\t\t<\/div><!-- .section-content -->\n\n\t\t\n<style scope=\"scope\">\n\n#section_1745915497 {\n  padding-top: 50px;\n  padding-bottom: 50px;\n}\n<\/style>\n\t<\/section>\n\t\n\t<section class=\"section\" id=\"section_856031830\">\n\t\t<div class=\"bg section-bg fill bg-fill  bg-loaded\" >\n\n\t\t\t\n\t\t\t\n\t\t\t\n\n\t\t<\/div><!-- .section-bg -->\n\n\t\t<div class=\"section-content relative\">\n\t\t\t\n\n<div class=\"row\"  id=\"row-993353694\">\n\n<div class=\"col small-12 large-12\"  ><div class=\"col-inner\"  >\n\n<h2 class=\"uppercase\"><span style=\"font-size: 150%; color:rgb(224, 124, 18)\">OBJETIVOS<\/span><\/h2>\n<div class=\"is-divider divider clearfix\" style=\"max-width:150px;background-color:rgb(224, 124, 18);\"><\/div><!-- .divider -->\n\n\n<\/div><\/div>\n\n<\/div>\n<div class=\"row align-center\"  id=\"row-408855108\">\n\n<div class=\"col small-12 large-12\"  ><div class=\"col-inner\"  >\n\n<div class=\"row align-center\"  id=\"row-685979500\">\n\n<div class=\"col medium-6 small-10 large-6\"  ><div class=\"col-inner\" style=\"margin:0px 0px 0px -10px;\" >\n\n<h3><span style=\"font-size: 115%;\">Psicofisiolog\u00eda<\/span><\/h3>\n<p>Comprender las diferencias y similitudes psicofisiol\u00f3gicas de los deportes con los eSports.<\/p>\n<h3><span style=\"font-size: 115%;\">Legal<\/span><\/h3>\n<p>Comprender las diferencias y similitudes legales de los deportes con los eSports.<\/p>\n\n<\/div><\/div>\n<div class=\"col medium-6 small-11 large-6\"  ><div class=\"col-inner\" style=\"margin:0px 0px 0px 10px;\" >\n\n<h3><span style=\"font-size: 115%;\">Organizaci\u00f3n<\/span><\/h3>\n<p>Comprender las diferencias y similitudes organizativas de los deportes y los eSports.<\/p>\n\n<\/div><\/div>\n\n\n<style scope=\"scope\">\n\n<\/style>\n<\/div>\n\n<\/div><\/div>\n\n\n<style scope=\"scope\">\n\n<\/style>\n<\/div>\n\n\t\t<\/div><!-- .section-content -->\n\n\t\t\n<style scope=\"scope\">\n\n#section_856031830 {\n  padding-top: 30px;\n  padding-bottom: 30px;\n}\n<\/style>\n\t<\/section>\n\t\n","protected":false},"excerpt":{"rendered":"","protected":false},"author":4,"featured_media":0,"parent":67,"menu_order":0,"comment_status":"closed","ping_status":"closed","template":"page-blank.php","meta":{"footnotes":""},"class_list":["post-1457","page","type-page","status-publish","hentry"],"_links":{"self":[{"href":"https:\/\/ws226.juntadeandalucia.es\/iadformaconti\/wordpress\/index.php?rest_route=\/wp\/v2\/pages\/1457","targetHints":{"allow":["GET"]}}],"collection":[{"href":"https:\/\/ws226.juntadeandalucia.es\/iadformaconti\/wordpress\/index.php?rest_route=\/wp\/v2\/pages"}],"about":[{"href":"https:\/\/ws226.juntadeandalucia.es\/iadformaconti\/wordpress\/index.php?rest_route=\/wp\/v2\/types\/page"}],"author":[{"embeddable":true,"href":"https:\/\/ws226.juntadeandalucia.es\/iadformaconti\/wordpress\/index.php?rest_route=\/wp\/v2\/users\/4"}],"replies":[{"embeddable":true,"href":"https:\/\/ws226.juntadeandalucia.es\/iadformaconti\/wordpress\/index.php?rest_route=%2Fwp%2Fv2%2Fcomments&post=1457"}],"version-history":[{"count":4,"href":"https:\/\/ws226.juntadeandalucia.es\/iadformaconti\/wordpress\/index.php?rest_route=\/wp\/v2\/pages\/1457\/revisions"}],"predecessor-version":[{"id":1461,"href":"https:\/\/ws226.juntadeandalucia.es\/iadformaconti\/wordpress\/index.php?rest_route=\/wp\/v2\/pages\/1457\/revisions\/1461"}],"up":[{"embeddable":true,"href":"https:\/\/ws226.juntadeandalucia.es\/iadformaconti\/wordpress\/index.php?rest_route=\/wp\/v2\/pages\/67"}],"wp:attachment":[{"href":"https:\/\/ws226.juntadeandalucia.es\/iadformaconti\/wordpress\/index.php?rest_route=%2Fwp%2Fv2%2Fmedia&parent=1457"}],"curies":[{"name":"wp","href":"https:\/\/api.w.org\/{rel}","templated":true}]}}