{"id":1567,"date":"2021-03-04T12:51:21","date_gmt":"2021-03-04T11:51:21","guid":{"rendered":"http:\/\/ws226.juntadeandalucia.es\/iadformaconti\/wordpress\/?page_id=1567"},"modified":"2022-05-19T09:53:11","modified_gmt":"2022-05-19T07:53:11","slug":"curso-actividad-fisica-y-salud","status":"publish","type":"page","link":"https:\/\/ws226.juntadeandalucia.es\/iadformaconti\/wordpress\/?page_id=1567","title":{"rendered":"Curso Actividad F\u00edsica y Salud"},"content":{"rendered":"\n\t<section class=\"section\" id=\"section_1853829050\">\n\t\t<div class=\"bg section-bg fill bg-fill  bg-loaded\" >\n\n\t\t\t\n\t\t\t\n\t\t\t\n\n\t\t<\/div><!-- .section-bg -->\n\n\t\t<div class=\"section-content relative\">\n\t\t\t\n\n<div class=\"row row-collapse row-full-width\"  id=\"row-1059111070\">\n\n<div class=\"col small-12 large-12\"  ><div class=\"col-inner\"  >\n\n<h1 style=\"color: #73292e; font-size: 45px;\"><strong>ACTIVIDAD F\u00cdSICA Y SALUD<\/strong><\/h1>\n\n<\/div><\/div>\n\n\n<style scope=\"scope\">\n\n#row-1059111070 > .col > .col-inner {\n  padding: 0px 60px 0px 60px;\n}\n<\/style>\n<\/div>\n<div class=\"row row-collapse row-full-width\"  id=\"row-338149696\">\n\n<div class=\"col small-12 large-12\"  ><div class=\"col-inner dark\" style=\"background-color:rgb(115, 41, 46);padding:40px 40px 40px 40px;\" >\n\n<table style=\"width: 100%;\">\n<tbody>\n<tr>\n<th style=\"width: 45%; text-align: center;\">Acci\u00f3n formativa<\/th>\n<th style=\"width: 15%; text-align: center;\">Modalidad<\/th>\n<th style=\"width: 15%; text-align: center;\">Fecha<\/th>\n<th style=\"width: 25%; text-align: center;\">Ir al curso<\/th>\n<\/tr>\n<tr>\n<td>Evaluaci\u00f3n del gasto energ\u00e9tico y oxidaci\u00f3n de nutrientes en reposo y en ejercicio: aplicaci\u00f3n a la salud<\/td>\n<td>Presencial<\/td>\n<td>16 de marzo<\/td>\n<td style=\"text-align: center;\"><a href=\"https:\/\/ws226.juntadeandalucia.es\/iadformaconti\/wordpress\/?page_id=1690\">Pincha aqu\u00ed<\/a><\/td>\n<\/tr>\n<tr>\n<td>\u00abGamificaci\u00f3n\u00bb y estilos de vida saludables<\/td>\n<td>Presencial<\/td>\n<td>25 y 26 de marzo<\/td>\n<td style=\"text-align: center;\"><a href=\"https:\/\/ws226.juntadeandalucia.es\/iadformaconti\/wordpress\/?page_id=2073\">Pincha aqu\u00ed<\/a><\/td>\n<\/tr>\n<tr>\n<td>Ejercicio f\u00edsico para personas mayores con fractura de cadera: c\u00f3mo hacer rehabilitaci\u00f3n-readaptaci\u00f3n en equipos multidisciplinares<\/td>\n<td>Online<\/td>\n<td>14 de junio<\/td>\n<td style=\"text-align: center;\"><a href=\"https:\/\/ws226.juntadeandalucia.es\/iadformaconti\/wordpress\/?page_id=2340\">Pincha aqu\u00ed<\/a><\/td>\n<\/tr>\n<tr>\n<td>Actividad f\u00edsica para dolor cr\u00f3nico: fibromialgia<\/td>\n<td>Online<\/td>\n<td>Del 23 de junio al 8 de julio<\/td>\n<td style=\"text-align: center;\"><a href=\"https:\/\/ws226.juntadeandalucia.es\/iadformaconti\/wordpress\/?page_id=2355\">Pincha aqu\u00ed<\/a><\/td>\n<\/tr>\n<\/tbody>\n<\/table>\n<p style=\"text-align: center;\">\u00a0<\/p>\n\n<\/div><\/div>\n\n\n<style scope=\"scope\">\n\n#row-338149696 > .col > .col-inner {\n  padding: 0px 60px 0px 60px;\n}\n<\/style>\n<\/div>\n\n\t\t<\/div><!-- .section-content -->\n\n\t\t\n<style scope=\"scope\">\n\n#section_1853829050 {\n  padding-top: 30px;\n  padding-bottom: 30px;\n}\n<\/style>\n\t<\/section>\n\t\n\n","protected":false},"excerpt":{"rendered":"","protected":false},"author":4,"featured_media":0,"parent":55,"menu_order":0,"comment_status":"closed","ping_status":"closed","template":"page-blank.php","meta":{"footnotes":""},"class_list":["post-1567","page","type-page","status-publish","hentry"],"_links":{"self":[{"href":"https:\/\/ws226.juntadeandalucia.es\/iadformaconti\/wordpress\/index.php?rest_route=\/wp\/v2\/pages\/1567","targetHints":{"allow":["GET"]}}],"collection":[{"href":"https:\/\/ws226.juntadeandalucia.es\/iadformaconti\/wordpress\/index.php?rest_route=\/wp\/v2\/pages"}],"about":[{"href":"https:\/\/ws226.juntadeandalucia.es\/iadformaconti\/wordpress\/index.php?rest_route=\/wp\/v2\/types\/page"}],"author":[{"embeddable":true,"href":"https:\/\/ws226.juntadeandalucia.es\/iadformaconti\/wordpress\/index.php?rest_route=\/wp\/v2\/users\/4"}],"replies":[{"embeddable":true,"href":"https:\/\/ws226.juntadeandalucia.es\/iadformaconti\/wordpress\/index.php?rest_route=%2Fwp%2Fv2%2Fcomments&post=1567"}],"version-history":[{"count":16,"href":"https:\/\/ws226.juntadeandalucia.es\/iadformaconti\/wordpress\/index.php?rest_route=\/wp\/v2\/pages\/1567\/revisions"}],"predecessor-version":[{"id":2362,"href":"https:\/\/ws226.juntadeandalucia.es\/iadformaconti\/wordpress\/index.php?rest_route=\/wp\/v2\/pages\/1567\/revisions\/2362"}],"up":[{"embeddable":true,"href":"https:\/\/ws226.juntadeandalucia.es\/iadformaconti\/wordpress\/index.php?rest_route=\/wp\/v2\/pages\/55"}],"wp:attachment":[{"href":"https:\/\/ws226.juntadeandalucia.es\/iadformaconti\/wordpress\/index.php?rest_route=%2Fwp%2Fv2%2Fmedia&parent=1567"}],"curies":[{"name":"wp","href":"https:\/\/api.w.org\/{rel}","templated":true}]}}