{"id":1605,"date":"2021-03-04T13:49:14","date_gmt":"2021-03-04T12:49:14","guid":{"rendered":"http:\/\/ws226.juntadeandalucia.es\/iadformaconti\/wordpress\/?page_id=1605"},"modified":"2022-04-07T17:08:31","modified_gmt":"2022-04-07T15:08:31","slug":"curso-otras-actividades-iad","status":"publish","type":"page","link":"https:\/\/ws226.juntadeandalucia.es\/iadformaconti\/wordpress\/?page_id=1605","title":{"rendered":"Curso Otras Actividades IAD"},"content":{"rendered":"\n\t<section class=\"section\" id=\"section_863944494\">\n\t\t<div class=\"bg section-bg fill bg-fill  bg-loaded\" >\n\n\t\t\t\n\t\t\t\n\t\t\t\n\n\t\t<\/div><!-- .section-bg -->\n\n\t\t<div class=\"section-content relative\">\n\t\t\t\n\n<div class=\"row row-collapse row-full-width\"  id=\"row-1709740002\">\n\n<div class=\"col small-12 large-12\"  ><div class=\"col-inner\"  >\n\n<h1 style=\"color: #afa12f; font-size: 45px;\"><strong>OTRAS ACTIVIDADES IAD<\/strong><\/h1>\n\n<\/div><\/div>\n\n\n<style scope=\"scope\">\n\n#row-1709740002 > .col > .col-inner {\n  padding: 0px 60px 0px 60px;\n}\n<\/style>\n<\/div>\n<div class=\"row row-collapse row-full-width\"  id=\"row-1250029253\">\n\n<div class=\"col small-12 large-12\"  ><div class=\"col-inner dark\" style=\"background-color:rgb(175, 161, 47);padding:40px 40px 40px 40px;\" >\n\n<table style=\"width: 100%;\">\n<tbody>\n<tr>\n<th style=\"width: 45%; text-align: center;\">Acci\u00f3n formativa<\/th>\n<th style=\"width: 15%; text-align: center;\">Modalidad<\/th>\n<th style=\"width: 15%; text-align: center;\">Fecha<\/th>\n<th style=\"width: 25%; text-align: center;\">Ir al curso<\/th>\n<\/tr>\n<\/tbody>\n<tbody>\n<tr>\n<td>Escuela online para familias: educando en valores a trav\u00e9s del deporte base<\/td>\n<td>Online<\/td>\n<td>Marzo &#8211; diciembre<\/td>\n<td style=\"text-align: center;\">Pr\u00f3ximamente<\/td>\n<\/tr>\n<tr>\n<td>Formaci\u00f3n de t\u00e9cnicos en actividad f\u00edsica para personas mayores<\/td>\n<td>Online<\/td>\n<td>Del 4 de mayo al 17 de junio<\/td>\n<td style=\"text-align: center;\">Pr\u00f3ximamente<\/td>\n<\/tr>\n<\/tbody>\n<\/table>\n<p style=\"text-align: center;\">\u00a0<\/p>\n\n<\/div><\/div>\n\n\n<style scope=\"scope\">\n\n#row-1250029253 > .col > .col-inner {\n  padding: 0px 60px 0px 60px;\n}\n<\/style>\n<\/div>\n\n\t\t<\/div><!-- .section-content -->\n\n\t\t\n<style scope=\"scope\">\n\n#section_863944494 {\n  padding-top: 30px;\n  padding-bottom: 30px;\n}\n<\/style>\n\t<\/section>\n\t\n\n","protected":false},"excerpt":{"rendered":"","protected":false},"author":4,"featured_media":0,"parent":55,"menu_order":0,"comment_status":"closed","ping_status":"closed","template":"page-blank.php","meta":{"footnotes":""},"class_list":["post-1605","page","type-page","status-publish","hentry"],"_links":{"self":[{"href":"https:\/\/ws226.juntadeandalucia.es\/iadformaconti\/wordpress\/index.php?rest_route=\/wp\/v2\/pages\/1605","targetHints":{"allow":["GET"]}}],"collection":[{"href":"https:\/\/ws226.juntadeandalucia.es\/iadformaconti\/wordpress\/index.php?rest_route=\/wp\/v2\/pages"}],"about":[{"href":"https:\/\/ws226.juntadeandalucia.es\/iadformaconti\/wordpress\/index.php?rest_route=\/wp\/v2\/types\/page"}],"author":[{"embeddable":true,"href":"https:\/\/ws226.juntadeandalucia.es\/iadformaconti\/wordpress\/index.php?rest_route=\/wp\/v2\/users\/4"}],"replies":[{"embeddable":true,"href":"https:\/\/ws226.juntadeandalucia.es\/iadformaconti\/wordpress\/index.php?rest_route=%2Fwp%2Fv2%2Fcomments&post=1605"}],"version-history":[{"count":6,"href":"https:\/\/ws226.juntadeandalucia.es\/iadformaconti\/wordpress\/index.php?rest_route=\/wp\/v2\/pages\/1605\/revisions"}],"predecessor-version":[{"id":2288,"href":"https:\/\/ws226.juntadeandalucia.es\/iadformaconti\/wordpress\/index.php?rest_route=\/wp\/v2\/pages\/1605\/revisions\/2288"}],"up":[{"embeddable":true,"href":"https:\/\/ws226.juntadeandalucia.es\/iadformaconti\/wordpress\/index.php?rest_route=\/wp\/v2\/pages\/55"}],"wp:attachment":[{"href":"https:\/\/ws226.juntadeandalucia.es\/iadformaconti\/wordpress\/index.php?rest_route=%2Fwp%2Fv2%2Fmedia&parent=1605"}],"curies":[{"name":"wp","href":"https:\/\/api.w.org\/{rel}","templated":true}]}}