{"id":1686,"date":"2021-04-07T16:38:47","date_gmt":"2021-04-07T14:38:47","guid":{"rendered":"http:\/\/ws226.juntadeandalucia.es\/iadformaconti\/wordpress\/?page_id=1686"},"modified":"2021-04-07T16:38:47","modified_gmt":"2021-04-07T14:38:47","slug":"mantenimiento-de-instalaciones-deportivas-piscinas-y-spas","status":"publish","type":"page","link":"https:\/\/ws226.juntadeandalucia.es\/iadformaconti\/wordpress\/?page_id=1686","title":{"rendered":"Mantenimiento de instalaciones deportivas. Piscinas y spas"},"content":{"rendered":"\n\t<section class=\"section\" id=\"section_420044960\">\n\t\t<div class=\"bg section-bg fill bg-fill  bg-loaded\" >\n\n\t\t\t\n\t\t\t\n\t\t\t\n\n\t\t<\/div><!-- .section-bg -->\n\n\t\t<div class=\"section-content relative\">\n\t\t\t\n\n<div class=\"row row-collapse row-full-width\"  id=\"row-1005367057\">\n\n<div class=\"col small-12 large-12\"  ><div class=\"col-inner\"  >\n\n\n  <div class=\"banner has-hover\" id=\"banner-2017409471\">\n          <div class=\"banner-inner fill\">\n        <div class=\"banner-bg fill\" >\n            <div class=\"bg fill bg-fill \"><\/div>\n                                    \n                    <\/div><!-- bg-layers -->\n        <div class=\"banner-layers container\">\n            <div class=\"fill banner-link\"><\/div>            \n\n   <div id=\"text-box-1825466551\" class=\"text-box banner-layer x50 md-x50 lg-x10 y5 md-y5 lg-y5 res-text\">\n                                <div class=\"text \">\n              \n              <div class=\"text-inner text-left\">\n                  \n\n<h1 style=\"color: #00a6e2; font-size: 45px;\"><strong>Mantenimiento de instalaciones deportivas. Piscinas y spas<\/strong><\/h1>\n<h4 style=\"color: #00a6e2;\">6 de mayo<\/h4>\n\n              <\/div>\n           <\/div><!-- text-box-inner -->\n                            \n<style scope=\"scope\">\n\n#text-box-1825466551 {\n  width: 91%;\n}\n#text-box-1825466551 .text {\n  font-size: 100%;\n}\n\n\n@media (min-width:550px) {\n\n  #text-box-1825466551 {\n    width: 77%;\n  }\n\n}\n\n\n@media (min-width:850px) {\n\n  #text-box-1825466551 {\n    width: 49%;\n  }\n\n}\n<\/style>\n    <\/div><!-- text-box -->\n \n   <div id=\"text-box-754675023\" class=\"text-box banner-layer x50 md-x10 lg-x10 y90 md-y85 lg-y95 res-text\">\n                                <div class=\"text dark\">\n              \n              <div class=\"text-inner text-left\">\n                  \n\n<p class=\"p1\"><span class=\"s1\"><b>FECHA DE INSCRIPCI\u00d3N || <\/b>Hasta el 18 de abril, incluido <\/span><\/p>\n<p class=\"p1\"><span class=\"s1\"><b>N\u00ba PLAZAS || <\/b>50<\/span><\/p>\n<p class=\"p1\"><span class=\"s1\"><b>MODALIDAD || <\/b>Taller presencial | Gratuito<\/span><\/p>\n<p class=\"p1\"><span class=\"s1\"><b>N\u00ba HORAS || <\/b>10 horas<\/span><\/p>\n<p class=\"p1\"><span class=\"s1\"><b>DESTINATARIOS || <\/b>Directores y t\u00e9cnicos de mantenimiento de instalaciones deportivas acu\u00e1ticas en general, y spas en particular<\/span><\/p>\n<a rel=\"noopener noreferrer\" href=\"https:\/\/ws226.juntadeandalucia.es\/iadformtools\/modules\/form_builder\/published\/202119_mantenimiento_instalaciones_deportivas_piscinas_spas.php\" target=\"_blank\" class=\"button white lowercase\"  >\n    <span>INSCRIPCIONES<\/span>\n  <\/a>\n\n\n\n              <\/div>\n           <\/div><!-- text-box-inner -->\n                            \n<style scope=\"scope\">\n\n#text-box-754675023 .text {\n  background-color: rgb(0, 166, 226);\n  font-size: 100%;\n}\n#text-box-754675023 .text-inner {\n  padding: 10px 25px 10px 25px;\n}\n#text-box-754675023 {\n  width: 100%;\n}\n\n\n@media (min-width:550px) {\n\n  #text-box-754675023 {\n    width: 68%;\n  }\n\n}\n\n\n@media (min-width:850px) {\n\n  #text-box-754675023 {\n    width: 48%;\n  }\n\n}\n<\/style>\n    <\/div><!-- text-box -->\n \n\n        <\/div><!-- .banner-layers -->\n      <\/div><!-- .banner-inner -->\n\n            \n<style scope=\"scope\">\n\n#banner-2017409471 {\n  padding-top: 499px;\n  background-color: rgb(255, 255, 255);\n}\n\n\n@media (min-width:550px) {\n\n  #banner-2017409471 {\n    padding-top: 600px;\n  }\n\n}\n<\/style>\n  <\/div><!-- .banner -->\n\n\n\n<\/div><\/div>\n\n\n<style scope=\"scope\">\n\n<\/style>\n<\/div>\n\n\t\t<\/div><!-- .section-content -->\n\n\t\t\n<style scope=\"scope\">\n\n#section_420044960 {\n  padding-top: 0px;\n  padding-bottom: 0px;\n}\n<\/style>\n\t<\/section>\n\t\n\t<section class=\"section\" id=\"section_1430342889\">\n\t\t<div class=\"bg section-bg fill bg-fill  bg-loaded\" >\n\n\t\t\t\n\t\t\t\n\t\t\t\n\n\t\t<\/div><!-- .section-bg -->\n\n\t\t<div class=\"section-content relative\">\n\t\t\t\n\n\t<div id=\"gap-361639675\" class=\"gap-element clearfix\" style=\"display:block; height:auto;\">\n\t\t\n<style scope=\"scope\">\n\n#gap-361639675 {\n  padding-top: 40px;\n}\n<\/style>\n\t<\/div>\n\t\n\n<div class=\"row align-center\"  id=\"row-851948391\">\n\n<div class=\"col medium-4 small-10 large-4\"  ><div class=\"col-inner\"  >\n\n<h2 class=\"uppercase\"><span style=\"font-size: 150%; color:white\">Descripci\u00f3n del curso<\/span><\/h2>\n<div class=\"is-divider divider clearfix\" style=\"max-width:150px;background-color:rgb(255, 255, 255);\"><\/div><!-- .divider -->\n\n<a rel=\"noopener noreferrer\" href=\"https:\/\/www.juntadeandalucia.es\/export\/drupaljda\/agenda\/21\/03\/202119_iad_triptico_mantenimiento_instalaciones_deportivas_piscinas_web.pdf\" target=\"_blank\" class=\"button white is-large\"  >\n    <span>DESCARGAR PROGRAMA<\/span>\n  <i class=\"icon-angle-right\" ><\/i><\/a>\n\n\n\n<\/div><\/div>\n<div class=\"col medium-8 small-10 large-8\"  ><div class=\"col-inner\"  >\n\n<p>El medio acu\u00e1tico puede considerarse como un universo propio dentro del \u00e1mbito del deporte, tanto a lo que se refiere a la pr\u00e1ctica deportiva de sus diferentes disciplinas como al mantenimiento de los mismos. Se precisa convenientemente la secuenciaci\u00f3n anticipada de todas las acciones que se realizan en torno a \u00e9l.<\/p>\n<p>Las construcciones acu\u00e1ticas siempre han formado parte de nuestras vidas. Existen evidencias arqueol\u00f3gicas de que en las civilizaciones siempre ha existido una cultura del agua. Estas construcciones fueron evolucionando, construy\u00e9ndose en sus inicios los primeros ba\u00f1os p\u00fablicos de Oriente Medio, las termas romanas, y derivando progresivamente en las instalaciones acu\u00e1ticas que conocemos en la actualidad.\u00a0<\/p>\n<p>El presente taller, centrado en el mantenimiento de piscinas y spas en el \u00e1mbito del deporte, pretende dar a conocer a los profesionales del mantenimiento, los \u00faltimos avances relativos a las adaptaciones de los sistemas mec\u00e1nicos para reducir el uso de productos qu\u00edmicos en el proceso de depuraci\u00f3n de piscinas, la identificaci\u00f3n y soluci\u00f3n de problemas en el sistema hidr\u00e1ulico y a nivel biol\u00f3gico, as\u00ed como la forma de implantar de forma casi automatizada el \u201ccompliance\u201d.<\/p>\n\n<\/div><\/div>\n\n\n<style scope=\"scope\">\n\n<\/style>\n<\/div>\n\n\t\t<\/div><!-- .section-content -->\n\n\t\t\n<style scope=\"scope\">\n\n#section_1430342889 {\n  padding-top: 30px;\n  padding-bottom: 30px;\n  background-color: rgb(0, 166, 226);\n}\n<\/style>\n\t<\/section>\n\t\n\t<section class=\"section\" id=\"section_368749730\">\n\t\t<div class=\"bg section-bg fill bg-fill  bg-loaded\" >\n\n\t\t\t\n\t\t\t\n\t\t\t\n\n\t\t<\/div><!-- .section-bg -->\n\n\t\t<div class=\"section-content relative\">\n\t\t\t\n\n<div class=\"row row-large align-middle align-center\"  id=\"row-39224640\">\n\n<div class=\"col small-12 large-12\"  ><div class=\"col-inner\"  >\n\n<h2 class=\"uppercase\"><span style=\"font-size: 150%; color:#00a6e2\">DIRECCI\u00d3N<\/span><\/h2>\n<div class=\"is-divider divider clearfix\" style=\"max-width:150px;background-color:rgb(0, 166, 226);\"><\/div><!-- .divider -->\n\n<h2><span style=\"color: #00a6e2;\"><span style=\"font-size: 34.56px;\">Mar\u00eda Rosario Teva Vill\u00e9n<\/span><\/span><\/h2>\n<p>Responsable del \u00c1rea de Actividades del Servicio de Actividades Deportivas de la Universidad de Sevilla (SADUS) y profesora de la Universidad Pablo de Olavide<\/p>\n<h3 style=\"margin-bottom: 0px;\">\u00a0<\/h3>\n<p>\u00a0<\/p>\n\n<\/div><\/div>\n\n\n<style scope=\"scope\">\n\n<\/style>\n<\/div>\n\n\t\t<\/div><!-- .section-content -->\n\n\t\t\n<style scope=\"scope\">\n\n#section_368749730 {\n  padding-top: 50px;\n  padding-bottom: 50px;\n}\n<\/style>\n\t<\/section>\n\t\n\t<section class=\"section\" id=\"section_530514252\">\n\t\t<div class=\"bg section-bg fill bg-fill  bg-loaded\" >\n\n\t\t\t\n\t\t\t\n\t\t\t\n\n\t\t<\/div><!-- .section-bg -->\n\n\t\t<div class=\"section-content relative\">\n\t\t\t\n\n<div class=\"row\"  id=\"row-772535512\">\n\n<div class=\"col small-12 large-12\"  ><div class=\"col-inner\"  >\n\n<h2 class=\"uppercase\"><span style=\"font-size: 150%; color:#00a6e2\">OBJETIVOS<\/span><\/h2>\n<div class=\"is-divider divider clearfix\" style=\"max-width:150px;background-color:rgb(0, 166, 226);\"><\/div><!-- .divider -->\n\n\n<\/div><\/div>\n\n<\/div>\n<div class=\"row align-center\"  id=\"row-2092336649\">\n\n<div class=\"col small-12 large-12\"  ><div class=\"col-inner\"  >\n\n<div class=\"row align-center\"  id=\"row-1193800490\">\n\n<div class=\"col medium-6 small-10 large-6\"  ><div class=\"col-inner\" style=\"margin:0px 0px 0px -10px;\" >\n\n<h3>Procesos biol\u00f3gicos de la piscina<\/h3>\n<p>Mejorar la comprensi\u00f3n de los procesos biol\u00f3gicos de la piscina y la optimizaci\u00f3n<br \/>del sistema de depuraci\u00f3n.<\/p>\n<h3><span style=\"font-size: 100%;\">Herramientas de gesti\u00f3n digital<\/span><\/h3>\n<p>Conocer y valorar las herramientas de gesti\u00f3n digital de instalaciones acu\u00e1ticas<br \/>en base a los requisitos legales de autocontrol en base al Real Decreto 742\/2013 y al Decreto 485\/2019.<\/p>\n\n<\/div><\/div>\n<div class=\"col medium-6 small-11 large-6\"  ><div class=\"col-inner\" style=\"margin:0px 0px 0px 10px;\" >\n\n<h3><span style=\"font-size: 100%;\">Digitalizaci\u00f3n<\/span><\/h3>\n<p>Analizar las ventajas de la digitalizaci\u00f3n para mejorar los controles de calidad, la optimizaci\u00f3n del tiempo y la mejora del servicio en instalaciones acu\u00e1ticas de uso colectivo.<\/p>\n<h3><span style=\"font-size: 100%;\">Detectar fallos y soluciones<\/span><\/h3>\n<p>Detectar fallos del sistema hidr\u00e1ulico y soluciones a los problemas biol\u00f3gicos de la piscina.<\/p>\n<p>\u00a0<\/p>\n\n<\/div><\/div>\n\n\n<style scope=\"scope\">\n\n<\/style>\n<\/div>\n\n<\/div><\/div>\n\n\n<style scope=\"scope\">\n\n<\/style>\n<\/div>\n\n\t\t<\/div><!-- .section-content -->\n\n\t\t\n<style scope=\"scope\">\n\n#section_530514252 {\n  padding-top: 30px;\n  padding-bottom: 30px;\n}\n<\/style>\n\t<\/section>\n\t\n\n","protected":false},"excerpt":{"rendered":"","protected":false},"author":4,"featured_media":0,"parent":67,"menu_order":0,"comment_status":"closed","ping_status":"closed","template":"page-blank.php","meta":{"footnotes":""},"class_list":["post-1686","page","type-page","status-publish","hentry"],"_links":{"self":[{"href":"https:\/\/ws226.juntadeandalucia.es\/iadformaconti\/wordpress\/index.php?rest_route=\/wp\/v2\/pages\/1686","targetHints":{"allow":["GET"]}}],"collection":[{"href":"https:\/\/ws226.juntadeandalucia.es\/iadformaconti\/wordpress\/index.php?rest_route=\/wp\/v2\/pages"}],"about":[{"href":"https:\/\/ws226.juntadeandalucia.es\/iadformaconti\/wordpress\/index.php?rest_route=\/wp\/v2\/types\/page"}],"author":[{"embeddable":true,"href":"https:\/\/ws226.juntadeandalucia.es\/iadformaconti\/wordpress\/index.php?rest_route=\/wp\/v2\/users\/4"}],"replies":[{"embeddable":true,"href":"https:\/\/ws226.juntadeandalucia.es\/iadformaconti\/wordpress\/index.php?rest_route=%2Fwp%2Fv2%2Fcomments&post=1686"}],"version-history":[{"count":2,"href":"https:\/\/ws226.juntadeandalucia.es\/iadformaconti\/wordpress\/index.php?rest_route=\/wp\/v2\/pages\/1686\/revisions"}],"predecessor-version":[{"id":1688,"href":"https:\/\/ws226.juntadeandalucia.es\/iadformaconti\/wordpress\/index.php?rest_route=\/wp\/v2\/pages\/1686\/revisions\/1688"}],"up":[{"embeddable":true,"href":"https:\/\/ws226.juntadeandalucia.es\/iadformaconti\/wordpress\/index.php?rest_route=\/wp\/v2\/pages\/67"}],"wp:attachment":[{"href":"https:\/\/ws226.juntadeandalucia.es\/iadformaconti\/wordpress\/index.php?rest_route=%2Fwp%2Fv2%2Fmedia&parent=1686"}],"curies":[{"name":"wp","href":"https:\/\/api.w.org\/{rel}","templated":true}]}}