{"id":1715,"date":"2021-04-21T10:31:04","date_gmt":"2021-04-21T08:31:04","guid":{"rendered":"http:\/\/ws226.juntadeandalucia.es\/iadformaconti\/wordpress\/?page_id=1715"},"modified":"2021-04-21T13:26:52","modified_gmt":"2021-04-21T11:26:52","slug":"la-sostenibilidad-en-el-deporte-y-los-ods-2030","status":"publish","type":"page","link":"https:\/\/ws226.juntadeandalucia.es\/iadformaconti\/wordpress\/?page_id=1715","title":{"rendered":"La sostenibilidad en el deporte y los ODS 2030"},"content":{"rendered":"\n\t<section class=\"section\" id=\"section_1804378836\">\n\t\t<div class=\"bg section-bg fill bg-fill  bg-loaded\" >\n\n\t\t\t\n\t\t\t\n\t\t\t\n\n\t\t<\/div><!-- .section-bg -->\n\n\t\t<div class=\"section-content relative\">\n\t\t\t\n\n<div class=\"row row-collapse row-full-width\"  id=\"row-1490088131\">\n\n<div class=\"col small-12 large-12\"  ><div class=\"col-inner\"  >\n\n\n  <div class=\"banner has-hover\" id=\"banner-2138736715\">\n          <div class=\"banner-inner fill\">\n        <div class=\"banner-bg fill\" >\n            <div class=\"bg fill bg-fill \"><\/div>\n                                    \n                    <\/div><!-- bg-layers -->\n        <div class=\"banner-layers container\">\n            <div class=\"fill banner-link\"><\/div>            \n\n   <div id=\"text-box-1987195285\" class=\"text-box banner-layer x50 md-x50 lg-x10 y5 md-y5 lg-y5 res-text\">\n                                <div class=\"text \">\n              \n              <div class=\"text-inner text-left\">\n                  \n\n<h1 style=\"color: #de8f91; font-size: 45px;\"><strong>La sostenibilidad en el deporte y los ODS 2030<\/strong><\/h1>\n<h4 style=\"color: #de8f91;\">17 de mayo, online<\/h4>\n\n              <\/div>\n           <\/div><!-- text-box-inner -->\n                            \n<style scope=\"scope\">\n\n#text-box-1987195285 {\n  width: 91%;\n}\n#text-box-1987195285 .text {\n  font-size: 100%;\n}\n\n\n@media (min-width:550px) {\n\n  #text-box-1987195285 {\n    width: 77%;\n  }\n\n}\n\n\n@media (min-width:850px) {\n\n  #text-box-1987195285 {\n    width: 49%;\n  }\n\n}\n<\/style>\n    <\/div><!-- text-box -->\n \n   <div id=\"text-box-114298964\" class=\"text-box banner-layer x50 md-x10 lg-x10 y95 md-y85 lg-y95 res-text\">\n                                <div class=\"text dark\">\n              \n              <div class=\"text-inner text-left\">\n                  \n\n<p class=\"p1\"><span class=\"s1\"><b>FECHA DE INSCRIPCI\u00d3N || <\/b>Hasta el 9 de mayo, inclusive<\/span><\/p>\n<p class=\"p1\"><span class=\"s1\"><b>N\u00ba PLAZAS || <\/b>500<\/span><\/p>\n<p class=\"p1\"><span class=\"s1\"><b>MODALIDAD || <\/b>Taller online | Gratuito <\/span><\/p>\n<p class=\"p1\"><span class=\"s1\"><b>N\u00ba HORAS || <\/b>8 horas<\/span><\/p>\n<p class=\"p1\"><span class=\"s1\"><b>DESTINATARIOS || <\/b>Personal directivo y t\u00e9cnicos de patronato, \u00e1reas de deporte, personal directivo de entidades deportivas y clubes, y otros perfiles de gestores del deporte\u00a0<\/span><\/p>\n<a rel=\"noopener noreferrer\" href=\"https:\/\/ws226.juntadeandalucia.es\/iadformtools\/modules\/form_builder\/published\/202121_sostenibilidad_deporte_ODS_2030.php\" target=\"_blank\" class=\"button white lowercase\"  >\n    <span>INSCRIPCIONES<\/span>\n  <\/a>\n\n\n\n              <\/div>\n           <\/div><!-- text-box-inner -->\n                            \n<style scope=\"scope\">\n\n#text-box-114298964 .text {\n  background-color: rgb(222, 143, 145);\n  font-size: 100%;\n}\n#text-box-114298964 .text-inner {\n  padding: 10px 25px 10px 25px;\n}\n#text-box-114298964 {\n  width: 100%;\n}\n\n\n@media (min-width:550px) {\n\n  #text-box-114298964 {\n    width: 68%;\n  }\n\n}\n\n\n@media (min-width:850px) {\n\n  #text-box-114298964 {\n    width: 48%;\n  }\n\n}\n<\/style>\n    <\/div><!-- text-box -->\n \n\n        <\/div><!-- .banner-layers -->\n      <\/div><!-- .banner-inner -->\n\n            \n<style scope=\"scope\">\n\n#banner-2138736715 {\n  padding-top: 499px;\n  background-color: rgb(255, 255, 255);\n}\n\n\n@media (min-width:550px) {\n\n  #banner-2138736715 {\n    padding-top: 600px;\n  }\n\n}\n<\/style>\n  <\/div><!-- .banner -->\n\n\n\n<\/div><\/div>\n\n\n<style scope=\"scope\">\n\n<\/style>\n<\/div>\n\n\t\t<\/div><!-- .section-content -->\n\n\t\t\n<style scope=\"scope\">\n\n#section_1804378836 {\n  padding-top: 0px;\n  padding-bottom: 0px;\n}\n<\/style>\n\t<\/section>\n\t\n\t<section class=\"section\" id=\"section_875497745\">\n\t\t<div class=\"bg section-bg fill bg-fill  bg-loaded\" >\n\n\t\t\t\n\t\t\t\n\t\t\t\n\n\t\t<\/div><!-- .section-bg -->\n\n\t\t<div class=\"section-content relative\">\n\t\t\t\n\n\t<div id=\"gap-268509175\" class=\"gap-element clearfix\" style=\"display:block; height:auto;\">\n\t\t\n<style scope=\"scope\">\n\n#gap-268509175 {\n  padding-top: 40px;\n}\n<\/style>\n\t<\/div>\n\t\n\n<div class=\"row align-center\"  id=\"row-1391420817\">\n\n<div class=\"col medium-4 small-10 large-4\"  ><div class=\"col-inner\"  >\n\n<h2 class=\"uppercase\"><span style=\"font-size: 150%; color:white\">Descripci\u00f3n del curso<\/span><\/h2>\n<div class=\"is-divider divider clearfix\" style=\"max-width:150px;background-color:rgb(255, 255, 255);\"><\/div><!-- .divider -->\n\n<a rel=\"noopener noreferrer\" href=\"https:\/\/www.juntadeandalucia.es\/export\/drupaljda\/agenda\/21\/04\/202121_iad_triptico_sostenibilidad_deporte_ODS_2030_web.pdf\" target=\"_blank\" class=\"button white is-large\"  >\n    <span>DESCARGAR PROGRAMA<\/span>\n  <i class=\"icon-angle-right\" ><\/i><\/a>\n\n\n\n<\/div><\/div>\n<div class=\"col medium-8 small-10 large-8\"  ><div class=\"col-inner\"  >\n\n<p style=\"color: white;\">La Agenda 2030 identifica las 17 metas que la comunidad internacional debe intentar alcanzar en la pr\u00f3xima d\u00e9cada a favor de las personas, el planeta y la prosperidad. El deporte no debe permanecer ajeno a este reto global y tiene que poner en valor su capacidad de movilizaci\u00f3n social para impulsar un nuevo modelo de desarrollo y una nueva manera de actuar que favorezca el bien com\u00fan.<\/p>\n<p style=\"color: white;\">Con esta acci\u00f3n formativa pretendemos poner el foco en torno al concepto de sostenibilidad, concretando sobre los Objetivos de Desarrollo Sostenible (ODS) y c\u00f3mo el deporte puede trabajar en la l\u00ednea de su consecuci\u00f3n.<\/p>\n<p style=\"color: white;\">Adem\u00e1s, buscamos ampliar el prisma de abordaje de la sostenibilidad desde diferentes \u00e1mbitos y actores del deporte, ya sea de manera individual (por ejemplo, desde la perspectiva de un\/una gestor\/a deportivo\/a) o colectiva (estrategias que integran a diversos agentes de un entorno concreto).<\/p>\n\n<\/div><\/div>\n\n\n<style scope=\"scope\">\n\n<\/style>\n<\/div>\n\n\t\t<\/div><!-- .section-content -->\n\n\t\t\n<style scope=\"scope\">\n\n#section_875497745 {\n  padding-top: 30px;\n  padding-bottom: 30px;\n  background-color: rgb(222, 143, 145);\n}\n<\/style>\n\t<\/section>\n\t\n\t<section class=\"section\" id=\"section_1055587735\">\n\t\t<div class=\"bg section-bg fill bg-fill  bg-loaded\" >\n\n\t\t\t\n\t\t\t\n\t\t\t\n\n\t\t<\/div><!-- .section-bg -->\n\n\t\t<div class=\"section-content relative\">\n\t\t\t\n\n<div class=\"row\"  id=\"row-467910228\">\n\n<div class=\"col small-12 large-12\"  ><div class=\"col-inner\"  >\n\n<h2 class=\"uppercase\"><span style=\"font-size: 150%; color: #de8f91;\">DIRECCI\u00d3N<\/span><\/h2>\n<div class=\"is-divider divider clearfix\" style=\"max-width:150px;background-color:rgb(222, 143, 145);\"><\/div><!-- .divider -->\n\n\n<\/div><\/div>\n\n<\/div>\n<div class=\"row row-large align-middle align-center\"  id=\"row-1034060129\">\n\n<div class=\"col medium-5 small-12 large-6\"  ><div class=\"col-inner text-center\" style=\"margin:0px 0px 40px 0px;\" >\n\n<h2><span style=\"font-size: 150%; color: #de8f91;\"> Asociaci\u00f3n Andaluza de Gestores del Deporte (AGESPORT)<\/span><\/h2>\n<h3 style=\"margin-bottom: 0px;\">&nbsp;<\/h3>\n<p>&nbsp;<\/p>\n\t<div id=\"gap-196809968\" class=\"gap-element clearfix\" style=\"display:block; height:auto;\">\n\t\t\n<style scope=\"scope\">\n\n#gap-196809968 {\n  padding-top: 10px;\n}\n<\/style>\n\t<\/div>\n\t\n\n\n<\/div><\/div>\n<div class=\"col hide-for-medium medium-2 small-12 large-2\"  ><div class=\"col-inner\"  >\n\n\t<div id=\"gap-774256087\" class=\"gap-element clearfix\" style=\"display:block; height:auto;\">\n\t\t\n<style scope=\"scope\">\n\n#gap-774256087 {\n  padding-top: 30px;\n}\n<\/style>\n\t<\/div>\n\t\n\n\n<\/div><\/div>\n\n\n<style scope=\"scope\">\n\n<\/style>\n<\/div>\n\n\t\t<\/div><!-- .section-content -->\n\n\t\t\n<style scope=\"scope\">\n\n#section_1055587735 {\n  padding-top: 50px;\n  padding-bottom: 50px;\n}\n<\/style>\n\t<\/section>\n\t\n\t<section class=\"section\" id=\"section_1694142743\">\n\t\t<div class=\"bg section-bg fill bg-fill  bg-loaded\" >\n\n\t\t\t\n\t\t\t\n\t\t\t\n\n\t\t<\/div><!-- .section-bg -->\n\n\t\t<div class=\"section-content relative\">\n\t\t\t\n\n<div class=\"row\"  id=\"row-199838175\">\n\n<div class=\"col small-12 large-12\"  ><div class=\"col-inner\"  >\n\n<h2 class=\"uppercase\"><span style=\"font-size: 150%; color: #de8f91;\">OBJETIVOS<\/span><\/h2>\n<div class=\"is-divider divider clearfix\" style=\"max-width:150px;background-color:rgb(222, 143, 145);\"><\/div><!-- .divider -->\n\n\n<\/div><\/div>\n\n<\/div>\n<h3><span style=\"font-size: 115%;\">Relaci\u00f3n entre los ODS y el deporte<\/span><\/h3>\n<p>Reflexionar acerca del concepto de sostenibilidad y la relaci\u00f3n ODS y Deporte.<\/p>\n<h3><span style=\"font-size: 115%;\">Deporte sostenible<\/span><\/h3>\n<p>Analizar estrategias integradoras de deporte sostenible<\/p>\n<h3><span style=\"font-size: 115%;\">Casos de \u00e9xito<\/span><\/h3>\n<p>Conocer diversas iniciativas y casos de \u00e9xito a nivel nacional e internacional.<\/p>\n<p>&nbsp;<\/p>\n<div class=\"row align-center\"  id=\"row-587303435\">\n\n<div class=\"col medium-7 small-12 large-7\"  ><div class=\"col-inner\"  >\n\n<div class=\"row align-center\"  id=\"row-1976087122\">\n\n<div class=\"col medium-6 small-10 large-6\"  ><div class=\"col-inner\" style=\"margin:0px 0px 0px -10px;\" >\n\n\n<\/div><\/div>\n<div class=\"col medium-6 small-11 large-6\"  ><div class=\"col-inner\" style=\"margin:0px 0px 0px 10px;\" >\n\n<h3>&nbsp;<\/h3>\n<p>&nbsp;<\/p>\n\n<\/div><\/div>\n\n\n<style scope=\"scope\">\n\n<\/style>\n<\/div>\n\n<\/div><\/div>\n\n\n<style scope=\"scope\">\n\n<\/style>\n<\/div>\n\n\t\t<\/div><!-- .section-content -->\n\n\t\t\n<style scope=\"scope\">\n\n#section_1694142743 {\n  padding-top: 30px;\n  padding-bottom: 30px;\n}\n<\/style>\n\t<\/section>\n\t\n\n","protected":false},"excerpt":{"rendered":"","protected":false},"author":4,"featured_media":0,"parent":67,"menu_order":0,"comment_status":"closed","ping_status":"closed","template":"page-blank.php","meta":{"footnotes":""},"class_list":["post-1715","page","type-page","status-publish","hentry"],"_links":{"self":[{"href":"https:\/\/ws226.juntadeandalucia.es\/iadformaconti\/wordpress\/index.php?rest_route=\/wp\/v2\/pages\/1715","targetHints":{"allow":["GET"]}}],"collection":[{"href":"https:\/\/ws226.juntadeandalucia.es\/iadformaconti\/wordpress\/index.php?rest_route=\/wp\/v2\/pages"}],"about":[{"href":"https:\/\/ws226.juntadeandalucia.es\/iadformaconti\/wordpress\/index.php?rest_route=\/wp\/v2\/types\/page"}],"author":[{"embeddable":true,"href":"https:\/\/ws226.juntadeandalucia.es\/iadformaconti\/wordpress\/index.php?rest_route=\/wp\/v2\/users\/4"}],"replies":[{"embeddable":true,"href":"https:\/\/ws226.juntadeandalucia.es\/iadformaconti\/wordpress\/index.php?rest_route=%2Fwp%2Fv2%2Fcomments&post=1715"}],"version-history":[{"count":6,"href":"https:\/\/ws226.juntadeandalucia.es\/iadformaconti\/wordpress\/index.php?rest_route=\/wp\/v2\/pages\/1715\/revisions"}],"predecessor-version":[{"id":1730,"href":"https:\/\/ws226.juntadeandalucia.es\/iadformaconti\/wordpress\/index.php?rest_route=\/wp\/v2\/pages\/1715\/revisions\/1730"}],"up":[{"embeddable":true,"href":"https:\/\/ws226.juntadeandalucia.es\/iadformaconti\/wordpress\/index.php?rest_route=\/wp\/v2\/pages\/67"}],"wp:attachment":[{"href":"https:\/\/ws226.juntadeandalucia.es\/iadformaconti\/wordpress\/index.php?rest_route=%2Fwp%2Fv2%2Fmedia&parent=1715"}],"curies":[{"name":"wp","href":"https:\/\/api.w.org\/{rel}","templated":true}]}}