{"id":1794,"date":"2021-07-30T14:04:08","date_gmt":"2021-07-30T12:04:08","guid":{"rendered":"http:\/\/ws226.juntadeandalucia.es\/iadformaconti\/wordpress\/?page_id=1794"},"modified":"2021-08-02T13:16:41","modified_gmt":"2021-08-02T11:16:41","slug":"taller-sobre-oratoria-y-discursos-como-hablar-en-publico","status":"publish","type":"page","link":"https:\/\/ws226.juntadeandalucia.es\/iadformaconti\/wordpress\/?page_id=1794","title":{"rendered":"Taller sobre oratoria y discursos. C\u00f3mo hablar en p\u00fablico"},"content":{"rendered":"\n\t<section class=\"section\" id=\"section_1643628560\">\n\t\t<div class=\"bg section-bg fill bg-fill  bg-loaded\" >\n\n\t\t\t\n\t\t\t\n\t\t\t\n\n\t\t<\/div><!-- .section-bg -->\n\n\t\t<div class=\"section-content relative\">\n\t\t\t\n\n<div class=\"row row-collapse row-full-width\"  id=\"row-2002291432\">\n\n<div class=\"col small-12 large-12\"  ><div class=\"col-inner\"  >\n\n\n  <div class=\"banner has-hover\" id=\"banner-2028676049\">\n          <div class=\"banner-inner fill\">\n        <div class=\"banner-bg fill\" >\n            <div class=\"bg fill bg-fill \"><\/div>\n                                    \n                    <\/div><!-- bg-layers -->\n        <div class=\"banner-layers container\">\n            <div class=\"fill banner-link\"><\/div>            \n\n   <div id=\"text-box-489983895\" class=\"text-box banner-layer x50 md-x50 lg-x10 y5 md-y5 lg-y5 res-text\">\n                                <div class=\"text \">\n              \n              <div class=\"text-inner text-left\">\n                  \n\n<h1 style=\"color: #95c11f; font-size: 45px;\"><strong>Taller sobre oratoria y discursos. C\u00f3mo hablar en p\u00fablico.<\/strong><\/h1>\n<h4 style=\"color: #95c11f;\">27, 28 y 29 de septiembre, presencial.<\/h4>\n\n              <\/div>\n           <\/div><!-- text-box-inner -->\n                            \n<style scope=\"scope\">\n\n#text-box-489983895 {\n  width: 91%;\n}\n#text-box-489983895 .text {\n  font-size: 100%;\n}\n\n\n@media (min-width:550px) {\n\n  #text-box-489983895 {\n    width: 77%;\n  }\n\n}\n\n\n@media (min-width:850px) {\n\n  #text-box-489983895 {\n    width: 49%;\n  }\n\n}\n<\/style>\n    <\/div><!-- text-box -->\n \n   <div id=\"text-box-1893590064\" class=\"text-box banner-layer x50 md-x10 lg-x10 y90 md-y85 lg-y95 res-text\">\n                                <div class=\"text dark\">\n              \n              <div class=\"text-inner text-left\">\n                  \n\n<p class=\"p1\"><span class=\"s1\"><b>FECHA DE INSCRIPCI\u00d3N || <\/b>Hasta el 27 de agosto, inclusive<\/span><\/p>\n<p class=\"p1\"><span class=\"s1\"><b>N\u00ba PLAZAS || <\/b>50<\/span><\/p>\n<p class=\"p1\"><span class=\"s1\"><b>MODALIDAD || <\/b>Curso presencial | Gratuito <\/span><\/p>\n<p class=\"p1\"><span class=\"s1\"><b>N\u00ba HORAS || <\/b>24 horas<\/span><\/p>\n<p class=\"p1\"><span class=\"s1\"><b>DESTINATARIOS || <\/b>Deportistas, directivos, profesionales al frente de equipos o que necesiten hacer presentaciones o discursos p\u00fablicos, o cualquier persona que por sus funciones necesite claves de comunicaci\u00f3n en actos p\u00fablicos.<\/span><\/p>\n<a rel=\"noopener noreferrer\" href=\"https:\/\/ws226.juntadeandalucia.es\/iadformtools\/modules\/form_builder\/published\/202131_taller_oratoria_discursos_hablar_en_publico.php\" target=\"_blank\" class=\"button white lowercase\"  >\n    <span>INSCRIPCIONES<\/span>\n  <\/a>\n\n\n\n              <\/div>\n           <\/div><!-- text-box-inner -->\n                            \n<style scope=\"scope\">\n\n#text-box-1893590064 .text {\n  background-color: rgb(149, 193, 31);\n  font-size: 100%;\n}\n#text-box-1893590064 .text-inner {\n  padding: 10px 25px 10px 25px;\n}\n#text-box-1893590064 {\n  width: 100%;\n}\n\n\n@media (min-width:550px) {\n\n  #text-box-1893590064 {\n    width: 68%;\n  }\n\n}\n\n\n@media (min-width:850px) {\n\n  #text-box-1893590064 {\n    width: 48%;\n  }\n\n}\n<\/style>\n    <\/div><!-- text-box -->\n \n\n        <\/div><!-- .banner-layers -->\n      <\/div><!-- .banner-inner -->\n\n            \n<style scope=\"scope\">\n\n#banner-2028676049 {\n  padding-top: 499px;\n  background-color: rgb(255, 255, 255);\n}\n#banner-2028676049 .bg.bg-loaded {\n  background-image: url(https:\/\/ws226.juntadeandalucia.es\/iadformaconti\/wordpress\/wp-content\/uploads\/2020\/02\/CREA_WEB.png);\n}\n#banner-2028676049 .bg {\n  background-position: 50% 50%;\n}\n\n\n@media (min-width:550px) {\n\n  #banner-2028676049 {\n    padding-top: 600px;\n  }\n\n}\n<\/style>\n  <\/div><!-- .banner -->\n\n\n\n<\/div><\/div>\n\n\n<style scope=\"scope\">\n\n<\/style>\n<\/div>\n\n\t\t<\/div><!-- .section-content -->\n\n\t\t\n<style scope=\"scope\">\n\n#section_1643628560 {\n  padding-top: 0px;\n  padding-bottom: 0px;\n}\n<\/style>\n\t<\/section>\n\t\n\t<section class=\"section\" id=\"section_336569896\">\n\t\t<div class=\"bg section-bg fill bg-fill  bg-loaded\" >\n\n\t\t\t\n\t\t\t\n\t\t\t\n\n\t\t<\/div><!-- .section-bg -->\n\n\t\t<div class=\"section-content relative\">\n\t\t\t\n\n\t<div id=\"gap-878148444\" class=\"gap-element clearfix\" style=\"display:block; height:auto;\">\n\t\t\n<style scope=\"scope\">\n\n#gap-878148444 {\n  padding-top: 40px;\n}\n<\/style>\n\t<\/div>\n\t\n\n<div class=\"row align-center\"  id=\"row-669960222\">\n\n<div class=\"col medium-4 small-10 large-4\"  ><div class=\"col-inner\"  >\n\n<h2 class=\"uppercase\"><span style=\"font-size: 150%; color:white\">Descripci\u00f3n del curso<\/span><\/h2>\n<div class=\"is-divider divider clearfix\" style=\"max-width:150px;background-color:rgb(255, 255, 255);\"><\/div><!-- .divider -->\n\n<a rel=\"noopener noreferrer\" href=\"https:\/\/www.juntadeandalucia.es\/sites\/default\/files\/2021-08\/202131_iad_triptico_taller_oratoria_discursos_web.pdf\" target=\"_blank\" class=\"button white is-large\"  >\n    <span>DESCARGAR PROGRAMA<\/span>\n  <i class=\"icon-angle-right\" ><\/i><\/a>\n\n\n\n<\/div><\/div>\n<div class=\"col medium-8 small-10 large-8\"  ><div class=\"col-inner\"  >\n\n<p style=\"color: white;\">Se trata de un taller magistral de expresi\u00f3n oral y presentaciones p\u00fablicas presentado por \u00c1ngel Rodr\u00edguez Berriguete e impartido por Juli\u00e1n Reyes. Es un taller intensivo y experiencial que requiere de un tiempo m\u00e1s prolongado para combinar la teor\u00eda con la pr\u00e1ctica y con trabajos en grupos.<\/p>\n\n<\/div><\/div>\n\n\n<style scope=\"scope\">\n\n<\/style>\n<\/div>\n\n\t\t<\/div><!-- .section-content -->\n\n\t\t\n<style scope=\"scope\">\n\n#section_336569896 {\n  padding-top: 30px;\n  padding-bottom: 30px;\n  background-color: rgb(149, 193, 31);\n}\n<\/style>\n\t<\/section>\n\t\n\t<section class=\"section\" id=\"section_2070164159\">\n\t\t<div class=\"bg section-bg fill bg-fill  bg-loaded\" >\n\n\t\t\t\n\t\t\t\n\t\t\t\n\n\t\t<\/div><!-- .section-bg -->\n\n\t\t<div class=\"section-content relative\">\n\t\t\t\n\n<div class=\"row\"  id=\"row-1736103193\">\n\n<div class=\"col small-12 large-12\"  ><div class=\"col-inner\"  >\n\n<h2 class=\"uppercase\">\n<span style=\"font-size: 150%; color: #95c11f;\">DIRECCI\u00d3N<\/span><br \/>\n<\/h2>\n<div class=\"is-divider divider clearfix\" style=\"max-width:150px;background-color:rgb(149, 193, 31);\"><\/div><!-- .divider -->\n\n\n<\/div><\/div>\n\n<\/div>\n<div class=\"row row-large align-middle align-center\"  id=\"row-2014960952\">\n\n<div class=\"col medium-5 small-12 large-4\"  ><div class=\"col-inner text-center\" style=\"margin:0px 0px 40px 0px;\" >\n\n<h2><span style=\"font-size: 150%; color: #95c11f;\"> \u00c1ngel Rodr\u00edguez Berriguete<\/span><\/h2>\n<h3 style=\"margin-bottom: 0px;\">Consultor de comunicaci\u00f3n<\/h3>\n<p>&nbsp;<\/p>\n\t<div id=\"gap-400404393\" class=\"gap-element clearfix\" style=\"display:block; height:auto;\">\n\t\t\n<style scope=\"scope\">\n\n#gap-400404393 {\n  padding-top: 10px;\n}\n<\/style>\n\t<\/div>\n\t\n\n\n<\/div><\/div>\n<div class=\"col hide-for-medium medium-4 small-12 large-4\"  ><div class=\"col-inner\"  >\n\n\t<div id=\"gap-709000413\" class=\"gap-element clearfix\" style=\"display:block; height:auto;\">\n\t\t\n<style scope=\"scope\">\n\n#gap-709000413 {\n  padding-top: 30px;\n}\n<\/style>\n\t<\/div>\n\t\n\n\n<\/div><\/div>\n\n\n<style scope=\"scope\">\n\n<\/style>\n<\/div>\n\n\t\t<\/div><!-- .section-content -->\n\n\t\t\n<style scope=\"scope\">\n\n#section_2070164159 {\n  padding-top: 50px;\n  padding-bottom: 50px;\n}\n<\/style>\n\t<\/section>\n\t\n\t<section class=\"section\" id=\"section_490509200\">\n\t\t<div class=\"bg section-bg fill bg-fill  bg-loaded\" >\n\n\t\t\t\n\t\t\t\n\t\t\t\n\n\t\t<\/div><!-- .section-bg -->\n\n\t\t<div class=\"section-content relative\">\n\t\t\t\n\n<div class=\"row\"  id=\"row-222961337\">\n\n<div class=\"col small-12 large-12\"  ><div class=\"col-inner\"  >\n\n<h2 class=\"uppercase\"><span style=\"font-size: 150%; color: #95c11f;\">OBJETIVOS<\/span><\/h2>\n<div class=\"is-divider divider clearfix\" style=\"max-width:150px;background-color:rgb(149, 193, 31);\"><\/div><!-- .divider -->\n\n\n<\/div><\/div>\n\n<\/div>\n<div class=\"row align-center\"  id=\"row-1736121408\">\n\n<div class=\"col small-12 large-12\"  ><div class=\"col-inner\"  >\n\n<div class=\"row align-center\"  id=\"row-683177457\">\n\n<div class=\"col medium-6 small-10 large-6\"  ><div class=\"col-inner\" style=\"margin:0px 0px 0px -10px;\" >\n\n<h3><span style=\"font-size: 115%;\">Seguridad al hablar en p\u00fablico<\/span><\/h3>\n<p>C\u00f3mo eliminar el p\u00e1nico esc\u00e9nico y anular el miedo esc\u00e9nico en todo tipo de comunicaciones. Ganar seguridad en todo tipo de escenarios. Crecer\u00e1s en confianza, la que transmitir\u00e1s como l\u00edder a tus audiencias.<\/p>\n<h3><span style=\"font-size: 115%;\">T\u00e9cnicas para captar la atenci\u00f3n<\/span><\/h3>\n<p>Multiplicar\u00e1s tu poder de influencia gracias a tu conexi\u00f3n con las audiencias. Experimentar\u00e1s un crecimiento de tu liderazgo interno y externo en tu comunicaci\u00f3n. Aprender\u00e1s t\u00e9cnicas para captar la atenci\u00f3n e impactar a tu audiencia de forma memorable. Descubrir\u00e1s t\u00e9cnicas \u00fanicas para estructuras, mensajes efectivos, directos y sencillos. Elevar\u00e1s a otro nivel tu poder personal.<\/p>\n\n<\/div><\/div>\n<div class=\"col medium-6 small-11 large-6\"  ><div class=\"col-inner\" style=\"margin:0px 0px 0px 10px;\" >\n\n<h3><span style=\"font-size: 115%;\">Storytelling<\/span><\/h3>\n<p>Te adentrar\u00e1s en el poder del storytelling. Incorporar\u00e1s recursos que sumar\u00e1s a tu estilo de comunicaci\u00f3n para poner en escena conferencias de impacto. Descubriremos el poder del lenguaje corporal para tener \u00e9xito desde en una entrevista de trabajo hasta en una presentaci\u00f3n, un discurso, o un acto de comunicaci\u00f3n donde presentes tu marca personal, pasando por una rueda de prensa.<\/p>\n\n<\/div><\/div>\n\n\n<style scope=\"scope\">\n\n<\/style>\n<\/div>\n\n<\/div><\/div>\n\n\n<style scope=\"scope\">\n\n<\/style>\n<\/div>\n\n\t\t<\/div><!-- .section-content -->\n\n\t\t\n<style scope=\"scope\">\n\n#section_490509200 {\n  padding-top: 30px;\n  padding-bottom: 30px;\n}\n<\/style>\n\t<\/section>\n\t\n\n","protected":false},"excerpt":{"rendered":"","protected":false},"author":4,"featured_media":0,"parent":67,"menu_order":0,"comment_status":"closed","ping_status":"closed","template":"page-blank.php","meta":{"footnotes":""},"class_list":["post-1794","page","type-page","status-publish","hentry"],"_links":{"self":[{"href":"https:\/\/ws226.juntadeandalucia.es\/iadformaconti\/wordpress\/index.php?rest_route=\/wp\/v2\/pages\/1794","targetHints":{"allow":["GET"]}}],"collection":[{"href":"https:\/\/ws226.juntadeandalucia.es\/iadformaconti\/wordpress\/index.php?rest_route=\/wp\/v2\/pages"}],"about":[{"href":"https:\/\/ws226.juntadeandalucia.es\/iadformaconti\/wordpress\/index.php?rest_route=\/wp\/v2\/types\/page"}],"author":[{"embeddable":true,"href":"https:\/\/ws226.juntadeandalucia.es\/iadformaconti\/wordpress\/index.php?rest_route=\/wp\/v2\/users\/4"}],"replies":[{"embeddable":true,"href":"https:\/\/ws226.juntadeandalucia.es\/iadformaconti\/wordpress\/index.php?rest_route=%2Fwp%2Fv2%2Fcomments&post=1794"}],"version-history":[{"count":6,"href":"https:\/\/ws226.juntadeandalucia.es\/iadformaconti\/wordpress\/index.php?rest_route=\/wp\/v2\/pages\/1794\/revisions"}],"predecessor-version":[{"id":1802,"href":"https:\/\/ws226.juntadeandalucia.es\/iadformaconti\/wordpress\/index.php?rest_route=\/wp\/v2\/pages\/1794\/revisions\/1802"}],"up":[{"embeddable":true,"href":"https:\/\/ws226.juntadeandalucia.es\/iadformaconti\/wordpress\/index.php?rest_route=\/wp\/v2\/pages\/67"}],"wp:attachment":[{"href":"https:\/\/ws226.juntadeandalucia.es\/iadformaconti\/wordpress\/index.php?rest_route=%2Fwp%2Fv2%2Fmedia&parent=1794"}],"curies":[{"name":"wp","href":"https:\/\/api.w.org\/{rel}","templated":true}]}}