{"id":1873,"date":"2021-10-07T11:11:30","date_gmt":"2021-10-07T09:11:30","guid":{"rendered":"http:\/\/ws226.juntadeandalucia.es\/iadformaconti\/wordpress\/?page_id=1873"},"modified":"2021-10-07T11:18:28","modified_gmt":"2021-10-07T09:18:28","slug":"la-importancia-de-la-profesionalizacion-en-la-gestion-administrativa-de-las-entidades-deportivas","status":"publish","type":"page","link":"https:\/\/ws226.juntadeandalucia.es\/iadformaconti\/wordpress\/?page_id=1873","title":{"rendered":"La importancia de la profesionalizaci\u00f3n en la gesti\u00f3n administrativa de las entidades deportivas"},"content":{"rendered":"\n\t<section class=\"section\" id=\"section_315777386\">\n\t\t<div class=\"bg section-bg fill bg-fill  bg-loaded\" >\n\n\t\t\t\n\t\t\t\n\t\t\t\n\n\t\t<\/div><!-- .section-bg -->\n\n\t\t<div class=\"section-content relative\">\n\t\t\t\n\n<div class=\"row row-collapse row-full-width\"  id=\"row-1725929527\">\n\n<div class=\"col small-12 large-12\"  ><div class=\"col-inner\"  >\n\n\n  <div class=\"banner has-hover\" id=\"banner-2081212015\">\n          <div class=\"banner-inner fill\">\n        <div class=\"banner-bg fill\" >\n            <div class=\"bg fill bg-fill \"><\/div>\n                                    \n                    <\/div><!-- bg-layers -->\n        <div class=\"banner-layers container\">\n            <div class=\"fill banner-link\"><\/div>            \n\n   <div id=\"text-box-1207211120\" class=\"text-box banner-layer x50 md-x50 lg-x10 y5 md-y5 lg-y0 res-text\">\n                                <div class=\"text \">\n              \n              <div class=\"text-inner text-left\">\n                  \n\n<h1 style=\"color: #007d32; font-size: 45px;\"><strong>La importancia de la profesionalizaci\u00f3n en la gesti\u00f3n administrativa de las entidades deportivas<\/strong><\/h1>\n<h4 style=\"color: #007d32;\">25 de noviembre, online<\/h4>\n\n              <\/div>\n           <\/div><!-- text-box-inner -->\n                            \n<style scope=\"scope\">\n\n#text-box-1207211120 {\n  width: 91%;\n}\n#text-box-1207211120 .text {\n  font-size: 100%;\n}\n\n\n@media (min-width:550px) {\n\n  #text-box-1207211120 {\n    width: 77%;\n  }\n\n}\n\n\n@media (min-width:850px) {\n\n  #text-box-1207211120 {\n    width: 64%;\n  }\n\n}\n<\/style>\n    <\/div><!-- text-box -->\n \n   <div id=\"text-box-717909880\" class=\"text-box banner-layer x50 md-x50 lg-x10 y95 md-y85 lg-y95 res-text\">\n                                <div class=\"text dark\">\n              \n              <div class=\"text-inner text-left\">\n                  \n\n<p class=\"p1\"><span class=\"s1\"><b>FECHA DE INSCRIPCI\u00d3N || <\/b>Hasta el 17 de noviembre, inclusive<\/span><\/p>\n<p class=\"p1\"><span class=\"s1\"><b>N\u00ba PLAZAS || <\/b>500<\/span><\/p>\n<p class=\"p1\"><span class=\"s1\"><b>MODALIDAD || <\/b>Jornada online | Gratuito<\/span><\/p>\n<p class=\"p1\"><span class=\"s1\"><b>N\u00ba HORAS || <\/b>8 horas<\/span><\/p>\n<p class=\"p1\"><span class=\"s1\"><b>DESTINATARIOS || <\/b>Gestores deportivos de entidades p\u00fablicas, directivos de clubes deportivos y dirigentes del deporte en general con responsabilidades directas en la gesti\u00f3n de asociaciones, patronatos, clubes o escuelas\u00a0<\/span><\/p>\n<a rel=\"noopener noreferrer\" href=\"https:\/\/ws226.juntadeandalucia.es\/iadformtools\/modules\/form_builder\/published\/202125_importancia_profesionalizacion_gestion_entidad_dep.php\" target=\"_blank\" class=\"button white is-large lowercase\"  >\n    <span>Inscripciones<\/span>\n  <\/a>\n\n\n\n              <\/div>\n           <\/div><!-- text-box-inner -->\n                            \n<style scope=\"scope\">\n\n#text-box-717909880 .text {\n  background-color: rgb(0, 125, 50);\n  font-size: 100%;\n}\n#text-box-717909880 .text-inner {\n  padding: 10px 25px 10px 25px;\n}\n#text-box-717909880 {\n  width: 100%;\n}\n\n\n@media (min-width:550px) {\n\n  #text-box-717909880 {\n    width: 68%;\n  }\n\n}\n\n\n@media (min-width:850px) {\n\n  #text-box-717909880 {\n    width: 54%;\n  }\n\n}\n<\/style>\n    <\/div><!-- text-box -->\n \n\n        <\/div><!-- .banner-layers -->\n      <\/div><!-- .banner-inner -->\n\n            \n<style scope=\"scope\">\n\n#banner-2081212015 {\n  padding-top: 550px;\n  background-color: rgb(255, 255, 255);\n}\n#banner-2081212015 .bg.bg-loaded {\n  background-image: url(https:\/\/ws226.juntadeandalucia.es\/iadformaconti\/wordpress\/wp-content\/uploads\/2020\/01\/1-1.png);\n}\n#banner-2081212015 .bg {\n  background-position: 50% 50%;\n}\n\n\n@media (min-width:550px) {\n\n  #banner-2081212015 {\n    padding-top: 600px;\n  }\n\n}\n<\/style>\n  <\/div><!-- .banner -->\n\n\n\n<\/div><\/div>\n\n\n<style scope=\"scope\">\n\n<\/style>\n<\/div>\n\n\t\t<\/div><!-- .section-content -->\n\n\t\t\n<style scope=\"scope\">\n\n#section_315777386 {\n  padding-top: 0px;\n  padding-bottom: 0px;\n}\n<\/style>\n\t<\/section>\n\t\n\t<section class=\"section\" id=\"section_806187184\">\n\t\t<div class=\"bg section-bg fill bg-fill  bg-loaded\" >\n\n\t\t\t\n\t\t\t\n\t\t\t\n\n\t\t<\/div><!-- .section-bg -->\n\n\t\t<div class=\"section-content relative\">\n\t\t\t\n\n\t<div id=\"gap-241954762\" class=\"gap-element clearfix\" style=\"display:block; height:auto;\">\n\t\t\n<style scope=\"scope\">\n\n#gap-241954762 {\n  padding-top: 40px;\n}\n<\/style>\n\t<\/div>\n\t\n\n<div class=\"row align-center\"  id=\"row-1943727309\">\n\n<div class=\"col medium-4 small-10 large-4\"  ><div class=\"col-inner\"  >\n\n<h2 class=\"uppercase\"><span style=\"font-size: 150%; color:white\">Descripci\u00f3n del curso<\/span><\/h2>\n<div class=\"is-divider divider clearfix\" style=\"max-width:150px;background-color:rgb(255, 255, 255);\"><\/div><!-- .divider -->\n\n<a rel=\"noopener noreferrer\" href=\"https:\/\/www.juntadeandalucia.es\/sites\/default\/files\/2021-09\/202125_iad_triptico_importancia_profesionalizacion_gestion_entidades_web.pdf\" target=\"_blank\" class=\"button white is-link is-large\"  >\n    <span>Descargar programa<\/span>\n  <i class=\"icon-angle-right\" ><\/i><\/a>\n\n\n\n<\/div><\/div>\n<div class=\"col medium-8 small-10 large-8\"  ><div class=\"col-inner\"  >\n\n<p style=\"color: white;\">El deporte se ha convertido en los \u00faltimos tiempos en una importante locomotora. Es una plataforma de oportunidades, un producto estrella que requiere de profesionales. Gestionar un club requiere de conocimientos y estrategias para su desarrollo, formaci\u00f3n en muy diversos \u00e1mbitos, como recursos humanos, laboral, fiscal o procesos financieros, sin dejar de lado otros elementos que de manera directa y transversal confluyen con el deporte, como el turismo, la salud o la educaci\u00f3n, y que pueden marcar la estrategia o el desarrollo de la entidad.<\/p>\n<p style=\"color: white;\">Un gran reto al que se enfrentan muchas entidades de este perfil pasa por la contrataci\u00f3n de profesionales que puedan manejar la entidad de forma lineal, dando consistencia y continuidad a los proyectos, mejorando adem\u00e1s las relaciones con las administraciones p\u00fablicas y los patrocinadores privados, dentro de una esfera cada vez m\u00e1s exigente con los acuerdos que alcanza, en una manifiesta revisi\u00f3n de sus inversiones, que ante todo apuestan por la innovaci\u00f3n, el medio ambiente, al reputaci\u00f3n de la marca y la responsabilidad.<\/p>\n<p style=\"color: white;\">\u00a0<\/p>\n<p style=\"color: white;\">\u00a0<\/p>\n\n<\/div><\/div>\n\n\n<style scope=\"scope\">\n\n<\/style>\n<\/div>\n\n\t\t<\/div><!-- .section-content -->\n\n\t\t\n<style scope=\"scope\">\n\n#section_806187184 {\n  padding-top: 30px;\n  padding-bottom: 30px;\n  background-color: rgb(0, 125, 50);\n}\n<\/style>\n\t<\/section>\n\t\n\n","protected":false},"excerpt":{"rendered":"","protected":false},"author":4,"featured_media":0,"parent":55,"menu_order":0,"comment_status":"closed","ping_status":"closed","template":"page-blank.php","meta":{"footnotes":""},"class_list":["post-1873","page","type-page","status-publish","hentry"],"_links":{"self":[{"href":"https:\/\/ws226.juntadeandalucia.es\/iadformaconti\/wordpress\/index.php?rest_route=\/wp\/v2\/pages\/1873","targetHints":{"allow":["GET"]}}],"collection":[{"href":"https:\/\/ws226.juntadeandalucia.es\/iadformaconti\/wordpress\/index.php?rest_route=\/wp\/v2\/pages"}],"about":[{"href":"https:\/\/ws226.juntadeandalucia.es\/iadformaconti\/wordpress\/index.php?rest_route=\/wp\/v2\/types\/page"}],"author":[{"embeddable":true,"href":"https:\/\/ws226.juntadeandalucia.es\/iadformaconti\/wordpress\/index.php?rest_route=\/wp\/v2\/users\/4"}],"replies":[{"embeddable":true,"href":"https:\/\/ws226.juntadeandalucia.es\/iadformaconti\/wordpress\/index.php?rest_route=%2Fwp%2Fv2%2Fcomments&post=1873"}],"version-history":[{"count":4,"href":"https:\/\/ws226.juntadeandalucia.es\/iadformaconti\/wordpress\/index.php?rest_route=\/wp\/v2\/pages\/1873\/revisions"}],"predecessor-version":[{"id":1877,"href":"https:\/\/ws226.juntadeandalucia.es\/iadformaconti\/wordpress\/index.php?rest_route=\/wp\/v2\/pages\/1873\/revisions\/1877"}],"up":[{"embeddable":true,"href":"https:\/\/ws226.juntadeandalucia.es\/iadformaconti\/wordpress\/index.php?rest_route=\/wp\/v2\/pages\/55"}],"wp:attachment":[{"href":"https:\/\/ws226.juntadeandalucia.es\/iadformaconti\/wordpress\/index.php?rest_route=%2Fwp%2Fv2%2Fmedia&parent=1873"}],"curies":[{"name":"wp","href":"https:\/\/api.w.org\/{rel}","templated":true}]}}