{"id":1881,"date":"2021-10-07T11:31:43","date_gmt":"2021-10-07T09:31:43","guid":{"rendered":"http:\/\/ws226.juntadeandalucia.es\/iadformaconti\/wordpress\/?page_id=1881"},"modified":"2021-10-07T12:37:47","modified_gmt":"2021-10-07T10:37:47","slug":"accesibilidad-universal-en-instalaciones-deportivas","status":"publish","type":"page","link":"https:\/\/ws226.juntadeandalucia.es\/iadformaconti\/wordpress\/?page_id=1881","title":{"rendered":"Accesibilidad universal en instalaciones deportivas"},"content":{"rendered":"\n\t<section class=\"section\" id=\"section_1555125824\">\n\t\t<div class=\"bg section-bg fill bg-fill  bg-loaded\" >\n\n\t\t\t\n\t\t\t\n\t\t\t\n\n\t\t<\/div><!-- .section-bg -->\n\n\t\t<div class=\"section-content relative\">\n\t\t\t\n\n<div class=\"row row-collapse row-full-width\"  id=\"row-410471333\">\n\n<div class=\"col small-12 large-12\"  ><div class=\"col-inner\"  >\n\n\n  <div class=\"banner has-hover\" id=\"banner-230154461\">\n          <div class=\"banner-inner fill\">\n        <div class=\"banner-bg fill\" >\n            <div class=\"bg fill bg-fill \"><\/div>\n                                    \n                    <\/div><!-- bg-layers -->\n        <div class=\"banner-layers container\">\n            <div class=\"fill banner-link\"><\/div>            \n\n   <div id=\"text-box-298270436\" class=\"text-box banner-layer x50 md-x50 lg-x10 y0 md-y5 lg-y5 res-text\">\n                                <div class=\"text \">\n              \n              <div class=\"text-inner text-left\">\n                  \n\n<h1 style=\"font-size: 45px; color: #005d89;\"><span style=\"font-size: 75%;\"><strong>Accesibilidad universal en instalaciones deportivas<\/strong><\/span><\/h1>\n<h4 style=\"color: #005d89;\">5 y 6 de noviembre, online<\/h4>\n\n              <\/div>\n           <\/div><!-- text-box-inner -->\n                            \n<style scope=\"scope\">\n\n#text-box-298270436 {\n  width: 96%;\n}\n#text-box-298270436 .text {\n  font-size: 100%;\n}\n\n\n@media (min-width:550px) {\n\n  #text-box-298270436 {\n    width: 77%;\n  }\n\n}\n\n\n@media (min-width:850px) {\n\n  #text-box-298270436 {\n    width: 42%;\n  }\n\n}\n<\/style>\n    <\/div><!-- text-box -->\n \n   <div id=\"text-box-324826245\" class=\"text-box banner-layer x50 md-x50 lg-x10 y95 md-y95 lg-y90 res-text\">\n                                <div class=\"text dark\">\n              \n              <div class=\"text-inner text-left\">\n                  \n\n<p class=\"p1\"><span class=\"s1\"><b>FECHA DE INSCRIPCI\u00d3N || <\/b>Hasta el 28 de octubre, inclusive<\/span><\/p>\n<p class=\"p1\"><span class=\"s1\"><b>N\u00ba PLAZAS || <\/b>500<\/span><\/p>\n<p class=\"p1\"><span class=\"s1\"><b>MODALIDAD || <\/b>Curso online | Gratuito <\/span><\/p>\n<p class=\"p1\"><span class=\"s1\"><b>N\u00ba HORAS || <\/b>10 horas<\/span><\/p>\n<p class=\"p1\"><span class=\"s1\"><b>DESTINATARIOS || <\/b>Gestores y t\u00e9cnicos de instalaciones deportivas, directivos y t\u00e9cnicos de federaciones y clubes deportivos, profesionales relacionados con la discapacidad y el deporte.<\/span><\/p>\n<a rel=\"noopener noreferrer\" href=\"https:\/\/ws226.juntadeandalucia.es\/iadformtools\/modules\/form_builder\/published\/202137_accesibilidad_universal_instalaciones_deportivas.php\" target=\"_blank\" class=\"button white lowercase\"  >\n    <span>INSCRIPCIONES<\/span>\n  <\/a>\n\n\n\n              <\/div>\n           <\/div><!-- text-box-inner -->\n                            \n<style scope=\"scope\">\n\n#text-box-324826245 .text {\n  background-color: rgb(0, 93, 137);\n  font-size: 100%;\n}\n#text-box-324826245 .text-inner {\n  padding: 10px 25px 10px 25px;\n}\n#text-box-324826245 {\n  width: 100%;\n}\n\n\n@media (min-width:550px) {\n\n  #text-box-324826245 {\n    width: 77%;\n  }\n\n}\n\n\n@media (min-width:850px) {\n\n  #text-box-324826245 {\n    width: 56%;\n  }\n\n}\n<\/style>\n    <\/div><!-- text-box -->\n \n\n        <\/div><!-- .banner-layers -->\n      <\/div><!-- .banner-inner -->\n\n            \n<style scope=\"scope\">\n\n#banner-230154461 {\n  padding-top: 499px;\n  background-color: rgb(255, 255, 255);\n}\n\n\n@media (min-width:550px) {\n\n  #banner-230154461 {\n    padding-top: 600px;\n  }\n\n}\n<\/style>\n  <\/div><!-- .banner -->\n\n\n\n<\/div><\/div>\n\n\n<style scope=\"scope\">\n\n<\/style>\n<\/div>\n\n\t\t<\/div><!-- .section-content -->\n\n\t\t\n<style scope=\"scope\">\n\n#section_1555125824 {\n  padding-top: 0px;\n  padding-bottom: 0px;\n}\n<\/style>\n\t<\/section>\n\t\n\t<section class=\"section\" id=\"section_201752341\">\n\t\t<div class=\"bg section-bg fill bg-fill  bg-loaded\" >\n\n\t\t\t\n\t\t\t\n\t\t\t\n\n\t\t<\/div><!-- .section-bg -->\n\n\t\t<div class=\"section-content relative\">\n\t\t\t\n\n\t<div id=\"gap-248960380\" class=\"gap-element clearfix\" style=\"display:block; height:auto;\">\n\t\t\n<style scope=\"scope\">\n\n#gap-248960380 {\n  padding-top: 40px;\n}\n<\/style>\n\t<\/div>\n\t\n\n<div class=\"row align-center\"  id=\"row-716730596\">\n\n<div class=\"col medium-4 small-10 large-4\"  ><div class=\"col-inner\"  >\n\n<h2 class=\"uppercase\"><span style=\"font-size: 150%; color:white\">Descripci\u00f3n del curso<\/span><\/h2>\n<div class=\"is-divider divider clearfix\" style=\"max-width:150px;background-color:rgb(255, 255, 255);\"><\/div><!-- .divider -->\n\n<a rel=\"noopener noreferrer\" href=\"https:\/\/www.juntadeandalucia.es\/sites\/default\/files\/2021-09\/202137_triptico_accesibilidad_universal_instalaciones_deportivas_web_corregido.pdf\" target=\"_blank\" class=\"button white is-large\"  >\n    <span>DESCARGAR PROGRAMA<\/span>\n  <i class=\"icon-angle-right\" ><\/i><\/a>\n\n\n\n<\/div><\/div>\n<div class=\"col medium-8 small-10 large-8\"  ><div class=\"col-inner\"  >\n\n<p style=\"color: white;\">La actual consideraci\u00f3n positiva de la accesibilidad universal recoge como un derecho b\u00e1sico el que de un colectivo amplio como es el representado por las personas con discapacidad, entre las que es debe incluir a las personas mayores por su predisposici\u00f3n a desarrollar diferentes discapacidades, pueda participar activa y plenamente en todos los \u00e1mbitos de la sociedad, entre los que&nbsp; se encuentra el acceso a las actividades y los servicios ofrecidos por todo tipo de organizaciones deportivas en sus instalaciones. Sin embargo, los datos que nos ofrecen los censos nacionales y auton\u00f3micos de instalaciones junto con estudios acad\u00e9micos sugieren que estamos todav\u00eda lejos de alcanzar la regulaci\u00f3n efectiva de este derecho en Espa\u00f1a. En este proceso no s\u00f3lo es crucial dise\u00f1ar y desarrollar proyectos arquitect\u00f3nicos accesibles para la pr\u00e1ctica y observaci\u00f3n de las amplias manifestaciones del fen\u00f3meno deportivo, sino que se deben conocer tambi\u00e9n todos los aspectos impl\u00edcitos en la gesti\u00f3n de la accesibilidad de cualquier instalaci\u00f3n.<\/p>\n<p style=\"color: white;\">Durante este curso se van a presentar diversas ponencias impartidas por arquitectos, acad\u00e9micos y gestores de centros deportivos y de turismo activo con experiencia en proyectos deportivos accesibles relevantes en cuanto a c\u00f3mo tratar y abordar el tratamiento integral en el dise\u00f1o y la gesti\u00f3n de la accesibilidad en instalaciones deportivas. Y no menos importante, nos permitir\u00e1 presentar experiencias de c\u00f3mo la accesibilidad universal debe ser valorada como parte de las estrategias corporativas de las organizaciones deportivas.<\/p>\n<p>&nbsp;<\/p>\n<p>&nbsp;<\/p>\n<p style=\"color: white;\">&nbsp;<\/p>\n<p style=\"color: white;\">&nbsp;<\/p>\n\n<\/div><\/div>\n\n\n<style scope=\"scope\">\n\n<\/style>\n<\/div>\n\n\t\t<\/div><!-- .section-content -->\n\n\t\t\n<style scope=\"scope\">\n\n#section_201752341 {\n  padding-top: 30px;\n  padding-bottom: 30px;\n  background-color: rgb(0, 93, 137);\n}\n<\/style>\n\t<\/section>\n\t\n\t<section class=\"section\" id=\"section_2137925360\">\n\t\t<div class=\"bg section-bg fill bg-fill  bg-loaded\" >\n\n\t\t\t\n\t\t\t\n\t\t\t\n\n\t\t<\/div><!-- .section-bg -->\n\n\t\t<div class=\"section-content relative\">\n\t\t\t\n\n<div class=\"row\"  id=\"row-957377498\">\n\n<div class=\"col small-12 large-12\"  ><div class=\"col-inner\"  >\n\n<h2 class=\"uppercase\"><span style=\"font-size: 150%; color: rgb(0, 93, 137);\">DIRECCI\u00d3N<\/span><\/h2>\n<div class=\"is-divider divider clearfix\" style=\"max-width:150px;background-color:rgb(0, 93, 137);\"><\/div><!-- .divider -->\n\n\n<\/div><\/div>\n\n<\/div>\n<div class=\"row row-large align-middle align-center\"  id=\"row-504023476\">\n\n<div class=\"col medium-5 small-12 large-6\"  ><div class=\"col-inner text-center\" style=\"margin:0px 0px 40px 0px;\" >\n\n<h2><span style=\"font-size: 150%; color: #005d89;\"> Juan Luis Paramio Salcines<\/span><\/h2>\n<h3 style=\"margin-bottom: 0px; color: #005d89;\">Doctor en Ciencias del Deporte por la Universidad de Loughborough (Reino Unido) y profesor titular de la Universidad Aut\u00f3noma de Madrid<\/h3>\n<p>&nbsp;<\/p>\n\t<div id=\"gap-1383444198\" class=\"gap-element clearfix\" style=\"display:block; height:auto;\">\n\t\t\n<style scope=\"scope\">\n\n#gap-1383444198 {\n  padding-top: 10px;\n}\n<\/style>\n\t<\/div>\n\t\n\n\n<\/div><\/div>\n<div class=\"col hide-for-medium medium-2 small-12 large-2\"  ><div class=\"col-inner\"  >\n\n\t<div id=\"gap-122692579\" class=\"gap-element clearfix\" style=\"display:block; height:auto;\">\n\t\t\n<style scope=\"scope\">\n\n#gap-122692579 {\n  padding-top: 30px;\n}\n<\/style>\n\t<\/div>\n\t\n\n\n<\/div><\/div>\n\n\n<style scope=\"scope\">\n\n<\/style>\n<\/div>\n\n\t\t<\/div><!-- .section-content -->\n\n\t\t\n<style scope=\"scope\">\n\n#section_2137925360 {\n  padding-top: 50px;\n  padding-bottom: 50px;\n}\n<\/style>\n\t<\/section>\n\t\n\t<section class=\"section\" id=\"section_1404575272\">\n\t\t<div class=\"bg section-bg fill bg-fill  bg-loaded\" >\n\n\t\t\t\n\t\t\t\n\t\t\t\n\n\t\t<\/div><!-- .section-bg -->\n\n\t\t<div class=\"section-content relative\">\n\t\t\t\n\n<div class=\"row\"  id=\"row-1053496125\">\n\n<div class=\"col small-12 large-12\"  ><div class=\"col-inner\"  >\n\n<h2 class=\"uppercase\"><span style=\"font-size: 150%; color: rgb(0, 93, 137); \">OBJETIVOS<\/span><\/h2>\n<div class=\"is-divider divider clearfix\" style=\"max-width:150px;background-color:rgb(0, 93, 137);\"><\/div><!-- .divider -->\n\n\n<\/div><\/div>\n\n<\/div>\n<div class=\"row align-center\"  id=\"row-2078142851\">\n\n<div class=\"col small-12 large-12\"  ><div class=\"col-inner\"  >\n\n<div class=\"row align-center\"  id=\"row-680730343\">\n\n<div class=\"col medium-6 small-10 large-6\"  ><div class=\"col-inner\" style=\"margin:0px 0px 0px -10px;\" >\n\n<h3><span style=\"font-size: 115%; color: #005d89;\">Legislaciones actuales<\/span><\/h3>\n<p style=\"color: #005d89;\">Conocer y comprender la evoluci\u00f3n y el estado actual de las principales legislaciones y normativas espec\u00edficas de accesibilidad universal para la planificaci\u00f3n y gesti\u00f3n de diferentes tipolog\u00edas de instalaciones deportivas a escala global y en Espa\u00f1a.<\/p>\n<h3><span style=\"font-size: 115%; color: #005d89;\">Ejemplos de buenas pr\u00e1cticas<\/span><\/h3>\n<p style=\"color: #005d89;\">Ofrecer ejemplos de buenas pr\u00e1cticas de complejos deportivos privados especializados en deporte y ocio adaptado en Espa\u00f1a, con sus efectos positivos para los usuarios y las organizaciones que los gestionan, y que sus experiencias puedan ser transferidas a organizaciones que gestionan servicios e instalaciones deportivas para personas con diferentes discapacidades y personas mayores.<\/p>\n<p style=\"color: #005d89;\">&nbsp;<\/p>\n\n<\/div><\/div>\n<div class=\"col medium-6 small-11 large-6\"  ><div class=\"col-inner\" style=\"margin:0px 0px 0px 10px;\" >\n\n<h3><span style=\"font-size: 115%; color: #005d89;\">Secuencia global de la accesibilidad universal en instalaciones deportivas<\/span><\/h3>\n<p style=\"color: #005d89;\">Conocer y comprender c\u00f3mo abordar de forma global la denominada \u00abSecuencia global de la accesibilidad universal en instalaciones deportivas\u00bb y su influencia en el proceso de dise\u00f1o, planificaci\u00f3n y gesti\u00f3n de la accesibilidad universal en instalaciones deportivas y eventos asociados, con el fin de atender las demandas de diferentes usuarios.<\/p>\n<h3><span style=\"font-size: 115%; color: #005d89;\">Estado de la accesibilidad universal<\/span><\/h3>\n<p style=\"color: #005d89;\">Conocer el estado actual de la accesibilidad universal en la oferta de instalaciones deportivas en Espa\u00f1a.<\/p>\n\n<\/div><\/div>\n\n\n<style scope=\"scope\">\n\n<\/style>\n<\/div>\n\n<\/div><\/div>\n\n\n<style scope=\"scope\">\n\n<\/style>\n<\/div>\n\n\t\t<\/div><!-- .section-content -->\n\n\t\t\n<style scope=\"scope\">\n\n#section_1404575272 {\n  padding-top: 30px;\n  padding-bottom: 30px;\n}\n<\/style>\n\t<\/section>\n\t\n\n","protected":false},"excerpt":{"rendered":"","protected":false},"author":4,"featured_media":0,"parent":67,"menu_order":0,"comment_status":"closed","ping_status":"closed","template":"page-blank.php","meta":{"footnotes":""},"class_list":["post-1881","page","type-page","status-publish","hentry"],"_links":{"self":[{"href":"https:\/\/ws226.juntadeandalucia.es\/iadformaconti\/wordpress\/index.php?rest_route=\/wp\/v2\/pages\/1881","targetHints":{"allow":["GET"]}}],"collection":[{"href":"https:\/\/ws226.juntadeandalucia.es\/iadformaconti\/wordpress\/index.php?rest_route=\/wp\/v2\/pages"}],"about":[{"href":"https:\/\/ws226.juntadeandalucia.es\/iadformaconti\/wordpress\/index.php?rest_route=\/wp\/v2\/types\/page"}],"author":[{"embeddable":true,"href":"https:\/\/ws226.juntadeandalucia.es\/iadformaconti\/wordpress\/index.php?rest_route=\/wp\/v2\/users\/4"}],"replies":[{"embeddable":true,"href":"https:\/\/ws226.juntadeandalucia.es\/iadformaconti\/wordpress\/index.php?rest_route=%2Fwp%2Fv2%2Fcomments&post=1881"}],"version-history":[{"count":13,"href":"https:\/\/ws226.juntadeandalucia.es\/iadformaconti\/wordpress\/index.php?rest_route=\/wp\/v2\/pages\/1881\/revisions"}],"predecessor-version":[{"id":1896,"href":"https:\/\/ws226.juntadeandalucia.es\/iadformaconti\/wordpress\/index.php?rest_route=\/wp\/v2\/pages\/1881\/revisions\/1896"}],"up":[{"embeddable":true,"href":"https:\/\/ws226.juntadeandalucia.es\/iadformaconti\/wordpress\/index.php?rest_route=\/wp\/v2\/pages\/67"}],"wp:attachment":[{"href":"https:\/\/ws226.juntadeandalucia.es\/iadformaconti\/wordpress\/index.php?rest_route=%2Fwp%2Fv2%2Fmedia&parent=1881"}],"curies":[{"name":"wp","href":"https:\/\/api.w.org\/{rel}","templated":true}]}}