{"id":2309,"date":"2022-05-03T13:54:18","date_gmt":"2022-05-03T11:54:18","guid":{"rendered":"http:\/\/ws226.juntadeandalucia.es\/iadformaconti\/wordpress\/?page_id=2309"},"modified":"2022-05-30T12:51:16","modified_gmt":"2022-05-30T10:51:16","slug":"curso-avanzado-iad-de-gestion-ejecutiva-del-deporte","status":"publish","type":"page","link":"https:\/\/ws226.juntadeandalucia.es\/iadformaconti\/wordpress\/?page_id=2309","title":{"rendered":"Curso avanzado IAD de gesti\u00f3n ejecutiva del deporte"},"content":{"rendered":"\n\t<section class=\"section\" id=\"section_1159156746\">\n\t\t<div class=\"bg section-bg fill bg-fill  bg-loaded\" >\n\n\t\t\t\n\t\t\t\n\t\t\t\n\n\t\t<\/div><!-- .section-bg -->\n\n\t\t<div class=\"section-content relative\">\n\t\t\t\n\n<div class=\"row row-collapse row-full-width\"  id=\"row-412727024\">\n\n<div class=\"col small-12 large-12\"  ><div class=\"col-inner\"  >\n\n\n  <div class=\"banner has-hover\" id=\"banner-707466204\">\n          <div class=\"banner-inner fill\">\n        <div class=\"banner-bg fill\" >\n            <div class=\"bg fill bg-fill \"><\/div>\n                                    \n                    <\/div><!-- bg-layers -->\n        <div class=\"banner-layers container\">\n            <div class=\"fill banner-link\"><\/div>            \n\n   <div id=\"text-box-1076019232\" class=\"text-box banner-layer x50 md-x50 lg-x10 y0 md-y0 lg-y0 res-text\">\n                                <div class=\"text \">\n              \n              <div class=\"text-inner text-left\">\n                  \n\n<h1 style=\"color: #007d32; font-size: 45px;\"><strong>Curso avanzado IAD de gesti\u00f3n ejecutiva del deporte<\/strong><\/h1>\n<h4 style=\"color: #007d32;\">Del 29 de junio de 2022 al 31 de mayo de 2023, online<\/h4>\n\n              <\/div>\n           <\/div><!-- text-box-inner -->\n                            \n<style scope=\"scope\">\n\n#text-box-1076019232 {\n  width: 91%;\n}\n#text-box-1076019232 .text {\n  font-size: 100%;\n}\n\n\n@media (min-width:550px) {\n\n  #text-box-1076019232 {\n    width: 77%;\n  }\n\n}\n\n\n@media (min-width:850px) {\n\n  #text-box-1076019232 {\n    width: 59%;\n  }\n\n}\n<\/style>\n    <\/div><!-- text-box -->\n \n   <div id=\"text-box-468415214\" class=\"text-box banner-layer x50 md-x10 lg-x10 y100 md-y95 lg-y95 res-text\">\n                                <div class=\"text dark\">\n              \n              <div class=\"text-inner text-left\">\n                  \n\n<p class=\"p1\"><span class=\"s1\"><b>FECHA DE INSCRIPCI\u00d3N || <\/b>Hasta el 5 de junio, inclusive<\/span><\/p>\n<p class=\"p1\"><span class=\"s1\"><b>N\u00ba PLAZAS || <\/b>120<\/span><\/p>\n<p class=\"p1\"><span class=\"s1\"><b>MODALIDAD || <\/b>Taller online | 160\u20ac<\/span><\/p>\n<p class=\"p1\"><span class=\"s1\"><b>N\u00ba HORAS || <\/b>320 horas<\/span><\/p>\n<p class=\"p1\"><span class=\"s1\"><b>DESTINATARIOS || <\/b>Directivos y profesionales con responsabilidades organizativas. Graduados en Ciencias de la Actividad F\u00edsica y del Deporte. T\u00e9cnicos deportivos que aspiren a ocupar puestos directivos en entidades y empresas relacionadas con el deporte.<\/span><\/p>\n<a rel=\"noopener noreferrer\" href=\"https:\/\/ws226.juntadeandalucia.es\/iadformtools\/modules\/form_builder\/published\/202215_curso_avanzado_gestion_ejecutiva_deporte.php\" target=\"_blank\" class=\"button white is-large lowercase\"  >\n    <span>Inscripciones<\/span>\n  <\/a>\n\n\n\n              <\/div>\n           <\/div><!-- text-box-inner -->\n                            \n<style scope=\"scope\">\n\n#text-box-468415214 .text {\n  background-color: rgb(63, 128, 59);\n  font-size: 100%;\n}\n#text-box-468415214 .text-inner {\n  padding: 10px 25px 10px 25px;\n}\n#text-box-468415214 {\n  width: 100%;\n}\n\n\n@media (min-width:550px) {\n\n  #text-box-468415214 {\n    width: 68%;\n  }\n\n}\n\n\n@media (min-width:850px) {\n\n  #text-box-468415214 {\n    width: 54%;\n  }\n\n}\n<\/style>\n    <\/div><!-- text-box -->\n \n\n        <\/div><!-- .banner-layers -->\n      <\/div><!-- .banner-inner -->\n\n            \n<style scope=\"scope\">\n\n#banner-707466204 {\n  padding-top: 550px;\n  background-color: rgb(255, 255, 255);\n}\n#banner-707466204 .bg.bg-loaded {\n  background-image: url(https:\/\/ws226.juntadeandalucia.es\/iadformaconti\/wordpress\/wp-content\/uploads\/2022\/02\/fondo_iad22_area1-scaled.jpg);\n}\n#banner-707466204 .bg {\n  background-position: 50% 50%;\n}\n\n\n@media (min-width:550px) {\n\n  #banner-707466204 {\n    padding-top: 600px;\n  }\n\n}\n<\/style>\n  <\/div><!-- .banner -->\n\n\n\n<\/div><\/div>\n\n\n<style scope=\"scope\">\n\n<\/style>\n<\/div>\n\n\t\t<\/div><!-- .section-content -->\n\n\t\t\n<style scope=\"scope\">\n\n#section_1159156746 {\n  padding-top: 0px;\n  padding-bottom: 0px;\n}\n<\/style>\n\t<\/section>\n\t\n\t<section class=\"section\" id=\"section_1380075172\">\n\t\t<div class=\"bg section-bg fill bg-fill  bg-loaded\" >\n\n\t\t\t\n\t\t\t\n\t\t\t\n\n\t\t<\/div><!-- .section-bg -->\n\n\t\t<div class=\"section-content relative\">\n\t\t\t\n\n\t<div id=\"gap-594380628\" class=\"gap-element clearfix\" style=\"display:block; height:auto;\">\n\t\t\n<style scope=\"scope\">\n\n#gap-594380628 {\n  padding-top: 40px;\n}\n<\/style>\n\t<\/div>\n\t\n\n<div class=\"row align-center\"  id=\"row-1734180539\">\n\n<div class=\"col medium-4 small-10 large-4\"  ><div class=\"col-inner\"  >\n\n<h2 class=\"uppercase\"><span style=\"font-size: 150%; color:white\">Descripci\u00f3n del curso<\/span><\/h2>\n<div class=\"is-divider divider clearfix\" style=\"max-width:150px;background-color:rgb(255, 255, 255);\"><\/div><!-- .divider -->\n\n<a rel=\"noopener noreferrer\" href=\"https:\/\/ws226.juntadeandalucia.es\/iadweb\/formacioncontinua\/iad_202215_html-5\" target=\"_blank\" class=\"button white is-link is-large\"  >\n    <span>Descargar programa<\/span>\n  <i class=\"icon-angle-right\" ><\/i><\/a>\n\n\n\n<\/div><\/div>\n<div class=\"col medium-8 small-10 large-8\"  ><div class=\"col-inner\"  >\n\n<p style=\"color: white;\">Este curso pretende dotar a los participantes de los conocimientos b\u00e1sicos actualizados, as\u00ed como de las herramientas imprescindibles para mejorar su efectividad como ejecutivos\/as de la industria del deporte. Su metodolog\u00eda es online as\u00edncrona, a trav\u00e9s de un aula virtual, lo que permite al alumnado, dentro del calendario previsto, establecer el ritmo y los tiempos de trabajo que mejor se adapten a sus circunstancias personales. <\/p>\n<p style=\"color: white;\">El planteamiento did\u00e1ctico del curso se basa en un conjunto de actividades de ense\u00f1anza y aprendizaje que se implementan en el aula virtual, y que combinan el trabajo tanto a nivel individual como en grupo. Los participantes tienen acceso a recursos digitales multiformato, que incluyen ponencias, v\u00eddeos, notas t\u00e9cnicas y art\u00edculos digitales accesibles online en abierto. Se combina el aprendizaje de los contenidos con la pr\u00e1ctica de su an\u00e1lisis cr\u00edtico y su aplicaci\u00f3n, basados ambos en el estudio de casos. Se fomenta la intervenci\u00f3n activa de los participantes mediante los debates en los grupos de trabajo, y se rwaliza un seguimiento de su progreso a trav\u00e9s de tutor\u00edas y del an\u00e1lisis de los metadatos que genera la plataforma del aula virtual. Estos incluyen los resultados de los ejercicios de autoevaluaci\u00f3n, con los que los participantes pueden comprobar sus progreso en la adquisici\u00f3n de conocimientos. <\/p>\n\n<\/div><\/div>\n\n\n<style scope=\"scope\">\n\n<\/style>\n<\/div>\n\n\t\t<\/div><!-- .section-content -->\n\n\t\t\n<style scope=\"scope\">\n\n#section_1380075172 {\n  padding-top: 30px;\n  padding-bottom: 30px;\n  background-color: rgb(63, 128, 59);\n}\n<\/style>\n\t<\/section>\n\t\n\n","protected":false},"excerpt":{"rendered":"","protected":false},"author":4,"featured_media":0,"parent":55,"menu_order":0,"comment_status":"closed","ping_status":"closed","template":"page-blank.php","meta":{"footnotes":""},"class_list":["post-2309","page","type-page","status-publish","hentry"],"_links":{"self":[{"href":"https:\/\/ws226.juntadeandalucia.es\/iadformaconti\/wordpress\/index.php?rest_route=\/wp\/v2\/pages\/2309","targetHints":{"allow":["GET"]}}],"collection":[{"href":"https:\/\/ws226.juntadeandalucia.es\/iadformaconti\/wordpress\/index.php?rest_route=\/wp\/v2\/pages"}],"about":[{"href":"https:\/\/ws226.juntadeandalucia.es\/iadformaconti\/wordpress\/index.php?rest_route=\/wp\/v2\/types\/page"}],"author":[{"embeddable":true,"href":"https:\/\/ws226.juntadeandalucia.es\/iadformaconti\/wordpress\/index.php?rest_route=\/wp\/v2\/users\/4"}],"replies":[{"embeddable":true,"href":"https:\/\/ws226.juntadeandalucia.es\/iadformaconti\/wordpress\/index.php?rest_route=%2Fwp%2Fv2%2Fcomments&post=2309"}],"version-history":[{"count":4,"href":"https:\/\/ws226.juntadeandalucia.es\/iadformaconti\/wordpress\/index.php?rest_route=\/wp\/v2\/pages\/2309\/revisions"}],"predecessor-version":[{"id":2315,"href":"https:\/\/ws226.juntadeandalucia.es\/iadformaconti\/wordpress\/index.php?rest_route=\/wp\/v2\/pages\/2309\/revisions\/2315"}],"up":[{"embeddable":true,"href":"https:\/\/ws226.juntadeandalucia.es\/iadformaconti\/wordpress\/index.php?rest_route=\/wp\/v2\/pages\/55"}],"wp:attachment":[{"href":"https:\/\/ws226.juntadeandalucia.es\/iadformaconti\/wordpress\/index.php?rest_route=%2Fwp%2Fv2%2Fmedia&parent=2309"}],"curies":[{"name":"wp","href":"https:\/\/api.w.org\/{rel}","templated":true}]}}