{"id":2365,"date":"2022-05-26T12:56:12","date_gmt":"2022-05-26T10:56:12","guid":{"rendered":"http:\/\/ws226.juntadeandalucia.es\/iadformaconti\/wordpress\/?page_id=2365"},"modified":"2022-05-30T12:51:00","modified_gmt":"2022-05-30T10:51:00","slug":"politicas-publicas-de-deporte-educacion-y-salud","status":"publish","type":"page","link":"https:\/\/ws226.juntadeandalucia.es\/iadformaconti\/wordpress\/?page_id=2365","title":{"rendered":"Pol\u00edticas p\u00fablicas de deporte, educaci\u00f3n y salud"},"content":{"rendered":"\n\t<section class=\"section\" id=\"section_1960682439\">\n\t\t<div class=\"bg section-bg fill bg-fill  bg-loaded\" >\n\n\t\t\t\n\t\t\t\n\t\t\t\n\n\t\t<\/div><!-- .section-bg -->\n\n\t\t<div class=\"section-content relative\">\n\t\t\t\n\n<div class=\"row row-collapse row-full-width\"  id=\"row-829597385\">\n\n<div class=\"col small-12 large-12\"  ><div class=\"col-inner\"  >\n\n\n  <div class=\"banner has-hover\" id=\"banner-977308831\">\n          <div class=\"banner-inner fill\">\n        <div class=\"banner-bg fill\" >\n            <div class=\"bg fill bg-fill \"><\/div>\n                                    \n                    <\/div><!-- bg-layers -->\n        <div class=\"banner-layers container\">\n            <div class=\"fill banner-link\"><\/div>            \n\n   <div id=\"text-box-577423836\" class=\"text-box banner-layer x50 md-x50 lg-x10 y0 md-y0 lg-y0 res-text\">\n                                <div class=\"text \">\n              \n              <div class=\"text-inner text-left\">\n                  \n\n<h1 style=\"color: #007d32; font-size: 31px;\"><strong>Pol\u00edticas p\u00fablicas de deporte, educaci\u00f3n y salud<\/strong><\/h1>\n<h4 style=\"color: #007d32;\">28 de junio, online<\/h4>\n\n              <\/div>\n           <\/div><!-- text-box-inner -->\n                            \n<style scope=\"scope\">\n\n#text-box-577423836 {\n  width: 91%;\n}\n#text-box-577423836 .text {\n  font-size: 100%;\n}\n\n\n@media (min-width:550px) {\n\n  #text-box-577423836 {\n    width: 77%;\n  }\n\n}\n\n\n@media (min-width:850px) {\n\n  #text-box-577423836 {\n    width: 59%;\n  }\n\n}\n<\/style>\n    <\/div><!-- text-box -->\n \n   <div id=\"text-box-1683914124\" class=\"text-box banner-layer x50 md-x10 lg-x10 y90 md-y95 lg-y95 res-text\">\n                                <div class=\"text dark\">\n              \n              <div class=\"text-inner text-left\">\n                  \n\n<p class=\"p1\"><span class=\"s1\"><b>FECHA DE INSCRIPCI\u00d3N || <\/b>Hasta el 19 de junio, inclusive<\/span><\/p>\n<p class=\"p1\"><span class=\"s1\"><b>N\u00ba PLAZAS || <\/b>500<\/span><\/p>\n<p class=\"p1\"><span class=\"s1\"><b>MODALIDAD || <\/b>Taller online | Gratuito<\/span><\/p>\n<p class=\"p1\"><span class=\"s1\"><b>N\u00ba HORAS || <\/b>10 horas<\/span><\/p>\n<p class=\"p1\"><span class=\"s1\"><b>DESTINATARIOS || <\/b>Personal directivo y t\u00e9cnico del \u00e1mbito p\u00fablico del deporte. <\/span><\/p>\n<p>&nbsp;<\/p>\n<p class=\"p1\">&nbsp;<\/p>\n<a rel=\"noopener noreferrer\" href=\"https:\/\/ws226.juntadeandalucia.es\/iadformtools\/modules\/form_builder\/published\/202229_politicas_publicas_dxt_edu_salud.php\" target=\"_blank\" class=\"button white is-large lowercase\"  >\n    <span>Inscripciones<\/span>\n  <\/a>\n\n\n\n              <\/div>\n           <\/div><!-- text-box-inner -->\n                            \n<style scope=\"scope\">\n\n#text-box-1683914124 .text {\n  background-color: rgb(63, 128, 59);\n  font-size: 100%;\n}\n#text-box-1683914124 .text-inner {\n  padding: 10px 25px 10px 25px;\n}\n#text-box-1683914124 {\n  width: 100%;\n}\n\n\n@media (min-width:550px) {\n\n  #text-box-1683914124 {\n    width: 68%;\n  }\n\n}\n\n\n@media (min-width:850px) {\n\n  #text-box-1683914124 {\n    width: 54%;\n  }\n\n}\n<\/style>\n    <\/div><!-- text-box -->\n \n\n        <\/div><!-- .banner-layers -->\n      <\/div><!-- .banner-inner -->\n\n            \n<style scope=\"scope\">\n\n#banner-977308831 {\n  padding-top: 550px;\n  background-color: rgb(255, 255, 255);\n}\n#banner-977308831 .bg.bg-loaded {\n  background-image: url(https:\/\/ws226.juntadeandalucia.es\/iadformaconti\/wordpress\/wp-content\/uploads\/2022\/02\/fondo_iad22_area1-scaled.jpg);\n}\n#banner-977308831 .bg {\n  background-position: 50% 50%;\n}\n\n\n@media (min-width:550px) {\n\n  #banner-977308831 {\n    padding-top: 600px;\n  }\n\n}\n<\/style>\n  <\/div><!-- .banner -->\n\n\n\n<\/div><\/div>\n\n\n<style scope=\"scope\">\n\n<\/style>\n<\/div>\n\n\t\t<\/div><!-- .section-content -->\n\n\t\t\n<style scope=\"scope\">\n\n#section_1960682439 {\n  padding-top: 0px;\n  padding-bottom: 0px;\n}\n<\/style>\n\t<\/section>\n\t\n\t<section class=\"section\" id=\"section_2060796788\">\n\t\t<div class=\"bg section-bg fill bg-fill  bg-loaded\" >\n\n\t\t\t\n\t\t\t\n\t\t\t\n\n\t\t<\/div><!-- .section-bg -->\n\n\t\t<div class=\"section-content relative\">\n\t\t\t\n\n\t<div id=\"gap-1594069406\" class=\"gap-element clearfix\" style=\"display:block; height:auto;\">\n\t\t\n<style scope=\"scope\">\n\n#gap-1594069406 {\n  padding-top: 40px;\n}\n<\/style>\n\t<\/div>\n\t\n\n<div class=\"row align-center\"  id=\"row-55445477\">\n\n<div class=\"col medium-4 small-10 large-4\"  ><div class=\"col-inner\"  >\n\n<h2 class=\"uppercase\"><span style=\"font-size: 150%; color:white\">Descripci\u00f3n del curso<\/span><\/h2>\n<div class=\"is-divider divider clearfix\" style=\"max-width:150px;background-color:rgb(255, 255, 255);\"><\/div><!-- .divider -->\n\n<a rel=\"noopener noreferrer\" href=\"https:\/\/ws226.juntadeandalucia.es\/iadweb\/formacioncontinua\/iad_202229_html5\" target=\"_blank\" class=\"button white is-link is-large\"  >\n    <span>Descargar programa<\/span>\n  <i class=\"icon-angle-right\" ><\/i><\/a>\n\n\n\n<\/div><\/div>\n<div class=\"col medium-8 small-10 large-8\"  ><div class=\"col-inner\"  >\n\n<p style=\"color: white;\">Seg\u00fan el Consejo de Europa, el deporte y la actividad f\u00edsica son algo m\u00e1s que una actividad de ocio para las personas. Por los beneficios que reportan estas actividades, su promoci\u00f3n entre todos los ciudadanos reviste inter\u00e9s p\u00fablico.<\/p>\n<p style=\"color: white;\">La nueva Carta Europea del Deporte sigue esta l\u00ednea y despu\u00e9s de dos d\u00e9cadas ha sido ligeramente revisada con el objetivo de promover y facilitar que los ciudadanos aprovechen los beneficios relacionados no s\u00f3lo con la salud (mejora de la calidad de vida, reducci\u00f3n del gasto sanitario, etc.), sino que tambi\u00e9n se centra en otros elementos como la educaci\u00f3n. La Comisi\u00f3n Europea, en su Comunicaci\u00f3n sobre el desarrollo de la dimensi\u00f3n europea del deporte, destaca la necesidad de una interacci\u00f3n m\u00e1s amplia entre el deporte y la educaci\u00f3n.<\/p>\n<p style=\"color: white;\">Otra cuesti\u00f3n a resaltar es la importancia que se le otorga a trav\u00e9s de diversas directrices europeas a la cooperaci\u00f3n intersectorial, que puede aumentar significativamente los beneficios que el deporte y la actividad f\u00edsica son capaces de generar en otros \u00e1mbitos de actuaci\u00f3n.<\/p>\n<p style=\"color: white;\">Sin duda, la construcci\u00f3n de un nuevo concepto de deporte debe sostenerse sobre elementos relacionados con la salud y educaci\u00f3n, que incluya adem\u00e1s estrategias de cooperaci\u00f3n entre los diferentes sectores deportivos, englobando tanto a entidades p\u00fablicas como privadas. Por ello, la Asociaci\u00f3n Andaluza de Gesti\u00f3n del Deporte (AGESPORT) ha querido plantear este curso, en cuya coordinaci\u00f3n colabora el Instituto Mixto Universitario Deporte y Salud (iMUDS), a trav\u00e9s del cual se debatir\u00e1 sobre la f\u00f3rmula \u201cDeporte-Salud-Educaci\u00f3n\u201d y se conocer\u00e1n diversos enfoques e iniciativas que se est\u00e1n desarrollando al respecto.<\/p>\n\n<\/div><\/div>\n\n\n<style scope=\"scope\">\n\n<\/style>\n<\/div>\n\n\t\t<\/div><!-- .section-content -->\n\n\t\t\n<style scope=\"scope\">\n\n#section_2060796788 {\n  padding-top: 30px;\n  padding-bottom: 30px;\n  background-color: rgb(63, 128, 59);\n}\n<\/style>\n\t<\/section>\n\t\n\n","protected":false},"excerpt":{"rendered":"","protected":false},"author":4,"featured_media":0,"parent":55,"menu_order":0,"comment_status":"closed","ping_status":"closed","template":"page-blank.php","meta":{"footnotes":""},"class_list":["post-2365","page","type-page","status-publish","hentry"],"_links":{"self":[{"href":"https:\/\/ws226.juntadeandalucia.es\/iadformaconti\/wordpress\/index.php?rest_route=\/wp\/v2\/pages\/2365","targetHints":{"allow":["GET"]}}],"collection":[{"href":"https:\/\/ws226.juntadeandalucia.es\/iadformaconti\/wordpress\/index.php?rest_route=\/wp\/v2\/pages"}],"about":[{"href":"https:\/\/ws226.juntadeandalucia.es\/iadformaconti\/wordpress\/index.php?rest_route=\/wp\/v2\/types\/page"}],"author":[{"embeddable":true,"href":"https:\/\/ws226.juntadeandalucia.es\/iadformaconti\/wordpress\/index.php?rest_route=\/wp\/v2\/users\/4"}],"replies":[{"embeddable":true,"href":"https:\/\/ws226.juntadeandalucia.es\/iadformaconti\/wordpress\/index.php?rest_route=%2Fwp%2Fv2%2Fcomments&post=2365"}],"version-history":[{"count":3,"href":"https:\/\/ws226.juntadeandalucia.es\/iadformaconti\/wordpress\/index.php?rest_route=\/wp\/v2\/pages\/2365\/revisions"}],"predecessor-version":[{"id":2372,"href":"https:\/\/ws226.juntadeandalucia.es\/iadformaconti\/wordpress\/index.php?rest_route=\/wp\/v2\/pages\/2365\/revisions\/2372"}],"up":[{"embeddable":true,"href":"https:\/\/ws226.juntadeandalucia.es\/iadformaconti\/wordpress\/index.php?rest_route=\/wp\/v2\/pages\/55"}],"wp:attachment":[{"href":"https:\/\/ws226.juntadeandalucia.es\/iadformaconti\/wordpress\/index.php?rest_route=%2Fwp%2Fv2%2Fmedia&parent=2365"}],"curies":[{"name":"wp","href":"https:\/\/api.w.org\/{rel}","templated":true}]}}