{"id":2409,"date":"2022-08-08T12:54:56","date_gmt":"2022-08-08T10:54:56","guid":{"rendered":"http:\/\/ws226.juntadeandalucia.es\/iadformaconti\/wordpress\/?page_id=2409"},"modified":"2022-08-08T12:55:04","modified_gmt":"2022-08-08T10:55:04","slug":"gestion-deportiva-municipal","status":"publish","type":"page","link":"https:\/\/ws226.juntadeandalucia.es\/iadformaconti\/wordpress\/?page_id=2409","title":{"rendered":"Gesti\u00f3n deportiva municipal"},"content":{"rendered":"\n\t<section class=\"section\" id=\"section_1843283666\">\n\t\t<div class=\"bg section-bg fill bg-fill  bg-loaded\" >\n\n\t\t\t\n\t\t\t\n\t\t\t\n\n\t\t<\/div><!-- .section-bg -->\n\n\t\t<div class=\"section-content relative\">\n\t\t\t\n\n<div class=\"row row-collapse row-full-width\"  id=\"row-380877789\">\n\n<div class=\"col small-12 large-12\"  ><div class=\"col-inner\"  >\n\n\n  <div class=\"banner has-hover\" id=\"banner-1159727281\">\n          <div class=\"banner-inner fill\">\n        <div class=\"banner-bg fill\" >\n            <div class=\"bg fill bg-fill \"><\/div>\n                                    \n                    <\/div><!-- bg-layers -->\n        <div class=\"banner-layers container\">\n            <div class=\"fill banner-link\"><\/div>            \n\n   <div id=\"text-box-1929055575\" class=\"text-box banner-layer x50 md-x50 lg-x10 y0 md-y0 lg-y0 res-text\">\n                                <div class=\"text \">\n              \n              <div class=\"text-inner text-left\">\n                  \n\n<h1 style=\"color: #007d32; font-size: 45px;\"><strong>Gesti\u00f3n deportiva municipal<\/strong><\/h1>\n<h4 style=\"color: #007d32;\">Del 3 de octubre al 4 de noviembre, online<\/h4>\n\n              <\/div>\n           <\/div><!-- text-box-inner -->\n                            \n<style scope=\"scope\">\n\n#text-box-1929055575 {\n  width: 91%;\n}\n#text-box-1929055575 .text {\n  font-size: 100%;\n}\n\n\n@media (min-width:550px) {\n\n  #text-box-1929055575 {\n    width: 77%;\n  }\n\n}\n\n\n@media (min-width:850px) {\n\n  #text-box-1929055575 {\n    width: 59%;\n  }\n\n}\n<\/style>\n    <\/div><!-- text-box -->\n \n   <div id=\"text-box-1918859250\" class=\"text-box banner-layer x50 md-x10 lg-x10 y90 md-y95 lg-y95 res-text\">\n                                <div class=\"text dark\">\n              \n              <div class=\"text-inner text-left\">\n                  \n\n<p class=\"p1\"><span class=\"s1\"><b>FECHA DE INSCRIPCI\u00d3N || <\/b>Hasta el 28 de agosto, inclusive<\/span><\/p>\n<p class=\"p1\"><span class=\"s1\"><b>N\u00ba PLAZAS || <\/b>200<\/span><\/p>\n<p class=\"p1\"><span class=\"s1\"><b>MODALIDAD || <\/b>Taller online | Gratuito<\/span><\/p>\n<p class=\"p1\"><span class=\"s1\"><b>N\u00ba HORAS || <\/b>40 horas<\/span><\/p>\n<p class=\"p1\"><span class=\"s1\"><b>DESTINATARIOS || <\/b>Personal directivo y t\u00e9cnico del \u00e1mbito p\u00fablico del deporte<\/span><\/p>\n<p>&nbsp;<\/p>\n<p class=\"p1\">&nbsp;<\/p>\n<a rel=\"noopener noreferrer\" href=\"https:\/\/ws226.juntadeandalucia.es\/iadformtools\/modules\/form_builder\/published\/202232_gestion_deportiva_municipal.php\" target=\"_blank\" class=\"button white is-large lowercase\"  >\n    <span>Inscripciones<\/span>\n  <\/a>\n\n\n\n              <\/div>\n           <\/div><!-- text-box-inner -->\n                            \n<style scope=\"scope\">\n\n#text-box-1918859250 .text {\n  background-color: rgb(63, 128, 59);\n  font-size: 100%;\n}\n#text-box-1918859250 .text-inner {\n  padding: 10px 25px 10px 25px;\n}\n#text-box-1918859250 {\n  width: 100%;\n}\n\n\n@media (min-width:550px) {\n\n  #text-box-1918859250 {\n    width: 68%;\n  }\n\n}\n\n\n@media (min-width:850px) {\n\n  #text-box-1918859250 {\n    width: 54%;\n  }\n\n}\n<\/style>\n    <\/div><!-- text-box -->\n \n\n        <\/div><!-- .banner-layers -->\n      <\/div><!-- .banner-inner -->\n\n            \n<style scope=\"scope\">\n\n#banner-1159727281 {\n  padding-top: 550px;\n  background-color: rgb(255, 255, 255);\n}\n#banner-1159727281 .bg.bg-loaded {\n  background-image: url(https:\/\/ws226.juntadeandalucia.es\/iadformaconti\/wordpress\/wp-content\/uploads\/2022\/02\/fondo_iad22_area1-scaled.jpg);\n}\n#banner-1159727281 .bg {\n  background-position: 50% 50%;\n}\n\n\n@media (min-width:550px) {\n\n  #banner-1159727281 {\n    padding-top: 600px;\n  }\n\n}\n<\/style>\n  <\/div><!-- .banner -->\n\n\n\n<\/div><\/div>\n\n\n<style scope=\"scope\">\n\n<\/style>\n<\/div>\n\n\t\t<\/div><!-- .section-content -->\n\n\t\t\n<style scope=\"scope\">\n\n#section_1843283666 {\n  padding-top: 0px;\n  padding-bottom: 0px;\n}\n<\/style>\n\t<\/section>\n\t\n\t<section class=\"section\" id=\"section_1637670471\">\n\t\t<div class=\"bg section-bg fill bg-fill  bg-loaded\" >\n\n\t\t\t\n\t\t\t\n\t\t\t\n\n\t\t<\/div><!-- .section-bg -->\n\n\t\t<div class=\"section-content relative\">\n\t\t\t\n\n\t<div id=\"gap-1827291740\" class=\"gap-element clearfix\" style=\"display:block; height:auto;\">\n\t\t\n<style scope=\"scope\">\n\n#gap-1827291740 {\n  padding-top: 40px;\n}\n<\/style>\n\t<\/div>\n\t\n\n<div class=\"row align-center\"  id=\"row-1463335900\">\n\n<div class=\"col medium-4 small-10 large-4\"  ><div class=\"col-inner\"  >\n\n<h2 class=\"uppercase\"><span style=\"font-size: 150%; color:white\">Descripci\u00f3n del curso<\/span><\/h2>\n<div class=\"is-divider divider clearfix\" style=\"max-width:150px;background-color:rgb(255, 255, 255);\"><\/div><!-- .divider -->\n\n<a rel=\"noopener noreferrer\" href=\"https:\/\/ws226.juntadeandalucia.es\/iadweb\/formacioncontinua\/iad_202232_html-5\" target=\"_blank\" class=\"button white is-link is-large\"  >\n    <span>Descargar programa<\/span>\n  <i class=\"icon-angle-right\" ><\/i><\/a>\n\n\n\n<\/div><\/div>\n<div class=\"col medium-8 small-10 large-8\"  ><div class=\"col-inner\"  >\n\n<p style=\"color: white;\">El deporte local es la principal estructura de soporte de cualquier sistema deportivo nacional. Sobre \u00e9l recaen una buena parte de las pol\u00edticas p\u00fablicas, especialmente aquellas que tienen que ver con la universalizaci\u00f3n de la pr\u00e1ctica deportiva y las que van orientadas a prestar servicios deportivos a los ciudadanos.<\/p>\n<p style=\"color: white;\">Por tanto, la organizaci\u00f3n y el funcionamiento del deporte municipal es un \u00e1mbito muy importante en la formaci\u00f3n de un gestor deportivo y el abanico de competencias que debe de conocer y manejar para desenvolverse laboralmente es ciertamente complejo, a la vez que muy enriquecedor para su experiencia profesional.<\/p>\n<p style=\"color: white;\">La Asociaci\u00f3n Andaluza de Gesti\u00f3n del Deporte (AGESPORT) tiene una larga experiencia en la capacitaci\u00f3n de los gestores deportivos municipales, ya que hist\u00f3ricamente ha contado con expertos muy cualificados en este \u00e1mbitos. Con cursos como este se quiere continuar y reforzar esa l\u00ednea formativa, as\u00ed como aprovechar el contexto inmejorable del programa del IAD para ofrecer una cualificaci\u00f3n de calidad a las personas que tienen o van a tener responsabilidades en la gesti\u00f3n deportiva de los ayuntamientos andaluces.<\/p>\n<p style=\"color: white;\">Para finalizar, queremos resaltar la colaboraci\u00f3n en esta acci\u00f3n formativa de la Federaci\u00f3n de Asociaciones de Gesti\u00f3n del Deporte de Espa\u00f1a (FAGDE), entidad a la que pertenece AGESPORT como asociaci\u00f3n auton\u00f3mica.<\/p>\n\n<\/div><\/div>\n\n\n<style scope=\"scope\">\n\n<\/style>\n<\/div>\n\n\t\t<\/div><!-- .section-content -->\n\n\t\t\n<style scope=\"scope\">\n\n#section_1637670471 {\n  padding-top: 30px;\n  padding-bottom: 30px;\n  background-color: rgb(63, 128, 59);\n}\n<\/style>\n\t<\/section>\n\t\n","protected":false},"excerpt":{"rendered":"","protected":false},"author":4,"featured_media":0,"parent":55,"menu_order":0,"comment_status":"closed","ping_status":"closed","template":"page-blank.php","meta":{"footnotes":""},"class_list":["post-2409","page","type-page","status-publish","hentry"],"_links":{"self":[{"href":"https:\/\/ws226.juntadeandalucia.es\/iadformaconti\/wordpress\/index.php?rest_route=\/wp\/v2\/pages\/2409","targetHints":{"allow":["GET"]}}],"collection":[{"href":"https:\/\/ws226.juntadeandalucia.es\/iadformaconti\/wordpress\/index.php?rest_route=\/wp\/v2\/pages"}],"about":[{"href":"https:\/\/ws226.juntadeandalucia.es\/iadformaconti\/wordpress\/index.php?rest_route=\/wp\/v2\/types\/page"}],"author":[{"embeddable":true,"href":"https:\/\/ws226.juntadeandalucia.es\/iadformaconti\/wordpress\/index.php?rest_route=\/wp\/v2\/users\/4"}],"replies":[{"embeddable":true,"href":"https:\/\/ws226.juntadeandalucia.es\/iadformaconti\/wordpress\/index.php?rest_route=%2Fwp%2Fv2%2Fcomments&post=2409"}],"version-history":[{"count":2,"href":"https:\/\/ws226.juntadeandalucia.es\/iadformaconti\/wordpress\/index.php?rest_route=\/wp\/v2\/pages\/2409\/revisions"}],"predecessor-version":[{"id":2411,"href":"https:\/\/ws226.juntadeandalucia.es\/iadformaconti\/wordpress\/index.php?rest_route=\/wp\/v2\/pages\/2409\/revisions\/2411"}],"up":[{"embeddable":true,"href":"https:\/\/ws226.juntadeandalucia.es\/iadformaconti\/wordpress\/index.php?rest_route=\/wp\/v2\/pages\/55"}],"wp:attachment":[{"href":"https:\/\/ws226.juntadeandalucia.es\/iadformaconti\/wordpress\/index.php?rest_route=%2Fwp%2Fv2%2Fmedia&parent=2409"}],"curies":[{"name":"wp","href":"https:\/\/api.w.org\/{rel}","templated":true}]}}