{"id":2414,"date":"2022-08-08T13:13:47","date_gmt":"2022-08-08T11:13:47","guid":{"rendered":"http:\/\/ws226.juntadeandalucia.es\/iadformaconti\/wordpress\/?page_id=2414"},"modified":"2022-10-24T18:38:06","modified_gmt":"2022-10-24T16:38:06","slug":"diseno-360-de-espacios-deportivos-centros-de-fitness-wellness","status":"publish","type":"page","link":"https:\/\/ws226.juntadeandalucia.es\/iadformaconti\/wordpress\/?page_id=2414","title":{"rendered":"Dise\u00f1o 360\u00ba de espacios deportivos: centros de \u00abfitness\/wellness\u00bb"},"content":{"rendered":"\n\t<section class=\"section\" id=\"section_1890838744\">\n\t\t<div class=\"bg section-bg fill bg-fill  bg-loaded\" >\n\n\t\t\t\n\t\t\t\n\t\t\t\n\n\t\t<\/div><!-- .section-bg -->\n\n\t\t<div class=\"section-content relative\">\n\t\t\t\n\n<div class=\"row row-collapse row-full-width\"  id=\"row-650742763\">\n\n<div class=\"col small-12 large-12\"  ><div class=\"col-inner\"  >\n\n\n  <div class=\"banner has-hover\" id=\"banner-1098656687\">\n          <div class=\"banner-inner fill\">\n        <div class=\"banner-bg fill\" >\n            <div class=\"bg fill bg-fill \"><\/div>\n                                    \n                    <\/div><!-- bg-layers -->\n        <div class=\"banner-layers container\">\n            <div class=\"fill banner-link\"><\/div>            \n\n   <div id=\"text-box-1347779557\" class=\"text-box banner-layer x50 md-x50 lg-x10 y5 md-y5 lg-y5 res-text\">\n                                <div class=\"text \">\n              \n              <div class=\"text-inner text-left\">\n                  \n\n<h1 style=\"color: #00a6e2; font-size: 31px;\"><strong>Dise\u00f1o 360\u00ba de espacios deportivos: centros de \u00abfitness\/wellness\u00bb<br \/><\/strong><\/h1>\n<h4 style=\"color: #00a6e2;\">1 de diciembre de 2022<\/h4>\n\n              <\/div>\n           <\/div><!-- text-box-inner -->\n                            \n<style scope=\"scope\">\n\n#text-box-1347779557 {\n  width: 91%;\n}\n#text-box-1347779557 .text {\n  font-size: 100%;\n}\n\n\n@media (min-width:550px) {\n\n  #text-box-1347779557 {\n    width: 77%;\n  }\n\n}\n\n\n@media (min-width:850px) {\n\n  #text-box-1347779557 {\n    width: 49%;\n  }\n\n}\n<\/style>\n    <\/div><!-- text-box -->\n \n   <div id=\"text-box-897710571\" class=\"text-box banner-layer x50 md-x10 lg-x10 y90 md-y85 lg-y95 res-text\">\n                                <div class=\"text dark\">\n              \n              <div class=\"text-inner text-left\">\n                  \n\n<p class=\"p1\"><span class=\"s1\"><b>FECHA DE INSCRIPCI\u00d3N || <\/b>Hasta el 22 de noviembre, incluido <\/span><\/p>\n<p class=\"p1\"><span class=\"s1\"><b>N\u00ba PLAZAS || <\/b>500<\/span><\/p>\n<p class=\"p1\"><span class=\"s1\"><b>MODALIDAD || <\/b>Taller online | Gratuito<\/span><\/p>\n<p class=\"p1\"><span class=\"s1\"><b>N\u00ba HORAS || <\/b>10 horas<\/span><\/p>\n<p class=\"p1\"><span class=\"s1\"><b>DESTINATARIOS || <\/b>Directores de centros deportivos-centros de fitness\/wellness, directores t\u00e9cnicos, t\u00e9cnicos deportivos, arquitectos, dise\u00f1adores de interiores, personal de mantenimiento, as\u00ed como cualquier persona involucrada en la prestaci\u00f3n de servicios en general. <\/span><\/p>\n<a rel=\"noopener noreferrer\" href=\"https:\/\/ws226.juntadeandalucia.es\/iadformtools\/modules\/form_builder\/published\/202234_diseno_espacios_deportivos.php\" target=\"_blank\" class=\"button white lowercase\"  >\n    <span>INSCRIPCIONES<\/span>\n  <\/a>\n\n\n\n              <\/div>\n           <\/div><!-- text-box-inner -->\n                            \n<style scope=\"scope\">\n\n#text-box-897710571 .text {\n  background-color: rgb(0, 166, 226);\n  font-size: 100%;\n}\n#text-box-897710571 .text-inner {\n  padding: 10px 25px 10px 25px;\n}\n#text-box-897710571 {\n  width: 100%;\n}\n\n\n@media (min-width:550px) {\n\n  #text-box-897710571 {\n    width: 68%;\n  }\n\n}\n\n\n@media (min-width:850px) {\n\n  #text-box-897710571 {\n    width: 48%;\n  }\n\n}\n<\/style>\n    <\/div><!-- text-box -->\n \n\n        <\/div><!-- .banner-layers -->\n      <\/div><!-- .banner-inner -->\n\n            \n<style scope=\"scope\">\n\n#banner-1098656687 {\n  padding-top: 499px;\n  background-color: rgb(255, 255, 255);\n}\n\n\n@media (min-width:550px) {\n\n  #banner-1098656687 {\n    padding-top: 600px;\n  }\n\n}\n<\/style>\n  <\/div><!-- .banner -->\n\n\n\n<\/div><\/div>\n\n\n<style scope=\"scope\">\n\n<\/style>\n<\/div>\n\n\t\t<\/div><!-- .section-content -->\n\n\t\t\n<style scope=\"scope\">\n\n#section_1890838744 {\n  padding-top: 0px;\n  padding-bottom: 0px;\n}\n<\/style>\n\t<\/section>\n\t\n\t<section class=\"section\" id=\"section_445419018\">\n\t\t<div class=\"bg section-bg fill bg-fill  bg-loaded\" >\n\n\t\t\t\n\t\t\t\n\t\t\t\n\n\t\t<\/div><!-- .section-bg -->\n\n\t\t<div class=\"section-content relative\">\n\t\t\t\n\n\t<div id=\"gap-1817022816\" class=\"gap-element clearfix\" style=\"display:block; height:auto;\">\n\t\t\n<style scope=\"scope\">\n\n#gap-1817022816 {\n  padding-top: 40px;\n}\n<\/style>\n\t<\/div>\n\t\n\n<div class=\"row align-center\"  id=\"row-1262144846\">\n\n<div class=\"col medium-4 small-10 large-4\"  ><div class=\"col-inner\"  >\n\n<h2 class=\"uppercase\"><span style=\"font-size: 150%; color:white\">Descripci\u00f3n del curso<\/span><\/h2>\n<div class=\"is-divider divider clearfix\" style=\"max-width:150px;background-color:rgb(255, 255, 255);\"><\/div><!-- .divider -->\n\n<a rel=\"noopener noreferrer\" href=\"https:\/\/www.juntadeandalucia.es\/sites\/default\/files\/2022-10\/iad_202234_diseno_360_%20espacios_fitness-wellness_actual.pdf\" target=\"_blank\" class=\"button white is-large\"  >\n    <span>DESCARGAR PROGRAMA<\/span>\n  <i class=\"icon-angle-right\" ><\/i><\/a>\n\n\n\n<\/div><\/div>\n<div class=\"col medium-8 small-10 large-8\"  ><div class=\"col-inner\"  >\n\n<p>El fitness profesional ha evolucionado a una velocidad vertiginosa, especialmente en estos \u00faltimos dos a\u00f1os debido al COVID-19, poniendo a prueba a las empresas del sector y dando lugar a nuevos segmentos de mercado.<\/p>\n<p>El cliente se ha vuelto m\u00e1s exigente, entrena de forma diferente y ha cambiado sus h\u00e1bitos deportivos. Esto ha provocado que los centros de fitness\/wellness se hayan tenido que adaptar a una nueva realidad, dando lugar a nuevos dise\u00f1os y creaciones de espacios m\u00e1s abiertos, poniendo en el centro del negocio a los clientes y empleados.&nbsp;<\/p>\n<p>El sector del fitness est\u00e1 en evoluci\u00f3n continua, por lo que, si quieres conocer las tendencias del mercado para adaptar tu centro a las nuevas demandas de los clientes, as\u00ed como crear un espacio m\u00e1s atractivo y con personalidad propia adem\u00e1s de eficiente, en este taller vamos a desarrollar las estrategias a seguir para un dise\u00f1o 360\u00ba de una instalaci\u00f3n deportiva, abordando cuatro pilares fundamentales:<\/p>\n<p>&#8211; Equipamiento y cambios en la tendencia fitness.<\/p>\n<p>&#8211; Dise\u00f1o de interiores para generar un espacio con personalidad propia que aumente los ingresos del negocio.<\/p>\n<p>&#8211; Mejora de la eficiencia energ\u00e9tica del local\/edificio.<\/p>\n<p>&#8211; \u201cCustomer experience\u201d basada en la tecnolog\u00eda como herramienta fidelizadora en fitness.<\/p>\n\n<\/div><\/div>\n\n\n<style scope=\"scope\">\n\n<\/style>\n<\/div>\n\n\t\t<\/div><!-- .section-content -->\n\n\t\t\n<style scope=\"scope\">\n\n#section_445419018 {\n  padding-top: 30px;\n  padding-bottom: 30px;\n  background-color: rgb(0, 166, 226);\n}\n<\/style>\n\t<\/section>\n\t\n\t<section class=\"section\" id=\"section_2066442331\">\n\t\t<div class=\"bg section-bg fill bg-fill  bg-loaded\" >\n\n\t\t\t\n\t\t\t\n\t\t\t\n\n\t\t<\/div><!-- .section-bg -->\n\n\t\t<div class=\"section-content relative\">\n\t\t\t\n\n<div class=\"row row-large align-middle align-center\"  id=\"row-1475449064\">\n\n<div class=\"col small-12 large-12\"  ><div class=\"col-inner\"  >\n\n<h2 class=\"uppercase\"><span style=\"font-size: 150%; color:#00a6e2\">DIRECCI\u00d3N<\/span><\/h2>\n<div class=\"is-divider divider clearfix\" style=\"max-width:150px;background-color:rgb(0, 166, 226);\"><\/div><!-- .divider -->\n\n<h2><span style=\"color: #00a6e2;\"><span style=\"font-size: 34.56px;\">Adolfo Gim\u00e9nez D\u00edaz<\/span><\/span><\/h2>\n<p>Licenciado en Ciencias de la Actividad F\u00edsica y del Deporte. MA Sports Administration. Profesor asociado EADE. <\/p>\n<h3 style=\"margin-bottom: 0px;\">&nbsp;<\/h3>\n<p>&nbsp;<\/p>\n\n<\/div><\/div>\n\n\n<style scope=\"scope\">\n\n<\/style>\n<\/div>\n\n\t\t<\/div><!-- .section-content -->\n\n\t\t\n<style scope=\"scope\">\n\n#section_2066442331 {\n  padding-top: 50px;\n  padding-bottom: 50px;\n}\n<\/style>\n\t<\/section>\n\t\n\t<section class=\"section\" id=\"section_934257181\">\n\t\t<div class=\"bg section-bg fill bg-fill  bg-loaded\" >\n\n\t\t\t\n\t\t\t\n\t\t\t\n\n\t\t<\/div><!-- .section-bg -->\n\n\t\t<div class=\"section-content relative\">\n\t\t\t\n\n<div class=\"row\"  id=\"row-222633221\">\n\n<div class=\"col small-12 large-12\"  ><div class=\"col-inner\"  >\n\n<h2 class=\"uppercase\"><span style=\"font-size: 150%; color:#00a6e2\">OBJETIVOS<\/span><\/h2>\n<div class=\"is-divider divider clearfix\" style=\"max-width:150px;background-color:rgb(0, 166, 226);\"><\/div><!-- .divider -->\n\n\n<\/div><\/div>\n\n<\/div>\n<div class=\"row align-center\"  id=\"row-2047747748\">\n\n<div class=\"col small-12 large-12\"  ><div class=\"col-inner\"  >\n\n<div class=\"row align-center\"  id=\"row-1934895203\">\n\n<div class=\"col medium-6 small-10 large-6\"  ><div class=\"col-inner\" style=\"margin:0px 0px 0px -10px;\" >\n\n<h3>Nuevas tendencias<\/h3>\n<p>Conocer las nuevas tendencias en cuanto a equipamientos y dise\u00f1o de espacios de fitness.<\/p>\n<h3>Estrategia de negocio adaptada<\/h3>\n<p>Entender c\u00f3mo marcar una estrategia de negocio en base al dise\u00f1o de interiores de espacios fitness.<\/p>\n\n<\/div><\/div>\n<div class=\"col medium-6 small-11 large-6\"  ><div class=\"col-inner\" style=\"margin:0px 0px 0px 10px;\" >\n\n<h3><span style=\"font-size: 100%;\">Fidelizaci\u00f3n<\/span><\/h3>\n<p>Desarrollar un protocolo de fidelizaci\u00f3n en cuanto a experiencia del cliente en base a la tecnolog\u00eda fitness.<\/p>\n<h3><span style=\"font-size: 100%;\">Eficiencia<\/span><\/h3>\n<p>Conocer conceptos b\u00e1sicos de gesti\u00f3n energ\u00e9tica para convertir el centro de fitness en una instalaci\u00f3n eficiente.<\/p>\n<p>&nbsp;<\/p>\n\n<\/div><\/div>\n\n\n<style scope=\"scope\">\n\n<\/style>\n<\/div>\n\n<\/div><\/div>\n\n\n<style scope=\"scope\">\n\n<\/style>\n<\/div>\n\n\t\t<\/div><!-- .section-content -->\n\n\t\t\n<style scope=\"scope\">\n\n#section_934257181 {\n  padding-top: 30px;\n  padding-bottom: 30px;\n}\n<\/style>\n\t<\/section>\n\t\n\n","protected":false},"excerpt":{"rendered":"","protected":false},"author":4,"featured_media":0,"parent":67,"menu_order":0,"comment_status":"closed","ping_status":"closed","template":"page-blank.php","meta":{"footnotes":""},"class_list":["post-2414","page","type-page","status-publish","hentry"],"_links":{"self":[{"href":"https:\/\/ws226.juntadeandalucia.es\/iadformaconti\/wordpress\/index.php?rest_route=\/wp\/v2\/pages\/2414","targetHints":{"allow":["GET"]}}],"collection":[{"href":"https:\/\/ws226.juntadeandalucia.es\/iadformaconti\/wordpress\/index.php?rest_route=\/wp\/v2\/pages"}],"about":[{"href":"https:\/\/ws226.juntadeandalucia.es\/iadformaconti\/wordpress\/index.php?rest_route=\/wp\/v2\/types\/page"}],"author":[{"embeddable":true,"href":"https:\/\/ws226.juntadeandalucia.es\/iadformaconti\/wordpress\/index.php?rest_route=\/wp\/v2\/users\/4"}],"replies":[{"embeddable":true,"href":"https:\/\/ws226.juntadeandalucia.es\/iadformaconti\/wordpress\/index.php?rest_route=%2Fwp%2Fv2%2Fcomments&post=2414"}],"version-history":[{"count":5,"href":"https:\/\/ws226.juntadeandalucia.es\/iadformaconti\/wordpress\/index.php?rest_route=\/wp\/v2\/pages\/2414\/revisions"}],"predecessor-version":[{"id":2481,"href":"https:\/\/ws226.juntadeandalucia.es\/iadformaconti\/wordpress\/index.php?rest_route=\/wp\/v2\/pages\/2414\/revisions\/2481"}],"up":[{"embeddable":true,"href":"https:\/\/ws226.juntadeandalucia.es\/iadformaconti\/wordpress\/index.php?rest_route=\/wp\/v2\/pages\/67"}],"wp:attachment":[{"href":"https:\/\/ws226.juntadeandalucia.es\/iadformaconti\/wordpress\/index.php?rest_route=%2Fwp%2Fv2%2Fmedia&parent=2414"}],"curies":[{"name":"wp","href":"https:\/\/api.w.org\/{rel}","templated":true}]}}