{"id":2758,"date":"2023-05-15T17:22:01","date_gmt":"2023-05-15T15:22:01","guid":{"rendered":"https:\/\/ws226.juntadeandalucia.es\/iadformaconti\/wordpress\/?page_id=2758"},"modified":"2023-06-26T12:23:55","modified_gmt":"2023-06-26T10:23:55","slug":"inclusion-en-educacion-fisica-para-alumnado-con-discapacidad","status":"publish","type":"page","link":"https:\/\/ws226.juntadeandalucia.es\/iadformaconti\/wordpress\/?page_id=2758","title":{"rendered":"Evaluaci\u00f3n de la condici\u00f3n f\u00edsica en personas con discapacidad intelectual"},"content":{"rendered":"\n\t<section class=\"section\" id=\"section_306773275\">\n\t\t<div class=\"bg section-bg fill bg-fill  bg-loaded\" >\n\n\t\t\t\n\t\t\t\n\t\t\t\n\n\t\t<\/div><!-- .section-bg -->\n\n\t\t<div class=\"section-content relative\">\n\t\t\t\n\n<div class=\"row row-collapse row-full-width\"  id=\"row-498653526\">\n\n<div class=\"col small-12 large-12\"  ><div class=\"col-inner\"  >\n\n\n  <div class=\"banner has-hover\" id=\"banner-1322731474\">\n          <div class=\"banner-inner fill\">\n        <div class=\"banner-bg fill\" >\n            <div class=\"bg fill bg-fill \"><\/div>\n                                    \n                    <\/div><!-- bg-layers -->\n        <div class=\"banner-layers container\">\n            <div class=\"fill banner-link\"><\/div>            \n\n   <div id=\"text-box-1853037467\" class=\"text-box banner-layer x50 md-x50 lg-x10 y5 md-y5 lg-y5 res-text\">\n                                <div class=\"text \">\n              \n              <div class=\"text-inner text-left\">\n                  \n\n<h1 style=\"color: #395b8b; font-size: 45px;\"><strong>Evaluaci\u00f3n de la condici\u00f3n f\u00edsica en personas con discapacidad intelectual<br \/><\/strong><\/h1>\n<h4 style=\"color: #395b8b;\">4 de octubre. Online<\/h4>\n\n              <\/div>\n           <\/div><!-- text-box-inner -->\n                            \n<style scope=\"scope\">\n\n#text-box-1853037467 {\n  width: 100%;\n}\n#text-box-1853037467 .text {\n  font-size: 100%;\n}\n\n\n@media (min-width:550px) {\n\n  #text-box-1853037467 {\n    width: 77%;\n  }\n\n}\n\n\n@media (min-width:850px) {\n\n  #text-box-1853037467 {\n    width: 49%;\n  }\n\n}\n<\/style>\n    <\/div><!-- text-box -->\n \n   <div id=\"text-box-2055472948\" class=\"text-box banner-layer x50 md-x10 lg-x10 y100 md-y85 lg-y95 res-text\">\n                                <div class=\"text dark\">\n              \n              <div class=\"text-inner text-left\">\n                  \n\n<p class=\"p1\"><span class=\"s1\"><b>FECHA DE INSCRIPCI\u00d3N || <\/b>hasta el 25 de septiembre de 2023 inclusive<\/span><\/p>\n<p class=\"p1\"><span class=\"s1\"><b>MODALIDAD || <\/b>Curso online | Gratuito <\/span><\/p>\n<p class=\"p1\"><span class=\"s1\"><b>N\u00ba HORAS || <\/b>10 horas<\/span><\/p>\n<p class=\"p1\"><span class=\"s1\"><b>N\u00ba PLAZAS || <\/b>500 plazas<\/span><\/p>\n<p class=\"p1\"><span class=\"s1\"><b>FECHA ||\u00a0 <\/b>4 de octubre<\/span><\/p>\n<a rel=\"noopener noreferrer\" href=\"https:\/\/ws226.juntadeandalucia.es\/iadformtools\/modules\/form_builder\/published\/202326_evaluacion_cond_fis_pers_disc_intelectual.php\" target=\"_blank\" class=\"button white lowercase\"  >\n    <span>INSCRIPCIONES<\/span>\n  <\/a>\n\n\n\n              <\/div>\n           <\/div><!-- text-box-inner -->\n                            \n<style scope=\"scope\">\n\n#text-box-2055472948 .text {\n  background-color: rgb(57, 91, 139);\n  font-size: 100%;\n}\n#text-box-2055472948 .text-inner {\n  padding: 10px 25px 10px 25px;\n}\n#text-box-2055472948 {\n  width: 100%;\n}\n\n\n@media (min-width:550px) {\n\n  #text-box-2055472948 {\n    width: 68%;\n  }\n\n}\n\n\n@media (min-width:850px) {\n\n  #text-box-2055472948 {\n    width: 48%;\n  }\n\n}\n<\/style>\n    <\/div><!-- text-box -->\n \n\n        <\/div><!-- .banner-layers -->\n      <\/div><!-- .banner-inner -->\n\n            \n<style scope=\"scope\">\n\n#banner-1322731474 {\n  padding-top: 499px;\n  background-color: rgb(255, 255, 255);\n}\n#banner-1322731474 .bg.bg-loaded {\n  background-image: url(https:\/\/ws226.juntadeandalucia.es\/iadformaconti\/wordpress\/wp-content\/uploads\/2022\/02\/fondo_iad22_area1-scaled.jpg);\n}\n#banner-1322731474 .bg {\n  background-position: 4% 12%;\n}\n\n\n@media (min-width:550px) {\n\n  #banner-1322731474 {\n    padding-top: 600px;\n  }\n\n}\n<\/style>\n  <\/div><!-- .banner -->\n\n\n\n<\/div><\/div>\n\n\n<style scope=\"scope\">\n\n<\/style>\n<\/div>\n\n\t\t<\/div><!-- .section-content -->\n\n\t\t\n<style scope=\"scope\">\n\n#section_306773275 {\n  padding-top: 0px;\n  padding-bottom: 0px;\n}\n<\/style>\n\t<\/section>\n\t\n\t<section class=\"section\" id=\"section_775928497\">\n\t\t<div class=\"bg section-bg fill bg-fill  bg-loaded\" >\n\n\t\t\t\n\t\t\t\n\t\t\t\n\n\t\t<\/div><!-- .section-bg -->\n\n\t\t<div class=\"section-content relative\">\n\t\t\t\n\n\t<div id=\"gap-318123879\" class=\"gap-element clearfix\" style=\"display:block; height:auto;\">\n\t\t\n<style scope=\"scope\">\n\n#gap-318123879 {\n  padding-top: 40px;\n}\n<\/style>\n\t<\/div>\n\t\n\n<div class=\"row align-center\"  id=\"row-1045004290\">\n\n<div class=\"col medium-4 small-10 large-4\"  ><div class=\"col-inner\"  >\n\n<h2 class=\"uppercase\"><span style=\"font-size: 150%; color:white\">Descripci\u00f3n del curso<\/span><\/h2>\n<div class=\"is-divider divider clearfix\" style=\"max-width:150px;background-color:rgb(255, 255, 255);\"><\/div><!-- .divider -->\n\n<a rel=\"noopener noreferrer\" href=\"https:\/\/ws226.juntadeandalucia.es\/iadweb\/formacioncontinua\/iad-202326-html5\/\" target=\"_blank\" class=\"button white is-large\"  >\n    <span>DESCARGAR PROGRAMA<\/span>\n  <i class=\"icon-angle-right\" ><\/i><\/a>\n\n\n\n<\/div><\/div>\n<div class=\"col medium-8 small-10 large-8\"  ><div class=\"col-inner\"  >\n\n<p><span style=\"color: #fafafa;\">Se dar\u00e1 a conocer la evidencia cient\u00edfica sobre la evaluaci\u00f3n de la condici\u00f3n f\u00edsica en general, y de manera espec\u00edfica la evidencia actual sobre la evaluaci\u00f3n de la condici\u00f3n f\u00edsica en personas con discapacidad intelectual en las diferentes etapas de la vida. Para ello se har\u00e1 una introducci\u00f3n sobre qu\u00e9 es la condici\u00f3n f\u00edsica, as\u00ed como un repaso de los test de condici\u00f3n f\u00edsica m\u00e1s utilizados en esta poblaci\u00f3n y sus medidas psicom\u00e9tricas. Adem\u00e1s, se dar\u00e1 a conocer la metodolog\u00eda para crear una bater\u00eda de condici\u00f3n f\u00edsica relacionada con la salud con base cient\u00edfica.<\/span><\/p>\n<p><span style=\"color: #fafafa;\">Al final, el alumnado conocer\u00e1 la metodolog\u00eda empleada para la creaci\u00f3n de una bater\u00eda de test de condici\u00f3n f\u00edsica, as\u00ed como su valoraci\u00f3n en personas con discapacidad intelectual.<\/span><\/p>\n\n<\/div><\/div>\n\n\n<style scope=\"scope\">\n\n<\/style>\n<\/div>\n\n\t\t<\/div><!-- .section-content -->\n\n\t\t\n<style scope=\"scope\">\n\n#section_775928497 {\n  padding-top: 30px;\n  padding-bottom: 30px;\n  background-color: rgb(57, 91, 139);\n}\n<\/style>\n\t<\/section>\n\t\n\t<section class=\"section\" id=\"section_942379385\">\n\t\t<div class=\"bg section-bg fill bg-fill  bg-loaded\" >\n\n\t\t\t\n\t\t\t\n\t\t\t\n\n\t\t<\/div><!-- .section-bg -->\n\n\t\t<div class=\"section-content relative\">\n\t\t\t\n\n<div class=\"row\"  id=\"row-1690682771\">\n\n<div class=\"col small-12 large-12\"  ><div class=\"col-inner\"  >\n\n<h1 style=\"color: #395b8b; font-size: 45px;\"><strong>DIRECCI\u00d3N<\/strong><\/h1>\n<h2 class=\"uppercase\">&nbsp;<\/h2>\n<div class=\"is-divider divider clearfix\" style=\"max-width:150px;background-color:rgb(57, 91, 139);\"><\/div><!-- .divider -->\n\n\n<\/div><\/div>\n\n<\/div>\n<div class=\"row row-large align-middle align-center\"  id=\"row-821869309\">\n\n<div class=\"col medium-5 small-12 large-6\"  ><div class=\"col-inner text-center\" style=\"margin:0px 0px 40px 0px;\" >\n\n<h1 style=\"color: #395b8b; font-size: 45px;\"><strong>Roc\u00edo Izquierdo G\u00f3mez<\/strong><\/h1>\n<p>Profesora contratada doctor interino de la Facultad de Ciencias de la Educaci\u00f3n de la Universidad de C\u00e1diz, grupo de investigaci\u00f3n CST158-Galeno.<\/p>\n<h1 style=\"color: #395b8b; font-size: 45px;\"><strong>Daniel Camiletti Moir\u00f3n<\/strong><\/h1>\n<p>Profesora titular de la Facultad de Ciencias de la Educaci\u00f3n de la Universidad de C\u00e1diz, grupo de investigaci\u00f3n CST-Galeno.<\/p>\n\t<div id=\"gap-1859456460\" class=\"gap-element clearfix\" style=\"display:block; height:auto;\">\n\t\t\n<style scope=\"scope\">\n\n#gap-1859456460 {\n  padding-top: 10px;\n}\n<\/style>\n\t<\/div>\n\t\n\n\n<\/div><\/div>\n<div class=\"col hide-for-medium medium-2 small-12 large-2\"  ><div class=\"col-inner\"  >\n\n\t<div id=\"gap-948407249\" class=\"gap-element clearfix\" style=\"display:block; height:auto;\">\n\t\t\n<style scope=\"scope\">\n\n#gap-948407249 {\n  padding-top: 30px;\n}\n<\/style>\n\t<\/div>\n\t\n\n\n<\/div><\/div>\n\n\n<style scope=\"scope\">\n\n<\/style>\n<\/div>\n\n\t\t<\/div><!-- .section-content -->\n\n\t\t\n<style scope=\"scope\">\n\n#section_942379385 {\n  padding-top: 50px;\n  padding-bottom: 50px;\n}\n<\/style>\n\t<\/section>\n\t\n\t<section class=\"section\" id=\"section_36291977\">\n\t\t<div class=\"bg section-bg fill bg-fill  bg-loaded\" >\n\n\t\t\t\n\t\t\t\n\t\t\t\n\n\t\t<\/div><!-- .section-bg -->\n\n\t\t<div class=\"section-content relative\">\n\t\t\t\n\n<div class=\"row\"  id=\"row-399628876\">\n\n<div class=\"col small-12 large-12\"  ><div class=\"col-inner\"  >\n\n<h1 style=\"color: #395b8b; font-size: 45px;\"><strong>OBJETIVOS<\/strong><\/h1>\n<div class=\"is-divider divider clearfix\" style=\"max-width:150px;background-color:rgb(57, 91, 139);\"><\/div><!-- .divider -->\n\n\n<\/div><\/div>\n\n<\/div>\n<div class=\"row align-center\"  id=\"row-1781773232\">\n\n<div class=\"col small-12 large-12\"  ><div class=\"col-inner\"  >\n\n<div class=\"row align-center\"  id=\"row-1390907218\">\n\n<div class=\"col medium-6 small-10 large-6\"  ><div class=\"col-inner\" style=\"margin:0px 0px 0px -10px;\" >\n\n<h3><span style=\"font-size: 115%;\">Condici\u00f3n f\u00edsica y salud<\/span><\/h3>\n<p>Conocer la relaci\u00f3n de la condici\u00f3n f\u00edsica con la salud, y su evaluaci\u00f3n en diferentes etapas de la vida, en poblaci\u00f3n sin discapacidad.<\/p>\n<h3><span style=\"font-size: 115%;\">Metodolog\u00eda de investigaci\u00f3n<\/span><\/h3>\n<p>Conocer la metodolog\u00eda de investigaci\u00f3n para evaluar la condici\u00f3n f\u00edsica.<\/p>\n\n<\/div><\/div>\n<div class=\"col medium-6 small-11 large-6\"  ><div class=\"col-inner\" style=\"margin:0px 0px 0px 10px;\" >\n\n<h3><span style=\"font-size: 115%;\">Caracter\u00edsticas<\/span><\/h3>\n<p>Conocer las caracter\u00edsticas de la poblaci\u00f3n con discapacidad intelectual.<\/p>\n<h3><span style=\"font-size: 115%;\">Evidencia cient\u00edfica<\/span><\/h3>\n<p>Conocer los distintos test basados en la evidencia cient\u00edfica para evaluar la condici\u00f3n f\u00edsica en personas con discapacidad intelectual.<\/p>\n\n<\/div><\/div>\n\n\n<style scope=\"scope\">\n\n<\/style>\n<\/div>\n\n<\/div><\/div>\n\n\n<style scope=\"scope\">\n\n<\/style>\n<\/div>\n\n\t\t<\/div><!-- .section-content -->\n\n\t\t\n<style scope=\"scope\">\n\n#section_36291977 {\n  padding-top: 30px;\n  padding-bottom: 30px;\n}\n<\/style>\n\t<\/section>\n\t\n\n","protected":false},"excerpt":{"rendered":"","protected":false},"author":4,"featured_media":2529,"parent":0,"menu_order":0,"comment_status":"closed","ping_status":"closed","template":"page-blank.php","meta":{"footnotes":""},"class_list":["post-2758","page","type-page","status-publish","has-post-thumbnail","hentry"],"_links":{"self":[{"href":"https:\/\/ws226.juntadeandalucia.es\/iadformaconti\/wordpress\/index.php?rest_route=\/wp\/v2\/pages\/2758","targetHints":{"allow":["GET"]}}],"collection":[{"href":"https:\/\/ws226.juntadeandalucia.es\/iadformaconti\/wordpress\/index.php?rest_route=\/wp\/v2\/pages"}],"about":[{"href":"https:\/\/ws226.juntadeandalucia.es\/iadformaconti\/wordpress\/index.php?rest_route=\/wp\/v2\/types\/page"}],"author":[{"embeddable":true,"href":"https:\/\/ws226.juntadeandalucia.es\/iadformaconti\/wordpress\/index.php?rest_route=\/wp\/v2\/users\/4"}],"replies":[{"embeddable":true,"href":"https:\/\/ws226.juntadeandalucia.es\/iadformaconti\/wordpress\/index.php?rest_route=%2Fwp%2Fv2%2Fcomments&post=2758"}],"version-history":[{"count":16,"href":"https:\/\/ws226.juntadeandalucia.es\/iadformaconti\/wordpress\/index.php?rest_route=\/wp\/v2\/pages\/2758\/revisions"}],"predecessor-version":[{"id":2821,"href":"https:\/\/ws226.juntadeandalucia.es\/iadformaconti\/wordpress\/index.php?rest_route=\/wp\/v2\/pages\/2758\/revisions\/2821"}],"wp:featuredmedia":[{"embeddable":true,"href":"https:\/\/ws226.juntadeandalucia.es\/iadformaconti\/wordpress\/index.php?rest_route=\/wp\/v2\/media\/2529"}],"wp:attachment":[{"href":"https:\/\/ws226.juntadeandalucia.es\/iadformaconti\/wordpress\/index.php?rest_route=%2Fwp%2Fv2%2Fmedia&parent=2758"}],"curies":[{"name":"wp","href":"https:\/\/api.w.org\/{rel}","templated":true}]}}