{"id":3241,"date":"2024-02-21T14:54:41","date_gmt":"2024-02-21T13:54:41","guid":{"rendered":"https:\/\/ws226.juntadeandalucia.es\/iadformaconti\/wordpress\/?page_id=3241"},"modified":"2024-02-21T15:09:06","modified_gmt":"2024-02-21T14:09:06","slug":"formacion-en-ajedrez-cognitivo-para-el-envejecimiento-activo","status":"publish","type":"page","link":"https:\/\/ws226.juntadeandalucia.es\/iadformaconti\/wordpress\/?page_id=3241","title":{"rendered":"Formaci\u00f3n en ajedrez cognitivo para el envejecimiento activo"},"content":{"rendered":"\n\t<section class=\"section\" id=\"section_1698568605\">\n\t\t<div class=\"bg section-bg fill bg-fill  bg-loaded\" >\n\n\t\t\t\n\t\t\t\n\t\t\t\n\n\t\t<\/div><!-- .section-bg -->\n\n\t\t<div class=\"section-content relative\">\n\t\t\t\n\n<div class=\"row row-collapse row-full-width\"  id=\"row-1406813805\">\n\n<div class=\"col small-12 large-12\"  ><div class=\"col-inner\"  >\n\n\n  <div class=\"banner has-hover\" id=\"banner-779148532\">\n          <div class=\"banner-inner fill\">\n        <div class=\"banner-bg fill\" >\n            <div class=\"bg fill bg-fill \"><\/div>\n                                    \n                    <\/div><!-- bg-layers -->\n        <div class=\"banner-layers container\">\n            <div class=\"fill banner-link\"><\/div>            \n\n   <div id=\"text-box-1152234187\" class=\"text-box banner-layer x50 md-x50 lg-x10 y5 md-y5 lg-y5 res-text\">\n                                <div class=\"text \">\n              \n              <div class=\"text-inner text-left\">\n                  \n\n<h1 style=\"color: #b62528; font-size: 45px;\"><strong>Formaci\u00f3n en ajedrez cognitivo para el envejecimiento activo<br \/><\/strong><\/h1>\n<h4 style=\"color: #b62528;\">15 y 16 de abril, online<\/h4>\n\n              <\/div>\n           <\/div><!-- text-box-inner -->\n                            \n<style scope=\"scope\">\n\n#text-box-1152234187 {\n  width: 100%;\n}\n#text-box-1152234187 .text {\n  font-size: 100%;\n}\n\n\n@media (min-width:550px) {\n\n  #text-box-1152234187 {\n    width: 77%;\n  }\n\n}\n\n\n@media (min-width:850px) {\n\n  #text-box-1152234187 {\n    width: 49%;\n  }\n\n}\n<\/style>\n    <\/div><!-- text-box -->\n \n   <div id=\"text-box-914096555\" class=\"text-box banner-layer x50 md-x10 lg-x10 y100 md-y85 lg-y95 res-text\">\n                                <div class=\"text dark\">\n              \n              <div class=\"text-inner text-left\">\n                  \n\n<p class=\"p1\"><span class=\"s1\"><b>MODALIDAD || <\/b>Online y gratuito<\/span><\/p>\n<p class=\"p1\"><span class=\"s1\"><b>DESTINATARIOS || <\/b>Directores y responsables de centros de mayores y centros relacionados con la atenci\u00f3n al deterioro cognitivo, psic\u00f3logos, trabajadores sociales, animadores socioculturales, terapeutas ocupacionales y cuidadores en general.<\/span><\/p>\n<p class=\"p1\"><span class=\"s1\"><b>N\u00daMERO PLAZAS: <\/b>500<\/span><\/p>\n<p class=\"p1\"><span class=\"s1\"><b>PLAZO DE INSCRIPCI\u00d3N: <\/b>hasta el 7 de abril, inclusive.<\/span><\/p>\n<a rel=\"noopener noreferrer\" href=\"https:\/\/ws226.juntadeandalucia.es\/iadformtools\/modules\/form_builder\/published\/202406_formacion_ajedrez_cognitivo.php\" target=\"_blank\" class=\"button white lowercase\"  >\n    <span>INSCRIPCIONES<\/span>\n  <\/a>\n\n\n\n              <\/div>\n           <\/div><!-- text-box-inner -->\n                            \n<style scope=\"scope\">\n\n#text-box-914096555 .text {\n  background-color: rgb(182, 37, 40);\n  font-size: 100%;\n}\n#text-box-914096555 .text-inner {\n  padding: 10px 25px 10px 25px;\n}\n#text-box-914096555 {\n  width: 100%;\n}\n\n\n@media (min-width:550px) {\n\n  #text-box-914096555 {\n    width: 68%;\n  }\n\n}\n\n\n@media (min-width:850px) {\n\n  #text-box-914096555 {\n    width: 48%;\n  }\n\n}\n<\/style>\n    <\/div><!-- text-box -->\n \n\n        <\/div><!-- .banner-layers -->\n      <\/div><!-- .banner-inner -->\n\n            \n<style scope=\"scope\">\n\n#banner-779148532 {\n  padding-top: 499px;\n  background-color: rgb(255, 255, 255);\n}\n#banner-779148532 .bg.bg-loaded {\n  background-image: url(https:\/\/ws226.juntadeandalucia.es\/iadformaconti\/wordpress\/wp-content\/uploads\/2022\/02\/fondo_iad22_area1-scaled.jpg);\n}\n#banner-779148532 .bg {\n  background-position: 4% 12%;\n}\n\n\n@media (min-width:550px) {\n\n  #banner-779148532 {\n    padding-top: 600px;\n  }\n\n}\n<\/style>\n  <\/div><!-- .banner -->\n\n\n\n<\/div><\/div>\n\n\n<style scope=\"scope\">\n\n<\/style>\n<\/div>\n\n\t\t<\/div><!-- .section-content -->\n\n\t\t\n<style scope=\"scope\">\n\n#section_1698568605 {\n  padding-top: 0px;\n  padding-bottom: 0px;\n}\n<\/style>\n\t<\/section>\n\t\n\t<section class=\"section\" id=\"section_206149620\">\n\t\t<div class=\"bg section-bg fill bg-fill  bg-loaded\" >\n\n\t\t\t\n\t\t\t\n\t\t\t\n\n\t\t<\/div><!-- .section-bg -->\n\n\t\t<div class=\"section-content relative\">\n\t\t\t\n\n\t<div id=\"gap-390128533\" class=\"gap-element clearfix\" style=\"display:block; height:auto;\">\n\t\t\n<style scope=\"scope\">\n\n#gap-390128533 {\n  padding-top: 40px;\n}\n<\/style>\n\t<\/div>\n\t\n\n<div class=\"row align-center\"  id=\"row-1903595932\">\n\n<div class=\"col medium-4 small-10 large-4\"  ><div class=\"col-inner\"  >\n\n<h2 class=\"uppercase\"><span style=\"font-size: 150%; color:white\">Descripci\u00f3n del curso<\/span><\/h2>\n<div class=\"is-divider divider clearfix\" style=\"max-width:150px;background-color:rgb(255, 255, 255);\"><\/div><!-- .divider -->\n\n<a rel=\"noopener noreferrer\" href=\"https:\/\/www.juntadeandalucia.es\/sites\/default\/files\/2024-02\/iad_202406_programa_curso.pdf\" target=\"_blank\" class=\"button white is-large\"  >\n    <span>DESCARGAR PROGRAMA<\/span>\n  <i class=\"icon-angle-right\" ><\/i><\/a>\n\n\n\n<\/div><\/div>\n<div class=\"col medium-8 small-10 large-8\"  ><div class=\"col-inner\"  >\n\n<p><span style=\"color: #fafafa;\">Vivimos en una sociedad que envejece a ritmo acelerado. Las estad\u00edsticas muestran una creciente tasa de senectud en nuestro pa\u00eds, lo que plantea desaf\u00edos en t\u00e9rminos de salud, bienestar y calidad de vida para nuestros mayores. Ante esta realidad es fundamental adoptar enfoques innovadores y efectivos que promuevan un envejecimiento activo y saludable.<\/span><\/p>\n\n<\/div><\/div>\n\n\n<style scope=\"scope\">\n\n<\/style>\n<\/div>\n\n\t\t<\/div><!-- .section-content -->\n\n\t\t\n<style scope=\"scope\">\n\n#section_206149620 {\n  padding-top: 30px;\n  padding-bottom: 30px;\n  background-color: rgb(190, 22, 34);\n}\n<\/style>\n\t<\/section>\n\t\n\t<section class=\"section\" id=\"section_656674051\">\n\t\t<div class=\"bg section-bg fill bg-fill  bg-loaded\" >\n\n\t\t\t\n\t\t\t\n\t\t\t\n\n\t\t<\/div><!-- .section-bg -->\n\n\t\t<div class=\"section-content relative\">\n\t\t\t\n\n<div class=\"row\"  id=\"row-1814192051\">\n\n<div class=\"col small-12 large-12\"  ><div class=\"col-inner\"  >\n\n<h2 class=\"uppercase\"><span style=\"font-size: 150%; color: #be1622;\">DIRECCI\u00d3N<\/span><\/h2>\n<div class=\"is-divider divider clearfix\" style=\"max-width:150px;background-color:rgb(190, 22, 34);\"><\/div><!-- .divider -->\n\n\n<\/div><\/div>\n\n<\/div>\n<div class=\"row row-large align-middle align-center\"  id=\"row-815401287\">\n\n<div class=\"col medium-5 small-12 large-6\"  ><div class=\"col-inner text-center\" style=\"margin:0px 0px 40px 0px;\" >\n\n<h2><span style=\"font-size: 150%; color: #be1622;\"> Juan Antonio Montero Aleu<\/span><\/h2>\n<p>Psic\u00f3logo. Coordinador programas sociales y terap\u00e9uticos Club Magic Extremadura. Creador del M\u00e9todo de Entrenamiento Cognitivo a trav\u00e9s del Ajedrez.<\/p>\n\t<div id=\"gap-1643771959\" class=\"gap-element clearfix\" style=\"display:block; height:auto;\">\n\t\t\n<style scope=\"scope\">\n\n#gap-1643771959 {\n  padding-top: 10px;\n}\n<\/style>\n\t<\/div>\n\t\n\n\n<\/div><\/div>\n<div class=\"col hide-for-medium medium-2 small-12 large-2\"  ><div class=\"col-inner\"  >\n\n\t<div id=\"gap-1924167197\" class=\"gap-element clearfix\" style=\"display:block; height:auto;\">\n\t\t\n<style scope=\"scope\">\n\n#gap-1924167197 {\n  padding-top: 30px;\n}\n<\/style>\n\t<\/div>\n\t\n\n\n<\/div><\/div>\n\n\n<style scope=\"scope\">\n\n<\/style>\n<\/div>\n\n\t\t<\/div><!-- .section-content -->\n\n\t\t\n<style scope=\"scope\">\n\n#section_656674051 {\n  padding-top: 50px;\n  padding-bottom: 50px;\n}\n<\/style>\n\t<\/section>\n\t\n\t<section class=\"section\" id=\"section_107798000\">\n\t\t<div class=\"bg section-bg fill bg-fill  bg-loaded\" >\n\n\t\t\t\n\t\t\t\n\t\t\t\n\n\t\t<\/div><!-- .section-bg -->\n\n\t\t<div class=\"section-content relative\">\n\t\t\t\n\n<div class=\"row\"  id=\"row-565472079\">\n\n<div class=\"col small-12 large-12\"  ><div class=\"col-inner\"  >\n\n<h2 class=\"uppercase\"><span style=\"font-size: 150%; color: #be1622;\">OBJETIVOS<\/span><\/h2>\n<div class=\"is-divider divider clearfix\" style=\"max-width:150px;background-color:rgb(190, 22, 34);\"><\/div><!-- .divider -->\n\n\n<\/div><\/div>\n\n<\/div>\n<div class=\"row align-center\"  id=\"row-1912039672\">\n\n<div class=\"col small-12 large-12\"  ><div class=\"col-inner\"  >\n\n<div class=\"row align-center\"  id=\"row-529571334\">\n\n<div class=\"col medium-6 small-10 large-6\"  ><div class=\"col-inner\" style=\"margin:0px 0px 0px -10px;\" >\n\n<h3><span style=\"font-size: 115%;\">Concepto envejecimiento activo<\/span><\/h3>\n<p>Comprender el concepto de envejecimiento activo y el conjunto de pr\u00e1cticas que contribuyen al mismo.<\/p>\n<h3><span style=\"font-size: 115%;\">Cambios cerebrales<\/span><\/h3>\n<p>Conocer los cambios cerebrales asociados al envejecimiento y la importancia de intervenir sobre los mismos a trav\u00e9s de un m\u00e9todo eficaz e innovador.<\/p>\n<h3><span style=\"font-size: 115%;\">Ajedrez cognitivo<\/span><\/h3>\n<p>Adquirir conocimientos sobre los fundamentos, la metodolog\u00eda y los recursos necesarios para la aplicaci\u00f3n del ajedrez cognitivo con mayores.<\/p>\n\n<\/div><\/div>\n<div class=\"col medium-6 small-11 large-6\"  ><div class=\"col-inner\" style=\"margin:0px 0px 0px 10px;\" >\n\n<h3><span style=\"font-size: 115%;\">Conceptos b\u00e1sicos<\/span><\/h3>\n<p>Conocer conceptos b\u00e1sicos de las diferentes funciones cognitivas implicadas en este m\u00e9todo: percepci\u00f3n, atenci\u00f3n, memoria, razonamiento y funciones ejecutivas.<\/p>\n<h3><span style=\"font-size: 115%;\">Ejercicios pr\u00e1cticos<\/span><\/h3>\n<p>Conocer y aplicar el conjunto de ejercicios pr\u00e1cticos que conforman el m\u00e9todo para el entrenamiento de estas funciones cognitivas.<\/p>\n<h3><span style=\"font-size: 115%;\">Gymchess<\/span><\/h3>\n<p>Mostrar la finalidad y el funcionamiento de la aplicaci\u00f3n Gymchess.<\/p>\n\n<\/div><\/div>\n\n\n<style scope=\"scope\">\n\n<\/style>\n<\/div>\n\n<\/div><\/div>\n\n\n<style scope=\"scope\">\n\n<\/style>\n<\/div>\n\n\t\t<\/div><!-- .section-content -->\n\n\t\t\n<style scope=\"scope\">\n\n#section_107798000 {\n  padding-top: 30px;\n  padding-bottom: 30px;\n}\n<\/style>\n\t<\/section>\n\t\n\n","protected":false},"excerpt":{"rendered":"","protected":false},"author":4,"featured_media":2529,"parent":0,"menu_order":0,"comment_status":"closed","ping_status":"closed","template":"page-blank.php","meta":{"footnotes":""},"class_list":["post-3241","page","type-page","status-publish","has-post-thumbnail","hentry"],"_links":{"self":[{"href":"https:\/\/ws226.juntadeandalucia.es\/iadformaconti\/wordpress\/index.php?rest_route=\/wp\/v2\/pages\/3241","targetHints":{"allow":["GET"]}}],"collection":[{"href":"https:\/\/ws226.juntadeandalucia.es\/iadformaconti\/wordpress\/index.php?rest_route=\/wp\/v2\/pages"}],"about":[{"href":"https:\/\/ws226.juntadeandalucia.es\/iadformaconti\/wordpress\/index.php?rest_route=\/wp\/v2\/types\/page"}],"author":[{"embeddable":true,"href":"https:\/\/ws226.juntadeandalucia.es\/iadformaconti\/wordpress\/index.php?rest_route=\/wp\/v2\/users\/4"}],"replies":[{"embeddable":true,"href":"https:\/\/ws226.juntadeandalucia.es\/iadformaconti\/wordpress\/index.php?rest_route=%2Fwp%2Fv2%2Fcomments&post=3241"}],"version-history":[{"count":9,"href":"https:\/\/ws226.juntadeandalucia.es\/iadformaconti\/wordpress\/index.php?rest_route=\/wp\/v2\/pages\/3241\/revisions"}],"predecessor-version":[{"id":3251,"href":"https:\/\/ws226.juntadeandalucia.es\/iadformaconti\/wordpress\/index.php?rest_route=\/wp\/v2\/pages\/3241\/revisions\/3251"}],"wp:featuredmedia":[{"embeddable":true,"href":"https:\/\/ws226.juntadeandalucia.es\/iadformaconti\/wordpress\/index.php?rest_route=\/wp\/v2\/media\/2529"}],"wp:attachment":[{"href":"https:\/\/ws226.juntadeandalucia.es\/iadformaconti\/wordpress\/index.php?rest_route=%2Fwp%2Fv2%2Fmedia&parent=3241"}],"curies":[{"name":"wp","href":"https:\/\/api.w.org\/{rel}","templated":true}]}}