{"id":3428,"date":"2024-07-05T11:27:01","date_gmt":"2024-07-05T09:27:01","guid":{"rendered":"https:\/\/ws226.juntadeandalucia.es\/iadformaconti\/wordpress\/?page_id=3428"},"modified":"2024-07-05T11:37:21","modified_gmt":"2024-07-05T09:37:21","slug":"taller-teorico-practico-de-entrenamiento-psicoemocional-sobre-el-miedo-al-amarillo","status":"publish","type":"page","link":"https:\/\/ws226.juntadeandalucia.es\/iadformaconti\/wordpress\/?page_id=3428","title":{"rendered":"Taller te\u00f3rico-pr\u00e1ctico de entrenamiento psicoemocional sobre el \u201cmiedo al amarillo\u201d"},"content":{"rendered":"\n\t<section class=\"section\" id=\"section_1010423816\">\n\t\t<div class=\"bg section-bg fill bg-fill  bg-loaded\" >\n\n\t\t\t\n\t\t\t\n\t\t\t\n\n\t\t<\/div><!-- .section-bg -->\n\n\t\t<div class=\"section-content relative\">\n\t\t\t\n\n<div class=\"row row-collapse row-full-width\"  id=\"row-585596315\">\n\n<div class=\"col small-12 large-12\"  ><div class=\"col-inner\"  >\n\n\n  <div class=\"banner has-hover\" id=\"banner-1602660739\">\n          <div class=\"banner-inner fill\">\n        <div class=\"banner-bg fill\" >\n            <div class=\"bg fill bg-fill \"><\/div>\n                                    \n                    <\/div><!-- bg-layers -->\n        <div class=\"banner-layers container\">\n            <div class=\"fill banner-link\"><\/div>            \n\n   <div id=\"text-box-624679603\" class=\"text-box banner-layer x50 md-x50 lg-x10 y5 md-y5 lg-y10 res-text\">\n                                <div class=\"text \">\n              \n              <div class=\"text-inner text-left\">\n                  \n\n<h1 style=\"color: #007d32; font-size: 45px;\"><strong>Taller te\u00f3rico-pr\u00e1ctico de entrenamiento psicoemocional sobre el \u00abmiedo al amarillo\u00bb<br \/><\/strong><\/h1>\n<h4 style=\"color: #007d32;\">28 de septiembre de 2024<\/h4>\n\n              <\/div>\n           <\/div><!-- text-box-inner -->\n                            \n<style scope=\"scope\">\n\n#text-box-624679603 {\n  width: 91%;\n}\n#text-box-624679603 .text {\n  font-size: 100%;\n}\n\n\n@media (min-width:550px) {\n\n  #text-box-624679603 {\n    width: 77%;\n  }\n\n}\n\n\n@media (min-width:850px) {\n\n  #text-box-624679603 {\n    width: 68%;\n  }\n\n}\n<\/style>\n    <\/div><!-- text-box -->\n \n   <div id=\"text-box-1308473016\" class=\"text-box banner-layer x50 md-x10 lg-x10 y100 md-y85 lg-y85 res-text\">\n                                <div class=\"text dark\">\n              \n              <div class=\"text-inner text-left\">\n                  \n\n<p class=\"p1\"><span class=\"s1\"><b>FECHA DE INSCRIPCI\u00d3N || <\/b>hasta el 28 de agosto de 2024, inclusive<\/span><\/p>\n<p class=\"p1\"><span class=\"s1\"><b>MODALIDAD || <\/b>Taller presencial | Gratuito<\/span><\/p>\n<p class=\"p1\"><span class=\"s1\"><b>N\u00ba HORAS || <\/b>5 horas<\/span><\/p>\n<p class=\"p1\"><span class=\"s1\"><b>FECHA || <\/b>28 de septiembre<\/span><\/p>\n<p><span class=\"s1\"><b>LUGAR || <\/b>Campo de tiro con arco Manuel Lloreda (M\u00e1laga)<\/span><\/p>\n<a rel=\"noopener noreferrer\" href=\"https:\/\/ws226.juntadeandalucia.es\/iadformtools\/modules\/form_builder\/published\/202420_taller_teoricopractico_entr_psico.php\" target=\"_blank\" class=\"button white lowercase\"  >\n    <span>INSCRIPCIONES<\/span>\n  <\/a>\n\n\n\n              <\/div>\n           <\/div><!-- text-box-inner -->\n                            \n<style scope=\"scope\">\n\n#text-box-1308473016 .text {\n  background-color: rgb(0, 125, 50);\n  font-size: 100%;\n}\n#text-box-1308473016 .text-inner {\n  padding: 10px 25px 10px 25px;\n}\n#text-box-1308473016 {\n  width: 100%;\n}\n\n\n@media (min-width:550px) {\n\n  #text-box-1308473016 {\n    width: 68%;\n  }\n\n}\n\n\n@media (min-width:850px) {\n\n  #text-box-1308473016 {\n    width: 48%;\n  }\n\n}\n<\/style>\n    <\/div><!-- text-box -->\n \n\n        <\/div><!-- .banner-layers -->\n      <\/div><!-- .banner-inner -->\n\n            \n<style scope=\"scope\">\n\n#banner-1602660739 {\n  padding-top: 499px;\n  background-color: rgb(255, 255, 255);\n}\n#banner-1602660739 .bg.bg-loaded {\n  background-image: url(https:\/\/ws226.juntadeandalucia.es\/iadformaconti\/wordpress\/wp-content\/uploads\/2022\/02\/fondo_iad22_area1-scaled.jpg);\n}\n#banner-1602660739 .bg {\n  background-position: 4% 12%;\n}\n\n\n@media (min-width:550px) {\n\n  #banner-1602660739 {\n    padding-top: 600px;\n  }\n\n}\n<\/style>\n  <\/div><!-- .banner -->\n\n\n\n<\/div><\/div>\n\n\n<style scope=\"scope\">\n\n<\/style>\n<\/div>\n\n\t\t<\/div><!-- .section-content -->\n\n\t\t\n<style scope=\"scope\">\n\n#section_1010423816 {\n  padding-top: 0px;\n  padding-bottom: 0px;\n}\n<\/style>\n\t<\/section>\n\t\n\t<section class=\"section\" id=\"section_1272338221\">\n\t\t<div class=\"bg section-bg fill bg-fill  bg-loaded\" >\n\n\t\t\t\n\t\t\t\n\t\t\t\n\n\t\t<\/div><!-- .section-bg -->\n\n\t\t<div class=\"section-content relative\">\n\t\t\t\n\n\t<div id=\"gap-869442377\" class=\"gap-element clearfix\" style=\"display:block; height:auto;\">\n\t\t\n<style scope=\"scope\">\n\n#gap-869442377 {\n  padding-top: 40px;\n}\n<\/style>\n\t<\/div>\n\t\n\n<div class=\"row align-center\"  id=\"row-878861122\">\n\n<div class=\"col medium-4 small-10 large-4\"  ><div class=\"col-inner\"  >\n\n<h2 class=\"uppercase\"><span style=\"font-size: 150%; color:white\">Descripci\u00f3n del curso<\/span><\/h2>\n<div class=\"is-divider divider clearfix\" style=\"max-width:150px;background-color:rgb(255, 255, 255);\"><\/div><!-- .divider -->\n\n<a rel=\"noopener noreferrer\" href=\"https:\/\/ws226.juntadeandalucia.es\/iadweb\/formacioncontinua\/iad_202420_html\/#p=1\" target=\"_blank\" class=\"button white is-large\"  >\n    <span>DESCARGAR PROGRAMA<\/span>\n  <i class=\"icon-angle-right\" ><\/i><\/a>\n\n\n\n<\/div><\/div>\n<div class=\"col medium-8 small-10 large-8\"  ><div class=\"col-inner\"  >\n\n<p><span style=\"color: #fafafa;\">Taller destinado a la comprensi\u00f3n del riesgo que supone el \u00abmiedo al amarillo\u00bb. Nos ofrece una visi\u00f3n de esta situaci\u00f3n problem\u00e1tica desde la gesti\u00f3n emocional en el deporte de competici\u00f3n y facilita diferentes f\u00f3rmulas de entrenamiento psicoemocional para su prevenci\u00f3n.<\/span><\/p>\n\n<\/div><\/div>\n\n\n<style scope=\"scope\">\n\n<\/style>\n<\/div>\n\n\t\t<\/div><!-- .section-content -->\n\n\t\t\n<style scope=\"scope\">\n\n#section_1272338221 {\n  padding-top: 30px;\n  padding-bottom: 30px;\n  background-color: rgb(0, 125, 50);\n}\n<\/style>\n\t<\/section>\n\t\n\t<section class=\"section\" id=\"section_137741391\">\n\t\t<div class=\"bg section-bg fill bg-fill  bg-loaded\" >\n\n\t\t\t\n\t\t\t\n\t\t\t\n\n\t\t<\/div><!-- .section-bg -->\n\n\t\t<div class=\"section-content relative\">\n\t\t\t\n\n<div class=\"row\"  id=\"row-140612214\">\n\n<div class=\"col small-12 large-12\"  ><div class=\"col-inner\"  >\n\n<h1 style=\"color: #007d32; font-size: 45px;\"><strong>DIRECCI\u00d3N<\/strong><\/h1>\n<div class=\"is-divider divider clearfix\" style=\"max-width:150px;background-color:rgb(0, 125, 50);\"><\/div><!-- .divider -->\n\n\n<\/div><\/div>\n\n<\/div>\n<div class=\"row row-large align-middle align-center\"  id=\"row-909322451\">\n\n<div class=\"col medium-5 small-12 large-6\"  ><div class=\"col-inner text-center\" style=\"margin:0px 0px 40px 0px;\" >\n\n<h1 style=\"color: #007d32; font-size: 45px;\"><strong>Federaci\u00f3n Andaluza de Tiro con Arco. Alberto Robles Mart\u00edn.<\/strong><\/h1>\n<p>Director de formaci\u00f3n de la Federaci\u00f3n Andaluza de Tiro con Arco (FATA) y delegado de FATA en M\u00e1laga.<\/p>\n\t<div id=\"gap-2015615067\" class=\"gap-element clearfix\" style=\"display:block; height:auto;\">\n\t\t\n<style scope=\"scope\">\n\n#gap-2015615067 {\n  padding-top: 10px;\n}\n<\/style>\n\t<\/div>\n\t\n\n\n<\/div><\/div>\n<div class=\"col hide-for-medium medium-2 small-12 large-2\"  ><div class=\"col-inner\"  >\n\n\t<div id=\"gap-1575764596\" class=\"gap-element clearfix\" style=\"display:block; height:auto;\">\n\t\t\n<style scope=\"scope\">\n\n#gap-1575764596 {\n  padding-top: 30px;\n}\n<\/style>\n\t<\/div>\n\t\n\n\n<\/div><\/div>\n\n\n<style scope=\"scope\">\n\n<\/style>\n<\/div>\n\n\t\t<\/div><!-- .section-content -->\n\n\t\t\n<style scope=\"scope\">\n\n#section_137741391 {\n  padding-top: 50px;\n  padding-bottom: 50px;\n}\n<\/style>\n\t<\/section>\n\t\n\t<section class=\"section\" id=\"section_855866120\">\n\t\t<div class=\"bg section-bg fill bg-fill  bg-loaded\" >\n\n\t\t\t\n\t\t\t\n\t\t\t\n\n\t\t<\/div><!-- .section-bg -->\n\n\t\t<div class=\"section-content relative\">\n\t\t\t\n\n<div class=\"row align-center\"  id=\"row-1638982871\">\n\n<div class=\"col small-12 large-12\"  ><div class=\"col-inner\"  >\n\n<div class=\"row align-center\"  id=\"row-292563570\">\n\n\n\n<style scope=\"scope\">\n\n<\/style>\n<\/div>\n\n<\/div><\/div>\n\n\n<style scope=\"scope\">\n\n<\/style>\n<\/div>\n\n\t\t<\/div><!-- .section-content -->\n\n\t\t\n<style scope=\"scope\">\n\n#section_855866120 {\n  padding-top: 30px;\n  padding-bottom: 30px;\n}\n<\/style>\n\t<\/section>\n\t\n\n","protected":false},"excerpt":{"rendered":"","protected":false},"author":4,"featured_media":2529,"parent":0,"menu_order":0,"comment_status":"closed","ping_status":"closed","template":"page-blank.php","meta":{"footnotes":""},"class_list":["post-3428","page","type-page","status-publish","has-post-thumbnail","hentry"],"_links":{"self":[{"href":"https:\/\/ws226.juntadeandalucia.es\/iadformaconti\/wordpress\/index.php?rest_route=\/wp\/v2\/pages\/3428","targetHints":{"allow":["GET"]}}],"collection":[{"href":"https:\/\/ws226.juntadeandalucia.es\/iadformaconti\/wordpress\/index.php?rest_route=\/wp\/v2\/pages"}],"about":[{"href":"https:\/\/ws226.juntadeandalucia.es\/iadformaconti\/wordpress\/index.php?rest_route=\/wp\/v2\/types\/page"}],"author":[{"embeddable":true,"href":"https:\/\/ws226.juntadeandalucia.es\/iadformaconti\/wordpress\/index.php?rest_route=\/wp\/v2\/users\/4"}],"replies":[{"embeddable":true,"href":"https:\/\/ws226.juntadeandalucia.es\/iadformaconti\/wordpress\/index.php?rest_route=%2Fwp%2Fv2%2Fcomments&post=3428"}],"version-history":[{"count":7,"href":"https:\/\/ws226.juntadeandalucia.es\/iadformaconti\/wordpress\/index.php?rest_route=\/wp\/v2\/pages\/3428\/revisions"}],"predecessor-version":[{"id":3435,"href":"https:\/\/ws226.juntadeandalucia.es\/iadformaconti\/wordpress\/index.php?rest_route=\/wp\/v2\/pages\/3428\/revisions\/3435"}],"wp:featuredmedia":[{"embeddable":true,"href":"https:\/\/ws226.juntadeandalucia.es\/iadformaconti\/wordpress\/index.php?rest_route=\/wp\/v2\/media\/2529"}],"wp:attachment":[{"href":"https:\/\/ws226.juntadeandalucia.es\/iadformaconti\/wordpress\/index.php?rest_route=%2Fwp%2Fv2%2Fmedia&parent=3428"}],"curies":[{"name":"wp","href":"https:\/\/api.w.org\/{rel}","templated":true}]}}