{"id":3566,"date":"2025-04-03T12:10:32","date_gmt":"2025-04-03T10:10:32","guid":{"rendered":"https:\/\/ws226.juntadeandalucia.es\/iadformaconti\/wordpress\/?page_id=3566"},"modified":"2025-04-22T14:08:19","modified_gmt":"2025-04-22T12:08:19","slug":"ejercicio-fisico-y-cancer-de-la-prevencion-al-tratamiento-2","status":"publish","type":"page","link":"https:\/\/ws226.juntadeandalucia.es\/iadformaconti\/wordpress\/?page_id=3566","title":{"rendered":"Ejercicio f\u00edsico y c\u00e1ncer: de la prevenci\u00f3n al tratamiento"},"content":{"rendered":"\t<section class=\"section\" id=\"section_7213777\">\n\t\t<div class=\"bg section-bg fill bg-fill  bg-loaded\" >\n\n\t\t\t\n\t\t\t\n\t\t\t\n\n\t\t<\/div><!-- .section-bg -->\n\n\t\t<div class=\"section-content relative\">\n\t\t\t\n<div class=\"row row-collapse row-full-width\"  id=\"row-2147168251\">\n<div class=\"col small-12 large-12\"  ><div class=\"col-inner\"  >\n\n  <div class=\"banner has-hover\" id=\"banner-1153248773\">\n          <div class=\"banner-inner fill\">\n        <div class=\"banner-bg fill\" >\n            <div class=\"bg fill bg-fill \"><\/div>\n                                    \n                    <\/div><!-- bg-layers -->\n        <div class=\"banner-layers container\">\n            <div class=\"fill banner-link\"><\/div>            \n   <div id=\"text-box-293012119\" class=\"text-box banner-layer x50 md-x50 lg-x10 y5 md-y5 lg-y5 res-text\">\n                                <div class=\"text \">\n              \n              <div class=\"text-inner text-left\">\n                  \n<h1 style=\"color: #b62528; font-size: 45px;\"><strong>Ejercicio f\u00edsico y c\u00e1ncer: de la prevenci\u00f3n al tratamiento<br \/><\/strong><\/h1>\n<h4 style=\"color: #b62528;\">\u00a0Del 15 de mayo al 15 de junio de 2025<\/h4>\n              <\/div>\n           <\/div><!-- text-box-inner -->\n                            \n<style scope=\"scope\">\n\n#text-box-293012119 {\n  width: 100%;\n}\n#text-box-293012119 .text {\n  font-size: 100%;\n}\n\n\n@media (min-width:550px) {\n\n  #text-box-293012119 {\n    width: 77%;\n  }\n\n}\n\n\n@media (min-width:850px) {\n\n  #text-box-293012119 {\n    width: 49%;\n  }\n\n}\n<\/style>\n    <\/div><!-- text-box -->\n \n   <div id=\"text-box-174488673\" class=\"text-box banner-layer x50 md-x10 lg-x10 y100 md-y85 lg-y95 res-text\">\n                                <div class=\"text dark\">\n              \n              <div class=\"text-inner text-left\">\n                  \n<p><b>FECHA DE INSCRIPCI\u00d3N ||<\/b>Hasta el 15de abril de 2025 inclusive<\/p>\n<p class=\"p1\"><span class=\"s1\"><b>MODALIDAD || <\/b>Online teleformaci\u00f3n | gratuito<\/span><\/p>\n<p><b>N\u00ba HORAS ||\u00a0<\/b>40 horas<\/p>\n<p><span class=\"s1\"><b>N\u00daMERO PLAZAS || <\/b>100<\/span><\/p>\n<p class=\"p1\"><span class=\"s1\"><b>DESTINATARIOS ||<\/b> \u00b7 Graduado\/as o licenciado\/as en Ciencias de la Actividad F\u00edsica y del Deporte.<br \/>\u00b7 T\u00e9cnicos\/as contratados\/as por ayuntamientos para programas de ejercicio f\u00edsico en poblaci\u00f3n oncol\u00f3gica.<br \/>\u00b7 M\u00e9dicos, enfermero\/as, fisioterapeutas y t\u00e9cnicos\/a deportivos\/as.<\/span><\/p>\n<a rel=\"noopener noreferrer\" href=\"https:\/\/ws226.juntadeandalucia.es\/iadformtools\/modules\/form_builder\/published\/202507_ejercicion_fisico_cancer.php\" target=\"_blank\" class=\"button white lowercase\"  >\n    <span>INSCRIPCIONES<\/span>\n  <\/a>\n\n              <\/div>\n           <\/div><!-- text-box-inner -->\n                            \n<style scope=\"scope\">\n\n#text-box-174488673 .text {\n  background-color: rgb(182, 37, 40);\n  font-size: 100%;\n}\n#text-box-174488673 .text-inner {\n  padding: 10px 25px 10px 25px;\n}\n#text-box-174488673 {\n  width: 100%;\n}\n\n\n@media (min-width:550px) {\n\n  #text-box-174488673 {\n    width: 68%;\n  }\n\n}\n\n\n@media (min-width:850px) {\n\n  #text-box-174488673 {\n    width: 48%;\n  }\n\n}\n<\/style>\n    <\/div><!-- text-box -->\n \n        <\/div><!-- .banner-layers -->\n      <\/div><!-- .banner-inner -->\n\n            \n<style scope=\"scope\">\n\n#banner-1153248773 {\n  padding-top: 499px;\n  background-color: rgb(255, 255, 255);\n}\n#banner-1153248773 .bg.bg-loaded {\n  background-image: url(https:\/\/ws226.juntadeandalucia.es\/iadformaconti\/wordpress\/wp-content\/uploads\/2022\/02\/fondo_iad22_area1-scaled.jpg);\n}\n#banner-1153248773 .bg {\n  background-position: 4% 12%;\n}\n\n\n@media (min-width:550px) {\n\n  #banner-1153248773 {\n    padding-top: 680px;\n  }\n\n}\n<\/style>\n  <\/div><!-- .banner -->\n\n\n<\/div><\/div>\n\n<style scope=\"scope\">\n\n<\/style>\n<\/div>\n\t\t<\/div><!-- .section-content -->\n\n\t\t\n<style scope=\"scope\">\n\n#section_7213777 {\n  padding-top: 0px;\n  padding-bottom: 0px;\n}\n<\/style>\n\t<\/section>\n\t\n\t<section class=\"section\" id=\"section_460900378\">\n\t\t<div class=\"bg section-bg fill bg-fill  bg-loaded\" >\n\n\t\t\t\n\t\t\t\n\t\t\t\n\n\t\t<\/div><!-- .section-bg -->\n\n\t\t<div class=\"section-content relative\">\n\t\t\t\n\t<div id=\"gap-873012235\" class=\"gap-element clearfix\" style=\"display:block; height:auto;\">\n\t\t\n<style scope=\"scope\">\n\n#gap-873012235 {\n  padding-top: 40px;\n}\n<\/style>\n\t<\/div>\n\t\n<div class=\"row align-center\"  id=\"row-15304185\">\n<div class=\"col medium-4 small-10 large-4\"  ><div class=\"col-inner\"  >\n<h2 class=\"uppercase\"><span style=\"font-size: 150%; color:white\">Descripci\u00f3n del curso<\/span><\/h2>\n<div class=\"is-divider divider clearfix\" style=\"max-width:150px;background-color:rgb(255, 255, 255);\"><\/div><!-- .divider -->\n<a rel=\"noopener noreferrer\" href=\"https:\/\/ws226.juntadeandalucia.es\/iadweb\/formacioncontinua\/iad_programa_202507_html\" target=\"_blank\" class=\"button white is-large\"  >\n    <span>DESCARGAR PROGRAMA<\/span>\n  <i class=\"icon-angle-right\" ><\/i><\/a>\n\n<\/div><\/div>\n<div class=\"col medium-8 small-10 large-8\"  ><div class=\"col-inner\"  >\n<p class=\"\" data-start=\"59\" data-end=\"382\"><span style=\"color: #ffffff;\">El c\u00e1ncer es actualmente una de las enfermedades m\u00e1s prevalentes a nivel global y representa un importante desaf\u00edo para la salud p\u00fablica. A medida que envejecemos, aumenta nuestro riesgo de desarrollar c\u00e1ncer, ya que la probabilidad de acumular mutaciones en nuestro material gen\u00e9tico se incrementa con el paso de los a\u00f1os.<\/span><\/p>\n<p class=\"\" data-start=\"384\" data-end=\"806\"><span style=\"color: #ffffff;\">En la sociedad actual, el c\u00e1ncer es una enfermedad que, aunque cada vez es m\u00e1s frecuente, sigue siendo estigmatizada en muchos aspectos. En el pasado, recibir un diagn\u00f3stico de c\u00e1ncer sol\u00eda llevar consigo la idea de una alta mortalidad. Sin embargo, esta realidad est\u00e1 cambiando gracias a los avances en la medicina y la investigaci\u00f3n, lo que permite que las personas vivan con c\u00e1ncer y no necesariamente mueran de c\u00e1ncer.<\/span><\/p>\n<p class=\"\" data-start=\"808\" data-end=\"1577\"><span style=\"color: #ffffff;\">En este contexto, el ejercicio f\u00edsico emerge como un s\u00f3lido muro en la lucha contra el c\u00e1ncer. La realizaci\u00f3n de actividad f\u00edsica no solo ha demostrado reducir el riesgo de desarrollar esta enfermedad, sino que tambi\u00e9n puede desempe\u00f1ar un papel fundamental en la prevenci\u00f3n de reca\u00eddas y en el apoyo durante el tratamiento. Adem\u00e1s, el ejercicio ayuda a quienes ya est\u00e1n luchando contra la enfermedad a mejorar su tolerancia a los tratamientos, disminuir el riesgo de efectos secundarios o preparar al cuerpo para afrontar una cirug\u00eda derivada del c\u00e1ncer. En resumen, el ejercicio f\u00edsico debe ser considerado como un pilar esencial en la prevenci\u00f3n y el manejo del c\u00e1ncer, fortaleciendo la salud y ofreciendo una mayor calidad de vida a quienes combaten esta enfermedad.<\/span><\/p>\n<p class=\"\" data-start=\"1579\" data-end=\"2086\"><span style=\"color: #ffffff;\">El prop\u00f3sito de este curso es proporcionar una comprensi\u00f3n detallada del impacto del estilo de vida en la prevenci\u00f3n y el tratamiento del c\u00e1ncer; explicar desde una perspectiva biol\u00f3gica y evolutiva c\u00f3mo se desarrolla el c\u00e1ncer, lo que nos ayudar\u00e1 a comprender por qu\u00e9 el ejercicio puede ser una herramienta eficaz en su prevenci\u00f3n y manejo; y por \u00faltimo, analizar en profundidad el potencial del ejercicio f\u00edsico en las diferentes etapas del continuo del c\u00e1ncer (antes, durante y despu\u00e9s de la enfermedad).<\/span><\/p>\n<p class=\"\" data-start=\"2088\" data-end=\"2364\"><span style=\"color: #ffffff;\">Con este curso buscamos destacar que, m\u00e1s all\u00e1 de los tratamientos m\u00e9dicos convencionales, fortalecer y preparar el cuerpo para combatir lo que algunos autores describen como una \u201cenfermedad de alto rendimiento\u201d es una estrategia clave para hacer frente eficazmente al c\u00e1ncer.<\/span><\/p>\n<\/div><\/div>\n\n<style scope=\"scope\">\n\n<\/style>\n<\/div>\n\t\t<\/div><!-- .section-content -->\n\n\t\t\n<style scope=\"scope\">\n\n#section_460900378 {\n  padding-top: 30px;\n  padding-bottom: 30px;\n  background-color: rgb(190, 22, 34);\n}\n<\/style>\n\t<\/section>\n\t\n\t<section class=\"section\" id=\"section_1818586040\">\n\t\t<div class=\"bg section-bg fill bg-fill  bg-loaded\" >\n\n\t\t\t\n\t\t\t\n\t\t\t\n\n\t\t<\/div><!-- .section-bg -->\n\n\t\t<div class=\"section-content relative\">\n\t\t\t\n<div class=\"row\"  id=\"row-1617911486\">\n<div class=\"col small-12 large-12\"  ><div class=\"col-inner\"  >\n<h2 class=\"uppercase\"><span style=\"font-size: 150%; color: #be1622;\">DIRECCI\u00d3N<\/span><\/h2>\n<div class=\"is-divider divider clearfix\" style=\"max-width:150px;background-color:rgb(190, 22, 34);\"><\/div><!-- .divider -->\n<\/div><\/div>\n<\/div>\n<div class=\"row row-large align-middle align-center\"  id=\"row-893227041\">\n<div class=\"col medium-5 small-12 large-6\"  ><div class=\"col-inner text-center\" style=\"margin:0px 0px 40px 0px;\" >\n<h2><span style=\"font-size: 150%; color: #be1622;\"> Javier Salvador Morales Rojas<\/span><\/h2>\n<p>Investigador Ram\u00f3n y Cajal en la Universidad de Almer\u00eda. <br \/>Codirector de Fissac.<\/p>\n\t<div id=\"gap-119258095\" class=\"gap-element clearfix\" style=\"display:block; height:auto;\">\n\t\t\n<style scope=\"scope\">\n\n#gap-119258095 {\n  padding-top: 10px;\n}\n<\/style>\n\t<\/div>\n\t\n<\/div><\/div>\n<div class=\"col hide-for-medium medium-2 small-12 large-2\"  ><div class=\"col-inner\"  >\n\t<div id=\"gap-1479932692\" class=\"gap-element clearfix\" style=\"display:block; height:auto;\">\n\t\t\n<style scope=\"scope\">\n\n#gap-1479932692 {\n  padding-top: 30px;\n}\n<\/style>\n\t<\/div>\n\t\n<\/div><\/div>\n\n<style scope=\"scope\">\n\n<\/style>\n<\/div>\n\t\t<\/div><!-- .section-content -->\n\n\t\t\n<style scope=\"scope\">\n\n#section_1818586040 {\n  padding-top: 50px;\n  padding-bottom: 50px;\n}\n<\/style>\n\t<\/section>\n\t\n","protected":false},"excerpt":{"rendered":"","protected":false},"author":4,"featured_media":3567,"parent":0,"menu_order":0,"comment_status":"closed","ping_status":"closed","template":"page-blank.php","meta":{"footnotes":""},"class_list":["post-3566","page","type-page","status-publish","has-post-thumbnail","hentry"],"_links":{"self":[{"href":"https:\/\/ws226.juntadeandalucia.es\/iadformaconti\/wordpress\/index.php?rest_route=\/wp\/v2\/pages\/3566","targetHints":{"allow":["GET"]}}],"collection":[{"href":"https:\/\/ws226.juntadeandalucia.es\/iadformaconti\/wordpress\/index.php?rest_route=\/wp\/v2\/pages"}],"about":[{"href":"https:\/\/ws226.juntadeandalucia.es\/iadformaconti\/wordpress\/index.php?rest_route=\/wp\/v2\/types\/page"}],"author":[{"embeddable":true,"href":"https:\/\/ws226.juntadeandalucia.es\/iadformaconti\/wordpress\/index.php?rest_route=\/wp\/v2\/users\/4"}],"replies":[{"embeddable":true,"href":"https:\/\/ws226.juntadeandalucia.es\/iadformaconti\/wordpress\/index.php?rest_route=%2Fwp%2Fv2%2Fcomments&post=3566"}],"version-history":[{"count":3,"href":"https:\/\/ws226.juntadeandalucia.es\/iadformaconti\/wordpress\/index.php?rest_route=\/wp\/v2\/pages\/3566\/revisions"}],"predecessor-version":[{"id":3693,"href":"https:\/\/ws226.juntadeandalucia.es\/iadformaconti\/wordpress\/index.php?rest_route=\/wp\/v2\/pages\/3566\/revisions\/3693"}],"wp:featuredmedia":[{"embeddable":true,"href":"https:\/\/ws226.juntadeandalucia.es\/iadformaconti\/wordpress\/index.php?rest_route=\/wp\/v2\/media\/3567"}],"wp:attachment":[{"href":"https:\/\/ws226.juntadeandalucia.es\/iadformaconti\/wordpress\/index.php?rest_route=%2Fwp%2Fv2%2Fmedia&parent=3566"}],"curies":[{"name":"wp","href":"https:\/\/api.w.org\/{rel}","templated":true}]}}