{"id":3799,"date":"2025-09-23T10:55:23","date_gmt":"2025-09-23T08:55:23","guid":{"rendered":"https:\/\/ws226.juntadeandalucia.es\/iadformaconti\/wordpress\/?page_id=3799"},"modified":"2025-09-23T11:48:34","modified_gmt":"2025-09-23T09:48:34","slug":"ii-jornadas-tecnicas-del-triatlon-andaluz","status":"publish","type":"page","link":"https:\/\/ws226.juntadeandalucia.es\/iadformaconti\/wordpress\/?page_id=3799","title":{"rendered":"II Jornadas t\u00e9cnicas del triatl\u00f3n andaluz"},"content":{"rendered":"\t<section class=\"section\" id=\"section_2094079122\">\n\t\t<div class=\"bg section-bg fill bg-fill  bg-loaded\" >\n\n\t\t\t\n\t\t\t\n\t\t\t\n\n\t\t<\/div><!-- .section-bg -->\n\n\t\t<div class=\"section-content relative\">\n\t\t\t\n<div class=\"row row-collapse row-full-width\"  id=\"row-522110114\">\n<div class=\"col small-12 large-12\"  ><div class=\"col-inner\"  >\n\n  <div class=\"banner has-hover\" id=\"banner-1448725374\">\n          <div class=\"banner-inner fill\">\n        <div class=\"banner-bg fill\" >\n            <div class=\"bg fill bg-fill \"><\/div>\n                                    \n                    <\/div><!-- bg-layers -->\n        <div class=\"banner-layers container\">\n            <div class=\"fill banner-link\"><\/div>            \n   <div id=\"text-box-576921326\" class=\"text-box banner-layer x50 md-x50 lg-x10 y0 md-y5 lg-y5 res-text\">\n                                <div class=\"text \">\n              \n              <div class=\"text-inner text-left\">\n                  \n<h1 style=\"color: #007d32; font-size: 45px;\"><strong>II Jornadas t\u00e9cnicas de triatl\u00f3n en el deporte<br \/><\/strong><\/h1>\n<h4 style=\"color: #007d32;\">27 de noviembre de 2025<\/h4>\n              <\/div>\n           <\/div><!-- text-box-inner -->\n                            \n<style scope=\"scope\">\n\n#text-box-576921326 {\n  width: 100%;\n}\n#text-box-576921326 .text {\n  font-size: 100%;\n}\n\n\n@media (min-width:550px) {\n\n  #text-box-576921326 {\n    width: 77%;\n  }\n\n}\n\n\n@media (min-width:850px) {\n\n  #text-box-576921326 {\n    width: 73%;\n  }\n\n}\n<\/style>\n    <\/div><!-- text-box -->\n \n   <div id=\"text-box-1157962534\" class=\"text-box banner-layer x50 md-x10 lg-x10 y100 md-y90 lg-y85 res-text\">\n                                <div class=\"text dark\">\n              \n              <div class=\"text-inner text-left\">\n                  \n<p class=\"p1\"><span class=\"s1\"><b>FECHA DE INSCRIPCI\u00d3N || <\/b>hasta el 18 de noviembre de 2025, inclusive<\/span><\/p>\n<p class=\"p1\"><span class=\"s1\"><b>MODALIDAD || <\/b>Jornada online | Gratuito<\/span><\/p>\n<p class=\"p1\"><span class=\"s1\"><b>N\u00ba HORAS || <\/b>10 horas<\/span><\/p>\n<p class=\"p1\"><span class=\"s1\"><b>FECHA || <\/b>25 de noviembre<\/span><\/p>\n<p><span class=\"s1\"><b>DESTINATARIOS || <\/b>Profesionales y amantes del triatl\u00f3n, deportistas y entrenadores de deportes relacionados y deportes de resistencia.<\/span><\/p>\n<a rel=\"noopener noreferrer\" href=\"https:\/\/ws226.juntadeandalucia.es\/iadformtools\/modules\/form_builder\/published\/202520_jornadas_tecnicas_triatlon.php\" target=\"_blank\" class=\"button white lowercase\"  >\n    <span>INSCRIPCIONES<\/span>\n  <\/a>\n\n              <\/div>\n           <\/div><!-- text-box-inner -->\n                            \n<style scope=\"scope\">\n\n#text-box-1157962534 .text {\n  background-color: rgb(0, 125, 50);\n  font-size: 100%;\n}\n#text-box-1157962534 .text-inner {\n  padding: 10px 25px 10px 25px;\n}\n#text-box-1157962534 {\n  width: 100%;\n}\n\n\n@media (min-width:550px) {\n\n  #text-box-1157962534 {\n    width: 68%;\n  }\n\n}\n\n\n@media (min-width:850px) {\n\n  #text-box-1157962534 {\n    width: 48%;\n  }\n\n}\n<\/style>\n    <\/div><!-- text-box -->\n \n        <\/div><!-- .banner-layers -->\n      <\/div><!-- .banner-inner -->\n\n            \n<style scope=\"scope\">\n\n#banner-1448725374 {\n  padding-top: 499px;\n  background-color: rgb(255, 255, 255);\n}\n#banner-1448725374 .bg.bg-loaded {\n  background-image: url(https:\/\/ws226.juntadeandalucia.es\/iadformaconti\/wordpress\/wp-content\/uploads\/2022\/02\/fondo_iad22_area1-scaled.jpg);\n}\n#banner-1448725374 .bg {\n  background-position: 4% 12%;\n}\n\n\n@media (min-width:550px) {\n\n  #banner-1448725374 {\n    padding-top: 600px;\n  }\n\n}\n<\/style>\n  <\/div><!-- .banner -->\n\n\n<\/div><\/div>\n\n<style scope=\"scope\">\n\n<\/style>\n<\/div>\n\t\t<\/div><!-- .section-content -->\n\n\t\t\n<style scope=\"scope\">\n\n#section_2094079122 {\n  padding-top: 0px;\n  padding-bottom: 0px;\n}\n<\/style>\n\t<\/section>\n\t\n\t<section class=\"section\" id=\"section_1525839294\">\n\t\t<div class=\"bg section-bg fill bg-fill  bg-loaded\" >\n\n\t\t\t\n\t\t\t\n\t\t\t\n\n\t\t<\/div><!-- .section-bg -->\n\n\t\t<div class=\"section-content relative\">\n\t\t\t\n\t<div id=\"gap-1551739819\" class=\"gap-element clearfix\" style=\"display:block; height:auto;\">\n\t\t\n<style scope=\"scope\">\n\n#gap-1551739819 {\n  padding-top: 40px;\n}\n<\/style>\n\t<\/div>\n\t\n<div class=\"row align-center\"  id=\"row-874878426\">\n<div class=\"col medium-4 small-10 large-4\"  ><div class=\"col-inner\"  >\n<h2 class=\"uppercase\"><span style=\"font-size: 150%; color: white;\">Descripci\u00f3n del curso<\/span><\/h2>\n<div class=\"is-divider divider clearfix\" style=\"max-width:150px;background-color:rgb(255, 255, 255);\"><\/div><!-- .divider -->\n<a rel=\"noopener noreferrer\" href=\"https:\/\/juntadeandalucia.es\/sites\/default\/files\/2025-09\/iad_programa_202520_jornadas_tecnicas_triatlon.pdf\" target=\"_blank\" class=\"button white is-large\"  >\n    <span>DESCARGAR PROGRAMA<\/span>\n  <i class=\"icon-angle-right\" ><\/i><\/a>\n\n<\/div><\/div>\n<div class=\"col medium-8 small-10 large-8\"  ><div class=\"col-inner\"  >\n<p><span style=\"color: #fafafa;\">Se trata de un evento formativo especializado de un d\u00eda, dise\u00f1ado por y para entrenadores, deportistas de triatl\u00f3n de todos los niveles y amantes de deportes de resistencia, desde principiantes hasta deportistas experimentados.<\/span><\/p>\n<p><span style=\"color: #fafafa;\">Este evento es una oportunidad \u00fanica para sumergirse en el mundo del triatl\u00f3n, con un enfoque en la formaci\u00f3n continua, la innovaci\u00f3n y el intercambio de conocimientos entre diferentes profesionales del sector.<\/span><\/p>\n<p><span style=\"color: #fafafa;\">Hemos logrado aglutinar una relaci\u00f3n de destacados ponentes que van a transmitir todos los conocimientos de su campo aplicados al triatl\u00f3n y a los triatletas.<\/span><\/p>\n<\/div><\/div>\n\n<style scope=\"scope\">\n\n<\/style>\n<\/div>\n\t\t<\/div><!-- .section-content -->\n\n\t\t\n<style scope=\"scope\">\n\n#section_1525839294 {\n  padding-top: 30px;\n  padding-bottom: 30px;\n  background-color: rgb(0, 125, 50);\n}\n<\/style>\n\t<\/section>\n\t\n\t<section class=\"section\" id=\"section_701756071\">\n\t\t<div class=\"bg section-bg fill bg-fill  bg-loaded\" >\n\n\t\t\t\n\t\t\t\n\t\t\t\n\n\t\t<\/div><!-- .section-bg -->\n\n\t\t<div class=\"section-content relative\">\n\t\t\t\n<div class=\"row\"  id=\"row-210197218\">\n<div class=\"col small-12 large-12\"  ><div class=\"col-inner\"  >\n<h1 style=\"color: #007d32; font-size: 45px;\"><strong>DIRECCI\u00d3N<\/strong><\/h1>\n<div class=\"is-divider divider clearfix\" style=\"max-width:150px;background-color:rgb(0, 125, 50);\"><\/div><!-- .divider -->\n<\/div><\/div>\n<\/div>\n<div class=\"row row-large align-middle align-center\"  id=\"row-1297197234\">\n<div class=\"col medium-5 small-12 large-7\"  ><div class=\"col-inner text-center\" style=\"margin:0px 0px 40px 0px;\" >\n<h1 style=\"color: #007d32; font-size: 45px;\"><strong>Federaci\u00f3n Andaluza de Triatl\u00f3n<\/strong><\/h1>\n<p style=\"color: #007d32; font-size: 45px;\"><span style=\"font-size: 75%;\">Jos\u00e9 \u00c1ngel D\u00edaz Cabrera<\/span><\/p>\n\t<div id=\"gap-73558001\" class=\"gap-element clearfix\" style=\"display:block; height:auto;\">\n\t\t\n<style scope=\"scope\">\n\n#gap-73558001 {\n  padding-top: 10px;\n}\n<\/style>\n\t<\/div>\n\t\n<\/div><\/div>\n<div class=\"col hide-for-medium medium-1 small-12 large-1\"  ><div class=\"col-inner\"  >\n\t<div id=\"gap-1324407375\" class=\"gap-element clearfix\" style=\"display:block; height:auto;\">\n\t\t\n<style scope=\"scope\">\n\n#gap-1324407375 {\n  padding-top: 30px;\n}\n<\/style>\n\t<\/div>\n\t\n<\/div><\/div>\n\n<style scope=\"scope\">\n\n<\/style>\n<\/div>\n\t\t<\/div><!-- .section-content -->\n\n\t\t\n<style scope=\"scope\">\n\n#section_701756071 {\n  padding-top: 50px;\n  padding-bottom: 50px;\n}\n<\/style>\n\t<\/section>\n\t\n\t<section class=\"section\" id=\"section_991502384\">\n\t\t<div class=\"bg section-bg fill bg-fill  bg-loaded\" >\n\n\t\t\t\n\t\t\t\n\t\t\t\n\n\t\t<\/div><!-- .section-bg -->\n\n\t\t<div class=\"section-content relative\">\n\t\t\t\n<div class=\"row align-center\"  id=\"row-682263946\">\n<div class=\"col small-12 large-12\"  ><div class=\"col-inner\"  >\n<div class=\"row align-center\"  id=\"row-1128225330\">\n\n<style scope=\"scope\">\n\n<\/style>\n<\/div>\n<\/div><\/div>\n\n<style scope=\"scope\">\n\n<\/style>\n<\/div>\n\t\t<\/div><!-- .section-content -->\n\n\t\t\n<style scope=\"scope\">\n\n#section_991502384 {\n  padding-top: 30px;\n  padding-bottom: 30px;\n}\n<\/style>\n\t<\/section>\n\t\n","protected":false},"excerpt":{"rendered":"","protected":false},"author":4,"featured_media":3597,"parent":0,"menu_order":0,"comment_status":"closed","ping_status":"closed","template":"page-blank.php","meta":{"footnotes":""},"class_list":["post-3799","page","type-page","status-publish","has-post-thumbnail","hentry"],"_links":{"self":[{"href":"https:\/\/ws226.juntadeandalucia.es\/iadformaconti\/wordpress\/index.php?rest_route=\/wp\/v2\/pages\/3799","targetHints":{"allow":["GET"]}}],"collection":[{"href":"https:\/\/ws226.juntadeandalucia.es\/iadformaconti\/wordpress\/index.php?rest_route=\/wp\/v2\/pages"}],"about":[{"href":"https:\/\/ws226.juntadeandalucia.es\/iadformaconti\/wordpress\/index.php?rest_route=\/wp\/v2\/types\/page"}],"author":[{"embeddable":true,"href":"https:\/\/ws226.juntadeandalucia.es\/iadformaconti\/wordpress\/index.php?rest_route=\/wp\/v2\/users\/4"}],"replies":[{"embeddable":true,"href":"https:\/\/ws226.juntadeandalucia.es\/iadformaconti\/wordpress\/index.php?rest_route=%2Fwp%2Fv2%2Fcomments&post=3799"}],"version-history":[{"count":8,"href":"https:\/\/ws226.juntadeandalucia.es\/iadformaconti\/wordpress\/index.php?rest_route=\/wp\/v2\/pages\/3799\/revisions"}],"predecessor-version":[{"id":3808,"href":"https:\/\/ws226.juntadeandalucia.es\/iadformaconti\/wordpress\/index.php?rest_route=\/wp\/v2\/pages\/3799\/revisions\/3808"}],"wp:featuredmedia":[{"embeddable":true,"href":"https:\/\/ws226.juntadeandalucia.es\/iadformaconti\/wordpress\/index.php?rest_route=\/wp\/v2\/media\/3597"}],"wp:attachment":[{"href":"https:\/\/ws226.juntadeandalucia.es\/iadformaconti\/wordpress\/index.php?rest_route=%2Fwp%2Fv2%2Fmedia&parent=3799"}],"curies":[{"name":"wp","href":"https:\/\/api.w.org\/{rel}","templated":true}]}}