{"id":3809,"date":"2025-10-07T11:07:23","date_gmt":"2025-10-07T09:07:23","guid":{"rendered":"https:\/\/ws226.juntadeandalucia.es\/iadformaconti\/wordpress\/?page_id=3809"},"modified":"2025-10-24T15:01:43","modified_gmt":"2025-10-24T13:01:43","slug":"superacion-de-barreras-para-el-acceso-de-deportistas","status":"publish","type":"page","link":"https:\/\/ws226.juntadeandalucia.es\/iadformaconti\/wordpress\/?page_id=3809","title":{"rendered":"Superaci\u00f3n de barreras para el acceso de deportistas"},"content":{"rendered":"\t<section class=\"section\" id=\"section_458191516\">\n\t\t<div class=\"bg section-bg fill bg-fill  bg-loaded\" >\n\n\t\t\t\n\t\t\t\n\t\t\t\n\n\t\t<\/div><!-- .section-bg -->\n\n\t\t<div class=\"section-content relative\">\n\t\t\t\n<div class=\"row row-collapse row-full-width\"  id=\"row-86767340\">\n<div class=\"col small-12 large-12\"  ><div class=\"col-inner\"  >\n\n  <div class=\"banner has-hover\" id=\"banner-68968702\">\n          <div class=\"banner-inner fill\">\n        <div class=\"banner-bg fill\" >\n            <div class=\"bg fill bg-fill \"><\/div>\n                                    \n                    <\/div><!-- bg-layers -->\n        <div class=\"banner-layers container\">\n            <div class=\"fill banner-link\"><\/div>            \n   <div id=\"text-box-2088692756\" class=\"text-box banner-layer x50 md-x50 lg-x10 y0 md-y5 lg-y0 res-text\">\n                                <div class=\"text \">\n              \n              <div class=\"text-inner text-left\">\n                  \n<h1 style=\"color: #007d32; font-size: 45px;\"><strong>Superaci\u00f3n de barreras para el acceso de deportistas<br \/><\/strong><\/h1>\n<h4 style=\"color: #007d32;\">Del 14 al 16 de noviembre de 2025<\/h4>\n              <\/div>\n           <\/div><!-- text-box-inner -->\n                            \n<style scope=\"scope\">\n\n#text-box-2088692756 {\n  width: 100%;\n}\n#text-box-2088692756 .text {\n  font-size: 100%;\n}\n\n\n@media (min-width:550px) {\n\n  #text-box-2088692756 {\n    width: 77%;\n  }\n\n}\n\n\n@media (min-width:850px) {\n\n  #text-box-2088692756 {\n    width: 48%;\n  }\n\n}\n<\/style>\n    <\/div><!-- text-box -->\n \n   <div id=\"text-box-486356306\" class=\"text-box banner-layer x50 md-x10 lg-x10 y100 md-y100 lg-y100 res-text\">\n                                <div class=\"text dark\">\n              \n              <div class=\"text-inner text-left\">\n                  \n<p class=\"p1\"><span class=\"s1\"><b>FECHA DE INSCRIPCI\u00d3N || <\/b>hasta el 29 de octubre de 2025, inclusive<\/span><\/p>\n<p class=\"p1\"><span class=\"s1\"><b>MODALIDAD || <\/b>Taller presencial | Gratuito<\/span><\/p>\n<p class=\"p1\"><span class=\"s1\"><b>N\u00ba HORAS || <\/b>20 horas<\/span><\/p>\n<p class=\"p1\"><span class=\"s1\"><b>FECHA || <\/b>Del 14 al 16 de noviembre<\/span><\/p>\n<p class=\"p1\"><span class=\"s1\"><b>DESTINATARIOS || <\/b>Profesorado y maestros especialistas en educaci\u00f3n f\u00edsica, docentes en activo de cualquier especialidad que deseen especializarse en el deporte de orientaci\u00f3n, gestores deportivos, monitores deportivos, y deportistas y p\u00fablico en general.<\/span><\/p>\n<a rel=\"noopener noreferrer\" href=\"https:\/\/ws226.juntadeandalucia.es\/iadformtools\/modules\/form_builder\/published\/202517_superacion_barreras.php\" target=\"_blank\" class=\"button white lowercase\"  >\n    <span>INSCRIPCIONES<\/span>\n  <\/a>\n\n              <\/div>\n           <\/div><!-- text-box-inner -->\n                            \n<style scope=\"scope\">\n\n#text-box-486356306 .text {\n  background-color: rgb(0, 125, 50);\n  font-size: 100%;\n}\n#text-box-486356306 .text-inner {\n  padding: 10px 25px 10px 25px;\n}\n#text-box-486356306 {\n  width: 100%;\n}\n\n\n@media (min-width:550px) {\n\n  #text-box-486356306 {\n    width: 68%;\n  }\n\n}\n\n\n@media (min-width:850px) {\n\n  #text-box-486356306 {\n    width: 48%;\n  }\n\n}\n<\/style>\n    <\/div><!-- text-box -->\n \n        <\/div><!-- .banner-layers -->\n      <\/div><!-- .banner-inner -->\n\n            \n<style scope=\"scope\">\n\n#banner-68968702 {\n  padding-top: 499px;\n  background-color: rgb(255, 255, 255);\n}\n#banner-68968702 .bg.bg-loaded {\n  background-image: url(https:\/\/ws226.juntadeandalucia.es\/iadformaconti\/wordpress\/wp-content\/uploads\/2022\/02\/fondo_iad22_area1-scaled.jpg);\n}\n#banner-68968702 .bg {\n  background-position: 4% 12%;\n}\n\n\n@media (min-width:550px) {\n\n  #banner-68968702 {\n    padding-top: 600px;\n  }\n\n}\n<\/style>\n  <\/div><!-- .banner -->\n\n\n<\/div><\/div>\n\n<style scope=\"scope\">\n\n<\/style>\n<\/div>\n\t\t<\/div><!-- .section-content -->\n\n\t\t\n<style scope=\"scope\">\n\n#section_458191516 {\n  padding-top: 0px;\n  padding-bottom: 0px;\n}\n<\/style>\n\t<\/section>\n\t\n\t<section class=\"section\" id=\"section_298645384\">\n\t\t<div class=\"bg section-bg fill bg-fill  bg-loaded\" >\n\n\t\t\t\n\t\t\t\n\t\t\t\n\n\t\t<\/div><!-- .section-bg -->\n\n\t\t<div class=\"section-content relative\">\n\t\t\t\n\t<div id=\"gap-205555336\" class=\"gap-element clearfix\" style=\"display:block; height:auto;\">\n\t\t\n<style scope=\"scope\">\n\n#gap-205555336 {\n  padding-top: 40px;\n}\n<\/style>\n\t<\/div>\n\t\n<div class=\"row align-center\"  id=\"row-971616023\">\n<div class=\"col medium-4 small-10 large-4\"  ><div class=\"col-inner\"  >\n<h2 class=\"uppercase\"><span style=\"font-size: 150%; color: white;\">Descripci\u00f3n del curso<\/span><\/h2>\n<div class=\"is-divider divider clearfix\" style=\"max-width:150px;background-color:rgb(255, 255, 255);\"><\/div><!-- .divider -->\n<a rel=\"noopener noreferrer\" href=\"https:\/\/juntadeandalucia.es\/sites\/default\/files\/2025-10\/iad_programa_202517_superacion_barreras.pdf\" target=\"_blank\" class=\"button white is-large\"  >\n    <span>DESCARGAR PROGRAMA<\/span>\n  <i class=\"icon-angle-right\" ><\/i><\/a>\n\n<\/div><\/div>\n<div class=\"col medium-8 small-10 large-8\"  ><div class=\"col-inner\"  >\n<p><span style=\"color: #fafafa;\">Deporte de orientaci\u00f3n es una modalidad deportiva, perfectamente institucionalizada, que tiene su m\u00e1xima expresi\u00f3n en plena naturaleza, y que implica al deportista tanto a nivel f\u00edsico como a nivel cognitivo. Las habilidades, t\u00e9cnicas y estrategias que el deportista pone en juego lo convierten en un deporte muy completo, ideal para el \u00e1mbito educativo y con mucho que aportar en la sociedad actual. El lema tradicional de este deporte es \u00abpensar y correr\u00bb. Sin embargo, las ventajas de este deporte van mucho m\u00e1s all\u00e1, ya que la orientaci\u00f3n deportiva implica contacto con la naturaleza, autocontrol, autonom\u00eda personal, gesti\u00f3n de emociones, desarrollo f\u00edsico, trabajo t\u00e9cnico y un largo etc\u00e9tera que lo hace rico en valores educativos. Tanto es as\u00ed, que hablamos tal vez del contenido m\u00e1s destacado dentro de los que componen el bloque de actividades en la naturaleza, en el curr\u00edculo de educaci\u00f3n f\u00edsica, tanto en educaci\u00f3n primaria como en secundaria . Por tanto, las posibilidades de trabajo y evoluci\u00f3n deportiva a lo largo de la educaci\u00f3n reglada pueden ser impresionantes.<\/span><\/p>\n<\/div><\/div>\n\n<style scope=\"scope\">\n\n<\/style>\n<\/div>\n\t\t<\/div><!-- .section-content -->\n\n\t\t\n<style scope=\"scope\">\n\n#section_298645384 {\n  padding-top: 30px;\n  padding-bottom: 30px;\n  background-color: rgb(0, 125, 50);\n}\n<\/style>\n\t<\/section>\n\t\n\t<section class=\"section\" id=\"section_1854469019\">\n\t\t<div class=\"bg section-bg fill bg-fill  bg-loaded\" >\n\n\t\t\t\n\t\t\t\n\t\t\t\n\n\t\t<\/div><!-- .section-bg -->\n\n\t\t<div class=\"section-content relative\">\n\t\t\t\n<div class=\"row\"  id=\"row-537116943\">\n<div class=\"col small-12 large-12\"  ><div class=\"col-inner\"  >\n<h1 style=\"color: #007d32; font-size: 45px;\"><strong>DIRECCI\u00d3N<\/strong><\/h1>\n<div class=\"is-divider divider clearfix\" style=\"max-width:150px;background-color:rgb(0, 125, 50);\"><\/div><!-- .divider -->\n<\/div><\/div>\n<\/div>\n<div class=\"row row-large align-middle align-center\"  id=\"row-938477268\">\n<div class=\"col medium-5 small-12 large-7\"  ><div class=\"col-inner text-center\" style=\"margin:0px 0px 40px 0px;\" >\n<h1 style=\"color: #007d32; font-size: 45px;\"><strong>Federaci\u00f3n Andaluza de Deporte de Orientaci\u00f3n<\/strong><\/h1>\n<p style=\"color: #007d32; font-size: 45px;\"><span style=\"font-size: 75%;\">Juan Manuel Casado Mora<\/span><\/p>\n<p style=\"color: #007d32; font-size: 45px;\"><span style=\"font-size: 75%;\">Licenciado en Educaci\u00f3n F\u00edsica. Profesor FP CF T\u00e9cnico en Gu\u00eda en el medio natural y de tiempo libre en el IES Montevives (Las Gabias). T\u00e9cnico nivel II de la Federaci\u00f3n Espa\u00f1ola de Deporte de Orientaci\u00f3n<\/span><\/p>\n\t<div id=\"gap-1906390443\" class=\"gap-element clearfix\" style=\"display:block; height:auto;\">\n\t\t\n<style scope=\"scope\">\n\n#gap-1906390443 {\n  padding-top: 10px;\n}\n<\/style>\n\t<\/div>\n\t\n<\/div><\/div>\n<div class=\"col hide-for-medium medium-1 small-12 large-1\"  ><div class=\"col-inner\"  >\n\t<div id=\"gap-1955795515\" class=\"gap-element clearfix\" style=\"display:block; height:auto;\">\n\t\t\n<style scope=\"scope\">\n\n#gap-1955795515 {\n  padding-top: 30px;\n}\n<\/style>\n\t<\/div>\n\t\n<\/div><\/div>\n\n<style scope=\"scope\">\n\n<\/style>\n<\/div>\n\t\t<\/div><!-- .section-content -->\n\n\t\t\n<style scope=\"scope\">\n\n#section_1854469019 {\n  padding-top: 50px;\n  padding-bottom: 50px;\n}\n<\/style>\n\t<\/section>\n\t\n\t<section class=\"section\" id=\"section_374013684\">\n\t\t<div class=\"bg section-bg fill bg-fill  bg-loaded\" >\n\n\t\t\t\n\t\t\t\n\t\t\t\n\n\t\t<\/div><!-- .section-bg -->\n\n\t\t<div class=\"section-content relative\">\n\t\t\t\n<div class=\"row align-center\"  id=\"row-84583202\">\n<div class=\"col small-12 large-12\"  ><div class=\"col-inner\"  >\n<div class=\"row align-center\"  id=\"row-1493358605\">\n\n<style scope=\"scope\">\n\n<\/style>\n<\/div>\n<\/div><\/div>\n\n<style scope=\"scope\">\n\n<\/style>\n<\/div>\n\t\t<\/div><!-- .section-content -->\n\n\t\t\n<style scope=\"scope\">\n\n#section_374013684 {\n  padding-top: 30px;\n  padding-bottom: 30px;\n}\n<\/style>\n\t<\/section>\n\t\n","protected":false},"excerpt":{"rendered":"","protected":false},"author":4,"featured_media":3597,"parent":0,"menu_order":0,"comment_status":"closed","ping_status":"closed","template":"page-blank.php","meta":{"footnotes":""},"class_list":["post-3809","page","type-page","status-publish","has-post-thumbnail","hentry"],"_links":{"self":[{"href":"https:\/\/ws226.juntadeandalucia.es\/iadformaconti\/wordpress\/index.php?rest_route=\/wp\/v2\/pages\/3809","targetHints":{"allow":["GET"]}}],"collection":[{"href":"https:\/\/ws226.juntadeandalucia.es\/iadformaconti\/wordpress\/index.php?rest_route=\/wp\/v2\/pages"}],"about":[{"href":"https:\/\/ws226.juntadeandalucia.es\/iadformaconti\/wordpress\/index.php?rest_route=\/wp\/v2\/types\/page"}],"author":[{"embeddable":true,"href":"https:\/\/ws226.juntadeandalucia.es\/iadformaconti\/wordpress\/index.php?rest_route=\/wp\/v2\/users\/4"}],"replies":[{"embeddable":true,"href":"https:\/\/ws226.juntadeandalucia.es\/iadformaconti\/wordpress\/index.php?rest_route=%2Fwp%2Fv2%2Fcomments&post=3809"}],"version-history":[{"count":8,"href":"https:\/\/ws226.juntadeandalucia.es\/iadformaconti\/wordpress\/index.php?rest_route=\/wp\/v2\/pages\/3809\/revisions"}],"predecessor-version":[{"id":3830,"href":"https:\/\/ws226.juntadeandalucia.es\/iadformaconti\/wordpress\/index.php?rest_route=\/wp\/v2\/pages\/3809\/revisions\/3830"}],"wp:featuredmedia":[{"embeddable":true,"href":"https:\/\/ws226.juntadeandalucia.es\/iadformaconti\/wordpress\/index.php?rest_route=\/wp\/v2\/media\/3597"}],"wp:attachment":[{"href":"https:\/\/ws226.juntadeandalucia.es\/iadformaconti\/wordpress\/index.php?rest_route=%2Fwp%2Fv2%2Fmedia&parent=3809"}],"curies":[{"name":"wp","href":"https:\/\/api.w.org\/{rel}","templated":true}]}}