{"id":3870,"date":"2026-02-17T16:26:23","date_gmt":"2026-02-17T15:26:23","guid":{"rendered":"https:\/\/ws226.juntadeandalucia.es\/iadformaconti\/wordpress\/?page_id=3870"},"modified":"2026-03-18T10:23:19","modified_gmt":"2026-03-18T09:23:19","slug":"nuevas-tendencias-en-educacion-fisica-deporte-y-salud-integral-en-ninos-y-adolescentes","status":"publish","type":"page","link":"https:\/\/ws226.juntadeandalucia.es\/iadformaconti\/wordpress\/?page_id=3870","title":{"rendered":"Nuevas tendencias en educaci\u00f3n f\u00edsica, deporte y salud integral en ni\u00f1os y adolescentes"},"content":{"rendered":"\t<section class=\"section\" id=\"section_2077501443\">\n\t\t<div class=\"bg section-bg fill bg-fill  bg-loaded\" >\n\n\t\t\t\n\t\t\t\n\t\t\t\n\n\t\t<\/div><!-- .section-bg -->\n\n\t\t<div class=\"section-content relative\">\n\t\t\t\n<div class=\"row row-collapse row-full-width\"  id=\"row-255080726\">\n<div class=\"col small-12 large-12\"  ><div class=\"col-inner\"  >\n\n  <div class=\"banner has-hover\" id=\"banner-1347447220\">\n          <div class=\"banner-inner fill\">\n        <div class=\"banner-bg fill\" >\n            <div class=\"bg fill bg-fill \"><\/div>\n                                    \n                    <\/div><!-- bg-layers -->\n        <div class=\"banner-layers container\">\n            <div class=\"fill banner-link\"><\/div>            \n   <div id=\"text-box-403578490\" class=\"text-box banner-layer x50 md-x50 lg-x10 y5 md-y5 lg-y5 res-text\">\n                                <div class=\"text \">\n              \n              <div class=\"text-inner text-left\">\n                  \n<h1 style=\"color: #be1622; font-size: clamp(2.3125rem, 2.1364rem + 0.5634vw, 2.8125rem);\"><strong>Nuevas tendencias en educaci\u00f3n f\u00edsica, deporte y salud integral en ni\u00f1os y adolescentes<br \/><\/strong><\/h1>\n<h4 style=\"color: #be1622;\">Del 13 al 17 de abril, online en directo<\/h4>\n<p>\u00a0<\/p>\n              <\/div>\n           <\/div><!-- text-box-inner -->\n                            \n<style scope=\"scope\">\n\n#text-box-403578490 .text-inner {\n  padding: 0px 20px 0px 20px;\n}\n#text-box-403578490 {\n  width: 100%;\n}\n#text-box-403578490 .text {\n  font-size: 100%;\n}\n\n\n@media (min-width:550px) {\n\n  #text-box-403578490 {\n    width: 77%;\n  }\n\n}\n\n\n@media (min-width:850px) {\n\n  #text-box-403578490 {\n    width: 54%;\n  }\n\n}\n<\/style>\n    <\/div><!-- text-box -->\n \n   <div id=\"text-box-1973999959\" class=\"text-box banner-layer x50 md-x10 lg-x10 y100 md-y90 lg-y95 res-text\">\n                                <div class=\"text dark\">\n              \n              <div class=\"text-inner text-left\">\n                  \n<p class=\"p1\"><span class=\"s1\"><b>MODALIDAD || <\/b>Online y gratuito<\/span><\/p>\n<p class=\"p1\"><span class=\"s1\"><b>DESTINATARIOS || <\/b>Profesorado de educaci\u00f3n f\u00edsica, t\u00e9cnicos deportivos, entrenadores, gestores deportivos y profesionales del \u00e1mbito deportivo y de la salud<\/span><\/p>\n<p class=\"p1\"><span class=\"s1\"><b>N\u00daMERO PLAZAS: <\/b>500<\/span><\/p>\n<p class=\"p1\"><span class=\"s1\"><b>PLAZO DE INSCRIPCI\u00d3N: <\/b>hasta el 2 de abril, inclusive<\/span><\/p>\n<a rel=\"noopener noreferrer\" href=\"https:\/\/ws226.juntadeandalucia.es\/iadformtools\/modules\/form_builder\/published\/202603_nuevas_tendencias_ed_fis.php\" target=\"_blank\" class=\"button white lowercase\"  >\n    <span>INSCRIPCIONES<\/span>\n  <\/a>\n\n              <\/div>\n           <\/div><!-- text-box-inner -->\n                            \n<style scope=\"scope\">\n\n#text-box-1973999959 .text {\n  background-color: rgb(190, 22, 34);\n  font-size: 100%;\n}\n#text-box-1973999959 .text-inner {\n  padding: 10px 25px 10px 25px;\n}\n#text-box-1973999959 {\n  width: 100%;\n}\n\n\n@media (min-width:550px) {\n\n  #text-box-1973999959 .text-inner {\n    padding: 10px 25px 10px 25px;\n  }\n  #text-box-1973999959 {\n    width: 68%;\n  }\n\n}\n\n\n@media (min-width:850px) {\n\n  #text-box-1973999959 {\n    width: 54%;\n  }\n\n}\n<\/style>\n    <\/div><!-- text-box -->\n \n        <\/div><!-- .banner-layers -->\n      <\/div><!-- .banner-inner -->\n\n            \n<style scope=\"scope\">\n\n#banner-1347447220 {\n  padding-top: 550px;\n  background-color: rgb(255, 255, 255);\n}\n#banner-1347447220 .bg.bg-loaded {\n  background-image: url(https:\/\/ws226.juntadeandalucia.es\/iadformaconti\/wordpress\/wp-content\/uploads\/2022\/02\/fondo_iad22_area1-scaled.jpg);\n}\n#banner-1347447220 .bg {\n  background-position: 4% 12%;\n}\n\n\n@media (min-width:550px) {\n\n  #banner-1347447220 {\n    padding-top: 600px;\n  }\n\n}\n<\/style>\n  <\/div><!-- .banner -->\n\n\n<\/div><\/div>\n\n<style scope=\"scope\">\n\n<\/style>\n<\/div>\n\t\t<\/div><!-- .section-content -->\n\n\t\t\n<style scope=\"scope\">\n\n#section_2077501443 {\n  padding-top: 0px;\n  padding-bottom: 0px;\n}\n<\/style>\n\t<\/section>\n\t\n\t<section class=\"section\" id=\"section_484757370\">\n\t\t<div class=\"bg section-bg fill bg-fill  bg-loaded\" >\n\n\t\t\t\n\t\t\t\n\t\t\t\n\n\t\t<\/div><!-- .section-bg -->\n\n\t\t<div class=\"section-content relative\">\n\t\t\t\n\t<div id=\"gap-2061861524\" class=\"gap-element clearfix\" style=\"display:block; height:auto;\">\n\t\t\n<style scope=\"scope\">\n\n#gap-2061861524 {\n  padding-top: 40px;\n}\n<\/style>\n\t<\/div>\n\t\n<div class=\"row align-center\"  id=\"row-421338135\">\n<div class=\"col medium-4 small-10 large-4\"  ><div class=\"col-inner\"  >\n<h2 class=\"uppercase\"><span style=\"font-size: 150%; color: white;\">Descripci\u00f3n del curso<\/span><\/h2>\n<p>\n<div class=\"is-divider divider clearfix\" style=\"max-width:150px;background-color:rgb(255, 255, 255);\"><\/div><!-- .divider -->\n<a rel=\"noopener noreferrer\" href=\"https:\/\/ws226.juntadeandalucia.es\/iadweb\/formacioncontinua\/iad_202603_programa.pdf\" target=\"_blank\" class=\"button white is-large\"  >\n    <span>DESCARGAR PROGRAMA<\/span>\n  <i class=\"icon-angle-right\" ><\/i><\/a>\n\n<\/div><\/div>\n<div class=\"col medium-8 small-10 large-8\"  ><div class=\"col-inner\"  >\n<p><span style=\"color: #fafafa;\">La presente acci\u00f3n formativa tiene como prop\u00f3sito actualizar y capacitar al profesorado de educaci\u00f3n f\u00edsica, a t\u00e9cnicos deportivos, entrenadores, gestores y profesionales del \u00e1mbito deportivo en las nuevas tendencias metodol\u00f3gicas, tecnol\u00f3gicas y cient\u00edficas que est\u00e1n transformando la ense\u00f1anza, la pr\u00e1ctica y la gesti\u00f3n del deporte en los contextos educativo, formativo y de rendimiento. A trav\u00e9s de un enfoque te\u00f3rico-pr\u00e1ctico y multidisciplinar, se abordar\u00e1n contenidos relacionados con la alfabetizaci\u00f3n f\u00edsica, incorporando adem\u00e1s el uso de herramientas digitales, inteligencia artificial y metodolog\u00edas innovadoras aplicadas tanto a la ense\u00f1anza como al entrenamiento deportivo.<\/span><\/p>\n<p><span style=\"color: #fafafa;\">El curso tiene como finalidad favorecer una pr\u00e1ctica de la actividad f\u00edsica y deportiva m\u00e1s significativa, inclusiva, sostenible y basada en la evidencia cient\u00edfica, que contribuya al desarrollo integral de ni\u00f1os, adolescentes y deportistas en sus diferentes etapas. Asimismo, se fomentar\u00e1 el intercambio de experiencias profesionales entre los participantes, creando un espacio de aprendizaje colaborativo en el que se integren los \u00e1mbito educativos, de salud y de rendimiento deportivo. Se promover\u00e1 la aplicaci\u00f3n pr\u00e1ctica de metodolog\u00edas activas, la transferencia del conocimiento a contextos reales y la mejora de la calidad de la intervenci\u00f3n docente y deportiva., con la participaci\u00f3n de referentes nacionales en las ciencias de la actividad f\u00edsica y el deporte.<\/span><\/p>\n<\/div><\/div>\n\n<style scope=\"scope\">\n\n<\/style>\n<\/div>\n\t\t<\/div><!-- .section-content -->\n\n\t\t\n<style scope=\"scope\">\n\n#section_484757370 {\n  padding-top: 30px;\n  padding-bottom: 30px;\n  background-color: rgb(190, 22, 34);\n}\n<\/style>\n\t<\/section>\n\t\n\t<section class=\"section\" id=\"section_1166147974\">\n\t\t<div class=\"bg section-bg fill bg-fill  bg-loaded\" >\n\n\t\t\t\n\t\t\t\n\t\t\t\n\n\t\t<\/div><!-- .section-bg -->\n\n\t\t<div class=\"section-content relative\">\n\t\t\t\n<div class=\"row\"  id=\"row-1789582249\">\n<div class=\"col small-12 large-12\"  ><div class=\"col-inner\"  >\n<h2 class=\"uppercase\"><span style=\"font-size: 150%; color: #be1622;\">DIRECCI\u00d3N<\/span><\/h2>\n<p>\n<div class=\"is-divider divider clearfix\" style=\"max-width:150px;background-color:rgb(190, 22, 34);\"><\/div><!-- .divider -->\n<\/div><\/div>\n<\/div>\n<div class=\"row row-large align-middle align-center\"  id=\"row-54282264\">\n<div class=\"col medium-5 small-12 large-6\"  ><div class=\"col-inner text-center\" style=\"margin:0px 0px 40px 0px;\" >\n<h2><span style=\"font-size: 150%; color: #be1622;\"> Emilio Villa Gonz\u00e1lez<\/span><\/h2>\n<p>Doctor en Biomedicina. Profesor titular de la Universidad de Granada. Facultad de Ciencias de la Actividad F\u00edsica y del Deporte, departamento de Educaci\u00f3n F\u00edsica y Deportiva.<\/p>\n<p>\u00a0<\/p>\n\t<div id=\"gap-98316551\" class=\"gap-element clearfix\" style=\"display:block; height:auto;\">\n\t\t\n<style scope=\"scope\">\n\n#gap-98316551 {\n  padding-top: 10px;\n}\n<\/style>\n\t<\/div>\n\t\n<\/div><\/div>\n<div class=\"col hide-for-medium medium-2 small-12 large-2\"  ><div class=\"col-inner\"  >\n\t<div id=\"gap-1331131936\" class=\"gap-element clearfix\" style=\"display:block; height:auto;\">\n\t\t\n<style scope=\"scope\">\n\n#gap-1331131936 {\n  padding-top: 30px;\n}\n<\/style>\n\t<\/div>\n\t\n<\/div><\/div>\n\n<style scope=\"scope\">\n\n<\/style>\n<\/div>\n\t\t<\/div><!-- .section-content -->\n\n\t\t\n<style scope=\"scope\">\n\n#section_1166147974 {\n  padding-top: 50px;\n  padding-bottom: 50px;\n}\n<\/style>\n\t<\/section>\n\t\n\t<section class=\"section\" id=\"section_1640706010\">\n\t\t<div class=\"bg section-bg fill bg-fill  bg-loaded\" >\n\n\t\t\t\n\t\t\t\n\t\t\t\n\n\t\t<\/div><!-- .section-bg -->\n\n\t\t<div class=\"section-content relative\">\n\t\t\t\n<div class=\"row\"  id=\"row-1570754311\">\n<div class=\"col small-12 large-12\"  ><div class=\"col-inner\"  >\n<h2 class=\"uppercase\"><span style=\"font-size: 150%; color: #be1622;\">OBJETIVOS<\/span><\/h2>\n<p>\n<div class=\"is-divider divider clearfix\" style=\"max-width:150px;background-color:rgb(190, 22, 34);\"><\/div><!-- .divider -->\n<\/div><\/div>\n<\/div>\n<div class=\"row align-center\"  id=\"row-370576363\">\n<div class=\"col small-12 large-12\"  ><div class=\"col-inner\"  >\n<div class=\"row align-center\"  id=\"row-1226813783\">\n<div class=\"col medium-6 small-10 large-6\"  ><div class=\"col-inner\" style=\"margin:0px 0px 0px -10px;\" >\n<h3><span style=\"font-size: 115%;\">Visi\u00f3n hol\u00edstica<\/span><\/h3>\n<p>Promover una visi\u00f3n hol\u00edstica del movimiento a lo largo de las 24 horas del d\u00eda, integrando la actividad f\u00edsica, el descanso, la reducci\u00f3n del sedentarismo y los h\u00e1bitos saludables como pilares de un desarrollo f\u00edsico, cognitivo y emocional equilibrado.<\/p>\n<h3><span style=\"font-size: 115%;\">Intervenciones exitosas<\/span><\/h3>\n<p>Analizar intervenciones de actividad f\u00edsica exitosas en los contextos educativo y cl\u00ednico, identificando estrategias basadas en l evidencia cient\u00edfica que contribuyan a la mejora de la salud, el bienestar y el rendimiento en la poblaci\u00f3n infantil y adolescente.<\/p>\n<h3><span style=\"font-size: 115%;\">Promover juego al aire libre<\/span><\/h3>\n<p>Promover el juego activo al aire libre como estrategia educativa y de salud, reconociendo su valor en el desarrollo f\u00edsico, social y emocional de la infancia, as\u00ed como su contribuci\u00f3n al bienestar integral, la creatividad, la autonom\u00eda y la conexi\u00f3n con el entorno natural.<\/p>\n<h3><span style=\"font-size: 115%;\">Importancia fuerza muscular<\/span><\/h3>\n<p>Analizar la importancia de la fuerza muscular y el desarrollo atl\u00e9tico a largo plazo, promoviendo un enfoque educativo y seguro del entrenamiento infantil y adolescente que fomente la adquisici\u00f3n progresiva de capacidades f\u00edsicas y h\u00e1bitos saludables duraderos.<\/p>\n<p>\u00a0<\/p>\n<\/div><\/div>\n<div class=\"col medium-6 small-11 large-6\"  ><div class=\"col-inner\" style=\"margin:0px 0px 0px 10px;\" >\n<h3><span style=\"font-size: 115%;\">Alfabetizaci\u00f3n f\u00edsica<\/span><\/h3>\n<p>Comprender los fundamentos te\u00f3ricos y pr\u00e1cticos de la alfabetizaci\u00f3n f\u00edsica, valorando su relevancia en el desarrollo integral del alumnado y su aplicaci\u00f3n en entornos escolares, deportivos y comunitarios para fomentar una participaci\u00f3n activa y sostenible en la actividad f\u00edsica.<\/p>\n<h3><span style=\"font-size: 115%;\">Competencia motora<\/span><\/h3>\n<p>Profundizar en el desarrollo y evaluaci\u00f3n de la competencia motora, explorando herramientas estandarizadas de medici\u00f3n, y su relaci\u00f3n con el aprendizaje motor, la motivaci\u00f3n y el rendimiento f\u00edsico en las distintas etapas evolutivas.<\/p>\n<h3><span style=\"font-size: 115%;\">Efectos del movimiento<\/span><\/h3>\n<p>Explorar la relaci\u00f3n entre ejercicio f\u00edsico, rendimiento cognitivo y bienestar emocional, abordando la evidencia actual sobre los efectos del movimiento en las funciones ejecutivas, la atenci\u00f3n y la regulaci\u00f3n emocional, tanto en alumnado con TDAH como en la poblaci\u00f3n general.<\/p>\n<h3><span style=\"font-size: 115%;\">Innovaci\u00f3n metodol\u00f3gica<\/span><\/h3>\n<p>Fomentar la innovaci\u00f3n metodol\u00f3gica\u00a0 en la ense\u00f1anzas de la Educaci\u00f3n F\u00edsica y el deporte escolar, mediante el uso de metodolog\u00edas activas, cooperativas y basadas en proyectos que potencian la autonom\u00eda, la creatividad y el aprendizaje competencial del alumnado.<\/p>\n<h3><span style=\"font-size: 115%;\">Tecnolog\u00edas emergentes e IA<\/span><\/h3>\n<p>Aplicar tecnolog\u00edas emergentes e inteligencia artificial en los procesos de planificaci\u00f3n, evaluaci\u00f3n y ense\u00f1anza, optimizando el trabajo del educador f\u00edsico y del entrenador, y potenciando el uso de herramientas digitales para la personalizaci\u00f3n del aprendizaje y el seguimiento del progreso del alumnado.<\/p>\n<\/div><\/div>\n\n<style scope=\"scope\">\n\n<\/style>\n<\/div>\n<\/div><\/div>\n\n<style scope=\"scope\">\n\n<\/style>\n<\/div>\n\t\t<\/div><!-- .section-content -->\n\n\t\t\n<style scope=\"scope\">\n\n#section_1640706010 {\n  padding-top: 30px;\n  padding-bottom: 30px;\n}\n<\/style>\n\t<\/section>\n\t\n","protected":false},"excerpt":{"rendered":"","protected":false},"author":4,"featured_media":3836,"parent":0,"menu_order":0,"comment_status":"closed","ping_status":"closed","template":"page-blank.php","meta":{"footnotes":""},"class_list":["post-3870","page","type-page","status-publish","has-post-thumbnail","hentry"],"_links":{"self":[{"href":"https:\/\/ws226.juntadeandalucia.es\/iadformaconti\/wordpress\/index.php?rest_route=\/wp\/v2\/pages\/3870","targetHints":{"allow":["GET"]}}],"collection":[{"href":"https:\/\/ws226.juntadeandalucia.es\/iadformaconti\/wordpress\/index.php?rest_route=\/wp\/v2\/pages"}],"about":[{"href":"https:\/\/ws226.juntadeandalucia.es\/iadformaconti\/wordpress\/index.php?rest_route=\/wp\/v2\/types\/page"}],"author":[{"embeddable":true,"href":"https:\/\/ws226.juntadeandalucia.es\/iadformaconti\/wordpress\/index.php?rest_route=\/wp\/v2\/users\/4"}],"replies":[{"embeddable":true,"href":"https:\/\/ws226.juntadeandalucia.es\/iadformaconti\/wordpress\/index.php?rest_route=%2Fwp%2Fv2%2Fcomments&post=3870"}],"version-history":[{"count":13,"href":"https:\/\/ws226.juntadeandalucia.es\/iadformaconti\/wordpress\/index.php?rest_route=\/wp\/v2\/pages\/3870\/revisions"}],"predecessor-version":[{"id":3964,"href":"https:\/\/ws226.juntadeandalucia.es\/iadformaconti\/wordpress\/index.php?rest_route=\/wp\/v2\/pages\/3870\/revisions\/3964"}],"wp:featuredmedia":[{"embeddable":true,"href":"https:\/\/ws226.juntadeandalucia.es\/iadformaconti\/wordpress\/index.php?rest_route=\/wp\/v2\/media\/3836"}],"wp:attachment":[{"href":"https:\/\/ws226.juntadeandalucia.es\/iadformaconti\/wordpress\/index.php?rest_route=%2Fwp%2Fv2%2Fmedia&parent=3870"}],"curies":[{"name":"wp","href":"https:\/\/api.w.org\/{rel}","templated":true}]}}