{"id":3885,"date":"2026-02-18T10:00:58","date_gmt":"2026-02-18T09:00:58","guid":{"rendered":"https:\/\/ws226.juntadeandalucia.es\/iadformaconti\/wordpress\/?page_id=3885"},"modified":"2026-02-27T10:29:30","modified_gmt":"2026-02-27T09:29:30","slug":"formacion-para-la-inclusion-del-colectivo-lgtbiqa-en-la-educacion-fisica-y-el-deporte","status":"publish","type":"page","link":"https:\/\/ws226.juntadeandalucia.es\/iadformaconti\/wordpress\/?page_id=3885","title":{"rendered":"Formaci\u00f3n para la inclusi\u00f3n del colectivo LGTBIQA+ en la educaci\u00f3n f\u00edsica y el deporte"},"content":{"rendered":"\t<section class=\"section\" id=\"section_254146791\">\n\t\t<div class=\"bg section-bg fill bg-fill  bg-loaded\" >\n\n\t\t\t\n\t\t\t\n\t\t\t\n\n\t\t<\/div><!-- .section-bg -->\n\n\t\t<div class=\"section-content relative\">\n\t\t\t\n<div class=\"row row-collapse row-full-width\"  id=\"row-746895138\">\n<div class=\"col small-12 large-12\"  ><div class=\"col-inner\"  >\n\n  <div class=\"banner has-hover\" id=\"banner-888654068\">\n          <div class=\"banner-inner fill\">\n        <div class=\"banner-bg fill\" >\n            <div class=\"bg fill bg-fill \"><\/div>\n                                    \n                    <\/div><!-- bg-layers -->\n        <div class=\"banner-layers container\">\n            <div class=\"fill banner-link\"><\/div>            \n   <div id=\"text-box-421177847\" class=\"text-box banner-layer x50 md-x50 lg-x10 y5 md-y5 lg-y10 res-text\">\n                                <div class=\"text \">\n              \n              <div class=\"text-inner text-left\">\n                  \n<h1 style=\"color: #f39200; font-size: clamp(2.3125rem, 2.1364rem + 0.5634vw, 2.8125rem);\"><strong>Formaci\u00f3n para la inclusi\u00f3n del colectivo LGTBIQA+ en la educaci\u00f3n f\u00edsica y el deporte<br \/>\n<\/strong><\/h1>\n<h4 style=\"color: #f39200;\">Del 20 al 29 de abril<\/h4>\n              <\/div>\n           <\/div><!-- text-box-inner -->\n                            \n<style scope=\"scope\">\n\n#text-box-421177847 .text-inner {\n  padding: 0px 20px 0px 20px;\n}\n#text-box-421177847 {\n  width: 100%;\n}\n#text-box-421177847 .text {\n  font-size: 100%;\n}\n\n\n@media (min-width:550px) {\n\n  #text-box-421177847 {\n    width: 77%;\n  }\n\n}\n\n\n@media (min-width:850px) {\n\n  #text-box-421177847 {\n    width: 49%;\n  }\n\n}\n<\/style>\n    <\/div><!-- text-box -->\n \n   <div id=\"text-box-189733329\" class=\"text-box banner-layer x50 md-x10 lg-x10 y100 md-y85 lg-y95 res-text\">\n                                <div class=\"text dark\">\n              \n              <div class=\"text-inner text-left\">\n                  \n<p class=\"p1\"><span class=\"s1\"><b>MODALIDAD || <\/b>semipresencial (online en directo y presencial)<\/span><\/p>\n<p class=\"p1\"><span class=\"s1\"><b>N\u00daMERO DE PLAZAS || <\/b>500 en las sesiones online en directo y 200 en la sesi\u00f3n presencial<\/span><\/p>\n<p class=\"p1\"><span class=\"s1\"><b>N\u00ba HORAS || <\/b>15 horas<\/span><\/p>\n<p><span class=\"s1\"><b>PLAZO DE INSCRIPCI\u00d3N || <\/b>hasta el 29 de marzo<\/span><\/p>\n<p class=\"p1\"><span class=\"s1\"><b>FECHA ||\u00a0<\/b>del 20 al 29 de abril<\/span><\/p>\n<a rel=\"noopener noreferrer\" href=\"https:\/\/ws226.juntadeandalucia.es\/iadformtools\/modules\/form_builder\/published\/202604_formacion_inclusion_LGTBI_ed_fis.php\" target=\"_blank\" class=\"button white lowercase\"  >\n    <span>INSCRIPCIONES<\/span>\n  <\/a>\n\n              <\/div>\n           <\/div><!-- text-box-inner -->\n                            \n<style scope=\"scope\">\n\n#text-box-189733329 .text {\n  background-color: rgb(243, 146, 0);\n  font-size: 100%;\n}\n#text-box-189733329 .text-inner {\n  padding: 10px 25px 10px 25px;\n}\n#text-box-189733329 {\n  width: 100%;\n}\n\n\n@media (min-width:550px) {\n\n  #text-box-189733329 {\n    width: 68%;\n  }\n\n}\n\n\n@media (min-width:850px) {\n\n  #text-box-189733329 {\n    width: 48%;\n  }\n\n}\n<\/style>\n    <\/div><!-- text-box -->\n \n        <\/div><!-- .banner-layers -->\n      <\/div><!-- .banner-inner -->\n\n            \n<style scope=\"scope\">\n\n#banner-888654068 {\n  padding-top: 550px;\n  background-color: rgb(255, 255, 255);\n}\n#banner-888654068 .bg.bg-loaded {\n  background-image: url(https:\/\/ws226.juntadeandalucia.es\/iadformaconti\/wordpress\/wp-content\/uploads\/2022\/02\/fondo_iad22_area1-scaled.jpg);\n}\n#banner-888654068 .bg {\n  background-position: 4% 12%;\n}\n\n\n@media (min-width:550px) {\n\n  #banner-888654068 {\n    padding-top: 600px;\n  }\n\n}\n<\/style>\n  <\/div><!-- .banner -->\n\n\n<\/div><\/div>\n\n<style scope=\"scope\">\n\n<\/style>\n<\/div>\n\t\t<\/div><!-- .section-content -->\n\n\t\t\n<style scope=\"scope\">\n\n#section_254146791 {\n  padding-top: 0px;\n  padding-bottom: 0px;\n}\n<\/style>\n\t<\/section>\n\t\n\t<section class=\"section\" id=\"section_1305037089\">\n\t\t<div class=\"bg section-bg fill bg-fill  bg-loaded\" >\n\n\t\t\t\n\t\t\t\n\t\t\t\n\n\t\t<\/div><!-- .section-bg -->\n\n\t\t<div class=\"section-content relative\">\n\t\t\t\n\t<div id=\"gap-641885458\" class=\"gap-element clearfix\" style=\"display:block; height:auto;\">\n\t\t\n<style scope=\"scope\">\n\n#gap-641885458 {\n  padding-top: 40px;\n}\n<\/style>\n\t<\/div>\n\t\n<div class=\"row align-center\"  id=\"row-607411467\">\n<div class=\"col medium-4 small-10 large-4\"  ><div class=\"col-inner\"  >\n<h2 class=\"uppercase\"><span style=\"font-size: 150%; color: white;\">Descripci\u00f3n del curso<\/span><\/h2>\n<div class=\"is-divider divider clearfix\" style=\"max-width:150px;background-color:rgb(255, 255, 255);\"><\/div><!-- .divider -->\n<a rel=\"noopener noreferrer\" href=\"https:\/\/ws226.juntadeandalucia.es\/iadweb\/formacioncontinua\/iad_202604_programa.pdf\" target=\"_blank\" class=\"button white is-large\"  >\n    <span>VER PROGRAMA<\/span>\n  <i class=\"icon-angle-right\" ><\/i><\/a>\n\n<\/div><\/div>\n<div class=\"col medium-8 small-10 large-8\"  ><div class=\"col-inner\"  >\n<p><span style=\"color: #fafafa;\">La actual Ley del Deporte de Andaluc\u00eda de 2016 estableci\u00f3 entre las obligaciones de los profesionales del deporte:\u201c j) Promover las condiciones que favorezcan la igualdad efectiva de la mujer en la pr\u00e1ctica deportiva, evitando todo acto de discriminaci\u00f3n de cualquier naturaleza\u201d. Posteriormente, a nivel nacional, la Ley del Deporte de 2022 estableci\u00f3 entre sus fines:\u201c h) La prevenci\u00f3n, control y erradicaci\u00f3n de cualquier clase de violencia, el racismo, la xenofobia, la intolerancia en el deporte, as\u00ed como la discriminaci\u00f3n y la incitaci\u00f3n al odio por raz\u00f3n de sexo, edad, discapacidad, salud, orientaci\u00f3n o identidad sexual, expresi\u00f3n de g\u00e9nero, nacionalidad, origen racial o \u00e9tnico, religi\u00f3n o creencias\u201d. Finalmente, la Ley para la igualdad real y efectiva de las personas trans y para la garant\u00eda de los derechos de las personas LGTBI de 2023 establece para el \u00e1mbito del deporte en su art\u00edculo 26:\u201c la formaci\u00f3n adecuada de todas las personas y profesionales involucrados en la actividad f\u00edsica y el deporte federado y no federado, incluyendo al personal t\u00e9cnico, profesionales de did\u00e1ctica deportiva, del arbitraje y de la ense\u00f1anza de la educaci\u00f3n f\u00edsica; dirigida a dotarles de herramientas de sensibilizaci\u00f3n, prevenci\u00f3n e intervenci\u00f3n en materia de igualdad y no discriminaci\u00f3n de las personas LGTBI y sus familias\u00bb.<\/span><\/p>\n<p><span style=\"color: #fafafa;\">Ante este panorama, se hace imprescindible la organizaci\u00f3n de cursos de formaci\u00f3n que ayuden en la sensibilizaci\u00f3n, visibilizaci\u00f3n y activismo del colectivo LGTBIQA+ en el deporte, abordando todos los \u00e1mbitos de actuaci\u00f3n (educaci\u00f3n, competici\u00f3n y gesti\u00f3n) de los profesionales del deporte. Para ello, se propone una jornada semipresencial de quince horas donde distintos especialistas del \u00e1mbito deportivo puedan ofrecer pautas, recomendaciones y un an\u00e1lisis de la realidad deportiva con respecto a la inclusi\u00f3n de las diversidades sexuales en los \u00e1mbitos profesionales del deporte.<\/span><\/p>\n<p><span style=\"color: #fafafa;\">Se organizar\u00e1 esta formaci\u00f3n en seis m\u00f3dulos online de dos horas cada uno: 1. Conceptos y teor\u00edas; 2. Educaci\u00f3n; 3. Gesti\u00f3n del deporte; 4. Pol\u00edticas inclusivas y gu\u00edas de buenas pr\u00e1cticas; 5. Deporte con personas trans, inter y no binarias; 6. Deporte competitivo. Finalmente, a modo de cierre, se celebrar\u00e1 en la sede del IAD en M\u00e1laga una jornada presencial de tres horas, a la que se invitar\u00e1 a una persona experta en deporte y diversidad sexual, y donde se celebrar\u00e1 una mesa redonda con entidades deportivas locales y se presentar\u00e1 la Gu\u00eda para la inclusi\u00f3n del colectivo LGTBIQA+ en el deporte realizada a trav\u00e9s de los seminarios de investigaci\u00f3n del IAD.<\/span><\/p>\n<\/div><\/div>\n\n<style scope=\"scope\">\n\n<\/style>\n<\/div>\n\t\t<\/div><!-- .section-content -->\n\n\t\t\n<style scope=\"scope\">\n\n#section_1305037089 {\n  padding-top: 30px;\n  padding-bottom: 30px;\n  background-color: rgb(243, 146, 0);\n}\n<\/style>\n\t<\/section>\n\t\n\t<section class=\"section\" id=\"section_558401618\">\n\t\t<div class=\"bg section-bg fill bg-fill  bg-loaded\" >\n\n\t\t\t\n\t\t\t\n\t\t\t\n\n\t\t<\/div><!-- .section-bg -->\n\n\t\t<div class=\"section-content relative\">\n\t\t\t\n<div class=\"row\"  id=\"row-1372778485\">\n<div class=\"col small-12 large-12\"  ><div class=\"col-inner\"  >\n<h1 style=\"color: #f39200; font-size: 45px;\"><strong>DIRECCI\u00d3N<\/strong><\/h1>\n<div class=\"is-divider divider clearfix\" style=\"max-width:150px;background-color:rgb(243, 146, 0);\"><\/div><!-- .divider -->\n<\/div><\/div>\n<\/div>\n<div class=\"row row-large align-middle align-center\"  id=\"row-11089166\">\n<div class=\"col medium-5 small-12 large-6\"  ><div class=\"col-inner text-center\" style=\"margin:0px 0px 40px 0px;\" >\n<h1 style=\"color: #f39200; font-size: 45px;\"><strong>Joaqu\u00edn Piedra de la Cuadra<\/strong><\/h1>\n<p>Profesor titular de la Universidad de Sevilla<\/p>\n\t<div id=\"gap-1905654540\" class=\"gap-element clearfix\" style=\"display:block; height:auto;\">\n\t\t\n<style scope=\"scope\">\n\n#gap-1905654540 {\n  padding-top: 10px;\n}\n<\/style>\n\t<\/div>\n\t\n<\/div><\/div>\n<div class=\"col hide-for-medium medium-2 small-12 large-2\"  ><div class=\"col-inner\"  >\n\t<div id=\"gap-1231112371\" class=\"gap-element clearfix\" style=\"display:block; height:auto;\">\n\t\t\n<style scope=\"scope\">\n\n#gap-1231112371 {\n  padding-top: 30px;\n}\n<\/style>\n\t<\/div>\n\t\n<\/div><\/div>\n\n<style scope=\"scope\">\n\n<\/style>\n<\/div>\n\t\t<\/div><!-- .section-content -->\n\n\t\t\n<style scope=\"scope\">\n\n#section_558401618 {\n  padding-top: 50px;\n  padding-bottom: 50px;\n}\n<\/style>\n\t<\/section>\n\t\n\t<section class=\"section\" id=\"section_1170470971\">\n\t\t<div class=\"bg section-bg fill bg-fill  bg-loaded\" >\n\n\t\t\t\n\t\t\t\n\t\t\t\n\n\t\t<\/div><!-- .section-bg -->\n\n\t\t<div class=\"section-content relative\">\n\t\t\t\n<div class=\"row\"  id=\"row-1001844436\">\n<div class=\"col small-12 large-12\"  ><div class=\"col-inner\"  >\n<h1 style=\"color: #f39200; font-size: 45px;\"><strong>OBJETIVOS<\/strong><\/h1>\n<div class=\"is-divider divider clearfix\" style=\"max-width:150px;background-color:rgb(243, 146, 0);\"><\/div><!-- .divider -->\n<\/div><\/div>\n<\/div>\n<div class=\"row align-center\"  id=\"row-1942505811\">\n<div class=\"col small-12 large-12\"  ><div class=\"col-inner\"  >\n<div class=\"row align-center\"  id=\"row-559042505\">\n<div class=\"col medium-6 small-10 large-6\"  ><div class=\"col-inner\" style=\"margin:0px 0px 0px -10px;\" >\n<h3>Presentaci\u00f3n de la gu\u00eda online<\/h3>\n<p>Presentaci\u00f3n de la gu\u00eda online \u00abGu\u00eda online para la inclusi\u00f3n del colectivo LTBIQA+ en el deporte\u00bb, realizada a trav\u00e9s de los seminarios de investigaci\u00f3n del IAD.<\/p>\n<h3>Deporte sin discriminaciones<\/h3>\n<p>Promover un deporte libre de discriminaciones por raz\u00f3n de orientaci\u00f3n sexual, identidad y expresi\u00f3n de g\u00e9nero.<\/p>\n<\/div><\/div>\n<div class=\"col medium-6 small-11 large-6\"  ><div class=\"col-inner\" style=\"margin:0px 0px 0px 10px;\" >\n<h3><span style=\"font-size: 115%;\">Formaci\u00f3n al personal<\/span><\/h3>\n<p>Formar al personal de clubes y federaciones deportivas en materia de igualdad e inclusi\u00f3n del colectivo LGTBIQA+.<\/p>\n<h3><span style=\"font-size: 115%;\">Implantaci\u00f3n de medidas<\/span><\/h3>\n<p>Ofrecer recursos para la implantaci\u00f3n de medidas encaminadas a mejorar el clima de respeto e inclusi\u00f3n en el deporte.<\/p>\n<\/div><\/div>\n\n<style scope=\"scope\">\n\n<\/style>\n<\/div>\n<\/div><\/div>\n\n<style scope=\"scope\">\n\n<\/style>\n<\/div>\n\t\t<\/div><!-- .section-content -->\n\n\t\t\n<style scope=\"scope\">\n\n#section_1170470971 {\n  padding-top: 30px;\n  padding-bottom: 30px;\n}\n<\/style>\n\t<\/section>\n\t\n","protected":false},"excerpt":{"rendered":"","protected":false},"author":4,"featured_media":3836,"parent":0,"menu_order":0,"comment_status":"closed","ping_status":"closed","template":"page-blank.php","meta":{"footnotes":""},"class_list":["post-3885","page","type-page","status-publish","has-post-thumbnail","hentry"],"_links":{"self":[{"href":"https:\/\/ws226.juntadeandalucia.es\/iadformaconti\/wordpress\/index.php?rest_route=\/wp\/v2\/pages\/3885","targetHints":{"allow":["GET"]}}],"collection":[{"href":"https:\/\/ws226.juntadeandalucia.es\/iadformaconti\/wordpress\/index.php?rest_route=\/wp\/v2\/pages"}],"about":[{"href":"https:\/\/ws226.juntadeandalucia.es\/iadformaconti\/wordpress\/index.php?rest_route=\/wp\/v2\/types\/page"}],"author":[{"embeddable":true,"href":"https:\/\/ws226.juntadeandalucia.es\/iadformaconti\/wordpress\/index.php?rest_route=\/wp\/v2\/users\/4"}],"replies":[{"embeddable":true,"href":"https:\/\/ws226.juntadeandalucia.es\/iadformaconti\/wordpress\/index.php?rest_route=%2Fwp%2Fv2%2Fcomments&post=3885"}],"version-history":[{"count":12,"href":"https:\/\/ws226.juntadeandalucia.es\/iadformaconti\/wordpress\/index.php?rest_route=\/wp\/v2\/pages\/3885\/revisions"}],"predecessor-version":[{"id":3938,"href":"https:\/\/ws226.juntadeandalucia.es\/iadformaconti\/wordpress\/index.php?rest_route=\/wp\/v2\/pages\/3885\/revisions\/3938"}],"wp:featuredmedia":[{"embeddable":true,"href":"https:\/\/ws226.juntadeandalucia.es\/iadformaconti\/wordpress\/index.php?rest_route=\/wp\/v2\/media\/3836"}],"wp:attachment":[{"href":"https:\/\/ws226.juntadeandalucia.es\/iadformaconti\/wordpress\/index.php?rest_route=%2Fwp%2Fv2%2Fmedia&parent=3885"}],"curies":[{"name":"wp","href":"https:\/\/api.w.org\/{rel}","templated":true}]}}