{"id":3926,"date":"2026-02-23T17:00:25","date_gmt":"2026-02-23T16:00:25","guid":{"rendered":"https:\/\/ws226.juntadeandalucia.es\/iadformaconti\/wordpress\/?page_id=3926"},"modified":"2026-02-27T10:26:37","modified_gmt":"2026-02-27T09:26:37","slug":"ejercicio-fisico-y-cancer-de-la-prevencion-al-tratamiento-3","status":"publish","type":"page","link":"https:\/\/ws226.juntadeandalucia.es\/iadformaconti\/wordpress\/?page_id=3926","title":{"rendered":"Ejercicio f\u00edsico y c\u00e1ncer: de la prevenci\u00f3n al tratamiento"},"content":{"rendered":"\t<section class=\"section\" id=\"section_366235921\">\n\t\t<div class=\"bg section-bg fill bg-fill  bg-loaded\" >\n\n\t\t\t\n\t\t\t\n\t\t\t\n\n\t\t<\/div><!-- .section-bg -->\n\n\t\t<div class=\"section-content relative\">\n\t\t\t\n<div class=\"row row-collapse row-full-width\"  id=\"row-2051164432\">\n<div class=\"col small-12 large-12\"  ><div class=\"col-inner\"  >\n\n  <div class=\"banner has-hover\" id=\"banner-1747897925\">\n          <div class=\"banner-inner fill\">\n        <div class=\"banner-bg fill\" >\n            <div class=\"bg fill bg-fill \"><\/div>\n                                    \n                    <\/div><!-- bg-layers -->\n        <div class=\"banner-layers container\">\n            <div class=\"fill banner-link\"><\/div>            \n   <div id=\"text-box-872175434\" class=\"text-box banner-layer x50 md-x50 lg-x10 y5 md-y5 lg-y5 res-text\">\n                                <div class=\"text \">\n              \n              <div class=\"text-inner text-left\">\n                  \n<h1 style=\"color: #be1622; font-size: clamp(2.3125rem, 2.1364rem + 0.5634vw, 2.8125rem);\"><strong>Ejercicio f\u00edsico y c\u00e1ncer: de la prevenci\u00f3n al tratamiento<br \/><\/strong><\/h1>\n<h4 style=\"color: #be1622;\">Del 4 al 31 de mayo, modalidad online<\/h4>\n<p>\u00a0<\/p>\n              <\/div>\n           <\/div><!-- text-box-inner -->\n                            \n<style scope=\"scope\">\n\n#text-box-872175434 .text-inner {\n  padding: 0px 20px 0px 20px;\n}\n#text-box-872175434 {\n  width: 100%;\n}\n#text-box-872175434 .text {\n  font-size: 100%;\n}\n\n\n@media (min-width:550px) {\n\n  #text-box-872175434 {\n    width: 77%;\n  }\n\n}\n\n\n@media (min-width:850px) {\n\n  #text-box-872175434 {\n    width: 54%;\n  }\n\n}\n<\/style>\n    <\/div><!-- text-box -->\n \n   <div id=\"text-box-1377254463\" class=\"text-box banner-layer x50 md-x10 lg-x10 y100 md-y90 lg-y95 res-text\">\n                                <div class=\"text dark\">\n              \n              <div class=\"text-inner text-left\">\n                  \n<p class=\"p1\"><span class=\"s1\"><b>MODALIDAD || <\/b>Online -Teleformaci\u00f3n<\/span><\/p>\n<p class=\"p1\"><span class=\"s1\"><b>DESTINATARIOS || <\/b>Graduados\/as o licenciados\/as en Ciencias de la Actividad F\u00edsica y del Deporte, t\u00e9cnicos\/as contratados\/as por ayuntamientos para programas de ejercicio f\u00edsico en poblaci\u00f3n oncol\u00f3gica, m\u00e9dicos, enfermeros\/as, fisioterapeutas y t\u00e9cnicos\/as deportivos\/as<\/span><\/p>\n<p class=\"p1\"><span class=\"s1\"><b>N\u00daMERO PLAZAS: <\/b>120<\/span><\/p>\n<p class=\"p1\"><span class=\"s1\"><b>PLAZO DE INSCRIPCI\u00d3N: <\/b>hasta el 5 de abril de 2026, inclusive<\/span><\/p>\n<a rel=\"noopener noreferrer\" href=\"https:\/\/ws226.juntadeandalucia.es\/iadformtools\/modules\/form_builder\/published\/202605_ejercicio_cancer_prevencion.php\" target=\"_blank\" class=\"button white lowercase\"  >\n    <span>INSCRIPCIONES<\/span>\n  <\/a>\n\n              <\/div>\n           <\/div><!-- text-box-inner -->\n                            \n<style scope=\"scope\">\n\n#text-box-1377254463 .text {\n  background-color: rgb(190, 22, 34);\n  font-size: 100%;\n}\n#text-box-1377254463 .text-inner {\n  padding: 10px 25px 10px 25px;\n}\n#text-box-1377254463 {\n  width: 100%;\n}\n\n\n@media (min-width:550px) {\n\n  #text-box-1377254463 {\n    width: 68%;\n  }\n\n}\n\n\n@media (min-width:850px) {\n\n  #text-box-1377254463 {\n    width: 54%;\n  }\n\n}\n<\/style>\n    <\/div><!-- text-box -->\n \n        <\/div><!-- .banner-layers -->\n      <\/div><!-- .banner-inner -->\n\n            \n<style scope=\"scope\">\n\n#banner-1747897925 {\n  padding-top: 550px;\n  background-color: rgb(255, 255, 255);\n}\n#banner-1747897925 .bg.bg-loaded {\n  background-image: url(https:\/\/ws226.juntadeandalucia.es\/iadformaconti\/wordpress\/wp-content\/uploads\/2022\/02\/fondo_iad22_area1-scaled.jpg);\n}\n#banner-1747897925 .bg {\n  background-position: 4% 12%;\n}\n\n\n@media (min-width:550px) {\n\n  #banner-1747897925 {\n    padding-top: 600px;\n  }\n\n}\n<\/style>\n  <\/div><!-- .banner -->\n\n\n<\/div><\/div>\n\n<style scope=\"scope\">\n\n<\/style>\n<\/div>\n\t\t<\/div><!-- .section-content -->\n\n\t\t\n<style scope=\"scope\">\n\n#section_366235921 {\n  padding-top: 0px;\n  padding-bottom: 0px;\n}\n<\/style>\n\t<\/section>\n\t\n\t<section class=\"section\" id=\"section_330527410\">\n\t\t<div class=\"bg section-bg fill bg-fill  bg-loaded\" >\n\n\t\t\t\n\t\t\t\n\t\t\t\n\n\t\t<\/div><!-- .section-bg -->\n\n\t\t<div class=\"section-content relative\">\n\t\t\t\n\t<div id=\"gap-1186961749\" class=\"gap-element clearfix\" style=\"display:block; height:auto;\">\n\t\t\n<style scope=\"scope\">\n\n#gap-1186961749 {\n  padding-top: 40px;\n}\n<\/style>\n\t<\/div>\n\t\n<div class=\"row align-center\"  id=\"row-243469235\">\n<div class=\"col medium-4 small-10 large-4\"  ><div class=\"col-inner\"  >\n<h2 class=\"uppercase\"><span style=\"font-size: 150%; color: white;\">Descripci\u00f3n del curso<\/span><\/h2>\n<p>\n<div class=\"is-divider divider clearfix\" style=\"max-width:150px;background-color:rgb(255, 255, 255);\"><\/div><!-- .divider -->\n<a rel=\"noopener noreferrer\" href=\"https:\/\/ws226.juntadeandalucia.es\/iadweb\/formacioncontinua\/iad_202605_programa_ejercicio_fisico_cancer.pdf\" target=\"_blank\" class=\"button white is-large\"  >\n    <span>DESCARGAR PROGRAMA<\/span>\n  <i class=\"icon-angle-right\" ><\/i><\/a>\n\n<\/div><\/div>\n<div class=\"col medium-8 small-10 large-8\"  ><div class=\"col-inner\"  >\n<p><span style=\"color: #fafafa;\">El c\u00e1ncer es actualmente una de las enfermedades m\u00e1s prevalentes a nivel global y representa un importante desaf\u00edo para la salud p\u00fablica. En este contexto, el ejercicio f\u00edsico emerge como una herramienta fundamental en la lucha contra el c\u00e1ncer. La realizaci\u00f3n de actividad f\u00edsica no solo ha demostrado reducir el riesgo de desarrollar esta enfermedad, sino que tambi\u00e9n puede desempe\u00f1ar un papel clave en la prevenci\u00f3n de reca\u00eddas y en el apoyo durante el tratamiento, mejorando la tolerancia a los tratamientos, disminuyendo el riesgo de efectos secundarios y preparando al cuerpo para afrontar intervenciones quir\u00fargicas.<\/span><\/p>\n<p><span style=\"color: #fafafa;\">El curso tiene como prop\u00f3sito proporcionar una comprensi\u00f3n detallada del impacto del estilo de vida en la prevenci\u00f3n y el tratamiento del c\u00e1ncer; explicar desde una perspectiva biol\u00f3gica y evolutiva c\u00f3mo se desarrolla la enfermedad, lo que permitir\u00e1 comprender por qu\u00e9 el ejercicio puede ser una herramienta eficaz en su prevenci\u00f3n y manejo; y analizar en profundidad el potencial del ejercicio f\u00edsico en las diferentes etapas del continuo del c\u00e1ncer (antes, durante y despu\u00e9s de la enfermedad). M\u00e1s all\u00e1 de los tratamientos m\u00e9dicos convencionales, fortalecer y preparar el cuerpo para combatir lo que algunos autores describen como una \u00abenfermedad de alto rendimiento\u00bb es una estrategia clave para hacer frente eficazmente al c\u00e1ncer, con la participaci\u00f3n de referentes nacionales en las ciencias de la actividad f\u00edsica y el deporte.<\/span><\/p>\n<\/div><\/div>\n\n<style scope=\"scope\">\n\n<\/style>\n<\/div>\n\t\t<\/div><!-- .section-content -->\n\n\t\t\n<style scope=\"scope\">\n\n#section_330527410 {\n  padding-top: 30px;\n  padding-bottom: 30px;\n  background-color: rgb(190, 22, 34);\n}\n<\/style>\n\t<\/section>\n\t\n\t<section class=\"section\" id=\"section_1646396116\">\n\t\t<div class=\"bg section-bg fill bg-fill  bg-loaded\" >\n\n\t\t\t\n\t\t\t\n\t\t\t\n\n\t\t<\/div><!-- .section-bg -->\n\n\t\t<div class=\"section-content relative\">\n\t\t\t\n<div class=\"row\"  id=\"row-532475688\">\n<div class=\"col small-12 large-12\"  ><div class=\"col-inner\"  >\n<h2 class=\"uppercase\"><span style=\"font-size: 150%; color: #be1622;\">DIRECCI\u00d3N<\/span><\/h2>\n<p>\n<div class=\"is-divider divider clearfix\" style=\"max-width:150px;background-color:rgb(190, 22, 34);\"><\/div><!-- .divider -->\n<\/div><\/div>\n<\/div>\n<div class=\"row row-large align-middle align-center\"  id=\"row-1529672034\">\n<div class=\"col medium-5 small-12 large-6\"  ><div class=\"col-inner text-center\" style=\"margin:0px 0px 40px 0px;\" >\n<h2><span style=\"font-size: 150%; color: #be1622;\">Javier Salvador Morales Rojas<\/span><\/h2>\n<p>Doctor en Actividad F\u00edsica y Deporte. Investigador Ram\u00f3n y Cajal en la Universidad de Almer\u00eda. Codirector de Fissac.<\/p>\n\t<div id=\"gap-1789461261\" class=\"gap-element clearfix\" style=\"display:block; height:auto;\">\n\t\t\n<style scope=\"scope\">\n\n#gap-1789461261 {\n  padding-top: 10px;\n}\n<\/style>\n\t<\/div>\n\t\n<\/div><\/div>\n<div class=\"col hide-for-medium medium-2 small-12 large-2\"  ><div class=\"col-inner\"  >\n\t<div id=\"gap-513305215\" class=\"gap-element clearfix\" style=\"display:block; height:auto;\">\n\t\t\n<style scope=\"scope\">\n\n#gap-513305215 {\n  padding-top: 30px;\n}\n<\/style>\n\t<\/div>\n\t\n<\/div><\/div>\n\n<style scope=\"scope\">\n\n<\/style>\n<\/div>\n\t\t<\/div><!-- .section-content -->\n\n\t\t\n<style scope=\"scope\">\n\n#section_1646396116 {\n  padding-top: 50px;\n  padding-bottom: 50px;\n}\n<\/style>\n\t<\/section>\n\t\n\t<section class=\"section\" id=\"section_808405123\">\n\t\t<div class=\"bg section-bg fill bg-fill  bg-loaded\" >\n\n\t\t\t\n\t\t\t\n\t\t\t\n\n\t\t<\/div><!-- .section-bg -->\n\n\t\t<div class=\"section-content relative\">\n\t\t\t\n<div class=\"row\"  id=\"row-1573689859\">\n<div class=\"col small-12 large-12\"  ><div class=\"col-inner\"  >\n<h2 class=\"uppercase\"><span style=\"font-size: 150%; color: #be1622;\">OBJETIVOS<\/span><\/h2>\n<p>\n<div class=\"is-divider divider clearfix\" style=\"max-width:150px;background-color:rgb(190, 22, 34);\"><\/div><!-- .divider -->\n<\/div><\/div>\n<\/div>\n<div class=\"row align-center\"  id=\"row-65739603\">\n<div class=\"col small-12 large-12\"  ><div class=\"col-inner\"  >\n<div class=\"row align-center\"  id=\"row-581406084\">\n<div class=\"col medium-6 small-10 large-6\"  ><div class=\"col-inner\" style=\"margin:0px 0px 0px -10px;\" >\n<h3><span style=\"font-size: 115%;\">Comprender la epidemiolog\u00eda y la biolog\u00eda del c\u00e1ncer<\/span><\/h3>\n<p>Comprender la epidemiolog\u00eda y la biolog\u00eda del c\u00e1ncer.<\/p>\n<h3><span style=\"font-size: 115%;\">Examinar el papel del estilo de vida y del ejercicio f\u00edsico<\/span><\/h3>\n<p>Examinar el papel del estilo de vida y en particular del ejercicio f\u00edsico, en la prevenci\u00f3n de la enfermedad.<\/p>\n<h3><span style=\"font-size: 115%;\">Explorar el impacto del ejercicio en el microambiente tumoral<\/span><\/h3>\n<p>Explorar el impacto del ejercicio en el microambiente tumoral y la respuesta inmunitaria.<\/p>\n<\/div><\/div>\n<div class=\"col medium-6 small-11 large-6\"  ><div class=\"col-inner\" style=\"margin:0px 0px 0px 10px;\" >\n<h3><span style=\"font-size: 115%;\">Investigar el papel del ejercicio como tratamiento coadyuvante<\/span><\/h3>\n<p>Investigar el papel del ejercicio como tratamiento coadyuvante y su impacto en la salud y la calidad de vida de los pacientes con c\u00e1ncer.<\/p>\n<h3><span style=\"font-size: 115%;\">Desarrollar estrategias pr\u00e1cticas y recomendaciones<\/span><\/h3>\n<p>Desarrollar estrategias pr\u00e1cticas y recomendaciones de ejercicio para poblaci\u00f3n con c\u00e1ncer.<\/p>\n<\/p>\n<\/div><\/div>\n\n<style scope=\"scope\">\n\n<\/style>\n<\/div>\n<\/div><\/div>\n\n<style scope=\"scope\">\n\n<\/style>\n<\/div>\n\t\t<\/div><!-- .section-content -->\n\n\t\t\n<style scope=\"scope\">\n\n#section_808405123 {\n  padding-top: 30px;\n  padding-bottom: 30px;\n}\n<\/style>\n\t<\/section>\n\t\n","protected":false},"excerpt":{"rendered":"","protected":false},"author":4,"featured_media":3836,"parent":0,"menu_order":0,"comment_status":"closed","ping_status":"closed","template":"page-blank.php","meta":{"footnotes":""},"class_list":["post-3926","page","type-page","status-publish","has-post-thumbnail","hentry"],"_links":{"self":[{"href":"https:\/\/ws226.juntadeandalucia.es\/iadformaconti\/wordpress\/index.php?rest_route=\/wp\/v2\/pages\/3926","targetHints":{"allow":["GET"]}}],"collection":[{"href":"https:\/\/ws226.juntadeandalucia.es\/iadformaconti\/wordpress\/index.php?rest_route=\/wp\/v2\/pages"}],"about":[{"href":"https:\/\/ws226.juntadeandalucia.es\/iadformaconti\/wordpress\/index.php?rest_route=\/wp\/v2\/types\/page"}],"author":[{"embeddable":true,"href":"https:\/\/ws226.juntadeandalucia.es\/iadformaconti\/wordpress\/index.php?rest_route=\/wp\/v2\/users\/4"}],"replies":[{"embeddable":true,"href":"https:\/\/ws226.juntadeandalucia.es\/iadformaconti\/wordpress\/index.php?rest_route=%2Fwp%2Fv2%2Fcomments&post=3926"}],"version-history":[{"count":5,"href":"https:\/\/ws226.juntadeandalucia.es\/iadformaconti\/wordpress\/index.php?rest_route=\/wp\/v2\/pages\/3926\/revisions"}],"predecessor-version":[{"id":3937,"href":"https:\/\/ws226.juntadeandalucia.es\/iadformaconti\/wordpress\/index.php?rest_route=\/wp\/v2\/pages\/3926\/revisions\/3937"}],"wp:featuredmedia":[{"embeddable":true,"href":"https:\/\/ws226.juntadeandalucia.es\/iadformaconti\/wordpress\/index.php?rest_route=\/wp\/v2\/media\/3836"}],"wp:attachment":[{"href":"https:\/\/ws226.juntadeandalucia.es\/iadformaconti\/wordpress\/index.php?rest_route=%2Fwp%2Fv2%2Fmedia&parent=3926"}],"curies":[{"name":"wp","href":"https:\/\/api.w.org\/{rel}","templated":true}]}}