{"id":3965,"date":"2026-03-18T12:19:14","date_gmt":"2026-03-18T11:19:14","guid":{"rendered":"https:\/\/ws226.juntadeandalucia.es\/iadformaconti\/wordpress\/?page_id=3965"},"modified":"2026-03-18T12:27:00","modified_gmt":"2026-03-18T11:27:00","slug":"como-mejorar-la-calidad-de-vida-de-personas-con-problemas-de-salud-mental-sin-cambiar-radicalmente-lo-que-hacen-cada-dia","status":"publish","type":"page","link":"https:\/\/ws226.juntadeandalucia.es\/iadformaconti\/wordpress\/?page_id=3965","title":{"rendered":"C\u00f3mo mejorar la calidad de vida de personas con problemas de salud mental sin cambiar radicalmente lo que hacen cada d\u00eda"},"content":{"rendered":"\t<section class=\"section\" id=\"section_1218128719\">\n\t\t<div class=\"bg section-bg fill bg-fill  bg-loaded\" >\n\n\t\t\t\n\t\t\t\n\t\t\t\n\n\t\t<\/div><!-- .section-bg -->\n\n\t\t<div class=\"section-content relative\">\n\t\t\t\n<div class=\"row row-collapse row-full-width\"  id=\"row-254124513\">\n<div class=\"col small-12 large-12\"  ><div class=\"col-inner\"  >\n\n  <div class=\"banner has-hover\" id=\"banner-637969686\">\n          <div class=\"banner-inner fill\">\n        <div class=\"banner-bg fill\" >\n            <div class=\"bg fill bg-fill \"><\/div>\n                                    \n                    <\/div><!-- bg-layers -->\n        <div class=\"banner-layers container\">\n            <div class=\"fill banner-link\"><\/div>            \n   <div id=\"text-box-2103014297\" class=\"text-box banner-layer x50 md-x50 lg-x10 y5 md-y5 lg-y5 res-text\">\n                                <div class=\"text \">\n              \n              <div class=\"text-inner text-left\">\n                  \n<h1 style=\"color: #be1622; font-size: clamp(2.3125rem, 2.1364rem + 0.5634vw, 2.8125rem);\"><strong>C\u00f3mo mejorar la calidad de vida de personas con problemas de salud mental<br \/><\/strong><\/h1>\n<h4 style=\"color: #be1622;\">18 de mayo, online en directo<\/h4>\n              <\/div>\n           <\/div><!-- text-box-inner -->\n                            \n<style scope=\"scope\">\n\n#text-box-2103014297 .text-inner {\n  padding: 0px 20px 0px 20px;\n}\n#text-box-2103014297 {\n  width: 100%;\n}\n#text-box-2103014297 .text {\n  font-size: 100%;\n}\n\n\n@media (min-width:550px) {\n\n  #text-box-2103014297 {\n    width: 77%;\n  }\n\n}\n\n\n@media (min-width:850px) {\n\n  #text-box-2103014297 {\n    width: 54%;\n  }\n\n}\n<\/style>\n    <\/div><!-- text-box -->\n \n   <div id=\"text-box-918887210\" class=\"text-box banner-layer x50 md-x10 lg-x10 y100 md-y90 lg-y95 res-text\">\n                                <div class=\"text dark\">\n              \n              <div class=\"text-inner text-left\">\n                  \n<p class=\"p1\"><span class=\"s1\"><b>MODALIDAD || <\/b>Online y gratuito<\/span><\/p>\n<p class=\"p1\"><span class=\"s1\"><b>DESTINATARIOS || <\/b>Personas con problemas de salud mental, familiares y allegados de personas con problemas de salud mental y profesionales de la salud mental<\/span><\/p>\n<p class=\"p1\"><span class=\"s1\"><b>N\u00daMERO PLAZAS: <\/b>500<\/span><\/p>\n<p class=\"p1\"><span class=\"s1\"><b>PLAZO DE INSCRIPCI\u00d3N: <\/b>hasta el 7 de mayo, inclusive<\/span><\/p>\n<a rel=\"noopener noreferrer\" href=\"https:\/\/ws226.juntadeandalucia.es\/iadformtools\/modules\/form_builder\/published\/202608_calidad_vida_salud_mental.php\" target=\"_blank\" class=\"button white lowercase\"  >\n    <span>INSCRIPCIONES<\/span>\n  <\/a>\n\n              <\/div>\n           <\/div><!-- text-box-inner -->\n                            \n<style scope=\"scope\">\n\n#text-box-918887210 .text {\n  background-color: rgb(190, 22, 34);\n  font-size: 100%;\n}\n#text-box-918887210 .text-inner {\n  padding: 10px 25px 10px 25px;\n}\n#text-box-918887210 {\n  width: 100%;\n}\n\n\n@media (min-width:550px) {\n\n  #text-box-918887210 .text-inner {\n    padding: 10px 25px 10px 25px;\n  }\n  #text-box-918887210 {\n    width: 68%;\n  }\n\n}\n\n\n@media (min-width:850px) {\n\n  #text-box-918887210 {\n    width: 54%;\n  }\n\n}\n<\/style>\n    <\/div><!-- text-box -->\n \n        <\/div><!-- .banner-layers -->\n      <\/div><!-- .banner-inner -->\n\n            \n<style scope=\"scope\">\n\n#banner-637969686 {\n  padding-top: 550px;\n  background-color: rgb(255, 255, 255);\n}\n#banner-637969686 .bg.bg-loaded {\n  background-image: url(https:\/\/ws226.juntadeandalucia.es\/iadformaconti\/wordpress\/wp-content\/uploads\/2022\/02\/fondo_iad22_area1-scaled.jpg);\n}\n#banner-637969686 .bg {\n  background-position: 4% 12%;\n}\n\n\n@media (min-width:550px) {\n\n  #banner-637969686 {\n    padding-top: 600px;\n  }\n\n}\n<\/style>\n  <\/div><!-- .banner -->\n\n\n<\/div><\/div>\n\n<style scope=\"scope\">\n\n<\/style>\n<\/div>\n\t\t<\/div><!-- .section-content -->\n\n\t\t\n<style scope=\"scope\">\n\n#section_1218128719 {\n  padding-top: 0px;\n  padding-bottom: 0px;\n}\n<\/style>\n\t<\/section>\n\t\n\t<section class=\"section\" id=\"section_1631162718\">\n\t\t<div class=\"bg section-bg fill bg-fill  bg-loaded\" >\n\n\t\t\t\n\t\t\t\n\t\t\t\n\n\t\t<\/div><!-- .section-bg -->\n\n\t\t<div class=\"section-content relative\">\n\t\t\t\n\t<div id=\"gap-119901901\" class=\"gap-element clearfix\" style=\"display:block; height:auto;\">\n\t\t\n<style scope=\"scope\">\n\n#gap-119901901 {\n  padding-top: 40px;\n}\n<\/style>\n\t<\/div>\n\t\n<div class=\"row align-center\"  id=\"row-1772692580\">\n<div class=\"col medium-4 small-10 large-4\"  ><div class=\"col-inner\"  >\n<h2 class=\"uppercase\"><span style=\"font-size: 150%; color: white;\">Descripci\u00f3n del curso<\/span><\/h2>\n<div class=\"is-divider divider clearfix\" style=\"max-width:150px;background-color:rgb(255, 255, 255);\"><\/div><!-- .divider -->\n<a rel=\"noopener noreferrer\" href=\"https:\/\/ws226.juntadeandalucia.es\/iadweb\/formacioncontinua\/iad_programa_202808_calidad_vida_salud_mental.pdf\" target=\"_blank\" class=\"button white is-large\"  >\n    <span>DESCARGAR PROGRAMA<\/span>\n  <i class=\"icon-angle-right\" ><\/i><\/a>\n\n<\/div><\/div>\n<div class=\"col medium-8 small-10 large-8\"  ><div class=\"col-inner\"  >\n<p><span style=\"color: #fafafa;\">El taller est\u00e1 focalizado en personas con problemas de salud como depresi\u00f3n, esquizofrenia y trastorno bipolar que pretende promover la mejora de su calidad de vida.<\/span><\/p>\n<\/div><\/div>\n\n<style scope=\"scope\">\n\n<\/style>\n<\/div>\n\t\t<\/div><!-- .section-content -->\n\n\t\t\n<style scope=\"scope\">\n\n#section_1631162718 {\n  padding-top: 30px;\n  padding-bottom: 30px;\n  background-color: rgb(190, 22, 34);\n}\n<\/style>\n\t<\/section>\n\t\n\t<section class=\"section\" id=\"section_866813183\">\n\t\t<div class=\"bg section-bg fill bg-fill  bg-loaded\" >\n\n\t\t\t\n\t\t\t\n\t\t\t\n\n\t\t<\/div><!-- .section-bg -->\n\n\t\t<div class=\"section-content relative\">\n\t\t\t\n<div class=\"row\"  id=\"row-1404372926\">\n<div class=\"col small-12 large-12\"  ><div class=\"col-inner\"  >\n<h2 class=\"uppercase\"><span style=\"font-size: 150%; color: #be1622;\">DIRECCI\u00d3N<\/span><\/h2>\n<div class=\"is-divider divider clearfix\" style=\"max-width:150px;background-color:rgb(190, 22, 34);\"><\/div><!-- .divider -->\n<\/div><\/div>\n<\/div>\n<div class=\"row row-large align-middle align-center\"  id=\"row-904788238\">\n<div class=\"col medium-5 small-12 large-6\"  ><div class=\"col-inner text-center\" style=\"margin:0px 0px 40px 0px;\" >\n<h2><span style=\"font-size: 150%; color: #be1622;\"> Diego Mungu\u00eda Izquierdo<\/span><\/h2>\n<p>Doctor en Medicina de la Educaci\u00f3n F\u00edsica y el Deporte. Catedr\u00e1tico de la Universidad Pablo de Olavide de Sevilla y responsable de PowerONyou.<\/p>\n\t<div id=\"gap-1005825917\" class=\"gap-element clearfix\" style=\"display:block; height:auto;\">\n\t\t\n<style scope=\"scope\">\n\n#gap-1005825917 {\n  padding-top: 10px;\n}\n<\/style>\n\t<\/div>\n\t\n<\/div><\/div>\n<div class=\"col hide-for-medium medium-2 small-12 large-2\"  ><div class=\"col-inner\"  >\n\t<div id=\"gap-833325911\" class=\"gap-element clearfix\" style=\"display:block; height:auto;\">\n\t\t\n<style scope=\"scope\">\n\n#gap-833325911 {\n  padding-top: 30px;\n}\n<\/style>\n\t<\/div>\n\t\n<\/div><\/div>\n\n<style scope=\"scope\">\n\n<\/style>\n<\/div>\n\t\t<\/div><!-- .section-content -->\n\n\t\t\n<style scope=\"scope\">\n\n#section_866813183 {\n  padding-top: 50px;\n  padding-bottom: 50px;\n}\n<\/style>\n\t<\/section>\n\t\n\t<section class=\"section\" id=\"section_327778839\">\n\t\t<div class=\"bg section-bg fill bg-fill  bg-loaded\" >\n\n\t\t\t\n\t\t\t\n\t\t\t\n\n\t\t<\/div><!-- .section-bg -->\n\n\t\t<div class=\"section-content relative\">\n\t\t\t\n<div class=\"row\"  id=\"row-1938961894\">\n<div class=\"col small-12 large-12\"  ><div class=\"col-inner\"  >\n<h2 class=\"uppercase\"><span style=\"font-size: 150%; color: #be1622;\">OBJETIVOS<\/span><\/h2>\n<div class=\"is-divider divider clearfix\" style=\"max-width:150px;background-color:rgb(190, 22, 34);\"><\/div><!-- .divider -->\n<\/div><\/div>\n<\/div>\n<div class=\"row align-center\"  id=\"row-1026089507\">\n<div class=\"col small-12 large-12\"  ><div class=\"col-inner\"  >\n<div class=\"row align-center\"  id=\"row-1232372127\">\n<div class=\"col medium-10 small-10 large-10\"  ><div class=\"col-inner\" style=\"margin:0px 0px 0px -10px;\" >\n<h3><span style=\"font-size: 115%;\">Visibilizar los principales problemas de calidad de vida de las personas con problemas mentales y proponer soluciones basadas en la evidencia cient\u00edfica<\/span><\/h3>\n<\/div><\/div>\n<div class=\"col medium-2 small-11 large-2\"  ><div class=\"col-inner\" style=\"margin:0px 0px 0px 10px;\" >\n<\/div><\/div>\n\n<style scope=\"scope\">\n\n<\/style>\n<\/div>\n<\/div><\/div>\n\n<style scope=\"scope\">\n\n<\/style>\n<\/div>\n\t\t<\/div><!-- .section-content -->\n\n\t\t\n<style scope=\"scope\">\n\n#section_327778839 {\n  padding-top: 30px;\n  padding-bottom: 30px;\n}\n<\/style>\n\t<\/section>\n\t\n","protected":false},"excerpt":{"rendered":"","protected":false},"author":4,"featured_media":3836,"parent":0,"menu_order":0,"comment_status":"closed","ping_status":"closed","template":"page-blank.php","meta":{"footnotes":""},"class_list":["post-3965","page","type-page","status-publish","has-post-thumbnail","hentry"],"_links":{"self":[{"href":"https:\/\/ws226.juntadeandalucia.es\/iadformaconti\/wordpress\/index.php?rest_route=\/wp\/v2\/pages\/3965","targetHints":{"allow":["GET"]}}],"collection":[{"href":"https:\/\/ws226.juntadeandalucia.es\/iadformaconti\/wordpress\/index.php?rest_route=\/wp\/v2\/pages"}],"about":[{"href":"https:\/\/ws226.juntadeandalucia.es\/iadformaconti\/wordpress\/index.php?rest_route=\/wp\/v2\/types\/page"}],"author":[{"embeddable":true,"href":"https:\/\/ws226.juntadeandalucia.es\/iadformaconti\/wordpress\/index.php?rest_route=\/wp\/v2\/users\/4"}],"replies":[{"embeddable":true,"href":"https:\/\/ws226.juntadeandalucia.es\/iadformaconti\/wordpress\/index.php?rest_route=%2Fwp%2Fv2%2Fcomments&post=3965"}],"version-history":[{"count":10,"href":"https:\/\/ws226.juntadeandalucia.es\/iadformaconti\/wordpress\/index.php?rest_route=\/wp\/v2\/pages\/3965\/revisions"}],"predecessor-version":[{"id":3976,"href":"https:\/\/ws226.juntadeandalucia.es\/iadformaconti\/wordpress\/index.php?rest_route=\/wp\/v2\/pages\/3965\/revisions\/3976"}],"wp:featuredmedia":[{"embeddable":true,"href":"https:\/\/ws226.juntadeandalucia.es\/iadformaconti\/wordpress\/index.php?rest_route=\/wp\/v2\/media\/3836"}],"wp:attachment":[{"href":"https:\/\/ws226.juntadeandalucia.es\/iadformaconti\/wordpress\/index.php?rest_route=%2Fwp%2Fv2%2Fmedia&parent=3965"}],"curies":[{"name":"wp","href":"https:\/\/api.w.org\/{rel}","templated":true}]}}