{"id":3977,"date":"2026-03-24T12:44:05","date_gmt":"2026-03-24T11:44:05","guid":{"rendered":"https:\/\/ws226.juntadeandalucia.es\/iadformaconti\/wordpress\/?page_id=3977"},"modified":"2026-03-24T12:59:00","modified_gmt":"2026-03-24T11:59:00","slug":"integracion-de-variables-neuromusculares-y-mecanicas-en-la-programacion-del-entrenamiento-de-fuerza","status":"publish","type":"page","link":"https:\/\/ws226.juntadeandalucia.es\/iadformaconti\/wordpress\/?page_id=3977","title":{"rendered":"Integraci\u00f3n de variables neuromusculares y mec\u00e1nicas en la programaci\u00f3n del entrenamiento de fuerza"},"content":{"rendered":"\t<section class=\"section\" id=\"section_1650721281\">\n\t\t<div class=\"bg section-bg fill bg-fill  bg-loaded\" >\n\n\t\t\t\n\t\t\t\n\t\t\t\n\n\t\t<\/div><!-- .section-bg -->\n\n\t\t<div class=\"section-content relative\">\n\t\t\t\n<div class=\"row row-collapse row-full-width\"  id=\"row-1350097057\">\n<div class=\"col small-12 large-12\"  ><div class=\"col-inner\"  >\n\n  <div class=\"banner has-hover\" id=\"banner-1783778612\">\n          <div class=\"banner-inner fill\">\n        <div class=\"banner-bg fill\" >\n            <div class=\"bg fill bg-fill \"><\/div>\n                                    \n                    <\/div><!-- bg-layers -->\n        <div class=\"banner-layers container\">\n            <div class=\"fill banner-link\"><\/div>            \n   <div id=\"text-box-1363368785\" class=\"text-box banner-layer x50 md-x50 lg-x10 y0 md-y0 lg-y0 res-text\">\n                                <div class=\"text \">\n              \n              <div class=\"text-inner text-left\">\n                  \n<h1 style=\"color: 906255; font-size: 45px;\"><span style=\"color: #906255;\"><strong>Integraci\u00f3n de variables neuromusculares y mec\u00e1nicas en la programaci\u00f3n del entrenamiento de fuerza<\/strong><\/span><\/h1>\n<h4 style=\"color: 906255;\"><span style=\"color: #906255;\">22, 23 y 30 de mayo<\/span><\/h4>\n<p>\u00a0<\/p>\n              <\/div>\n           <\/div><!-- text-box-inner -->\n                            \n<style scope=\"scope\">\n\n#text-box-1363368785 {\n  width: 91%;\n}\n#text-box-1363368785 .text {\n  font-size: 100%;\n}\n\n\n@media (min-width:550px) {\n\n  #text-box-1363368785 {\n    width: 77%;\n  }\n\n}\n\n\n@media (min-width:850px) {\n\n  #text-box-1363368785 {\n    width: 49%;\n  }\n\n}\n<\/style>\n    <\/div><!-- text-box -->\n \n   <div id=\"text-box-916973000\" class=\"text-box banner-layer x50 md-x10 lg-x10 y100 md-y100 lg-y100 res-text\">\n                                <div class=\"text dark\">\n              \n              <div class=\"text-inner text-left\">\n                  \n<p class=\"p1\"><span class=\"s1\"><b>FECHA DE INSCRIPCI\u00d3N || <\/b>Hasta el 22 de abril<\/span><\/p>\n<p class=\"p1\"><span class=\"s1\"><b>N\u00ba PLAZAS || <\/b>40<\/span><\/p>\n<p class=\"p1\"><span class=\"s1\"><b>MODALIDAD || <\/b>Presencial en Almer\u00eda | Gratuito <\/span><\/p>\n<p class=\"p1\"><span class=\"s1\"><b>N\u00ba HORAS || <\/b>25 horas<\/span><\/p>\n<p class=\"p1\"><span class=\"s1\"><b>DESTINATARIOS || <\/b>Graduados\/as o licenciados\/as en Ciencias de la Actividad F\u00edsica y del Deporte, estudiantes del grado de Ciencias de la Actividad F\u00edsica y del Deporte, y entrenadores y preparadores f\u00edsicos.<\/span><\/p>\n<a rel=\"noopener noreferrer\" href=\"https:\/\/ws226.juntadeandalucia.es\/iadformtools\/modules\/form_builder\/published\/202609_integracion_variables_entrenamiento_fuerza.php\" target=\"_blank\" class=\"button white lowercase\"  >\n    <span>INSCRIPCIONES<\/span>\n  <\/a>\n\n              <\/div>\n           <\/div><!-- text-box-inner -->\n                            \n<style scope=\"scope\">\n\n#text-box-916973000 .text {\n  background-color: rgb(144, 98, 85);\n  font-size: 100%;\n}\n#text-box-916973000 .text-inner {\n  padding: 10px 25px 10px 25px;\n}\n#text-box-916973000 {\n  width: 100%;\n}\n\n\n@media (min-width:550px) {\n\n  #text-box-916973000 {\n    width: 68%;\n  }\n\n}\n\n\n@media (min-width:850px) {\n\n  #text-box-916973000 {\n    width: 48%;\n  }\n\n}\n<\/style>\n    <\/div><!-- text-box -->\n \n        <\/div><!-- .banner-layers -->\n      <\/div><!-- .banner-inner -->\n\n            \n<style scope=\"scope\">\n\n#banner-1783778612 {\n  padding-top: 499px;\n  background-color: rgb(255, 255, 255);\n}\n\n\n@media (min-width:550px) {\n\n  #banner-1783778612 {\n    padding-top: 600px;\n  }\n\n}\n<\/style>\n  <\/div><!-- .banner -->\n\n\n<\/div><\/div>\n\n<style scope=\"scope\">\n\n<\/style>\n<\/div>\n\t\t<\/div><!-- .section-content -->\n\n\t\t\n<style scope=\"scope\">\n\n#section_1650721281 {\n  padding-top: 0px;\n  padding-bottom: 0px;\n}\n<\/style>\n\t<\/section>\n\t\n\t<section class=\"section\" id=\"section_383699204\">\n\t\t<div class=\"bg section-bg fill bg-fill  bg-loaded\" >\n\n\t\t\t\n\t\t\t\n\t\t\t\n\n\t\t<\/div><!-- .section-bg -->\n\n\t\t<div class=\"section-content relative\">\n\t\t\t\n\t<div id=\"gap-1532622621\" class=\"gap-element clearfix\" style=\"display:block; height:auto;\">\n\t\t\n<style scope=\"scope\">\n\n#gap-1532622621 {\n  padding-top: 40px;\n}\n<\/style>\n\t<\/div>\n\t\n<div class=\"row align-center\"  id=\"row-1810375504\">\n<div class=\"col medium-4 small-10 large-4\"  ><div class=\"col-inner\"  >\n<h2 class=\"uppercase\"><span style=\"font-size: 150%; color: white;\">Descripci\u00f3n del curso<\/span><\/h2>\n<p>\n<div class=\"is-divider divider clearfix\" style=\"max-width:150px;background-color:rgb(255, 255, 255);\"><\/div><!-- .divider -->\n<a rel=\"noopener noreferrer\" href=\"https:\/\/ws226.juntadeandalucia.es\/iadweb\/formacioncontinua\/iad_202609_programa_integracion_variables.pdf\" target=\"_blank\" class=\"button white is-large\"  >\n    <span>DESCARGAR PROGRAMA<\/span>\n  <i class=\"icon-angle-right\" ><\/i><\/a>\n\n<\/div><\/div>\n<div class=\"col medium-8 small-10 large-8\"  ><div class=\"col-inner\"  >\n<p style=\"color: white;\">El estudio y la aplicaci\u00f3n de variables neuromusculares y mec\u00e1nicas permiten comprender con mayor precisi\u00f3n c\u00f3mo responde y se adapta el deportista al entrenamiento de fuerza. A lo largo del curso se abordar\u00e1n diferentes estrategias de monitorizaci\u00f3n, desde el an\u00e1lisis de la velocidad de ejecuci\u00f3n hasta el uso de plataformas de fuerza y la evaluaci\u00f3n del perfil fuerza-velocidad, con el fin de aportar datos objetivos que permitan guiar los procesos de entrenamiento y evaluaci\u00f3n. La integraci\u00f3n de esta informaci\u00f3n en la programaci\u00f3n del entrenamiento permitir\u00e1 a los participantes individualizar las cargas, gestionar la fatiga y maximizar las adaptaciones, favoreciendo un rendimiento f\u00edsico-deportivo m\u00e1s eficiente y seguro.<\/p>\n<\/div><\/div>\n\n<style scope=\"scope\">\n\n<\/style>\n<\/div>\n\t\t<\/div><!-- .section-content -->\n\n\t\t\n<style scope=\"scope\">\n\n#section_383699204 {\n  padding-top: 30px;\n  padding-bottom: 30px;\n  background-color: rgb(144, 98, 85);\n}\n<\/style>\n\t<\/section>\n\t\n\t<section class=\"section\" id=\"section_636882012\">\n\t\t<div class=\"bg section-bg fill bg-fill  bg-loaded\" >\n\n\t\t\t\n\t\t\t\n\t\t\t\n\n\t\t<\/div><!-- .section-bg -->\n\n\t\t<div class=\"section-content relative\">\n\t\t\t\n<div class=\"row\"  id=\"row-799874431\">\n<div class=\"col small-12 large-12\"  ><div class=\"col-inner\"  >\n<h2 class=\"uppercase\"><span style=\"font-size: 150%; color: #906255;\">DIRECCI\u00d3N<\/span><\/h2>\n<p>\n<div class=\"is-divider divider clearfix\" style=\"max-width:150px;background-color:rgb(144, 98, 85);\"><\/div><!-- .divider -->\n<\/div><\/div>\n<\/div>\n<div class=\"row row-large align-middle align-center\"  id=\"row-594471744\">\n<div class=\"col medium-5 small-12 large-6\"  ><div class=\"col-inner text-center\" style=\"margin:0px 0px 40px 0px;\" >\n<h2><span style=\"font-size: 150%; color: #906255;\">Amador Garc\u00eda Ramos.<\/span><\/h2>\n<p>Licenciado en Ciencias de la Actividad F\u00edsica y del Deporte. Profesor titular de la Universidad de Granada.<\/p>\n<p>\u00a0<\/p>\n\t<div id=\"gap-212887932\" class=\"gap-element clearfix\" style=\"display:block; height:auto;\">\n\t\t\n<style scope=\"scope\">\n\n#gap-212887932 {\n  padding-top: 10px;\n}\n<\/style>\n\t<\/div>\n\t\n<\/div><\/div>\n<div class=\"col hide-for-medium medium-2 small-12 large-2\"  ><div class=\"col-inner\"  >\n\t<div id=\"gap-812580880\" class=\"gap-element clearfix\" style=\"display:block; height:auto;\">\n\t\t\n<style scope=\"scope\">\n\n#gap-812580880 {\n  padding-top: 30px;\n}\n<\/style>\n\t<\/div>\n\t\n<\/div><\/div>\n\n<style scope=\"scope\">\n\n<\/style>\n<\/div>\n\t\t<\/div><!-- .section-content -->\n\n\t\t\n<style scope=\"scope\">\n\n#section_636882012 {\n  padding-top: 50px;\n  padding-bottom: 50px;\n}\n<\/style>\n\t<\/section>\n\t\n\t<section class=\"section\" id=\"section_1871262303\">\n\t\t<div class=\"bg section-bg fill bg-fill  bg-loaded\" >\n\n\t\t\t\n\t\t\t\n\t\t\t\n\n\t\t<\/div><!-- .section-bg -->\n\n\t\t<div class=\"section-content relative\">\n\t\t\t\n<div class=\"row\"  id=\"row-1920966397\">\n<div class=\"col small-12 large-12\"  ><div class=\"col-inner\"  >\n<h2 class=\"uppercase\"><span style=\"font-size: 150%; color: #906255;\">OBJETIVOS<\/span><\/h2>\n<p>\n<div class=\"is-divider divider clearfix\" style=\"max-width:150px;background-color:rgb(144, 98, 85);\"><\/div><!-- .divider -->\n<\/div><\/div>\n<\/div>\n<div class=\"row align-center\"  id=\"row-1460277969\">\n<div class=\"col small-12 large-12\"  ><div class=\"col-inner\"  >\n<div class=\"row align-center\"  id=\"row-1026818921\">\n<div class=\"col medium-6 small-10 large-6\"  ><div class=\"col-inner\" style=\"margin:0px 0px 0px -10px;\" >\n<p>Comprender c\u00f3mo integrar la monitorizaci\u00f3n de variables neuromusculares y mec\u00e1nicas en la prescripci\u00f3n y evaluaci\u00f3n del entrenamiento de fuerza.<\/p>\n<p>Aplicar herramientas y tecnolog\u00edas de monitorizaci\u00f3n para individualizar las cargas y optimizar la respuesta del deportista.<\/p>\n<p>\u00a0<\/p>\n<\/div><\/div>\n<div class=\"col medium-6 small-11 large-6\"  ><div class=\"col-inner\" style=\"margin:0px 0px 0px 10px;\" >\n<p>Experimentar de forma pr\u00e1ctica la obtenci\u00f3n, an\u00e1lisis e interpretaci\u00f3n de variables neuromusculares y mec\u00e1nicas en diferentes contextos de entrenamiento.<\/p>\n<p>\u00a0<\/p>\n<\/div><\/div>\n\n<style scope=\"scope\">\n\n<\/style>\n<\/div>\n<\/div><\/div>\n\n<style scope=\"scope\">\n\n<\/style>\n<\/div>\n\t\t<\/div><!-- .section-content -->\n\n\t\t\n<style scope=\"scope\">\n\n#section_1871262303 {\n  padding-top: 30px;\n  padding-bottom: 30px;\n}\n<\/style>\n\t<\/section>\n\t\n","protected":false},"excerpt":{"rendered":"","protected":false},"author":4,"featured_media":0,"parent":0,"menu_order":0,"comment_status":"closed","ping_status":"closed","template":"page-blank.php","meta":{"footnotes":""},"class_list":["post-3977","page","type-page","status-publish","hentry"],"_links":{"self":[{"href":"https:\/\/ws226.juntadeandalucia.es\/iadformaconti\/wordpress\/index.php?rest_route=\/wp\/v2\/pages\/3977","targetHints":{"allow":["GET"]}}],"collection":[{"href":"https:\/\/ws226.juntadeandalucia.es\/iadformaconti\/wordpress\/index.php?rest_route=\/wp\/v2\/pages"}],"about":[{"href":"https:\/\/ws226.juntadeandalucia.es\/iadformaconti\/wordpress\/index.php?rest_route=\/wp\/v2\/types\/page"}],"author":[{"embeddable":true,"href":"https:\/\/ws226.juntadeandalucia.es\/iadformaconti\/wordpress\/index.php?rest_route=\/wp\/v2\/users\/4"}],"replies":[{"embeddable":true,"href":"https:\/\/ws226.juntadeandalucia.es\/iadformaconti\/wordpress\/index.php?rest_route=%2Fwp%2Fv2%2Fcomments&post=3977"}],"version-history":[{"count":9,"href":"https:\/\/ws226.juntadeandalucia.es\/iadformaconti\/wordpress\/index.php?rest_route=\/wp\/v2\/pages\/3977\/revisions"}],"predecessor-version":[{"id":3988,"href":"https:\/\/ws226.juntadeandalucia.es\/iadformaconti\/wordpress\/index.php?rest_route=\/wp\/v2\/pages\/3977\/revisions\/3988"}],"wp:attachment":[{"href":"https:\/\/ws226.juntadeandalucia.es\/iadformaconti\/wordpress\/index.php?rest_route=%2Fwp%2Fv2%2Fmedia&parent=3977"}],"curies":[{"name":"wp","href":"https:\/\/api.w.org\/{rel}","templated":true}]}}