{"id":4007,"date":"2026-04-14T12:47:14","date_gmt":"2026-04-14T10:47:14","guid":{"rendered":"https:\/\/ws226.juntadeandalucia.es\/iadformaconti\/wordpress\/?page_id=4007"},"modified":"2026-04-14T13:01:45","modified_gmt":"2026-04-14T11:01:45","slug":"cognicion-y-rendimiento-deportivo","status":"publish","type":"page","link":"https:\/\/ws226.juntadeandalucia.es\/iadformaconti\/wordpress\/?page_id=4007","title":{"rendered":"Cognici\u00f3n y rendimiento deportivo"},"content":{"rendered":"\t<section class=\"section\" id=\"section_805842530\">\n\t\t<div class=\"bg section-bg fill bg-fill  bg-loaded\" >\n\n\t\t\t\n\t\t\t\n\t\t\t\n\n\t\t<\/div><!-- .section-bg -->\n\n\t\t<div class=\"section-content relative\">\n\t\t\t\n<div class=\"row row-collapse row-full-width\"  id=\"row-36013567\">\n<div class=\"col small-12 large-12\"  ><div class=\"col-inner\"  >\n\n  <div class=\"banner has-hover\" id=\"banner-1434726810\">\n          <div class=\"banner-inner fill\">\n        <div class=\"banner-bg fill\" >\n            <div class=\"bg fill bg-fill \"><\/div>\n                                    \n                    <\/div><!-- bg-layers -->\n        <div class=\"banner-layers container\">\n            <div class=\"fill banner-link\"><\/div>            \n   <div id=\"text-box-371523103\" class=\"text-box banner-layer x50 md-x50 lg-x10 y5 md-y0 lg-y5 res-text\">\n                                <div class=\"text \">\n              \n              <div class=\"text-inner text-left\">\n                  \n<h1 style=\"color: 906255; font-size: 45px;\"><span style=\"color: #906255;\"><strong>Cognici\u00f3n y rendimiento deportivo<\/strong><\/span><\/h1>\n<h4 style=\"color: 906255;\"><span style=\"color: #906255;\">8 y 11 de junio de 2026<\/span><\/h4>\n              <\/div>\n           <\/div><!-- text-box-inner -->\n                            \n<style scope=\"scope\">\n\n#text-box-371523103 {\n  width: 91%;\n}\n#text-box-371523103 .text {\n  font-size: 100%;\n}\n\n\n@media (min-width:550px) {\n\n  #text-box-371523103 {\n    width: 77%;\n  }\n\n}\n\n\n@media (min-width:850px) {\n\n  #text-box-371523103 {\n    width: 49%;\n  }\n\n}\n<\/style>\n    <\/div><!-- text-box -->\n \n   <div id=\"text-box-1602451997\" class=\"text-box banner-layer x50 md-x10 lg-x10 y100 md-y100 lg-y95 res-text\">\n                                <div class=\"text dark\">\n              \n              <div class=\"text-inner text-left\">\n                  \n<p class=\"p1\"><span class=\"s1\"><b>FECHA DE INSCRIPCI\u00d3N || <\/b>Hasta el 28 de mayo<\/span><\/p>\n<p class=\"p1\"><span class=\"s1\"><b>N\u00ba PLAZAS || <\/b>500<\/span><\/p>\n<p class=\"p1\"><span class=\"s1\"><b>MODALIDAD || <\/b>Curso online en directo | Gratuito <\/span><\/p>\n<p class=\"p1\"><span class=\"s1\"><b>N\u00ba HORAS || <\/b>20 horas<\/span><\/p>\n<p class=\"p1\"><span class=\"s1\"><b>DESTINATARIOS || <\/b>Entrenadores, Graduados\/as o licenciados\/as en Ciencias de la Actividad F\u00edsica y del Deporte, psic\u00f3logos, profesionales del deporte, personas relacionadas con el deporte en general, interesados en el ajedrez o juegos de mesa competitivos.\u00a0<\/span><\/p>\n<a rel=\"noopener noreferrer\" href=\"https:\/\/ws226.juntadeandalucia.es\/iadformtools\/modules\/form_builder\/published\/202811_cognicion_rendimiento_deportivo.php\" target=\"_blank\" class=\"button white lowercase\"  >\n    <span>INSCRIPCIONES<\/span>\n  <\/a>\n\n              <\/div>\n           <\/div><!-- text-box-inner -->\n                            \n<style scope=\"scope\">\n\n#text-box-1602451997 .text {\n  background-color: rgb(144, 98, 85);\n  font-size: 100%;\n}\n#text-box-1602451997 .text-inner {\n  padding: 10px 25px 10px 25px;\n}\n#text-box-1602451997 {\n  width: 100%;\n}\n\n\n@media (min-width:550px) {\n\n  #text-box-1602451997 {\n    width: 68%;\n  }\n\n}\n\n\n@media (min-width:850px) {\n\n  #text-box-1602451997 {\n    width: 48%;\n  }\n\n}\n<\/style>\n    <\/div><!-- text-box -->\n \n        <\/div><!-- .banner-layers -->\n      <\/div><!-- .banner-inner -->\n\n            \n<style scope=\"scope\">\n\n#banner-1434726810 {\n  padding-top: 499px;\n  background-color: rgb(255, 255, 255);\n}\n\n\n@media (min-width:550px) {\n\n  #banner-1434726810 {\n    padding-top: 600px;\n  }\n\n}\n<\/style>\n  <\/div><!-- .banner -->\n\n\n<\/div><\/div>\n\n<style scope=\"scope\">\n\n<\/style>\n<\/div>\n\t\t<\/div><!-- .section-content -->\n\n\t\t\n<style scope=\"scope\">\n\n#section_805842530 {\n  padding-top: 0px;\n  padding-bottom: 0px;\n}\n<\/style>\n\t<\/section>\n\t\n\t<section class=\"section\" id=\"section_1207373182\">\n\t\t<div class=\"bg section-bg fill bg-fill  bg-loaded\" >\n\n\t\t\t\n\t\t\t\n\t\t\t\n\n\t\t<\/div><!-- .section-bg -->\n\n\t\t<div class=\"section-content relative\">\n\t\t\t\n\t<div id=\"gap-152299840\" class=\"gap-element clearfix\" style=\"display:block; height:auto;\">\n\t\t\n<style scope=\"scope\">\n\n#gap-152299840 {\n  padding-top: 40px;\n}\n<\/style>\n\t<\/div>\n\t\n<div class=\"row align-center\"  id=\"row-205412700\">\n<div class=\"col medium-4 small-10 large-4\"  ><div class=\"col-inner\"  >\n<h2 class=\"uppercase\"><span style=\"font-size: 150%; color: white;\">Descripci\u00f3n del curso<\/span><\/h2>\n<div class=\"is-divider divider clearfix\" style=\"max-width:150px;background-color:rgb(255, 255, 255);\"><\/div><!-- .divider -->\n<a rel=\"noopener noreferrer\" href=\"https:\/\/ws226.juntadeandalucia.es\/iadweb\/formacioncontinua\/iad_progama_202611_cognicion_rendimiento_dep.pdf\" target=\"_blank\" class=\"button white is-large\"  >\n    <span>DESCARGAR PROGRAMA<\/span>\n  <i class=\"icon-angle-right\" ><\/i><\/a>\n\n<\/div><\/div>\n<div class=\"col medium-8 small-10 large-8\"  ><div class=\"col-inner\"  >\n<p style=\"color: white;\">Los procesos cognitivos son operaciones mentales esenciales para procesar la informaci\u00f3n del entorno y tomar decisiones. Como ocurre con otras actividades humanas, la cognici\u00f3n y el rendimiento en el deporte est\u00e1n estrechamente relacionadas, hasta el punto de que unas adecuadas habilidades cognitivas (a la hora de tomar decisiones, de optimizar la atenci\u00f3n eliminando interferencias distractoras, de adaptarse con flexibilidad a circunstancias cambiantes) pueden marcar diferencias sustanciales en el deporte competitivo, o en su caso tambi\u00e9n mejorar el desempe\u00f1o en deportes y juegos con ese matiz competitivo, pero enfocados a la recreaci\u00f3n.<\/p>\n<p style=\"color: white;\">En s\u00edntesis, abordamos c\u00f3mo los procesos cognitivos -percepci\u00f3n, atenci\u00f3n, toma de decisiones-, controlan y regulan las acciones que realizamos cuando competimos o nos ejercitamos a trav\u00e9s del deporte o de los juegos.<\/p>\n<\/div><\/div>\n\n<style scope=\"scope\">\n\n<\/style>\n<\/div>\n\t\t<\/div><!-- .section-content -->\n\n\t\t\n<style scope=\"scope\">\n\n#section_1207373182 {\n  padding-top: 30px;\n  padding-bottom: 30px;\n  background-color: rgb(144, 98, 85);\n}\n<\/style>\n\t<\/section>\n\t\n\t<section class=\"section\" id=\"section_1248651078\">\n\t\t<div class=\"bg section-bg fill bg-fill  bg-loaded\" >\n\n\t\t\t\n\t\t\t\n\t\t\t\n\n\t\t<\/div><!-- .section-bg -->\n\n\t\t<div class=\"section-content relative\">\n\t\t\t\n<div class=\"row\"  id=\"row-225454400\">\n<div class=\"col small-12 large-12\"  ><div class=\"col-inner\"  >\n<h2 class=\"uppercase\"><span style=\"font-size: 150%; color: #906255;\">DIRECCI\u00d3N<\/span><\/h2>\n<div class=\"is-divider divider clearfix\" style=\"max-width:150px;background-color:rgb(144, 98, 85);\"><\/div><!-- .divider -->\n<\/div><\/div>\n<\/div>\n<div class=\"row row-large align-middle align-center\"  id=\"row-1080276895\">\n<div class=\"col medium-5 small-12 large-6\"  ><div class=\"col-inner text-center\" style=\"margin:0px 0px 40px 0px;\" >\n<h2><span style=\"font-size: 150%; color: #906255;\">Juan Antonio Montero Aleu<\/span><\/h2>\n<p>Licenciado en Psicolog\u00eda por la Universidad de Sevilla. Creador del m\u00e9todo cognitivo a trav\u00e9s del ajedrez ECAM y cofundador de la empresa Gymchess. Coordinador de programas sociales y terap\u00e9uticos del Club Magic Extremadura.<\/p>\n\t<div id=\"gap-1617600899\" class=\"gap-element clearfix\" style=\"display:block; height:auto;\">\n\t\t\n<style scope=\"scope\">\n\n#gap-1617600899 {\n  padding-top: 10px;\n}\n<\/style>\n\t<\/div>\n\t\n<\/div><\/div>\n<div class=\"col hide-for-medium medium-2 small-12 large-2\"  ><div class=\"col-inner\"  >\n\t<div id=\"gap-1065112954\" class=\"gap-element clearfix\" style=\"display:block; height:auto;\">\n\t\t\n<style scope=\"scope\">\n\n#gap-1065112954 {\n  padding-top: 30px;\n}\n<\/style>\n\t<\/div>\n\t\n<\/div><\/div>\n\n<style scope=\"scope\">\n\n<\/style>\n<\/div>\n\t\t<\/div><!-- .section-content -->\n\n\t\t\n<style scope=\"scope\">\n\n#section_1248651078 {\n  padding-top: 50px;\n  padding-bottom: 50px;\n}\n<\/style>\n\t<\/section>\n\t\n\t<section class=\"section\" id=\"section_2034432075\">\n\t\t<div class=\"bg section-bg fill bg-fill  bg-loaded\" >\n\n\t\t\t\n\t\t\t\n\t\t\t\n\n\t\t<\/div><!-- .section-bg -->\n\n\t\t<div class=\"section-content relative\">\n\t\t\t\n<div class=\"row\"  id=\"row-2110905914\">\n<div class=\"col small-12 large-12\"  ><div class=\"col-inner\"  >\n<h2 class=\"uppercase\"><span style=\"font-size: 150%; color: #906255;\">OBJETIVOS<\/span><\/h2>\n<div class=\"is-divider divider clearfix\" style=\"max-width:150px;background-color:rgb(144, 98, 85);\"><\/div><!-- .divider -->\n<\/div><\/div>\n<\/div>\n<div class=\"row align-center\"  id=\"row-1317078443\">\n<div class=\"col small-12 large-12\"  ><div class=\"col-inner\"  >\n<div class=\"row align-center\"  id=\"row-1372195614\">\n<div class=\"col medium-6 small-10 large-6\"  ><div class=\"col-inner\" style=\"margin:0px 0px 0px -10px;\" >\n<p>Ense\u00f1ar cu\u00e1les son los procesos cognitivos, conceptos b\u00e1sico de neurociencias y neurofisiolog\u00eda en relaci\u00f3n con el deporte, y los fundamentos del entrenamiento cognitivo.<\/p>\n<p>Mostrar cu\u00e1les son las habilidades cognitivas clave en el deporte de competici\u00f3n y\/o para la mejora del rendimiento deportivo en general.<\/p>\n<p>Ense\u00f1as estrategias concretas para influir en habilidades clave en el deporte como la toma de decisiones, la velocidad de procesamiento, la mejora de la atenci\u00f3n y la concentraci\u00f3n, el afrontamiento del estr\u00e9s y otros.<\/p>\n<\/div><\/div>\n<div class=\"col medium-6 small-11 large-6\"  ><div class=\"col-inner\" style=\"margin:0px 0px 0px 10px;\" >\n<p>Conocer ejercicios y recursos pr\u00e1cticos aplicables a diferentes modalidades como<br \/>baloncesto, tenis, f\u00fatbol y otros.<\/p>\n<p>Mostrar c\u00f3mo el juego del ajedrez, por su utilizaci\u00f3n de las habilidades cognitivas y su bagaje estrat\u00e9gico, puede realizar aportaciones de cara a la mejora del rendimiento deportivo.<\/p>\n<\/div><\/div>\n\n<style scope=\"scope\">\n\n<\/style>\n<\/div>\n<\/div><\/div>\n\n<style scope=\"scope\">\n\n<\/style>\n<\/div>\n\t\t<\/div><!-- .section-content -->\n\n\t\t\n<style scope=\"scope\">\n\n#section_2034432075 {\n  padding-top: 30px;\n  padding-bottom: 30px;\n}\n<\/style>\n\t<\/section>\n\t\n","protected":false},"excerpt":{"rendered":"","protected":false},"author":4,"featured_media":3836,"parent":0,"menu_order":0,"comment_status":"closed","ping_status":"closed","template":"page-blank.php","meta":{"footnotes":""},"class_list":["post-4007","page","type-page","status-publish","has-post-thumbnail","hentry"],"_links":{"self":[{"href":"https:\/\/ws226.juntadeandalucia.es\/iadformaconti\/wordpress\/index.php?rest_route=\/wp\/v2\/pages\/4007","targetHints":{"allow":["GET"]}}],"collection":[{"href":"https:\/\/ws226.juntadeandalucia.es\/iadformaconti\/wordpress\/index.php?rest_route=\/wp\/v2\/pages"}],"about":[{"href":"https:\/\/ws226.juntadeandalucia.es\/iadformaconti\/wordpress\/index.php?rest_route=\/wp\/v2\/types\/page"}],"author":[{"embeddable":true,"href":"https:\/\/ws226.juntadeandalucia.es\/iadformaconti\/wordpress\/index.php?rest_route=\/wp\/v2\/users\/4"}],"replies":[{"embeddable":true,"href":"https:\/\/ws226.juntadeandalucia.es\/iadformaconti\/wordpress\/index.php?rest_route=%2Fwp%2Fv2%2Fcomments&post=4007"}],"version-history":[{"count":10,"href":"https:\/\/ws226.juntadeandalucia.es\/iadformaconti\/wordpress\/index.php?rest_route=\/wp\/v2\/pages\/4007\/revisions"}],"predecessor-version":[{"id":4019,"href":"https:\/\/ws226.juntadeandalucia.es\/iadformaconti\/wordpress\/index.php?rest_route=\/wp\/v2\/pages\/4007\/revisions\/4019"}],"wp:featuredmedia":[{"embeddable":true,"href":"https:\/\/ws226.juntadeandalucia.es\/iadformaconti\/wordpress\/index.php?rest_route=\/wp\/v2\/media\/3836"}],"wp:attachment":[{"href":"https:\/\/ws226.juntadeandalucia.es\/iadformaconti\/wordpress\/index.php?rest_route=%2Fwp%2Fv2%2Fmedia&parent=4007"}],"curies":[{"name":"wp","href":"https:\/\/api.w.org\/{rel}","templated":true}]}}