{"id":766,"date":"2020-04-16T13:23:36","date_gmt":"2020-04-16T11:23:36","guid":{"rendered":"http:\/\/ws226.juntadeandalucia.es\/iadformaconti\/wordpress\/?page_id=766"},"modified":"2020-04-24T12:36:30","modified_gmt":"2020-04-24T10:36:30","slug":"seminario-online-gratuito","status":"publish","type":"page","link":"https:\/\/ws226.juntadeandalucia.es\/iadformaconti\/wordpress\/?page_id=766","title":{"rendered":"Seminario online gratuito"},"content":{"rendered":"\n\t<section class=\"section\" id=\"section_916765167\">\n\t\t<div class=\"bg section-bg fill bg-fill  bg-loaded\" >\n\n\t\t\t\n\t\t\t\n\t\t\t\n\n\t\t<\/div><!-- .section-bg -->\n\n\t\t<div class=\"section-content relative\">\n\t\t\t\n\n<div class=\"row row-collapse row-full-width\"  id=\"row-1292057849\">\n\n<div class=\"col small-12 large-12\"  ><div class=\"col-inner\"  >\n\n\n  <div class=\"banner has-hover\" id=\"banner-1799307001\">\n          <div class=\"banner-inner fill\">\n        <div class=\"banner-bg fill\" >\n            <div class=\"bg fill bg-fill \"><\/div>\n                                    \n                    <\/div><!-- bg-layers -->\n        <div class=\"banner-layers container\">\n            <div class=\"fill banner-link\"><\/div>            \n\n   <div id=\"text-box-1768138577\" class=\"text-box banner-layer x50 md-x50 lg-x10 y10 md-y5 lg-y5 res-text\">\n                                <div class=\"text \">\n              \n              <div class=\"text-inner text-left\">\n                  \n\n<h1 style=\"color: #007d00; font-size: 45px;\"><strong>Seminario online gratuito<\/strong><\/h1>\n<h4 style=\"color: #007d00;\"><b>Consecuencias f\u00edsicas del confinamiento: prevenci\u00f3n de lesiones de espalda ante la pr\u00e1ctica deportiva no supervisada<\/b><\/h4>\n\n              <\/div>\n           <\/div><!-- text-box-inner -->\n                            \n<style scope=\"scope\">\n\n#text-box-1768138577 {\n  width: 91%;\n}\n#text-box-1768138577 .text {\n  font-size: 100%;\n}\n\n\n@media (min-width:550px) {\n\n  #text-box-1768138577 {\n    width: 77%;\n  }\n\n}\n\n\n@media (min-width:850px) {\n\n  #text-box-1768138577 {\n    width: 45%;\n  }\n\n}\n<\/style>\n    <\/div><!-- text-box -->\n \n   <div id=\"text-box-868186329\" class=\"text-box banner-layer x50 md-x10 lg-x10 y90 md-y75 lg-y80 res-text\">\n                                <div class=\"text dark\">\n              \n              <div class=\"text-inner text-left\">\n                  \n\n<p class=\"p1\"><b><\/b>Seminario gratuito celebrado el jueves 23 de abril con Carmen Vaz y Consuelo Garc\u00eda Ant\u00fanez como doctoras del Centro Andaluz de Medicina deportiva, junto con Macarena Moral, fisioterapeuta que explic\u00f3 los ejercicios b\u00e1sicos de cuidado del CORE<\/span><\/p>\n<a rel=\"noopener noreferrer\" href=\"#seminario\" target=\"_blank\" class=\"button primary lowercase\"  >\n    <span>VER SEMINARIO<\/span>\n  <\/a>\n\n\n\n              <\/div>\n           <\/div><!-- text-box-inner -->\n                            \n<style scope=\"scope\">\n\n#text-box-868186329 .text {\n  background-color: rgb(242, 156, 28);\n  font-size: 100%;\n}\n#text-box-868186329 .text-inner {\n  padding: 10px 25px 10px 25px;\n}\n#text-box-868186329 {\n  width: 100%;\n}\n\n\n@media (min-width:550px) {\n\n  #text-box-868186329 {\n    width: 68%;\n  }\n\n}\n\n\n@media (min-width:850px) {\n\n  #text-box-868186329 {\n    width: 49%;\n  }\n\n}\n<\/style>\n    <\/div><!-- text-box -->\n \n\n        <\/div><!-- .banner-layers -->\n      <\/div><!-- .banner-inner -->\n\n            \n<style scope=\"scope\">\n\n#banner-1799307001 {\n  padding-top: 540px;\n  background-color: rgb(255, 255, 255);\n}\n#banner-1799307001 .bg.bg-loaded {\n  background-image: url(https:\/\/ws226.juntadeandalucia.es\/iadformaconti\/wordpress\/wp-content\/uploads\/2020\/01\/formacion_continua.jpg);\n}\n\n\n@media (min-width:550px) {\n\n  #banner-1799307001 {\n    padding-top: 600px;\n  }\n\n}\n<\/style>\n  <\/div><!-- .banner -->\n\n\n\n<\/div><\/div>\n\n\n<style scope=\"scope\">\n\n<\/style>\n<\/div>\n\n\t\t<\/div><!-- .section-content -->\n\n\t\t\n<style scope=\"scope\">\n\n#section_916765167 {\n  padding-top: 0px;\n  padding-bottom: 0px;\n}\n<\/style>\n\t<\/section>\n\t\n\t<section class=\"section show-for-small\" id=\"section_1361056135\">\n\t\t<div class=\"bg section-bg fill bg-fill  bg-loaded\" >\n\n\t\t\t\n\t\t\t\n\t\t\t\n\n\t\t<\/div><!-- .section-bg -->\n\n\t\t<div class=\"section-content relative\">\n\t\t\t\n\n<div class=\"row\"  id=\"row-1306986996\">\n\n<div class=\"col small-12 large-12\"  ><div class=\"col-inner\"  >\n\n<h2 class=\"uppercase\"><span style=\"font-size: 150%; color:rgb(0, 125, 0)\">IMPARTIDO POR <\/span><\/h2>\n<div class=\"is-divider divider clearfix\" style=\"max-width:150px;background-color:rgb(242, 156, 28);\"><\/div><!-- .divider -->\n\n\n<\/div><\/div>\n\n<\/div>\n<div class=\"row align-middle align-center\"  id=\"row-785066295\">\n\n<div class=\"col medium-12 small-10 large-4\"  ><div class=\"col-inner\" style=\"background-color:rgb(0, 125, 0);padding:0px 20px 40px 0px;\" >\n\n<div class=\"row row-collapse\"  id=\"row-235638828\">\n\n<div class=\"col small-12 large-12\"  ><div class=\"col-inner\" style=\"margin:-20px 0px 0px -20px;\" >\n\n\t<div class=\"img has-hover x md-x lg-x y md-y lg-y\" id=\"image_864659485\">\n\t\t\t\t\t\t\t\t<div class=\"img-inner image-cover dark\" style=\"padding-top:100%;\">\n\t\t\t<img loading=\"lazy\" decoding=\"async\" width=\"190\" height=\"199\" src=\"https:\/\/ws226.juntadeandalucia.es\/iadformaconti\/wordpress\/wp-content\/uploads\/2020\/04\/Captura-de-pantalla-2020-04-16-a-las-14.01.59.png\" class=\"attachment-original size-original\" alt=\"\" \/>\t\t\t\t\t\t\n\t\t\t\t\t<\/div>\n\t\t\t\t\t\t\t\t\n<style scope=\"scope\">\n\n#image_864659485 {\n  width: 100%;\n}\n<\/style>\n\t<\/div>\n\t\n\n\n<\/div><\/div>\n\n\n<style scope=\"scope\">\n\n<\/style>\n<\/div>\n\n<\/div><\/div>\n<div class=\"col medium-5 small-12 large-4\"  ><div class=\"col-inner text-center\" style=\"margin:0px 0px 40px 0px;\" >\n\n<h2><span style=\"font-size: 150%; color: #007d00;\">Carmen Vaz<\/span><\/h2>\n<h3 style=\"margin-bottom: 0px;\">Doctora del Centro Andaluz de medicina deportiva y ex-deportista ol\u00edmpica de vela<\/h3>\n\t<div id=\"gap-1406285068\" class=\"gap-element clearfix\" style=\"display:block; height:auto;\">\n\t\t\n<style scope=\"scope\">\n\n#gap-1406285068 {\n  padding-top: 10px;\n}\n<\/style>\n\t<\/div>\n\t\n\n\n<\/div><\/div>\n<div class=\"col medium-5 small-10 large-4\"  ><div class=\"col-inner\" style=\"background-color:rgb(242, 156, 28);padding:0px 20px 40px 0px;margin:0px 0px 0px 20px;\" >\n\n<div class=\"row row-collapse\"  id=\"row-1271510096\">\n\n<div class=\"col small-12 large-12\"  ><div class=\"col-inner\" style=\"margin:-20px 0px 0px -20px;\" >\n\n\t<div class=\"img has-hover x md-x lg-x y md-y lg-y\" id=\"image_1486588668\">\n\t\t\t\t\t\t\t\t<div class=\"img-inner image-cover dark\" style=\"padding-top:100%;\">\n\t\t\t<img loading=\"lazy\" decoding=\"async\" width=\"472\" height=\"609\" src=\"https:\/\/ws226.juntadeandalucia.es\/iadformaconti\/wordpress\/wp-content\/uploads\/2020\/04\/Captura-de-pantalla-2020-04-16-a-las-15.24.16.png\" class=\"attachment-original size-original\" alt=\"\" srcset=\"https:\/\/ws226.juntadeandalucia.es\/iadformaconti\/wordpress\/wp-content\/uploads\/2020\/04\/Captura-de-pantalla-2020-04-16-a-las-15.24.16.png 472w, https:\/\/ws226.juntadeandalucia.es\/iadformaconti\/wordpress\/wp-content\/uploads\/2020\/04\/Captura-de-pantalla-2020-04-16-a-las-15.24.16-233x300.png 233w\" sizes=\"auto, (max-width: 472px) 100vw, 472px\" \/>\t\t\t\t\t\t\n\t\t\t\t\t<\/div>\n\t\t\t\t\t\t\t\t\n<style scope=\"scope\">\n\n#image_1486588668 {\n  width: 100%;\n}\n<\/style>\n\t<\/div>\n\t\n\n\n<\/div><\/div>\n\n\n<style scope=\"scope\">\n\n<\/style>\n<\/div>\n\n<\/div><\/div>\n<div class=\"col medium-5 small-12 large-4\"  ><div class=\"col-inner text-center\" style=\"margin:0px 0px 40px 0px;\" >\n\n<h2><span style=\"font-size: 150%; color: #f29c1c;\">Consuelo Garc\u00eda<\/span><\/h2>\n<h3 style=\"margin-bottom: 0px;\">Doctora del Centro Andaluz de Medicina Deportiva<\/h3>\n\t<div id=\"gap-940686272\" class=\"gap-element clearfix\" style=\"display:block; height:auto;\">\n\t\t\n<style scope=\"scope\">\n\n#gap-940686272 {\n  padding-top: 10px;\n}\n<\/style>\n\t<\/div>\n\t\n\n\n<\/div><\/div>\n<div class=\"col medium-5 small-10 large-4\"  ><div class=\"col-inner\" style=\"background-color:rgb(0, 125, 0);padding:0px 20px 40px 0px;margin:0px 0px 0px 20px;\" >\n\n<div class=\"row row-collapse\"  id=\"row-656645702\">\n\n<div class=\"col small-12 large-12\"  ><div class=\"col-inner\" style=\"margin:-20px 0px 0px -20px;\" >\n\n\t<div class=\"img has-hover x md-x lg-x y md-y lg-y\" id=\"image_235366331\">\n\t\t\t\t\t\t\t\t<div class=\"img-inner image-cover dark\" style=\"padding-top:100%;\">\n\t\t\t<img loading=\"lazy\" decoding=\"async\" width=\"370\" height=\"370\" src=\"https:\/\/ws226.juntadeandalucia.es\/iadformaconti\/wordpress\/wp-content\/uploads\/2020\/04\/0.jpeg\" class=\"attachment-original size-original\" alt=\"\" srcset=\"https:\/\/ws226.juntadeandalucia.es\/iadformaconti\/wordpress\/wp-content\/uploads\/2020\/04\/0.jpeg 370w, https:\/\/ws226.juntadeandalucia.es\/iadformaconti\/wordpress\/wp-content\/uploads\/2020\/04\/0-300x300.jpeg 300w, https:\/\/ws226.juntadeandalucia.es\/iadformaconti\/wordpress\/wp-content\/uploads\/2020\/04\/0-150x150.jpeg 150w\" sizes=\"auto, (max-width: 370px) 100vw, 370px\" \/>\t\t\t\t\t\t\n\t\t\t\t\t<\/div>\n\t\t\t\t\t\t\t\t\n<style scope=\"scope\">\n\n#image_235366331 {\n  width: 100%;\n}\n<\/style>\n\t<\/div>\n\t\n\n\n<\/div><\/div>\n\n\n<style scope=\"scope\">\n\n<\/style>\n<\/div>\n\n<\/div><\/div>\n<div class=\"col medium-5 small-12 large-4\"  ><div class=\"col-inner text-center\" style=\"margin:0px 0px 40px 0px;\" >\n\n<h2><span style=\"font-size: 150%; color: #007d00\">Macarena Moral<\/span><\/h2>\n<h3 style=\"margin-bottom: 0px;\">Fisioterapeuta especialista en deporte y readaptaci\u00f3n del ejercicio<\/h3>\n\t<div id=\"gap-1286782935\" class=\"gap-element clearfix\" style=\"display:block; height:auto;\">\n\t\t\n<style scope=\"scope\">\n\n#gap-1286782935 {\n  padding-top: 10px;\n}\n<\/style>\n\t<\/div>\n\t\n\n\n<\/div><\/div>\n\n\n<style scope=\"scope\">\n\n<\/style>\n<\/div>\n\n\t\t<\/div><!-- .section-content -->\n\n\t\t\n<style scope=\"scope\">\n\n#section_1361056135 {\n  padding-top: 0px;\n  padding-bottom: 0px;\n}\n\n\n@media (min-width:550px) {\n\n  #section_1361056135 {\n    padding-top: 100px;\n    padding-bottom: 100px;\n  }\n\n}\n<\/style>\n\t<\/section>\n\t\n\t<section class=\"section hide-for-small\" id=\"section_2008733168\">\n\t\t<div class=\"bg section-bg fill bg-fill  bg-loaded\" >\n\n\t\t\t\n\t\t\t\n\t\t\t\n\n\t\t<\/div><!-- .section-bg -->\n\n\t\t<div class=\"section-content relative\">\n\t\t\t\n\n<div class=\"row\"  id=\"row-1830397335\">\n\n<div class=\"col small-12 large-12\"  ><div class=\"col-inner\"  >\n\n<h2 class=\"uppercase\"><span style=\"font-size: 150%; color:rgb(0, 125, 0)\">IMPARTIDO POR <\/span><\/h2>\n<div class=\"is-divider divider clearfix\" style=\"max-width:150px;background-color:rgb(242, 156, 28);\"><\/div><!-- .divider -->\n\n\n<\/div><\/div>\n\n<\/div>\n<div class=\"row\"  id=\"row-357768043\">\n\n<div class=\"col medium-4 small-10 large-4\"  ><div class=\"col-inner\" style=\"background-color:rgb(0, 125, 0);padding:0px 20px 40px 0px;\" >\n\n<div class=\"row row-collapse\"  id=\"row-737650922\">\n\n<div class=\"col small-12 large-12\"  ><div class=\"col-inner\" style=\"margin:-20px 0px 0px -20px;\" >\n\n\t<div class=\"img has-hover x md-x lg-x y md-y lg-y\" id=\"image_992708131\">\n\t\t\t\t\t\t\t\t<div class=\"img-inner image-cover dark\" style=\"padding-top:100%;\">\n\t\t\t<img loading=\"lazy\" decoding=\"async\" width=\"190\" height=\"199\" src=\"https:\/\/ws226.juntadeandalucia.es\/iadformaconti\/wordpress\/wp-content\/uploads\/2020\/04\/Captura-de-pantalla-2020-04-16-a-las-14.01.59.png\" class=\"attachment-original size-original\" alt=\"\" \/>\t\t\t\t\t\t\n\t\t\t\t\t<\/div>\n\t\t\t\t\t\t\t\t\n<style scope=\"scope\">\n\n#image_992708131 {\n  width: 100%;\n}\n<\/style>\n\t<\/div>\n\t\n\n\n<\/div><\/div>\n\n\n<style scope=\"scope\">\n\n<\/style>\n<\/div>\n\n<\/div><\/div>\n<div class=\"col medium-4 small-10 large-4\"  ><div class=\"col-inner\" style=\"background-color:rgb(242, 156, 28);padding:0px 20px 40px 0px;margin:0px 0px 0px 20px;\" >\n\n<div class=\"row row-collapse\"  id=\"row-117831549\">\n\n<div class=\"col small-12 large-12\"  ><div class=\"col-inner\" style=\"margin:-20px 0px 0px -20px;\" >\n\n\t<div class=\"img has-hover x md-x lg-x y md-y lg-y\" id=\"image_2004725051\">\n\t\t\t\t\t\t\t\t<div class=\"img-inner image-cover dark\" style=\"padding-top:100%;\">\n\t\t\t<img loading=\"lazy\" decoding=\"async\" width=\"472\" height=\"609\" src=\"https:\/\/ws226.juntadeandalucia.es\/iadformaconti\/wordpress\/wp-content\/uploads\/2020\/04\/Captura-de-pantalla-2020-04-16-a-las-15.24.16.png\" class=\"attachment-original size-original\" alt=\"\" srcset=\"https:\/\/ws226.juntadeandalucia.es\/iadformaconti\/wordpress\/wp-content\/uploads\/2020\/04\/Captura-de-pantalla-2020-04-16-a-las-15.24.16.png 472w, https:\/\/ws226.juntadeandalucia.es\/iadformaconti\/wordpress\/wp-content\/uploads\/2020\/04\/Captura-de-pantalla-2020-04-16-a-las-15.24.16-233x300.png 233w\" sizes=\"auto, (max-width: 472px) 100vw, 472px\" \/>\t\t\t\t\t\t\n\t\t\t\t\t<\/div>\n\t\t\t\t\t\t\t\t\n<style scope=\"scope\">\n\n#image_2004725051 {\n  width: 100%;\n}\n<\/style>\n\t<\/div>\n\t\n\n\n<\/div><\/div>\n\n\n<style scope=\"scope\">\n\n<\/style>\n<\/div>\n\n<\/div><\/div>\n<div class=\"col medium-4 small-10 large-4\"  ><div class=\"col-inner\" style=\"background-color:rgb(0, 125, 0);padding:0px 20px 40px 0px;margin:0px 0px 0px 20px;\" >\n\n<div class=\"row row-collapse\"  id=\"row-653651379\">\n\n<div class=\"col small-12 large-12\"  ><div class=\"col-inner\" style=\"margin:-20px 0px 0px -20px;\" >\n\n\t<div class=\"img has-hover x md-x lg-x y md-y lg-y\" id=\"image_777301725\">\n\t\t\t\t\t\t\t\t<div class=\"img-inner image-cover dark\" style=\"padding-top:100%;\">\n\t\t\t<img loading=\"lazy\" decoding=\"async\" width=\"370\" height=\"370\" src=\"https:\/\/ws226.juntadeandalucia.es\/iadformaconti\/wordpress\/wp-content\/uploads\/2020\/04\/0.jpeg\" class=\"attachment-original size-original\" alt=\"\" srcset=\"https:\/\/ws226.juntadeandalucia.es\/iadformaconti\/wordpress\/wp-content\/uploads\/2020\/04\/0.jpeg 370w, https:\/\/ws226.juntadeandalucia.es\/iadformaconti\/wordpress\/wp-content\/uploads\/2020\/04\/0-300x300.jpeg 300w, https:\/\/ws226.juntadeandalucia.es\/iadformaconti\/wordpress\/wp-content\/uploads\/2020\/04\/0-150x150.jpeg 150w\" sizes=\"auto, (max-width: 370px) 100vw, 370px\" \/>\t\t\t\t\t\t\n\t\t\t\t\t<\/div>\n\t\t\t\t\t\t\t\t\n<style scope=\"scope\">\n\n#image_777301725 {\n  width: 100%;\n}\n<\/style>\n\t<\/div>\n\t\n\n\n<\/div><\/div>\n\n\n<style scope=\"scope\">\n\n<\/style>\n<\/div>\n\n<\/div><\/div>\n\n<\/div>\n<div class=\"row row-large align-middle align-center\"  id=\"row-1181272194\">\n\n<div class=\"col medium-4 small-12 large-4\"  ><div class=\"col-inner text-center\" style=\"margin:0px 0px 40px 0px;\" >\n\n<h2><span style=\"font-size: 150%; color: #007d00;\">Carmen Vaz<\/span><\/h2>\n<h3 style=\"margin-bottom: 0px;\">Doctora del Centro Andaluz de medicina deportiva y ex-deportista ol\u00edmpica de vela<\/h3>\n\t<div id=\"gap-341705307\" class=\"gap-element clearfix\" style=\"display:block; height:auto;\">\n\t\t\n<style scope=\"scope\">\n\n#gap-341705307 {\n  padding-top: 10px;\n}\n<\/style>\n\t<\/div>\n\t\n\n\n<\/div><\/div>\n<div class=\"col medium-4 small-12 large-4\"  ><div class=\"col-inner text-center\" style=\"margin:0px 0px 40px 0px;\" >\n\n<h2><span style=\"font-size: 150%; color: #f29c1c;\">Consuelo Garc\u00eda<\/span><\/h2>\n<h3 style=\"margin-bottom: 0px;\">Doctora del Centro Andaluz de medicina deportiva<\/h3>\n\t<div id=\"gap-1869526258\" class=\"gap-element clearfix\" style=\"display:block; height:auto;\">\n\t\t\n<style scope=\"scope\">\n\n#gap-1869526258 {\n  padding-top: 10px;\n}\n<\/style>\n\t<\/div>\n\t\n\n\n<\/div><\/div>\n<div class=\"col medium-4 small-12 large-4\"  ><div class=\"col-inner text-center\" style=\"margin:0px 0px 40px 0px;\" >\n\n<h2><span style=\"font-size: 150%; color: #007d00\">Macarena Moral<\/span><\/h2>\n<h3 style=\"margin-bottom: 0px;\">Fisioterapeuta especialista en deporte y readaptaci\u00f3n del ejercicio<\/h3>\n\t<div id=\"gap-84990392\" class=\"gap-element clearfix\" style=\"display:block; height:auto;\">\n\t\t\n<style scope=\"scope\">\n\n#gap-84990392 {\n  padding-top: 10px;\n}\n<\/style>\n\t<\/div>\n\t\n\n\n<\/div><\/div>\n\n\n<style scope=\"scope\">\n\n<\/style>\n<\/div>\n\n\t\t<\/div><!-- .section-content -->\n\n\t\t\n<style scope=\"scope\">\n\n#section_2008733168 {\n  padding-top: 100px;\n  padding-bottom: 100px;\n}\n<\/style>\n\t<\/section>\n\t\n\t<section class=\"section\" id=\"section_392015712\">\n\t\t<div class=\"bg section-bg fill bg-fill  bg-loaded\" >\n\n\t\t\t\n\t\t\t\n\t\t\t\n\n\t\t<\/div><!-- .section-bg -->\n\n\t\t<div class=\"section-content relative\">\n\t\t\t\n\n\t<div id=\"gap-738347026\" class=\"gap-element clearfix\" style=\"display:block; height:auto;\">\n\t\t\n<style scope=\"scope\">\n\n#gap-738347026 {\n  padding-top: 40px;\n}\n<\/style>\n\t<\/div>\n\t\n\n<div class=\"row align-center\"  id=\"row-276425241\">\n\n<div class=\"col medium-4 small-10 large-4\"  ><div class=\"col-inner\"  >\n\n<h2 class=\"uppercase\"><span style=\"font-size: 150%; color: white;\">Descripci\u00f3n dE LA SESI\u00d3N<\/span><\/h2>\n<div class=\"is-divider divider clearfix\" style=\"max-width:150px;background-color:rgb(255, 255, 255);\"><\/div><!-- .divider -->\n\n\n<\/div><\/div>\n<div class=\"col medium-8 small-10 large-8\"  ><div class=\"col-inner\"  >\n\n<p style=\"color: white;\">El confinamiento debido a la crisis sanitaria del COVID-19 nos lleva a realizar ejercicio f\u00edsico en casa, pr\u00e1ctica muy saludable y recomendable siempre que sea el adecuado para nuestro estado de salud y aptitud f\u00edsica y est\u00e9 supervisado por profesionales.<\/p>\n<p style=\"color: white;\">La elecci\u00f3n del mismo m\u00e1s por preferencias que por idoneidad, la ejecuci\u00f3n inadecuada y el desconocimiento de la necesaria \u201cdosificaci\u00f3n\u201d de la actividad f\u00edsica (d\u00edas\/semana; duraci\u00f3n; intensidad; tipo) pueden llevarnos a practicar actividades que incluso pueden llegar a ser contraproducentes y lesivas. Este hecho afecta especialmente a personas que no realizan ejercicio con regularidad pero tambi\u00e9n a deportistas federados, recreativos e incluso de alto nivel, acostumbrados a disponer de muchos m\u00e1s recursos.<\/p>\n<p style=\"color: white;\">Sensibles a esta situaci\u00f3n desde el<strong> Centro Andaluz de Medicina del Deporte (CAMD) y el Instituto Andaluz del Deporte (IAD)<\/strong> ofrecemos esta sesi\u00f3n con especialistas altamente cualificados que aseguran su rigor cient\u00edfico: Dra. M.Carmen Vaz Pardal, especialista en Medicina de la Educaci\u00f3n F\u00edsica de Deporte; Dra. Consuelo Garc\u00eda Ant\u00fanez, especialista en Medicina de la Educaci\u00f3n F\u00edsica de Deporte y Macarena Moral Pamos, fisioterapeuta especialista en deporte y readaptaci\u00f3n del ejercicio.<\/p>\n\n<\/div><\/div>\n\n\n<style scope=\"scope\">\n\n<\/style>\n<\/div>\n<span class=\"scroll-to\" data-label=\"Scroll to: #seminario\" data-bullet=\"true\" data-link=\"#seminario\" data-title=\"video\"><a name=\"seminario\"><\/a><\/span>\n\n<div class=\"row\"  id=\"row-1213040707\">\n\n<div class=\"col small-12 large-12\"  ><div class=\"col-inner\"  >\n\n<div class=\"video video-fit mb\" style=\"padding-top:56.25%;\"><iframe loading=\"lazy\" title=\"Seminario Carmen Vaz, Consuelo A. y Macarena M. - Prevenci\u00f3n de lesiones durante el confinamiento.\" width=\"1020\" height=\"574\" src=\"https:\/\/www.youtube.com\/embed\/oc3oKZ4i9rs?feature=oembed\" frameborder=\"0\" allow=\"accelerometer; autoplay; encrypted-media; gyroscope; picture-in-picture\" allowfullscreen><\/iframe><\/div>\n\n\n<\/div><\/div>\n\n<\/div>\n\n\t\t<\/div><!-- .section-content -->\n\n\t\t\n<style scope=\"scope\">\n\n#section_392015712 {\n  padding-top: 30px;\n  padding-bottom: 30px;\n  background-color: rgb(0, 125, 0);\n}\n<\/style>\n\t<\/section>\n\t\n\n","protected":false},"excerpt":{"rendered":"","protected":false},"author":4,"featured_media":0,"parent":0,"menu_order":0,"comment_status":"closed","ping_status":"closed","template":"page-blank.php","meta":{"footnotes":""},"class_list":["post-766","page","type-page","status-publish","hentry"],"_links":{"self":[{"href":"https:\/\/ws226.juntadeandalucia.es\/iadformaconti\/wordpress\/index.php?rest_route=\/wp\/v2\/pages\/766","targetHints":{"allow":["GET"]}}],"collection":[{"href":"https:\/\/ws226.juntadeandalucia.es\/iadformaconti\/wordpress\/index.php?rest_route=\/wp\/v2\/pages"}],"about":[{"href":"https:\/\/ws226.juntadeandalucia.es\/iadformaconti\/wordpress\/index.php?rest_route=\/wp\/v2\/types\/page"}],"author":[{"embeddable":true,"href":"https:\/\/ws226.juntadeandalucia.es\/iadformaconti\/wordpress\/index.php?rest_route=\/wp\/v2\/users\/4"}],"replies":[{"embeddable":true,"href":"https:\/\/ws226.juntadeandalucia.es\/iadformaconti\/wordpress\/index.php?rest_route=%2Fwp%2Fv2%2Fcomments&post=766"}],"version-history":[{"count":36,"href":"https:\/\/ws226.juntadeandalucia.es\/iadformaconti\/wordpress\/index.php?rest_route=\/wp\/v2\/pages\/766\/revisions"}],"predecessor-version":[{"id":873,"href":"https:\/\/ws226.juntadeandalucia.es\/iadformaconti\/wordpress\/index.php?rest_route=\/wp\/v2\/pages\/766\/revisions\/873"}],"wp:attachment":[{"href":"https:\/\/ws226.juntadeandalucia.es\/iadformaconti\/wordpress\/index.php?rest_route=%2Fwp%2Fv2%2Fmedia&parent=766"}],"curies":[{"name":"wp","href":"https:\/\/api.w.org\/{rel}","templated":true}]}}